{"id":136954,"date":"2022-02-17T23:40:06","date_gmt":"2022-02-18T02:40:06","guid":{"rendered":"https:\/\/hereastore.com\/cl\/?post_type=product&#038;p=136954"},"modified":"2025-03-25T15:09:24","modified_gmt":"2025-03-25T18:09:24","slug":"dior-caro","status":"publish","type":"product","link":"https:\/\/hereastore.com\/cl\/producto\/dior-caro\/","title":{"rendered":"Dior Caro"},"content":{"rendered":"<p>&nbsp;<\/p>\n<h5>Bienvenido a nuestra secci\u00f3n VIP<\/h5>\n<h5>Este tipo de carteras se identifican como calidad OEM 1:1 A+, (ORGINAL EQUIPMENT MANUFACTURER) reflejando una calidad superior a cualquier otra alternativa, las fotos son exactamente iguales al producto que recibir\u00e1s, incluyendo todos sus accesorios, caja y certificados de autenticidad de la marca.<\/h5>\n<h5>Cuentan con un envi\u00f3 premium a trav\u00e9s de FedEx o sistema de envi\u00f3 nacionales de su preferencia para modelos en stock.<\/h5>\n<h5>Garantizando as\u00ed un producto totalmente exclusivo a un precio accesible y una calidad superior, para dudas o consultas cont\u00e1ctanos a trav\u00e9s de nuestras RRSS-canales de atenci\u00f3n.<\/h5>\n<p>&nbsp;<\/p>\n<p><img fetchpriority=\"high\" decoding=\"async\" class=\"alignnone size-medium wp-image-136903\" src=\"https:\/\/hereastore.com\/cl\/wp-content\/uploads\/sites\/11\/2022\/02\/Captura-de-pantalla-2022-02-17-185222-300x238.jpg\" alt=\"\" width=\"300\" height=\"238\" srcset=\"https:\/\/hereastore.com\/cl\/wp-content\/uploads\/sites\/11\/2022\/02\/Captura-de-pantalla-2022-02-17-185222-300x238.jpg 300w, https:\/\/hereastore.com\/cl\/wp-content\/uploads\/sites\/11\/2022\/02\/Captura-de-pantalla-2022-02-17-185222-150x119.jpg 150w, https:\/\/hereastore.com\/cl\/wp-content\/uploads\/sites\/11\/2022\/02\/Captura-de-pantalla-2022-02-17-185222-60x48.jpg 60w, https:\/\/hereastore.com\/cl\/wp-content\/uploads\/sites\/11\/2022\/02\/Captura-de-pantalla-2022-02-17-185222-110x87.jpg 110w, https:\/\/hereastore.com\/cl\/wp-content\/uploads\/sites\/11\/2022\/02\/Captura-de-pantalla-2022-02-17-185222-1x1.jpg 1w, https:\/\/hereastore.com\/cl\/wp-content\/uploads\/sites\/11\/2022\/02\/Captura-de-pantalla-2022-02-17-185222-10x8.jpg 10w, https:\/\/hereastore.com\/cl\/wp-content\/uploads\/sites\/11\/2022\/02\/Captura-de-pantalla-2022-02-17-185222.jpg 649w\" sizes=\"(max-width: 300px) 100vw, 300px\" \/><img decoding=\"async\" class=\"alignnone wp-image-136905\" src=\"https:\/\/hereastore.com\/cl\/wp-content\/uploads\/sites\/11\/2022\/02\/Captura-de-pantalla-2022-02-17-185253-300x248.jpg\" alt=\"\" width=\"287\" height=\"237\" srcset=\"https:\/\/hereastore.com\/cl\/wp-content\/uploads\/sites\/11\/2022\/02\/Captura-de-pantalla-2022-02-17-185253-300x248.jpg 300w, https:\/\/hereastore.com\/cl\/wp-content\/uploads\/sites\/11\/2022\/02\/Captura-de-pantalla-2022-02-17-185253-150x124.jpg 150w, https:\/\/hereastore.com\/cl\/wp-content\/uploads\/sites\/11\/2022\/02\/Captura-de-pantalla-2022-02-17-185253-60x50.jpg 60w, https:\/\/hereastore.com\/cl\/wp-content\/uploads\/sites\/11\/2022\/02\/Captura-de-pantalla-2022-02-17-185253-110x91.jpg 110w, https:\/\/hereastore.com\/cl\/wp-content\/uploads\/sites\/11\/2022\/02\/Captura-de-pantalla-2022-02-17-185253-1x1.jpg 1w, https:\/\/hereastore.com\/cl\/wp-content\/uploads\/sites\/11\/2022\/02\/Captura-de-pantalla-2022-02-17-185253-10x8.jpg 10w, https:\/\/hereastore.com\/cl\/wp-content\/uploads\/sites\/11\/2022\/02\/Captura-de-pantalla-2022-02-17-185253.jpg 633w\" sizes=\"(max-width: 287px) 100vw, 287px\" \/><img decoding=\"async\" class=\"alignnone wp-image-136901\" src=\"https:\/\/hereastore.com\/cl\/wp-content\/uploads\/sites\/11\/2022\/02\/Captura-de-pantalla-2022-02-17-185139-300x240.jpg\" alt=\"\" width=\"289\" height=\"231\" srcset=\"https:\/\/hereastore.com\/cl\/wp-content\/uploads\/sites\/11\/2022\/02\/Captura-de-pantalla-2022-02-17-185139-300x240.jpg 300w, https:\/\/hereastore.com\/cl\/wp-content\/uploads\/sites\/11\/2022\/02\/Captura-de-pantalla-2022-02-17-185139-150x120.jpg 150w, https:\/\/hereastore.com\/cl\/wp-content\/uploads\/sites\/11\/2022\/02\/Captura-de-pantalla-2022-02-17-185139-60x48.jpg 60w, https:\/\/hereastore.com\/cl\/wp-content\/uploads\/sites\/11\/2022\/02\/Captura-de-pantalla-2022-02-17-185139-110x88.jpg 110w, https:\/\/hereastore.com\/cl\/wp-content\/uploads\/sites\/11\/2022\/02\/Captura-de-pantalla-2022-02-17-185139-1x1.jpg 1w, https:\/\/hereastore.com\/cl\/wp-content\/uploads\/sites\/11\/2022\/02\/Captura-de-pantalla-2022-02-17-185139-10x8.jpg 10w, https:\/\/hereastore.com\/cl\/wp-content\/uploads\/sites\/11\/2022\/02\/Captura-de-pantalla-2022-02-17-185139.jpg 650w\" sizes=\"(max-width: 289px) 100vw, 289px\" \/><img loading=\"lazy\" decoding=\"async\" class=\"alignnone wp-image-136899\" src=\"https:\/\/hereastore.com\/cl\/wp-content\/uploads\/sites\/11\/2022\/02\/Captura-de-pantalla-2022-02-17-185110-300x245.jpg\" alt=\"\" width=\"287\" height=\"234\" srcset=\"https:\/\/hereastore.com\/cl\/wp-content\/uploads\/sites\/11\/2022\/02\/Captura-de-pantalla-2022-02-17-185110-300x245.jpg 300w, https:\/\/hereastore.com\/cl\/wp-content\/uploads\/sites\/11\/2022\/02\/Captura-de-pantalla-2022-02-17-185110-150x123.jpg 150w, https:\/\/hereastore.com\/cl\/wp-content\/uploads\/sites\/11\/2022\/02\/Captura-de-pantalla-2022-02-17-185110-60x49.jpg 60w, https:\/\/hereastore.com\/cl\/wp-content\/uploads\/sites\/11\/2022\/02\/Captura-de-pantalla-2022-02-17-185110-110x90.jpg 110w, https:\/\/hereastore.com\/cl\/wp-content\/uploads\/sites\/11\/2022\/02\/Captura-de-pantalla-2022-02-17-185110-1x1.jpg 1w, https:\/\/hereastore.com\/cl\/wp-content\/uploads\/sites\/11\/2022\/02\/Captura-de-pantalla-2022-02-17-185110-10x8.jpg 10w, https:\/\/hereastore.com\/cl\/wp-content\/uploads\/sites\/11\/2022\/02\/Captura-de-pantalla-2022-02-17-185110.jpg 633w\" sizes=\"(max-width: 287px) 100vw, 287px\" \/><img loading=\"lazy\" decoding=\"async\" class=\"alignnone size-medium wp-image-136907\" src=\"https:\/\/hereastore.com\/cl\/wp-content\/uploads\/sites\/11\/2022\/02\/Captura-de-pantalla-2022-02-17-185330-300x239.jpg\" alt=\"\" width=\"300\" height=\"239\" srcset=\"https:\/\/hereastore.com\/cl\/wp-content\/uploads\/sites\/11\/2022\/02\/Captura-de-pantalla-2022-02-17-185330-300x239.jpg 300w, https:\/\/hereastore.com\/cl\/wp-content\/uploads\/sites\/11\/2022\/02\/Captura-de-pantalla-2022-02-17-185330-150x120.jpg 150w, https:\/\/hereastore.com\/cl\/wp-content\/uploads\/sites\/11\/2022\/02\/Captura-de-pantalla-2022-02-17-185330-60x48.jpg 60w, https:\/\/hereastore.com\/cl\/wp-content\/uploads\/sites\/11\/2022\/02\/Captura-de-pantalla-2022-02-17-185330-110x88.jpg 110w, https:\/\/hereastore.com\/cl\/wp-content\/uploads\/sites\/11\/2022\/02\/Captura-de-pantalla-2022-02-17-185330-1x1.jpg 1w, https:\/\/hereastore.com\/cl\/wp-content\/uploads\/sites\/11\/2022\/02\/Captura-de-pantalla-2022-02-17-185330-10x8.jpg 10w, https:\/\/hereastore.com\/cl\/wp-content\/uploads\/sites\/11\/2022\/02\/Captura-de-pantalla-2022-02-17-185330.jpg 651w\" sizes=\"(max-width: 300px) 100vw, 300px\" \/><img loading=\"lazy\" decoding=\"async\" class=\"alignnone wp-image-136906\" src=\"https:\/\/hereastore.com\/cl\/wp-content\/uploads\/sites\/11\/2022\/02\/Captura-de-pantalla-2022-02-17-185318-300x251.jpg\" alt=\"\" width=\"286\" height=\"239\" srcset=\"https:\/\/hereastore.com\/cl\/wp-content\/uploads\/sites\/11\/2022\/02\/Captura-de-pantalla-2022-02-17-185318-300x251.jpg 300w, https:\/\/hereastore.com\/cl\/wp-content\/uploads\/sites\/11\/2022\/02\/Captura-de-pantalla-2022-02-17-185318-150x125.jpg 150w, https:\/\/hereastore.com\/cl\/wp-content\/uploads\/sites\/11\/2022\/02\/Captura-de-pantalla-2022-02-17-185318-60x50.jpg 60w, https:\/\/hereastore.com\/cl\/wp-content\/uploads\/sites\/11\/2022\/02\/Captura-de-pantalla-2022-02-17-185318-110x92.jpg 110w, https:\/\/hereastore.com\/cl\/wp-content\/uploads\/sites\/11\/2022\/02\/Captura-de-pantalla-2022-02-17-185318-1x1.jpg 1w, https:\/\/hereastore.com\/cl\/wp-content\/uploads\/sites\/11\/2022\/02\/Captura-de-pantalla-2022-02-17-185318-10x8.jpg 10w, https:\/\/hereastore.com\/cl\/wp-content\/uploads\/sites\/11\/2022\/02\/Captura-de-pantalla-2022-02-17-185318.jpg 628w\" sizes=\"(max-width: 286px) 100vw, 286px\" \/><\/p>\n<p>&nbsp;<\/p>\n<p>&nbsp;<\/p>\n<p>&nbsp;<\/p>\n<p>&nbsp;<\/p>\n<p>&nbsp;<\/p>\n<p>&nbsp;<\/p>\n<p>&nbsp;<\/p>\n<p>&nbsp;<\/p>\n","protected":false},"excerpt":{"rendered":"<p>Cartera Dior Caro inspirada en el ic\u00f3nico dise\u00f1o de la maison francesa. Cuero PU acolchado con patr\u00f3n cannage caracter\u00edstico. Cadena dorada removible. Para mujeres que aprecian un cl\u00e1sico contempor\u00e1neo. Despacho gratis a todo Chile.<\/p>\n","protected":false},"featured_media":136902,"comment_status":"open","ping_status":"closed","template":"","meta":[],"product_brand":[],"product_cat":[2968,15],"product_tag":[],"class_list":{"0":"post-136954","1":"product","2":"type-product","3":"status-publish","4":"has-post-thumbnail","6":"product_cat-carteras-exclusivas","7":"product_cat-todos","8":"pa_cb5feb1b7314637725a2e7-azul","9":"pa_cb5feb1b7314637725a2e7-blanco","10":"pa_cb5feb1b7314637725a2e7-negro","12":"first","13":"instock","14":"sale","15":"shipping-taxable","16":"purchasable","17":"product-type-variable"},"_links":{"self":[{"href":"https:\/\/hereastore.com\/cl\/wp-json\/wp\/v2\/product\/136954","targetHints":{"allow":["GET"]}}],"collection":[{"href":"https:\/\/hereastore.com\/cl\/wp-json\/wp\/v2\/product"}],"about":[{"href":"https:\/\/hereastore.com\/cl\/wp-json\/wp\/v2\/types\/product"}],"replies":[{"embeddable":true,"href":"https:\/\/hereastore.com\/cl\/wp-json\/wp\/v2\/comments?post=136954"}],"version-history":[{"count":0,"href":"https:\/\/hereastore.com\/cl\/wp-json\/wp\/v2\/product\/136954\/revisions"}],"wp:featuredmedia":[{"embeddable":true,"href":"https:\/\/hereastore.com\/cl\/wp-json\/wp\/v2\/media\/136902"}],"wp:attachment":[{"href":"https:\/\/hereastore.com\/cl\/wp-json\/wp\/v2\/media?parent=136954"}],"wp:term":[{"taxonomy":"product_brand","embeddable":true,"href":"https:\/\/hereastore.com\/cl\/wp-json\/wp\/v2\/product_brand?post=136954"},{"taxonomy":"product_cat","embeddable":true,"href":"https:\/\/hereastore.com\/cl\/wp-json\/wp\/v2\/product_cat?post=136954"},{"taxonomy":"product_tag","embeddable":true,"href":"https:\/\/hereastore.com\/cl\/wp-json\/wp\/v2\/product_tag?post=136954"}],"curies":[{"name":"wp","href":"https:\/\/api.w.org\/{rel}","templated":true}]}}