{"id":170394,"date":"2022-10-15T12:17:00","date_gmt":"2022-10-15T15:17:00","guid":{"rendered":"https:\/\/hereastore.com\/cl\/producto\/huitan-pendientes-colgantes-de-perlas-de-imitacion-para-mujer-aretes-con-diseno-de-hojas-de-lujo-temperamento-novia-boda-regalo-para-nina-nueva-joyeria-de-moda\/"},"modified":"2026-04-23T15:23:07","modified_gmt":"2026-04-23T18:23:07","slug":"pendientesperla","status":"publish","type":"product","link":"https:\/\/hereastore.com\/cl\/producto\/pendientesperla\/","title":{"rendered":"Pendientes Perla"},"content":{"rendered":"<div><\/div>\n<div>\n<p style=\"font-family: OpenSans; color: #000000; font-weight: 900; font-size: 20px; line-height: 28px; margin-bottom: 12px; text-align: center;\">Informaci\u00f3n del producto<\/p>\n<p style=\"font-family: OpenSans; color: #000000; font-weight: 300; font-size: 14px; line-height: 20px; margin-bottom: 12px; text-align: center;\">\nMaterial: circonita c\u00fabica<br \/>\nPeso: aproximadamente 4,7g<br \/>\nContenido del paquete: 1 par de pendientes<\/p>\n<p style=\"text-align: center;\">\n<\/div>\n<div style=\"text-align: center;\"><img decoding=\"async\" title=\"Huitan-pendientes colgantes de perlas de imitaci\u00f3n para mujer, aretes con dise\u00f1o de hojas de lujo, temperamento, novia, boda, regalo para ni\u00f1a, Nueva joyer\u00eda de moda\" src=\"\/\/ae01.alicdn.com\/kf\/Sa99b3bb0644147669214b9333b3291b6w.jpg\" alt=\"Huitan-pendientes colgantes de perlas de imitaci\u00f3n para mujer, aretes con dise\u00f1o de hojas de lujo, temperamento, novia, boda, regalo para ni\u00f1a, Nueva joyer\u00eda de moda\" \/><img decoding=\"async\" title=\"Huitan-pendientes colgantes de perlas de imitaci\u00f3n para mujer, aretes con dise\u00f1o de hojas de lujo, temperamento, novia, boda, regalo para ni\u00f1a, Nueva joyer\u00eda de moda\" src=\"\/\/ae01.alicdn.com\/kf\/S54daf04ca0f640a1816c9b06a8f11ad1t.jpg\" alt=\"Huitan-pendientes colgantes de perlas de imitaci\u00f3n para mujer, aretes con dise\u00f1o de hojas de lujo, temperamento, novia, boda, regalo para ni\u00f1a, Nueva joyer\u00eda de moda\" \/><img decoding=\"async\" title=\"Huitan-pendientes colgantes de perlas de imitaci\u00f3n para mujer, aretes con dise\u00f1o de hojas de lujo, temperamento, novia, boda, regalo para ni\u00f1a, Nueva joyer\u00eda de moda\" src=\"\/\/ae01.alicdn.com\/kf\/S6a02b64d3d264d51a25a5aeb8afd045bX.jpg\" alt=\"Huitan-pendientes colgantes de perlas de imitaci\u00f3n para mujer, aretes con dise\u00f1o de hojas de lujo, temperamento, novia, boda, regalo para ni\u00f1a, Nueva joyer\u00eda de moda\" \/><img decoding=\"async\" title=\"Huitan-pendientes colgantes de perlas de imitaci\u00f3n para mujer, aretes con dise\u00f1o de hojas de lujo, temperamento, novia, boda, regalo para ni\u00f1a, Nueva joyer\u00eda de moda\" src=\"\/\/ae01.alicdn.com\/kf\/Sb9d5acb84292439fbf69eba79c563ffb3.jpg\" alt=\"Huitan-pendientes colgantes de perlas de imitaci\u00f3n para mujer, aretes con dise\u00f1o de hojas de lujo, temperamento, novia, boda, regalo para ni\u00f1a, Nueva joyer\u00eda de moda\" \/><\/div>\n<div style=\"text-align: center;\"><\/div>\n<div style=\"text-align: center;\"><\/div>\n<div style=\"text-align: center;\"><\/div>\n<div style=\"text-align: center;\"><\/div>\n","protected":false},"excerpt":{"rendered":"<p>Pendientes Perla en acero inoxidable con perla de r\u00edo imitaci\u00f3n. Dise\u00f1o cl\u00e1sico atemporal. Hipoalerg\u00e9nicos, sin oxidaci\u00f3n. Cierre seguro tipo poste con tope. Despacho gratis a todo Chile.<\/p>\n","protected":false},"featured_media":170399,"comment_status":"open","ping_status":"closed","template":"","meta":[],"product_brand":[],"product_cat":[245,15],"product_tag":[],"class_list":{"0":"post-170394","1":"product","2":"type-product","3":"status-publish","4":"has-post-thumbnail","6":"product_cat-accesorios","7":"product_cat-todos","8":"pa_6bcea75192f98cbedfb10e-e2108","10":"first","11":"instock","12":"sale","13":"shipping-taxable","14":"purchasable","15":"product-type-variable"},"_links":{"self":[{"href":"https:\/\/hereastore.com\/cl\/wp-json\/wp\/v2\/product\/170394","targetHints":{"allow":["GET"]}}],"collection":[{"href":"https:\/\/hereastore.com\/cl\/wp-json\/wp\/v2\/product"}],"about":[{"href":"https:\/\/hereastore.com\/cl\/wp-json\/wp\/v2\/types\/product"}],"replies":[{"embeddable":true,"href":"https:\/\/hereastore.com\/cl\/wp-json\/wp\/v2\/comments?post=170394"}],"version-history":[{"count":0,"href":"https:\/\/hereastore.com\/cl\/wp-json\/wp\/v2\/product\/170394\/revisions"}],"wp:featuredmedia":[{"embeddable":true,"href":"https:\/\/hereastore.com\/cl\/wp-json\/wp\/v2\/media\/170399"}],"wp:attachment":[{"href":"https:\/\/hereastore.com\/cl\/wp-json\/wp\/v2\/media?parent=170394"}],"wp:term":[{"taxonomy":"product_brand","embeddable":true,"href":"https:\/\/hereastore.com\/cl\/wp-json\/wp\/v2\/product_brand?post=170394"},{"taxonomy":"product_cat","embeddable":true,"href":"https:\/\/hereastore.com\/cl\/wp-json\/wp\/v2\/product_cat?post=170394"},{"taxonomy":"product_tag","embeddable":true,"href":"https:\/\/hereastore.com\/cl\/wp-json\/wp\/v2\/product_tag?post=170394"}],"curies":[{"name":"wp","href":"https:\/\/api.w.org\/{rel}","templated":true}]}}