{"id":185031,"date":"2023-05-22T16:43:51","date_gmt":"2023-05-22T19:43:51","guid":{"rendered":"https:\/\/hereastore.com\/cl\/producto\/zrtak-bikinis-2022-mujer-bikini-brasileno-mujer-bikinis-con-estampado-para-mujer-traje-de-bano-sexy-ropa-de-playa-de-vendaje-conjunto-de-bikini-con-tenido-anudado-2022-banador-mujer-bikini-pus\/"},"modified":"2026-04-23T15:43:27","modified_gmt":"2026-04-23T18:43:27","slug":"bikinidolores","status":"publish","type":"product","link":"https:\/\/hereastore.com\/cl\/producto\/bikinidolores\/","title":{"rendered":"Bikini Dolores"},"content":{"rendered":"<div>\n<div>\n<p>&nbsp;<\/p>\n<div><img decoding=\"async\" style=\"margin-bottom: 10px\" title=\"ZRTAK-bikinis 2022 mujer, bikini brasile\u00f1o mujer, Bikinis con estampado para mujer, traje de ba\u00f1o Sexy, ropa de playa de vendaje, conjunto de Bikini con te\u00f1ido anudado, 2022, ba\u00f1ador mujer, bikini push up\" src=\"https:\/\/hereastore.com\/cl\/wp-content\/uploads\/sites\/11\/2023\/05\/185031-1dadde.jpeg\" alt=\"ZRTAK-bikinis 2022 mujer, bikini brasile\u00f1o mujer, Bikinis con estampado para mujer, traje de ba\u00f1o Sexy, ropa de playa de vendaje, conjunto de Bikini con te\u00f1ido anudado, 2022, ba\u00f1ador mujer, bikini push up\" \/><\/div>\n<div><\/div>\n<div><\/div>\n<div><img decoding=\"async\" class=\"aligncenter\" title=\"ZRTAK-bikinis 2022 mujer, bikini brasile\u00f1o mujer, Bikinis con estampado para mujer, traje de ba\u00f1o Sexy, ropa de playa de vendaje, conjunto de Bikini con te\u00f1ido anudado, 2022, ba\u00f1ador mujer, bikini push up\" src=\"\/\/ae01.alicdn.com\/kf\/S06106391e67c4da99fe20262bcdacb9b3.jpg\" alt=\"ZRTAK-bikinis 2022 mujer, bikini brasile\u00f1o mujer, Bikinis con estampado para mujer, traje de ba\u00f1o Sexy, ropa de playa de vendaje, conjunto de Bikini con te\u00f1ido anudado, 2022, ba\u00f1ador mujer, bikini push up\" \/><img decoding=\"async\" class=\"aligncenter\" title=\"ZRTAK-bikinis 2022 mujer, bikini brasile\u00f1o mujer, Bikinis con estampado para mujer, traje de ba\u00f1o Sexy, ropa de playa de vendaje, conjunto de Bikini con te\u00f1ido anudado, 2022, ba\u00f1ador mujer, bikini push up\" src=\"\/\/ae01.alicdn.com\/kf\/Sc49eb67c2a2e4d069addb071cdd3355cm.jpg\" alt=\"ZRTAK-bikinis 2022 mujer, bikini brasile\u00f1o mujer, Bikinis con estampado para mujer, traje de ba\u00f1o Sexy, ropa de playa de vendaje, conjunto de Bikini con te\u00f1ido anudado, 2022, ba\u00f1ador mujer, bikini push up\" \/><img decoding=\"async\" class=\"aligncenter\" style=\"margin-bottom: 10px\" title=\"ZRTAK-bikinis 2022 mujer, bikini brasile\u00f1o mujer, Bikinis con estampado para mujer, traje de ba\u00f1o Sexy, ropa de playa de vendaje, conjunto de Bikini con te\u00f1ido anudado, 2022, ba\u00f1ador mujer, bikini push up\" src=\"\/\/ae01.alicdn.com\/kf\/Sb40103d2b06241c48a79d2d1ac4803eaE.jpg\" alt=\"ZRTAK-bikinis 2022 mujer, bikini brasile\u00f1o mujer, Bikinis con estampado para mujer, traje de ba\u00f1o Sexy, ropa de playa de vendaje, conjunto de Bikini con te\u00f1ido anudado, 2022, ba\u00f1ador mujer, bikini push up\" \/><img decoding=\"async\" class=\"aligncenter\" style=\"margin-bottom: 10px\" title=\"ZRTAK-bikinis 2022 mujer, bikini brasile\u00f1o mujer, Bikinis con estampado para mujer, traje de ba\u00f1o Sexy, ropa de playa de vendaje, conjunto de Bikini con te\u00f1ido anudado, 2022, ba\u00f1ador mujer, bikini push up\" src=\"\/\/ae01.alicdn.com\/kf\/Se43c66b548af44a195633b7851c9b437i.jpg\" alt=\"ZRTAK-bikinis 2022 mujer, bikini brasile\u00f1o mujer, Bikinis con estampado para mujer, traje de ba\u00f1o Sexy, ropa de playa de vendaje, conjunto de Bikini con te\u00f1ido anudado, 2022, ba\u00f1ador mujer, bikini push up\" \/><\/div>\n<div><\/div>\n<div><\/div>\n<div><\/div>\n<div><img decoding=\"async\" class=\"aligncenter\" title=\"ZRTAK-bikinis 2022 mujer, bikini brasile\u00f1o mujer, Bikinis con estampado para mujer, traje de ba\u00f1o Sexy, ropa de playa de vendaje, conjunto de Bikini con te\u00f1ido anudado, 2022, ba\u00f1ador mujer, bikini push up\" src=\"\/\/ae01.alicdn.com\/kf\/S955e4cdba81b46e6b4116c7737e0af9eH.jpg\" alt=\"ZRTAK-bikinis 2022 mujer, bikini brasile\u00f1o mujer, Bikinis con estampado para mujer, traje de ba\u00f1o Sexy, ropa de playa de vendaje, conjunto de Bikini con te\u00f1ido anudado, 2022, ba\u00f1ador mujer, bikini push up\" \/><img decoding=\"async\" class=\"aligncenter\" title=\"ZRTAK-bikinis 2022 mujer, bikini brasile\u00f1o mujer, Bikinis con estampado para mujer, traje de ba\u00f1o Sexy, ropa de playa de vendaje, conjunto de Bikini con te\u00f1ido anudado, 2022, ba\u00f1ador mujer, bikini push up\" src=\"\/\/ae01.alicdn.com\/kf\/S70fda912c33846e6b70b4b8f0100dc99A.jpg\" alt=\"ZRTAK-bikinis 2022 mujer, bikini brasile\u00f1o mujer, Bikinis con estampado para mujer, traje de ba\u00f1o Sexy, ropa de playa de vendaje, conjunto de Bikini con te\u00f1ido anudado, 2022, ba\u00f1ador mujer, bikini push up\" \/><\/div>\n<div><\/div>\n<p>&nbsp;<\/p>\n<\/div>\n<\/div>\n","protected":false},"excerpt":{"rendered":"<p>Bikini Dolores dos piezas con top tri\u00e1ngulo cruzado y braga de tiro alto. Tela suave de secado r\u00e1pido, costuras planas. Dise\u00f1o moderno y favorecedor. Talla S a XL. Despacho gratis a todo Chile.<\/p>\n","protected":false},"featured_media":186147,"comment_status":"open","ping_status":"closed","template":"","meta":[],"product_brand":[],"product_cat":[234,15],"product_tag":[],"class_list":{"0":"post-185031","1":"product","2":"type-product","3":"status-publish","4":"has-post-thumbnail","6":"product_cat-bikinis","7":"product_cat-todos","8":"pa_a4a8fbf9f14b58bf488819-gn2","9":"pa_a4a8fbf9f14b58bf488819-rn1","10":"pa_f294abc323c8581b087d9a-l","11":"pa_f294abc323c8581b087d9a-m","12":"pa_f294abc323c8581b087d9a-s","14":"first","15":"instock","16":"shipping-taxable","17":"purchasable","18":"product-type-variable"},"_links":{"self":[{"href":"https:\/\/hereastore.com\/cl\/wp-json\/wp\/v2\/product\/185031","targetHints":{"allow":["GET"]}}],"collection":[{"href":"https:\/\/hereastore.com\/cl\/wp-json\/wp\/v2\/product"}],"about":[{"href":"https:\/\/hereastore.com\/cl\/wp-json\/wp\/v2\/types\/product"}],"replies":[{"embeddable":true,"href":"https:\/\/hereastore.com\/cl\/wp-json\/wp\/v2\/comments?post=185031"}],"version-history":[{"count":0,"href":"https:\/\/hereastore.com\/cl\/wp-json\/wp\/v2\/product\/185031\/revisions"}],"wp:featuredmedia":[{"embeddable":true,"href":"https:\/\/hereastore.com\/cl\/wp-json\/wp\/v2\/media\/186147"}],"wp:attachment":[{"href":"https:\/\/hereastore.com\/cl\/wp-json\/wp\/v2\/media?parent=185031"}],"wp:term":[{"taxonomy":"product_brand","embeddable":true,"href":"https:\/\/hereastore.com\/cl\/wp-json\/wp\/v2\/product_brand?post=185031"},{"taxonomy":"product_cat","embeddable":true,"href":"https:\/\/hereastore.com\/cl\/wp-json\/wp\/v2\/product_cat?post=185031"},{"taxonomy":"product_tag","embeddable":true,"href":"https:\/\/hereastore.com\/cl\/wp-json\/wp\/v2\/product_tag?post=185031"}],"curies":[{"name":"wp","href":"https:\/\/api.w.org\/{rel}","templated":true}]}}