{"id":35488,"date":"2021-10-17T16:46:48","date_gmt":"2021-10-17T14:46:48","guid":{"rendered":"https:\/\/hereastore.com\/es\/?page_id=35488"},"modified":"2024-07-05T21:06:46","modified_gmt":"2024-07-05T19:06:46","slug":"contactanos","status":"publish","type":"page","link":"https:\/\/hereastore.com\/es\/contactanos\/","title":{"rendered":"Contactanos"},"content":{"rendered":"\t\t<div data-elementor-type=\"wp-page\" data-elementor-id=\"35488\" class=\"elementor elementor-35488\" data-elementor-post-type=\"page\">\n\t\t\t\t\t\t<section class=\"elementor-section elementor-top-section elementor-element elementor-element-2fed1034 elementor-section-boxed elementor-section-height-default elementor-section-height-default\" data-id=\"2fed1034\" data-element_type=\"section\">\n\t\t\t\t\t\t<div class=\"elementor-container elementor-column-gap-default\">\n\t\t\t\t\t<div class=\"elementor-column elementor-col-100 elementor-top-column elementor-element elementor-element-77b0cf85\" data-id=\"77b0cf85\" data-element_type=\"column\">\n\t\t\t<div class=\"elementor-widget-wrap elementor-element-populated\">\n\t\t\t\t\t\t<div class=\"elementor-element elementor-element-762543bb elementor-widget elementor-widget-heading\" data-id=\"762543bb\" data-element_type=\"widget\" data-widget_type=\"heading.default\">\n\t\t\t\t<div class=\"elementor-widget-container\">\n\t\t\t\t\t<h2 class=\"elementor-heading-title elementor-size-default\">CONTACTO<\/h2>\t\t\t\t<\/div>\n\t\t\t\t<\/div>\n\t\t\t\t\t<\/div>\n\t\t<\/div>\n\t\t\t\t\t<\/div>\n\t\t<\/section>\n\t\t\t\t<section class=\"elementor-section elementor-top-section elementor-element elementor-element-7eb51b71 elementor-section-boxed elementor-section-height-default elementor-section-height-default\" data-id=\"7eb51b71\" data-element_type=\"section\">\n\t\t\t\t\t\t<div class=\"elementor-container elementor-column-gap-no\">\n\t\t\t\t\t<div class=\"elementor-column elementor-col-33 elementor-top-column elementor-element elementor-element-2297f4fe\" data-id=\"2297f4fe\" data-element_type=\"column\">\n\t\t\t<div class=\"elementor-widget-wrap elementor-element-populated\">\n\t\t\t\t\t\t<div class=\"elementor-element elementor-element-374bf71d elementor-widget elementor-widget-heading\" data-id=\"374bf71d\" data-element_type=\"widget\" data-widget_type=\"heading.default\">\n\t\t\t\t<div class=\"elementor-widget-container\">\n\t\t\t\t\t<h2 class=\"elementor-heading-title elementor-size-default\">En Herea Store contamos con un servicio de atenci\u00f3n dedicado al cliente, si tienes alguna duda o sugerencia por favor cont\u00e1ctanos al correo electr\u00f3nico o env\u00edanos un mensaje en el formulario a continuaci\u00f3n.<\/h2>\t\t\t\t<\/div>\n\t\t\t\t<\/div>\n\t\t\t\t<div class=\"elementor-element elementor-element-ac57d46 elementor-widget-divider--view-line elementor-widget elementor-widget-divider\" data-id=\"ac57d46\" data-element_type=\"widget\" data-widget_type=\"divider.default\">\n\t\t\t\t<div class=\"elementor-widget-container\">\n\t\t\t\t\t\t\t<div class=\"elementor-divider\">\n\t\t\t<span class=\"elementor-divider-separator\">\n\t\t\t\t\t\t<\/span>\n\t\t<\/div>\n\t\t\t\t\t\t<\/div>\n\t\t\t\t<\/div>\n\t\t\t\t<div class=\"elementor-element elementor-element-cf3317a elementor-widget elementor-widget-heading\" data-id=\"cf3317a\" data-element_type=\"widget\" data-widget_type=\"heading.default\">\n\t\t\t\t<div class=\"elementor-widget-container\">\n\t\t\t\t\t<h2 class=\"elementor-heading-title elementor-size-default\">Email: soporte@hereastore.com<br>\nInstagram: Hereastoresvip<br>\nFacebook: Hereastore<br>\nLunes \u2013 Viernes: 9:00 AM \u2013 5:00 PM<\/h2>\t\t\t\t<\/div>\n\t\t\t\t<\/div>\n\t\t\t\t\t<\/div>\n\t\t<\/div>\n\t\t\t\t<div class=\"elementor-column elementor-col-66 elementor-top-column elementor-element elementor-element-1ff19ffd\" data-id=\"1ff19ffd\" data-element_type=\"column\">\n\t\t\t<div class=\"elementor-widget-wrap elementor-element-populated\">\n\t\t\t\t\t\t<div class=\"elementor-element elementor-element-ea84b12 elementor-widget elementor-widget-heading\" data-id=\"ea84b12\" data-element_type=\"widget\" data-widget_type=\"heading.default\">\n\t\t\t\t<div class=\"elementor-widget-container\">\n\t\t\t\t\t<h6 class=\"elementor-heading-title elementor-size-default\">Toca abajo para contactarnos ahora!<\/h6>\t\t\t\t<\/div>\n\t\t\t\t<\/div>\n\t\t\t\t\t<\/div>\n\t\t<\/div>\n\t\t\t\t\t<\/div>\n\t\t<\/section>\n\t\t\t\t<section class=\"elementor-section elementor-top-section elementor-element elementor-element-3299d861 elementor-section-stretched elementor-section-full_width elementor-section-height-default elementor-section-height-default\" data-id=\"3299d861\" data-element_type=\"section\" data-settings=\"{&quot;stretch_section&quot;:&quot;section-stretched&quot;}\">\n\t\t\t\t\t\t<div class=\"elementor-container elementor-column-gap-no\">\n\t\t\t\t\t<div class=\"elementor-column elementor-col-100 elementor-top-column elementor-element elementor-element-c43218f\" data-id=\"c43218f\" data-element_type=\"column\">\n\t\t\t<div class=\"elementor-widget-wrap elementor-element-populated\">\n\t\t\t\t\t\t<div class=\"elementor-element elementor-element-5affd494 elementor-widget elementor-widget-google_maps\" data-id=\"5affd494\" data-element_type=\"widget\" data-widget_type=\"google_maps.default\">\n\t\t\t\t<div class=\"elementor-widget-container\">\n\t\t\t\t\t\t\t<div class=\"elementor-custom-embed\">\n\t\t\t<iframe loading=\"lazy\"\n\t\t\t\t\tsrc=\"https:\/\/maps.google.com\/maps?q=Madrid%20centro&#038;t=m&#038;z=11&#038;output=embed&#038;iwloc=near\"\n\t\t\t\t\ttitle=\"Madrid centro\"\n\t\t\t\t\taria-label=\"Madrid centro\"\n\t\t\t><\/iframe>\n\t\t<\/div>\n\t\t\t\t\t\t<\/div>\n\t\t\t\t<\/div>\n\t\t\t\t\t<\/div>\n\t\t<\/div>\n\t\t\t\t\t<\/div>\n\t\t<\/section>\n\t\t\t\t<\/div>\n\t\t","protected":false},"excerpt":{"rendered":"<p>CONTACTO En Herea Store contamos con un servicio de atenci\u00f3n dedicado al cliente, si tienes alguna duda o sugerencia por favor cont\u00e1ctanos al correo electr\u00f3nico o env\u00edanos un mensaje en el formulario a continuaci\u00f3n. Email: soporte@hereastore.com Instagram: Hereastoresvip Facebook: Hereastore Lunes \u2013 Viernes: 9:00 AM \u2013 5:00 PM Toca abajo para contactarnos ahora! Facebook Instagram [&hellip;]<\/p>\n","protected":false},"author":1,"featured_media":0,"parent":0,"menu_order":0,"comment_status":"closed","ping_status":"closed","template":"elementor_header_footer","meta":{"footnotes":""},"class_list":["post-35488","page","type-page","status-publish","hentry"],"_links":{"self":[{"href":"https:\/\/hereastore.com\/es\/wp-json\/wp\/v2\/pages\/35488","targetHints":{"allow":["GET"]}}],"collection":[{"href":"https:\/\/hereastore.com\/es\/wp-json\/wp\/v2\/pages"}],"about":[{"href":"https:\/\/hereastore.com\/es\/wp-json\/wp\/v2\/types\/page"}],"author":[{"embeddable":true,"href":"https:\/\/hereastore.com\/es\/wp-json\/wp\/v2\/users\/1"}],"replies":[{"embeddable":true,"href":"https:\/\/hereastore.com\/es\/wp-json\/wp\/v2\/comments?post=35488"}],"version-history":[{"count":0,"href":"https:\/\/hereastore.com\/es\/wp-json\/wp\/v2\/pages\/35488\/revisions"}],"wp:attachment":[{"href":"https:\/\/hereastore.com\/es\/wp-json\/wp\/v2\/media?parent=35488"}],"curies":[{"name":"wp","href":"https:\/\/api.w.org\/{rel}","templated":true}]}}