{"id":43560,"date":"2022-05-21T10:36:38","date_gmt":"2022-05-21T08:36:38","guid":{"rendered":"https:\/\/hereastore.com\/es\/producto\/bolsoacolchadoza\/"},"modified":"2022-05-21T11:39:22","modified_gmt":"2022-05-21T09:39:22","slug":"bolsoacolchadoza","status":"publish","type":"product","link":"https:\/\/hereastore.com\/es\/producto\/bolsoacolchadoza\/","title":{"rendered":"Bolso Acolchado Emma"},"content":{"rendered":"<div>\n<div>\n<div>\n<div id=\"311659724016\" data-previewurl=\"\/\/img.alicdn.com\/imgextra\/i3\/6000000003075\/O1CN01FsjQBi1YaOaGZ0NMr_!!6000000003075-0-tbvideo.jpg\"><\/div>\n<\/div>\n<\/div>\n<div>\n<p style=\"font-family: OpenSans;font-size: 20px;font-weight: 900;line-height: 28px;margin-bottom: 12px\">Tama\u00f1o peque\u00f1o: rosa, verde, rojo de mayo, Morado, Rojo<\/p>\n<p style=\"font-family: OpenSans;font-size: 14px;font-weight: 300;line-height: 20px;margin-bottom: 12px\">(Ancho) 21cm * (alto) 13cm * (grosor) 4,5 cm<\/p>\n<p>&nbsp;<\/p>\n<\/div>\n<div>\n<p style=\"font-family: OpenSans;font-size: 20px;font-weight: 900;line-height: 28px;margin-bottom: 12px\">Tama\u00f1o grande: negro, blanco, verde, rojo<\/p>\n<p style=\"font-family: OpenSans;font-size: 14px;font-weight: 300;line-height: 20px;margin-bottom: 12px\">(Ancho) 29cm * (alto) 19,5 cm * (grosor) 5,5 cm<\/p>\n<p>&nbsp;<\/p>\n<p>&nbsp;<\/p>\n<\/div>\n<div><\/div>\n<div><img decoding=\"async\" title=\"Bolso de hombro acolchado con cadena gruesa para mujer, de mano con bandolera cadena gruesa, 2020\" src=\"https:\/\/hereastore.com\/cl\/wp-content\/uploads\/sites\/11\/2022\/03\/150932-g5xmvg.jpg\" alt=\"Bolso de hombro acolchado con cadena gruesa para mujer, de mano con bandolera cadena gruesa, 2020\" \/><img decoding=\"async\" title=\"Bolso de hombro acolchado con cadena gruesa para mujer, de mano con bandolera cadena gruesa, 2020\" src=\"https:\/\/hereastore.com\/cl\/wp-content\/uploads\/sites\/11\/2022\/03\/150932-8lccqw.jpg\" alt=\"Bolso de hombro acolchado con cadena gruesa para mujer, de mano con bandolera cadena gruesa, 2020\" \/><img decoding=\"async\" title=\"Bolso de hombro acolchado con cadena gruesa para mujer, de mano con bandolera cadena gruesa, 2020\" src=\"https:\/\/hereastore.com\/cl\/wp-content\/uploads\/sites\/11\/2022\/03\/150932-mih2kp.jpg\" alt=\"Bolso de hombro acolchado con cadena gruesa para mujer, de mano con bandolera cadena gruesa, 2020\" \/><img decoding=\"async\" title=\"Bolso de hombro acolchado con cadena gruesa para mujer, de mano con bandolera cadena gruesa, 2020\" src=\"https:\/\/hereastore.com\/cl\/wp-content\/uploads\/sites\/11\/2022\/03\/150932-9s25t0.jpg\" alt=\"Bolso de hombro acolchado con cadena gruesa para mujer, de mano con bandolera cadena gruesa, 2020\" \/><img decoding=\"async\" title=\"Bolso de hombro acolchado con cadena gruesa para mujer, de mano con bandolera cadena gruesa, 2020\" src=\"https:\/\/hereastore.com\/cl\/wp-content\/uploads\/sites\/11\/2022\/03\/150932-9cauvh.jpg\" alt=\"Bolso de hombro acolchado con cadena gruesa para mujer, de mano con bandolera cadena gruesa, 2020\" \/><\/div>\n<div><img decoding=\"async\" title=\"Bolso de hombro acolchado con cadena gruesa para mujer, de mano con bandolera cadena gruesa, 2020\" src=\"https:\/\/hereastore.com\/cl\/wp-content\/uploads\/sites\/11\/2022\/03\/150932-wydmqd.jpg\" alt=\"Bolso de hombro acolchado con cadena gruesa para mujer, de mano con bandolera cadena gruesa, 2020\" \/><img decoding=\"async\" title=\"Bolso de hombro acolchado con cadena gruesa para mujer, de mano con bandolera cadena gruesa, 2020\" src=\"https:\/\/hereastore.com\/cl\/wp-content\/uploads\/sites\/11\/2022\/03\/150932-t2knoc.jpg\" alt=\"Bolso de hombro acolchado con cadena gruesa para mujer, de mano con bandolera cadena gruesa, 2020\" \/><img decoding=\"async\" title=\"Bolso de hombro acolchado con cadena gruesa para mujer, de mano con bandolera cadena gruesa, 2020\" src=\"https:\/\/hereastore.com\/cl\/wp-content\/uploads\/sites\/11\/2022\/03\/150932-cuo3n4.jpg\" alt=\"Bolso de hombro acolchado con cadena gruesa para mujer, de mano con bandolera cadena gruesa, 2020\" \/><img decoding=\"async\" title=\"Bolso de hombro acolchado con cadena gruesa para mujer, de mano con bandolera cadena gruesa, 2020\" src=\"https:\/\/hereastore.com\/cl\/wp-content\/uploads\/sites\/11\/2022\/03\/150932-wr2pzj.jpg\" alt=\"Bolso de hombro acolchado con cadena gruesa para mujer, de mano con bandolera cadena gruesa, 2020\" \/><img decoding=\"async\" title=\"Bolso de hombro acolchado con cadena gruesa para mujer, de mano con bandolera cadena gruesa, 2020\" src=\"https:\/\/hereastore.com\/cl\/wp-content\/uploads\/sites\/11\/2022\/03\/150932-2avd0e.jpg\" alt=\"Bolso de hombro acolchado con cadena gruesa para mujer, de mano con bandolera cadena gruesa, 2020\" \/><\/div>\n<div><\/div>\n<p>&nbsp;<\/p>\n<\/div>\n","protected":false},"excerpt":{"rendered":"<p>Tama\u00f1o peque\u00f1o: rosa, verde, rojo de mayo, Morado, Rojo (Ancho) 21cm * (alto) 13cm * (grosor) 4,5 cm &nbsp; Tama\u00f1o grande: negro, blanco, verde, rojo (Ancho) 29cm * (alto) 19,5 cm * (grosor) 5,5 cm &nbsp; &nbsp; &nbsp;<\/p>\n","protected":false},"featured_media":43554,"comment_status":"open","ping_status":"closed","template":"","meta":[],"product_brand":[],"product_cat":[1045,15],"product_tag":[],"class_list":{"0":"post-43560","1":"product","2":"type-product","3":"status-publish","4":"has-post-thumbnail","6":"product_cat-bolsos-y-carteras","7":"product_cat-todos","8":"pa_cb5feb1b7314637725a2e7-big-black-bag","9":"pa_cb5feb1b7314637725a2e7-big-green","10":"pa_cb5feb1b7314637725a2e7-big-red","11":"pa_cb5feb1b7314637725a2e7-big-white-bag","12":"pa_cb5feb1b7314637725a2e7-small-gold","13":"pa_cb5feb1b7314637725a2e7-small-green-bag","14":"pa_cb5feb1b7314637725a2e7-small-may-red-bag","15":"pa_cb5feb1b7314637725a2e7-small-pink-bag","16":"pa_cb5feb1b7314637725a2e7-small-purle","17":"pa_cb5feb1b7314637725a2e7-small-red-bag","18":"pa_cb5feb1b7314637725a2e7-small-silver","20":"first","21":"instock","22":"taxable","23":"shipping-taxable","24":"purchasable","25":"product-type-variable"},"_links":{"self":[{"href":"https:\/\/hereastore.com\/es\/wp-json\/wp\/v2\/product\/43560","targetHints":{"allow":["GET"]}}],"collection":[{"href":"https:\/\/hereastore.com\/es\/wp-json\/wp\/v2\/product"}],"about":[{"href":"https:\/\/hereastore.com\/es\/wp-json\/wp\/v2\/types\/product"}],"replies":[{"embeddable":true,"href":"https:\/\/hereastore.com\/es\/wp-json\/wp\/v2\/comments?post=43560"}],"version-history":[{"count":0,"href":"https:\/\/hereastore.com\/es\/wp-json\/wp\/v2\/product\/43560\/revisions"}],"wp:featuredmedia":[{"embeddable":true,"href":"https:\/\/hereastore.com\/es\/wp-json\/wp\/v2\/media\/43554"}],"wp:attachment":[{"href":"https:\/\/hereastore.com\/es\/wp-json\/wp\/v2\/media?parent=43560"}],"wp:term":[{"taxonomy":"product_brand","embeddable":true,"href":"https:\/\/hereastore.com\/es\/wp-json\/wp\/v2\/product_brand?post=43560"},{"taxonomy":"product_cat","embeddable":true,"href":"https:\/\/hereastore.com\/es\/wp-json\/wp\/v2\/product_cat?post=43560"},{"taxonomy":"product_tag","embeddable":true,"href":"https:\/\/hereastore.com\/es\/wp-json\/wp\/v2\/product_tag?post=43560"}],"curies":[{"name":"wp","href":"https:\/\/api.w.org\/{rel}","templated":true}]}}