{"id":44724,"date":"2022-05-23T17:55:06","date_gmt":"2022-05-23T15:55:06","guid":{"rendered":"https:\/\/hereastore.com\/es\/producto\/bikinialessandra\/"},"modified":"2025-03-26T18:59:51","modified_gmt":"2025-03-26T16:59:51","slug":"banadoralessandra","status":"publish","type":"product","link":"https:\/\/hereastore.com\/es\/producto\/banadoralessandra\/","title":{"rendered":"BA\u00d1ADOR ALESSANDRA"},"content":{"rendered":"<div><\/div>\n<div>\n<div><\/div>\n<div>\n<p style=\"text-align: left;margin: 0\"><img decoding=\"async\" title=\"Bikini de cintura alta para mujer, traje de ba\u00f1o para playa de dos piezas con cintur\u00f3n de diamantes de imitaci\u00f3n, acolchado de realce, color morado liso\" src=\"https:\/\/hereastore.com\/xs\/wp-content\/uploads\/sites\/11\/2021\/09\/89334-439bee.jpeg\" alt=\"Bikini de cintura alta para mujer, traje de ba\u00f1o para playa de dos piezas con cintur\u00f3n de diamantes de imitaci\u00f3n, acolchado de realce, color morado liso\" \/><img decoding=\"async\" title=\"Bikini de cintura alta para mujer, traje de ba\u00f1o para playa de dos piezas con cintur\u00f3n de diamantes de imitaci\u00f3n, acolchado de realce, color morado liso\" src=\"https:\/\/hereastore.com\/xs\/wp-content\/uploads\/sites\/11\/2021\/09\/89334-h15dn7.jpg\" alt=\"Bikini de cintura alta para mujer, traje de ba\u00f1o para playa de dos piezas con cintur\u00f3n de diamantes de imitaci\u00f3n, acolchado de realce, color morado liso\" \/><img decoding=\"async\" title=\"Bikini de cintura alta para mujer, traje de ba\u00f1o para playa de dos piezas con cintur\u00f3n de diamantes de imitaci\u00f3n, acolchado de realce, color morado liso\" src=\"https:\/\/hereastore.com\/xs\/wp-content\/uploads\/sites\/11\/2021\/09\/89334-qr1gak.jpg\" alt=\"Bikini de cintura alta para mujer, traje de ba\u00f1o para playa de dos piezas con cintur\u00f3n de diamantes de imitaci\u00f3n, acolchado de realce, color morado liso\" \/><img decoding=\"async\" title=\"Bikini de cintura alta para mujer, traje de ba\u00f1o para playa de dos piezas con cintur\u00f3n de diamantes de imitaci\u00f3n, acolchado de realce, color morado liso\" src=\"https:\/\/hereastore.com\/xs\/wp-content\/uploads\/sites\/11\/2021\/09\/89334-5kwrxm.jpg\" alt=\"Bikini de cintura alta para mujer, traje de ba\u00f1o para playa de dos piezas con cintur\u00f3n de diamantes de imitaci\u00f3n, acolchado de realce, color morado liso\" \/><img decoding=\"async\" title=\"Bikini de cintura alta para mujer, traje de ba\u00f1o para playa de dos piezas con cintur\u00f3n de diamantes de imitaci\u00f3n, acolchado de realce, color morado liso\" src=\"https:\/\/hereastore.com\/xs\/wp-content\/uploads\/sites\/11\/2021\/09\/89334-kbpsyd.jpg\" alt=\"Bikini de cintura alta para mujer, traje de ba\u00f1o para playa de dos piezas con cintur\u00f3n de diamantes de imitaci\u00f3n, acolchado de realce, color morado liso\" \/><img decoding=\"async\" title=\"Bikini de cintura alta para mujer, traje de ba\u00f1o para playa de dos piezas con cintur\u00f3n de diamantes de imitaci\u00f3n, acolchado de realce, color morado liso\" src=\"https:\/\/hereastore.com\/xs\/wp-content\/uploads\/sites\/11\/2021\/09\/89334-topb7x.jpg\" alt=\"Bikini de cintura alta para mujer, traje de ba\u00f1o para playa de dos piezas con cintur\u00f3n de diamantes de imitaci\u00f3n, acolchado de realce, color morado liso\" \/><img decoding=\"async\" title=\"Bikini de cintura alta para mujer, traje de ba\u00f1o para playa de dos piezas con cintur\u00f3n de diamantes de imitaci\u00f3n, acolchado de realce, color morado liso\" src=\"https:\/\/hereastore.com\/xs\/wp-content\/uploads\/sites\/11\/2021\/09\/89334-ab2mod.jpg\" alt=\"Bikini de cintura alta para mujer, traje de ba\u00f1o para playa de dos piezas con cintur\u00f3n de diamantes de imitaci\u00f3n, acolchado de realce, color morado liso\" \/><img decoding=\"async\" title=\"Bikini de cintura alta para mujer, traje de ba\u00f1o para playa de dos piezas con cintur\u00f3n de diamantes de imitaci\u00f3n, acolchado de realce, color morado liso\" src=\"https:\/\/hereastore.com\/xs\/wp-content\/uploads\/sites\/11\/2021\/09\/89334-noxi0o.jpg\" alt=\"Bikini de cintura alta para mujer, traje de ba\u00f1o para playa de dos piezas con cintur\u00f3n de diamantes de imitaci\u00f3n, acolchado de realce, color morado liso\" \/><img decoding=\"async\" title=\"Bikini de cintura alta para mujer, traje de ba\u00f1o para playa de dos piezas con cintur\u00f3n de diamantes de imitaci\u00f3n, acolchado de realce, color morado liso\" src=\"https:\/\/hereastore.com\/xs\/wp-content\/uploads\/sites\/11\/2021\/09\/89334-2suepd.jpg\" alt=\"Bikini de cintura alta para mujer, traje de ba\u00f1o para playa de dos piezas con cintur\u00f3n de diamantes de imitaci\u00f3n, acolchado de realce, color morado liso\" \/><img decoding=\"async\" title=\"Bikini de cintura alta para mujer, traje de ba\u00f1o para playa de dos piezas con cintur\u00f3n de diamantes de imitaci\u00f3n, acolchado de realce, color morado liso\" src=\"https:\/\/hereastore.com\/xs\/wp-content\/uploads\/sites\/11\/2021\/09\/89334-nppjce.jpg\" alt=\"Bikini de cintura alta para mujer, traje de ba\u00f1o para playa de dos piezas con cintur\u00f3n de diamantes de imitaci\u00f3n, acolchado de realce, color morado liso\" \/><img decoding=\"async\" title=\"Bikini de cintura alta para mujer, traje de ba\u00f1o para playa de dos piezas con cintur\u00f3n de diamantes de imitaci\u00f3n, acolchado de realce, color morado liso\" src=\"https:\/\/hereastore.com\/xs\/wp-content\/uploads\/sites\/11\/2021\/09\/89334-stzahl.jpg\" alt=\"Bikini de cintura alta para mujer, traje de ba\u00f1o para playa de dos piezas con cintur\u00f3n de diamantes de imitaci\u00f3n, acolchado de realce, color morado liso\" \/><img decoding=\"async\" title=\"Bikini de cintura alta para mujer, traje de ba\u00f1o para playa de dos piezas con cintur\u00f3n de diamantes de imitaci\u00f3n, acolchado de realce, color morado liso\" src=\"https:\/\/hereastore.com\/xs\/wp-content\/uploads\/sites\/11\/2021\/09\/89334-2fztky.jpg\" alt=\"Bikini de cintura alta para mujer, traje de ba\u00f1o para playa de dos piezas con cintur\u00f3n de diamantes de imitaci\u00f3n, acolchado de realce, color morado liso\" \/><img decoding=\"async\" title=\"Bikini de cintura alta para mujer, traje de ba\u00f1o para playa de dos piezas con cintur\u00f3n de diamantes de imitaci\u00f3n, acolchado de realce, color morado liso\" src=\"https:\/\/hereastore.com\/xs\/wp-content\/uploads\/sites\/11\/2021\/09\/89334-dy6mvt.jpg\" alt=\"Bikini de cintura alta para mujer, traje de ba\u00f1o para playa de dos piezas con cintur\u00f3n de diamantes de imitaci\u00f3n, acolchado de realce, color morado liso\" \/><img decoding=\"async\" title=\"Bikini de cintura alta para mujer, traje de ba\u00f1o para playa de dos piezas con cintur\u00f3n de diamantes de imitaci\u00f3n, acolchado de realce, color morado liso\" src=\"https:\/\/hereastore.com\/xs\/wp-content\/uploads\/sites\/11\/2021\/09\/89334-3mkcni.jpg\" alt=\"Bikini de cintura alta para mujer, traje de ba\u00f1o para playa de dos piezas con cintur\u00f3n de diamantes de imitaci\u00f3n, acolchado de realce, color morado liso\" \/><img decoding=\"async\" title=\"Bikini de cintura alta para mujer, traje de ba\u00f1o para playa de dos piezas con cintur\u00f3n de diamantes de imitaci\u00f3n, acolchado de realce, color morado liso\" src=\"https:\/\/hereastore.com\/xs\/wp-content\/uploads\/sites\/11\/2021\/09\/89334-dj2yh1.jpg\" alt=\"Bikini de cintura alta para mujer, traje de ba\u00f1o para playa de dos piezas con cintur\u00f3n de diamantes de imitaci\u00f3n, acolchado de realce, color morado liso\" \/><img decoding=\"async\" title=\"Bikini de cintura alta para mujer, traje de ba\u00f1o para playa de dos piezas con cintur\u00f3n de diamantes de imitaci\u00f3n, acolchado de realce, color morado liso\" src=\"https:\/\/hereastore.com\/xs\/wp-content\/uploads\/sites\/11\/2021\/09\/89334-nr3r9e.jpg\" alt=\"Bikini de cintura alta para mujer, traje de ba\u00f1o para playa de dos piezas con cintur\u00f3n de diamantes de imitaci\u00f3n, acolchado de realce, color morado liso\" \/><img decoding=\"async\" title=\"Bikini de cintura alta para mujer, traje de ba\u00f1o para playa de dos piezas con cintur\u00f3n de diamantes de imitaci\u00f3n, acolchado de realce, color morado liso\" src=\"https:\/\/hereastore.com\/xs\/wp-content\/uploads\/sites\/11\/2021\/09\/89334-dboz7n.jpg\" alt=\"Bikini de cintura alta para mujer, traje de ba\u00f1o para playa de dos piezas con cintur\u00f3n de diamantes de imitaci\u00f3n, acolchado de realce, color morado liso\" \/><img decoding=\"async\" title=\"Bikini de cintura alta para mujer, traje de ba\u00f1o para playa de dos piezas con cintur\u00f3n de diamantes de imitaci\u00f3n, acolchado de realce, color morado liso\" src=\"https:\/\/hereastore.com\/xs\/wp-content\/uploads\/sites\/11\/2021\/09\/89334-r3r1wy.jpg\" alt=\"Bikini de cintura alta para mujer, traje de ba\u00f1o para playa de dos piezas con cintur\u00f3n de diamantes de imitaci\u00f3n, acolchado de realce, color morado liso\" \/><img decoding=\"async\" title=\"Bikini de cintura alta para mujer, traje de ba\u00f1o para playa de dos piezas con cintur\u00f3n de diamantes de imitaci\u00f3n, acolchado de realce, color morado liso\" src=\"https:\/\/hereastore.com\/xs\/wp-content\/uploads\/sites\/11\/2021\/09\/89334-qckhzq.jpg\" alt=\"Bikini de cintura alta para mujer, traje de ba\u00f1o para playa de dos piezas con cintur\u00f3n de diamantes de imitaci\u00f3n, acolchado de realce, color morado liso\" \/><\/p>\n<\/div>\n<\/div>\n","protected":false},"excerpt":{"rendered":"","protected":false},"featured_media":44717,"comment_status":"open","ping_status":"closed","template":"","meta":[],"product_brand":[],"product_cat":[234,243,15],"product_tag":[],"class_list":{"0":"post-44724","1":"product","2":"type-product","3":"status-publish","4":"has-post-thumbnail","6":"product_cat-banadores","7":"product_cat-moda","8":"product_cat-todos","9":"pa_a4a8fbf9f14b58bf488819-black-3","10":"pa_a4a8fbf9f14b58bf488819-morado","11":"pa_a4a8fbf9f14b58bf488819-negro","12":"pa_a4a8fbf9f14b58bf488819-pink-1","13":"pa_a4a8fbf9f14b58bf488819-purple-3","14":"pa_a4a8fbf9f14b58bf488819-rojo","15":"pa_a4a8fbf9f14b58bf488819-rosa","16":"pa_a4a8fbf9f14b58bf488819-white","17":"pa_size-l","18":"pa_size-m","19":"pa_size-s","21":"first","22":"instock","23":"taxable","24":"shipping-taxable","25":"purchasable","26":"product-type-variable"},"_links":{"self":[{"href":"https:\/\/hereastore.com\/es\/wp-json\/wp\/v2\/product\/44724","targetHints":{"allow":["GET"]}}],"collection":[{"href":"https:\/\/hereastore.com\/es\/wp-json\/wp\/v2\/product"}],"about":[{"href":"https:\/\/hereastore.com\/es\/wp-json\/wp\/v2\/types\/product"}],"replies":[{"embeddable":true,"href":"https:\/\/hereastore.com\/es\/wp-json\/wp\/v2\/comments?post=44724"}],"version-history":[{"count":0,"href":"https:\/\/hereastore.com\/es\/wp-json\/wp\/v2\/product\/44724\/revisions"}],"wp:featuredmedia":[{"embeddable":true,"href":"https:\/\/hereastore.com\/es\/wp-json\/wp\/v2\/media\/44717"}],"wp:attachment":[{"href":"https:\/\/hereastore.com\/es\/wp-json\/wp\/v2\/media?parent=44724"}],"wp:term":[{"taxonomy":"product_brand","embeddable":true,"href":"https:\/\/hereastore.com\/es\/wp-json\/wp\/v2\/product_brand?post=44724"},{"taxonomy":"product_cat","embeddable":true,"href":"https:\/\/hereastore.com\/es\/wp-json\/wp\/v2\/product_cat?post=44724"},{"taxonomy":"product_tag","embeddable":true,"href":"https:\/\/hereastore.com\/es\/wp-json\/wp\/v2\/product_tag?post=44724"}],"curies":[{"name":"wp","href":"https:\/\/api.w.org\/{rel}","templated":true}]}}