{"id":44885,"date":"2022-05-23T18:22:26","date_gmt":"2022-05-23T16:22:26","guid":{"rendered":"https:\/\/hereastore.com\/es\/producto\/bikinicristalina\/"},"modified":"2025-03-26T18:59:52","modified_gmt":"2025-03-26T16:59:52","slug":"banadorcristalina","status":"publish","type":"product","link":"https:\/\/hereastore.com\/es\/producto\/banadorcristalina\/","title":{"rendered":"BA\u00d1ADOR CRISTALINA"},"content":{"rendered":"<div><\/div>\n<div><\/div>\n<div><\/div>\n<div style=\"text-align: center\"><span style=\"font-size: 22px\"><br \/>\n<img decoding=\"async\" title=\"Sexy estampado de m\u00e1rmol Bikini 2021 mujeres sujetador con aros 3 pieza traje de ba\u00f1o brasile\u00f1o traje de ba\u00f1o para playa trajes de ba\u00f1o traje\" src=\"https:\/\/hereastore.com\/xs\/wp-content\/uploads\/sites\/11\/2021\/09\/89120-2lcehy.jpg\" alt=\"Sexy estampado de m\u00e1rmol Bikini 2021 mujeres sujetador con aros 3 pieza traje de ba\u00f1o brasile\u00f1o traje de ba\u00f1o para playa trajes de ba\u00f1o traje\" \/><img decoding=\"async\" title=\"Sexy estampado de m\u00e1rmol Bikini 2021 mujeres sujetador con aros 3 pieza traje de ba\u00f1o brasile\u00f1o traje de ba\u00f1o para playa trajes de ba\u00f1o traje\" src=\"https:\/\/hereastore.com\/xs\/wp-content\/uploads\/sites\/11\/2021\/09\/89120-1jxpkj.jpg\" alt=\"Sexy estampado de m\u00e1rmol Bikini 2021 mujeres sujetador con aros 3 pieza traje de ba\u00f1o brasile\u00f1o traje de ba\u00f1o para playa trajes de ba\u00f1o traje\" \/><img decoding=\"async\" title=\"Sexy estampado de m\u00e1rmol Bikini 2021 mujeres sujetador con aros 3 pieza traje de ba\u00f1o brasile\u00f1o traje de ba\u00f1o para playa trajes de ba\u00f1o traje\" src=\"https:\/\/hereastore.com\/xs\/wp-content\/uploads\/sites\/11\/2021\/09\/89120-b6ts1l.jpg\" alt=\"Sexy estampado de m\u00e1rmol Bikini 2021 mujeres sujetador con aros 3 pieza traje de ba\u00f1o brasile\u00f1o traje de ba\u00f1o para playa trajes de ba\u00f1o traje\" \/><img decoding=\"async\" title=\"Sexy estampado de m\u00e1rmol Bikini 2021 mujeres sujetador con aros 3 pieza traje de ba\u00f1o brasile\u00f1o traje de ba\u00f1o para playa trajes de ba\u00f1o traje\" src=\"https:\/\/hereastore.com\/xs\/wp-content\/uploads\/sites\/11\/2021\/09\/89120-vendmz.jpg\" alt=\"Sexy estampado de m\u00e1rmol Bikini 2021 mujeres sujetador con aros 3 pieza traje de ba\u00f1o brasile\u00f1o traje de ba\u00f1o para playa trajes de ba\u00f1o traje\" \/><img decoding=\"async\" title=\"Sexy estampado de m\u00e1rmol Bikini 2021 mujeres sujetador con aros 3 pieza traje de ba\u00f1o brasile\u00f1o traje de ba\u00f1o para playa trajes de ba\u00f1o traje\" src=\"https:\/\/hereastore.com\/xs\/wp-content\/uploads\/sites\/11\/2021\/09\/89120-awh0xz.jpg\" alt=\"Sexy estampado de m\u00e1rmol Bikini 2021 mujeres sujetador con aros 3 pieza traje de ba\u00f1o brasile\u00f1o traje de ba\u00f1o para playa trajes de ba\u00f1o traje\" \/><img decoding=\"async\" title=\"Sexy estampado de m\u00e1rmol Bikini 2021 mujeres sujetador con aros 3 pieza traje de ba\u00f1o brasile\u00f1o traje de ba\u00f1o para playa trajes de ba\u00f1o traje\" src=\"https:\/\/hereastore.com\/xs\/wp-content\/uploads\/sites\/11\/2021\/09\/89120-yrrjo1.jpg\" alt=\"Sexy estampado de m\u00e1rmol Bikini 2021 mujeres sujetador con aros 3 pieza traje de ba\u00f1o brasile\u00f1o traje de ba\u00f1o para playa trajes de ba\u00f1o traje\" \/><img decoding=\"async\" title=\"Sexy estampado de m\u00e1rmol Bikini 2021 mujeres sujetador con aros 3 pieza traje de ba\u00f1o brasile\u00f1o traje de ba\u00f1o para playa trajes de ba\u00f1o traje\" src=\"https:\/\/hereastore.com\/xs\/wp-content\/uploads\/sites\/11\/2021\/09\/89120-ugkg5l.jpg\" alt=\"Sexy estampado de m\u00e1rmol Bikini 2021 mujeres sujetador con aros 3 pieza traje de ba\u00f1o brasile\u00f1o traje de ba\u00f1o para playa trajes de ba\u00f1o traje\" \/><img decoding=\"async\" title=\"Sexy estampado de m\u00e1rmol Bikini 2021 mujeres sujetador con aros 3 pieza traje de ba\u00f1o brasile\u00f1o traje de ba\u00f1o para playa trajes de ba\u00f1o traje\" src=\"https:\/\/hereastore.com\/xs\/wp-content\/uploads\/sites\/11\/2021\/09\/89120-wnb0go.jpg\" alt=\"Sexy estampado de m\u00e1rmol Bikini 2021 mujeres sujetador con aros 3 pieza traje de ba\u00f1o brasile\u00f1o traje de ba\u00f1o para playa trajes de ba\u00f1o traje\" \/><br \/>\n<img decoding=\"async\" title=\"Sexy estampado de m\u00e1rmol Bikini 2021 mujeres sujetador con aros 3 pieza traje de ba\u00f1o brasile\u00f1o traje de ba\u00f1o para playa trajes de ba\u00f1o traje\" src=\"https:\/\/hereastore.com\/xs\/wp-content\/uploads\/sites\/11\/2021\/09\/89120-k2jolb.jpg\" alt=\"Sexy estampado de m\u00e1rmol Bikini 2021 mujeres sujetador con aros 3 pieza traje de ba\u00f1o brasile\u00f1o traje de ba\u00f1o para playa trajes de ba\u00f1o traje\" \/><img decoding=\"async\" title=\"Sexy estampado de m\u00e1rmol Bikini 2021 mujeres sujetador con aros 3 pieza traje de ba\u00f1o brasile\u00f1o traje de ba\u00f1o para playa trajes de ba\u00f1o traje\" src=\"https:\/\/hereastore.com\/xs\/wp-content\/uploads\/sites\/11\/2021\/09\/89120-jcf4k3.jpg\" alt=\"Sexy estampado de m\u00e1rmol Bikini 2021 mujeres sujetador con aros 3 pieza traje de ba\u00f1o brasile\u00f1o traje de ba\u00f1o para playa trajes de ba\u00f1o traje\" \/><img decoding=\"async\" title=\"Sexy estampado de m\u00e1rmol Bikini 2021 mujeres sujetador con aros 3 pieza traje de ba\u00f1o brasile\u00f1o traje de ba\u00f1o para playa trajes de ba\u00f1o traje\" src=\"https:\/\/hereastore.com\/xs\/wp-content\/uploads\/sites\/11\/2021\/09\/89120-6lfbou.jpg\" alt=\"Sexy estampado de m\u00e1rmol Bikini 2021 mujeres sujetador con aros 3 pieza traje de ba\u00f1o brasile\u00f1o traje de ba\u00f1o para playa trajes de ba\u00f1o traje\" \/><\/span><br \/>\n<span style=\"color: #ffffff\"><span style=\"font-size: 8px\">a mujer, ropa para mujer<\/span><\/span><\/div>\n","protected":false},"excerpt":{"rendered":"<p>a mujer, ropa para mujer<\/p>\n","protected":false},"featured_media":44879,"comment_status":"open","ping_status":"closed","template":"","meta":[],"product_brand":[],"product_cat":[234,243,15],"product_tag":[],"class_list":{"0":"post-44885","1":"product","2":"type-product","3":"status-publish","4":"has-post-thumbnail","6":"product_cat-banadores","7":"product_cat-moda","8":"product_cat-todos","9":"pa_1ef722433d607dd9d2b8b7-china","10":"pa_1ef722433d607dd9d2b8b7-estados-unidos","11":"pa_a4a8fbf9f14b58bf488819-a","12":"pa_a4a8fbf9f14b58bf488819-b","13":"pa_a4a8fbf9f14b58bf488819-c","14":"pa_a4a8fbf9f14b58bf488819-d","15":"pa_a4a8fbf9f14b58bf488819-e","16":"pa_a4a8fbf9f14b58bf488819-f","17":"pa_a4a8fbf9f14b58bf488819-g","18":"pa_a4a8fbf9f14b58bf488819-h","19":"pa_a4a8fbf9f14b58bf488819-i","20":"pa_a4a8fbf9f14b58bf488819-j","21":"pa_a4a8fbf9f14b58bf488819-k","22":"pa_a4a8fbf9f14b58bf488819-l","23":"pa_a4a8fbf9f14b58bf488819-m","24":"pa_a4a8fbf9f14b58bf488819-n","25":"pa_a4a8fbf9f14b58bf488819-o","26":"pa_a4a8fbf9f14b58bf488819-p","27":"pa_a4a8fbf9f14b58bf488819-q","28":"pa_a4a8fbf9f14b58bf488819-r","29":"pa_a4a8fbf9f14b58bf488819-s-203027873","30":"pa_a4a8fbf9f14b58bf488819-s","31":"pa_a4a8fbf9f14b58bf488819-s-203322815","32":"pa_a4a8fbf9f14b58bf488819-t-200006159","33":"pa_a4a8fbf9f14b58bf488819-t-202693815","34":"pa_a4a8fbf9f14b58bf488819-t","35":"pa_a4a8fbf9f14b58bf488819-u-2483468872","36":"pa_a4a8fbf9f14b58bf488819-u","37":"pa_a4a8fbf9f14b58bf488819-v","38":"pa_a4a8fbf9f14b58bf488819-w","40":"first","41":"instock","42":"taxable","43":"shipping-taxable","44":"purchasable","45":"product-type-variable"},"_links":{"self":[{"href":"https:\/\/hereastore.com\/es\/wp-json\/wp\/v2\/product\/44885","targetHints":{"allow":["GET"]}}],"collection":[{"href":"https:\/\/hereastore.com\/es\/wp-json\/wp\/v2\/product"}],"about":[{"href":"https:\/\/hereastore.com\/es\/wp-json\/wp\/v2\/types\/product"}],"replies":[{"embeddable":true,"href":"https:\/\/hereastore.com\/es\/wp-json\/wp\/v2\/comments?post=44885"}],"version-history":[{"count":0,"href":"https:\/\/hereastore.com\/es\/wp-json\/wp\/v2\/product\/44885\/revisions"}],"wp:featuredmedia":[{"embeddable":true,"href":"https:\/\/hereastore.com\/es\/wp-json\/wp\/v2\/media\/44879"}],"wp:attachment":[{"href":"https:\/\/hereastore.com\/es\/wp-json\/wp\/v2\/media?parent=44885"}],"wp:term":[{"taxonomy":"product_brand","embeddable":true,"href":"https:\/\/hereastore.com\/es\/wp-json\/wp\/v2\/product_brand?post=44885"},{"taxonomy":"product_cat","embeddable":true,"href":"https:\/\/hereastore.com\/es\/wp-json\/wp\/v2\/product_cat?post=44885"},{"taxonomy":"product_tag","embeddable":true,"href":"https:\/\/hereastore.com\/es\/wp-json\/wp\/v2\/product_tag?post=44885"}],"curies":[{"name":"wp","href":"https:\/\/api.w.org\/{rel}","templated":true}]}}