{"id":44942,"date":"2022-05-23T18:23:15","date_gmt":"2022-05-23T16:23:15","guid":{"rendered":"https:\/\/hereastore.com\/es\/producto\/bikinisunflower\/"},"modified":"2025-03-26T18:59:53","modified_gmt":"2025-03-26T16:59:53","slug":"banadorsunflower","status":"publish","type":"product","link":"https:\/\/hereastore.com\/es\/producto\/banadorsunflower\/","title":{"rendered":"BA\u00d1ADOR SUNFLOWER"},"content":{"rendered":"<div><\/div>\n<div>\n<div>\n<div>\n<div><\/div>\n<\/div>\n<div><\/div>\n<\/div>\n<div><\/div>\n<div>\n<div><\/div>\n<div>\n<div><\/div>\n<div>\n<p style=\"text-align: left;margin: 0\"><img decoding=\"async\" title=\"Conjunto de Bikini con estampado de girasoles para Mujer, ropa de ba\u00f1o Sexy, ba\u00f1ador con relleno de realce, traje de ba\u00f1o de estilo vendaje, Bikini 2021\" src=\"https:\/\/hereastore.com\/xs\/wp-content\/uploads\/sites\/11\/2021\/09\/88784-f0zczq.jpg\" alt=\"Conjunto de Bikini con estampado de girasoles para Mujer, ropa de ba\u00f1o Sexy, ba\u00f1ador con relleno de realce, traje de ba\u00f1o de estilo vendaje, Bikini 2021\" \/><img decoding=\"async\" title=\"Conjunto de Bikini con estampado de girasoles para Mujer, ropa de ba\u00f1o Sexy, ba\u00f1ador con relleno de realce, traje de ba\u00f1o de estilo vendaje, Bikini 2021\" src=\"https:\/\/hereastore.com\/xs\/wp-content\/uploads\/sites\/11\/2021\/09\/88784-8dbd2a.jpg\" alt=\"Conjunto de Bikini con estampado de girasoles para Mujer, ropa de ba\u00f1o Sexy, ba\u00f1ador con relleno de realce, traje de ba\u00f1o de estilo vendaje, Bikini 2021\" \/><img decoding=\"async\" title=\"Conjunto de Bikini con estampado de girasoles para Mujer, ropa de ba\u00f1o Sexy, ba\u00f1ador con relleno de realce, traje de ba\u00f1o de estilo vendaje, Bikini 2021\" src=\"https:\/\/hereastore.com\/xs\/wp-content\/uploads\/sites\/11\/2021\/09\/88784-7muech.jpg\" alt=\"Conjunto de Bikini con estampado de girasoles para Mujer, ropa de ba\u00f1o Sexy, ba\u00f1ador con relleno de realce, traje de ba\u00f1o de estilo vendaje, Bikini 2021\" \/><img decoding=\"async\" title=\"Conjunto de Bikini con estampado de girasoles para Mujer, ropa de ba\u00f1o Sexy, ba\u00f1ador con relleno de realce, traje de ba\u00f1o de estilo vendaje, Bikini 2021\" src=\"https:\/\/hereastore.com\/xs\/wp-content\/uploads\/sites\/11\/2021\/09\/88784-jeqpgv.jpg\" alt=\"Conjunto de Bikini con estampado de girasoles para Mujer, ropa de ba\u00f1o Sexy, ba\u00f1ador con relleno de realce, traje de ba\u00f1o de estilo vendaje, Bikini 2021\" \/><img decoding=\"async\" title=\"Conjunto de Bikini con estampado de girasoles para Mujer, ropa de ba\u00f1o Sexy, ba\u00f1ador con relleno de realce, traje de ba\u00f1o de estilo vendaje, Bikini 2021\" src=\"https:\/\/hereastore.com\/xs\/wp-content\/uploads\/sites\/11\/2021\/09\/88784-ovugqx.jpg\" alt=\"Conjunto de Bikini con estampado de girasoles para Mujer, ropa de ba\u00f1o Sexy, ba\u00f1ador con relleno de realce, traje de ba\u00f1o de estilo vendaje, Bikini 2021\" \/><img decoding=\"async\" title=\"Conjunto de Bikini con estampado de girasoles para Mujer, ropa de ba\u00f1o Sexy, ba\u00f1ador con relleno de realce, traje de ba\u00f1o de estilo vendaje, Bikini 2021\" src=\"https:\/\/hereastore.com\/xs\/wp-content\/uploads\/sites\/11\/2021\/09\/88784-16rrvd.jpg\" alt=\"Conjunto de Bikini con estampado de girasoles para Mujer, ropa de ba\u00f1o Sexy, ba\u00f1ador con relleno de realce, traje de ba\u00f1o de estilo vendaje, Bikini 2021\" \/><img decoding=\"async\" title=\"Conjunto de Bikini con estampado de girasoles para Mujer, ropa de ba\u00f1o Sexy, ba\u00f1ador con relleno de realce, traje de ba\u00f1o de estilo vendaje, Bikini 2021\" src=\"https:\/\/hereastore.com\/xs\/wp-content\/uploads\/sites\/11\/2021\/09\/88784-vummkd.jpg\" alt=\"Conjunto de Bikini con estampado de girasoles para Mujer, ropa de ba\u00f1o Sexy, ba\u00f1ador con relleno de realce, traje de ba\u00f1o de estilo vendaje, Bikini 2021\" \/><img decoding=\"async\" title=\"Conjunto de Bikini con estampado de girasoles para Mujer, ropa de ba\u00f1o Sexy, ba\u00f1ador con relleno de realce, traje de ba\u00f1o de estilo vendaje, Bikini 2021\" src=\"https:\/\/hereastore.com\/xs\/wp-content\/uploads\/sites\/11\/2021\/09\/88784-avifcw.jpg\" alt=\"Conjunto de Bikini con estampado de girasoles para Mujer, ropa de ba\u00f1o Sexy, ba\u00f1ador con relleno de realce, traje de ba\u00f1o de estilo vendaje, Bikini 2021\" \/><img decoding=\"async\" title=\"Conjunto de Bikini con estampado de girasoles para Mujer, ropa de ba\u00f1o Sexy, ba\u00f1ador con relleno de realce, traje de ba\u00f1o de estilo vendaje, Bikini 2021\" src=\"https:\/\/hereastore.com\/xs\/wp-content\/uploads\/sites\/11\/2021\/09\/88784-gnhakx.jpg\" alt=\"Conjunto de Bikini con estampado de girasoles para Mujer, ropa de ba\u00f1o Sexy, ba\u00f1ador con relleno de realce, traje de ba\u00f1o de estilo vendaje, Bikini 2021\" \/><\/p>\n<p style=\"text-align: left;margin: 0\">\n<\/div>\n<\/div>\n<\/div>\n<\/div>\n","protected":false},"excerpt":{"rendered":"","protected":false},"featured_media":44926,"comment_status":"open","ping_status":"closed","template":"","meta":[],"product_brand":[],"product_cat":[234,243,15],"product_tag":[],"class_list":{"0":"post-44942","1":"product","2":"type-product","3":"status-publish","4":"has-post-thumbnail","6":"product_cat-banadores","7":"product_cat-moda","8":"product_cat-todos","9":"pa_1ef722433d607dd9d2b8b7-china","10":"pa_1ef722433d607dd9d2b8b7-estados-unidos","11":"pa_a4a8fbf9f14b58bf488819-black-3","12":"pa_a4a8fbf9f14b58bf488819-blue","13":"pa_a4a8fbf9f14b58bf488819-green","14":"pa_a4a8fbf9f14b58bf488819-green-4","15":"pa_a4a8fbf9f14b58bf488819-hot-pink","16":"pa_a4a8fbf9f14b58bf488819-light-green","17":"pa_a4a8fbf9f14b58bf488819-orange","18":"pa_a4a8fbf9f14b58bf488819-orange-771","19":"pa_a4a8fbf9f14b58bf488819-pink-2","20":"pa_a4a8fbf9f14b58bf488819-purple","21":"pa_a4a8fbf9f14b58bf488819-rainbow","22":"pa_a4a8fbf9f14b58bf488819-red-5","23":"pa_a4a8fbf9f14b58bf488819-sun","24":"pa_a4a8fbf9f14b58bf488819-sunflower-2","25":"pa_a4a8fbf9f14b58bf488819-verde","26":"pa_a4a8fbf9f14b58bf488819-white","27":"pa_a4a8fbf9f14b58bf488819-yellow-3","28":"pa_a4a8fbf9f14b58bf488819-yellow-3-350850","30":"first","31":"instock","32":"taxable","33":"shipping-taxable","34":"purchasable","35":"product-type-variable"},"_links":{"self":[{"href":"https:\/\/hereastore.com\/es\/wp-json\/wp\/v2\/product\/44942","targetHints":{"allow":["GET"]}}],"collection":[{"href":"https:\/\/hereastore.com\/es\/wp-json\/wp\/v2\/product"}],"about":[{"href":"https:\/\/hereastore.com\/es\/wp-json\/wp\/v2\/types\/product"}],"replies":[{"embeddable":true,"href":"https:\/\/hereastore.com\/es\/wp-json\/wp\/v2\/comments?post=44942"}],"version-history":[{"count":0,"href":"https:\/\/hereastore.com\/es\/wp-json\/wp\/v2\/product\/44942\/revisions"}],"wp:featuredmedia":[{"embeddable":true,"href":"https:\/\/hereastore.com\/es\/wp-json\/wp\/v2\/media\/44926"}],"wp:attachment":[{"href":"https:\/\/hereastore.com\/es\/wp-json\/wp\/v2\/media?parent=44942"}],"wp:term":[{"taxonomy":"product_brand","embeddable":true,"href":"https:\/\/hereastore.com\/es\/wp-json\/wp\/v2\/product_brand?post=44942"},{"taxonomy":"product_cat","embeddable":true,"href":"https:\/\/hereastore.com\/es\/wp-json\/wp\/v2\/product_cat?post=44942"},{"taxonomy":"product_tag","embeddable":true,"href":"https:\/\/hereastore.com\/es\/wp-json\/wp\/v2\/product_tag?post=44942"}],"curies":[{"name":"wp","href":"https:\/\/api.w.org\/{rel}","templated":true}]}}