{"id":49366,"date":"2023-05-05T10:03:17","date_gmt":"2023-05-05T08:03:17","guid":{"rendered":"https:\/\/hereastore.com\/es\/producto\/totebolsofelpa\/"},"modified":"2023-05-11T09:47:04","modified_gmt":"2023-05-11T07:47:04","slug":"totebolsofelpa","status":"publish","type":"product","link":"https:\/\/hereastore.com\/es\/producto\/totebolsofelpa\/","title":{"rendered":"Tote Bolso Felpa"},"content":{"rendered":"<h1 align=\"center\"><\/h1>\n<p>&nbsp;<\/p>\n<p>&nbsp;<\/p>\n<p><img decoding=\"async\" class=\"aligncenter\" title=\"Bolso de mano de piel sint\u00e9tica de dise\u00f1ador para mujer, bandolera de hombro de felpa de lujo, novedad de oto\u00f1o e invierno, 2022\" src=\"\/\/ae01.alicdn.com\/kf\/A53690d6a8a7647378bcfee1d99ade0caY.jpg\" alt=\"Bolso de mano de piel sint\u00e9tica de dise\u00f1ador para mujer, bandolera de hombro de felpa de lujo, novedad de oto\u00f1o e invierno, 2022\" \/><img decoding=\"async\" class=\"aligncenter\" title=\"Bolso de mano de piel sint\u00e9tica de dise\u00f1ador para mujer, bandolera de hombro de felpa de lujo, novedad de oto\u00f1o e invierno, 2022\" src=\"\/\/ae01.alicdn.com\/kf\/Adeaf742f405e47168dfab1b06185a083R.png\" alt=\"Bolso de mano de piel sint\u00e9tica de dise\u00f1ador para mujer, bandolera de hombro de felpa de lujo, novedad de oto\u00f1o e invierno, 2022\" \/><img decoding=\"async\" class=\"aligncenter\" title=\"Bolso de mano de piel sint\u00e9tica de dise\u00f1ador para mujer, bandolera de hombro de felpa de lujo, novedad de oto\u00f1o e invierno, 2022\" src=\"\/\/ae01.alicdn.com\/kf\/A3a85d08ed9be47d4b047a0ccb3785328E.png\" alt=\"Bolso de mano de piel sint\u00e9tica de dise\u00f1ador para mujer, bandolera de hombro de felpa de lujo, novedad de oto\u00f1o e invierno, 2022\" \/><img decoding=\"async\" class=\"aligncenter\" title=\"Bolso de mano de piel sint\u00e9tica de dise\u00f1ador para mujer, bandolera de hombro de felpa de lujo, novedad de oto\u00f1o e invierno, 2022\" src=\"\/\/ae01.alicdn.com\/kf\/A8f542598327e4d6fb7c7233e37df185eP.png\" alt=\"Bolso de mano de piel sint\u00e9tica de dise\u00f1ador para mujer, bandolera de hombro de felpa de lujo, novedad de oto\u00f1o e invierno, 2022\" \/><img decoding=\"async\" class=\"aligncenter\" title=\"Bolso de mano de piel sint\u00e9tica de dise\u00f1ador para mujer, bandolera de hombro de felpa de lujo, novedad de oto\u00f1o e invierno, 2022\" src=\"\/\/ae01.alicdn.com\/kf\/Ac1c4b6fe190a4017b6b1d49302432202H.png\" alt=\"Bolso de mano de piel sint\u00e9tica de dise\u00f1ador para mujer, bandolera de hombro de felpa de lujo, novedad de oto\u00f1o e invierno, 2022\" \/><img decoding=\"async\" class=\"aligncenter\" title=\"Bolso de mano de piel sint\u00e9tica de dise\u00f1ador para mujer, bandolera de hombro de felpa de lujo, novedad de oto\u00f1o e invierno, 2022\" src=\"\/\/ae01.alicdn.com\/kf\/Add9911c741764ff1bbe536a21594e6e7y.png\" alt=\"Bolso de mano de piel sint\u00e9tica de dise\u00f1ador para mujer, bandolera de hombro de felpa de lujo, novedad de oto\u00f1o e invierno, 2022\" \/><img decoding=\"async\" class=\"aligncenter\" title=\"Bolso de mano de piel sint\u00e9tica de dise\u00f1ador para mujer, bandolera de hombro de felpa de lujo, novedad de oto\u00f1o e invierno, 2022\" src=\"\/\/ae01.alicdn.com\/kf\/A98c64c71936241c8834e61b8776bc32bk.png\" alt=\"Bolso de mano de piel sint\u00e9tica de dise\u00f1ador para mujer, bandolera de hombro de felpa de lujo, novedad de oto\u00f1o e invierno, 2022\" \/><img decoding=\"async\" class=\"aligncenter\" title=\"Bolso de mano de piel sint\u00e9tica de dise\u00f1ador para mujer, bandolera de hombro de felpa de lujo, novedad de oto\u00f1o e invierno, 2022\" src=\"\/\/ae01.alicdn.com\/kf\/A054fc356aa8d4dac9f3dca57df7ed771J.png\" alt=\"Bolso de mano de piel sint\u00e9tica de dise\u00f1ador para mujer, bandolera de hombro de felpa de lujo, novedad de oto\u00f1o e invierno, 2022\" \/><img decoding=\"async\" class=\"aligncenter\" title=\"Bolso de mano de piel sint\u00e9tica de dise\u00f1ador para mujer, bandolera de hombro de felpa de lujo, novedad de oto\u00f1o e invierno, 2022\" src=\"\/\/ae01.alicdn.com\/kf\/A33874cb55e6f41bf8fc9cdce9e2cfedf5.png\" alt=\"Bolso de mano de piel sint\u00e9tica de dise\u00f1ador para mujer, bandolera de hombro de felpa de lujo, novedad de oto\u00f1o e invierno, 2022\" \/><img decoding=\"async\" class=\"aligncenter\" title=\"Bolso de mano de piel sint\u00e9tica de dise\u00f1ador para mujer, bandolera de hombro de felpa de lujo, novedad de oto\u00f1o e invierno, 2022\" src=\"\/\/ae01.alicdn.com\/kf\/Adb5d0eae737940f2bc3c14b0cc00e7adM.jpg\" alt=\"Bolso de mano de piel sint\u00e9tica de dise\u00f1ador para mujer, bandolera de hombro de felpa de lujo, novedad de oto\u00f1o e invierno, 2022\" \/><\/p>\n","protected":false},"excerpt":{"rendered":"<p>&nbsp; &nbsp;<\/p>\n","protected":false},"featured_media":49367,"comment_status":"open","ping_status":"closed","template":"","meta":[],"product_brand":[],"product_cat":[1045,15],"product_tag":[],"class_list":{"0":"post-49366","1":"product","2":"type-product","3":"status-publish","4":"has-post-thumbnail","6":"product_cat-bolsos-y-carteras","7":"product_cat-todos","8":"pa_cb5feb1b7314637725a2e7-azul-cielo","9":"pa_cb5feb1b7314637725a2e7-blanco","10":"pa_cb5feb1b7314637725a2e7-caqui","11":"pa_cb5feb1b7314637725a2e7-morado","12":"pa_cb5feb1b7314637725a2e7-negro","13":"pa_cb5feb1b7314637725a2e7-plum","14":"pa_cb5feb1b7314637725a2e7-rosa","15":"pa_cb5feb1b7314637725a2e7-verde","16":"pa_cb5feb1b7314637725a2e7-yellow","18":"first","19":"instock","20":"sale","21":"taxable","22":"shipping-taxable","23":"purchasable","24":"product-type-variable"},"_links":{"self":[{"href":"https:\/\/hereastore.com\/es\/wp-json\/wp\/v2\/product\/49366","targetHints":{"allow":["GET"]}}],"collection":[{"href":"https:\/\/hereastore.com\/es\/wp-json\/wp\/v2\/product"}],"about":[{"href":"https:\/\/hereastore.com\/es\/wp-json\/wp\/v2\/types\/product"}],"replies":[{"embeddable":true,"href":"https:\/\/hereastore.com\/es\/wp-json\/wp\/v2\/comments?post=49366"}],"version-history":[{"count":0,"href":"https:\/\/hereastore.com\/es\/wp-json\/wp\/v2\/product\/49366\/revisions"}],"wp:featuredmedia":[{"embeddable":true,"href":"https:\/\/hereastore.com\/es\/wp-json\/wp\/v2\/media\/49367"}],"wp:attachment":[{"href":"https:\/\/hereastore.com\/es\/wp-json\/wp\/v2\/media?parent=49366"}],"wp:term":[{"taxonomy":"product_brand","embeddable":true,"href":"https:\/\/hereastore.com\/es\/wp-json\/wp\/v2\/product_brand?post=49366"},{"taxonomy":"product_cat","embeddable":true,"href":"https:\/\/hereastore.com\/es\/wp-json\/wp\/v2\/product_cat?post=49366"},{"taxonomy":"product_tag","embeddable":true,"href":"https:\/\/hereastore.com\/es\/wp-json\/wp\/v2\/product_tag?post=49366"}],"curies":[{"name":"wp","href":"https:\/\/api.w.org\/{rel}","templated":true}]}}