{"id":49675,"date":"2023-05-05T10:27:45","date_gmt":"2023-05-05T08:27:45","guid":{"rendered":"https:\/\/hereastore.com\/es\/producto\/bandolera-kurt-g\/"},"modified":"2023-05-11T09:47:04","modified_gmt":"2023-05-11T07:47:04","slug":"bandolera-kurt-g","status":"publish","type":"product","link":"https:\/\/hereastore.com\/es\/producto\/bandolera-kurt-g\/","title":{"rendered":"Bandolera Kurt G"},"content":{"rendered":"<div><\/div>\n<div>\n<div>\n<p style=\"font-weight: bold;width: 100%;text-align: center\" align=\"left\">Tama\u00f1o: 27x9x17 CM<\/p>\n<p style=\"text-align: center\">\n<\/div>\n<div style=\"text-align: center\"><img decoding=\"async\" style=\"margin-bottom: 10px\" title=\"Bolso de mano con dise\u00f1o de onda de arco\u00edris para mujer, con cabeza de \u00e1guila en la parte delantera, bolsa cruzada de colores, de retales de cuero Pu\" src=\"\/\/ae01.alicdn.com\/kf\/Sa6d902a940d34966ae1e86958f43bd173.jpg\" alt=\"Bolso de mano con dise\u00f1o de onda de arco\u00edris para mujer, con cabeza de \u00e1guila en la parte delantera, bolsa cruzada de colores, de retales de cuero Pu\" \/><br \/>\n<img decoding=\"async\" style=\"margin-bottom: 10px\" title=\"Bolso de mano con dise\u00f1o de onda de arco\u00edris para mujer, con cabeza de \u00e1guila en la parte delantera, bolsa cruzada de colores, de retales de cuero Pu\" src=\"\/\/ae01.alicdn.com\/kf\/Sb552b77a845b44c7a0823b1b7645a842Q.jpg\" alt=\"Bolso de mano con dise\u00f1o de onda de arco\u00edris para mujer, con cabeza de \u00e1guila en la parte delantera, bolsa cruzada de colores, de retales de cuero Pu\" \/><br \/>\n<img decoding=\"async\" style=\"margin-bottom: 10px\" title=\"Bolso de mano con dise\u00f1o de onda de arco\u00edris para mujer, con cabeza de \u00e1guila en la parte delantera, bolsa cruzada de colores, de retales de cuero Pu\" src=\"\/\/ae01.alicdn.com\/kf\/S241ca021b7fd40e2bcf75dfb73aa69feH.jpg\" alt=\"Bolso de mano con dise\u00f1o de onda de arco\u00edris para mujer, con cabeza de \u00e1guila en la parte delantera, bolsa cruzada de colores, de retales de cuero Pu\" \/><br \/>\n<img decoding=\"async\" style=\"margin-bottom: 10px\" title=\"Bolso de mano con dise\u00f1o de onda de arco\u00edris para mujer, con cabeza de \u00e1guila en la parte delantera, bolsa cruzada de colores, de retales de cuero Pu\" src=\"\/\/ae01.alicdn.com\/kf\/S5fd74f019d8f481489f0a08f276f711dG.jpg\" alt=\"Bolso de mano con dise\u00f1o de onda de arco\u00edris para mujer, con cabeza de \u00e1guila en la parte delantera, bolsa cruzada de colores, de retales de cuero Pu\" \/><br \/>\n<img decoding=\"async\" style=\"margin-bottom: 10px\" title=\"Bolso de mano con dise\u00f1o de onda de arco\u00edris para mujer, con cabeza de \u00e1guila en la parte delantera, bolsa cruzada de colores, de retales de cuero Pu\" src=\"\/\/ae01.alicdn.com\/kf\/S8e132afd933545adb9d19ad821b4238el.jpg\" alt=\"Bolso de mano con dise\u00f1o de onda de arco\u00edris para mujer, con cabeza de \u00e1guila en la parte delantera, bolsa cruzada de colores, de retales de cuero Pu\" \/><br \/>\n<img decoding=\"async\" style=\"margin-bottom: 10px\" title=\"Bolso de mano con dise\u00f1o de onda de arco\u00edris para mujer, con cabeza de \u00e1guila en la parte delantera, bolsa cruzada de colores, de retales de cuero Pu\" src=\"\/\/ae01.alicdn.com\/kf\/Sa3c746ec180e44088f7625038aceaee8w.jpg\" alt=\"Bolso de mano con dise\u00f1o de onda de arco\u00edris para mujer, con cabeza de \u00e1guila en la parte delantera, bolsa cruzada de colores, de retales de cuero Pu\" \/><br \/>\n<img decoding=\"async\" style=\"margin-bottom: 10px\" title=\"Bolso de mano con dise\u00f1o de onda de arco\u00edris para mujer, con cabeza de \u00e1guila en la parte delantera, bolsa cruzada de colores, de retales de cuero Pu\" src=\"\/\/ae01.alicdn.com\/kf\/S4dd5f89cd7d54d4399fcde409395e9bcw.jpg\" alt=\"Bolso de mano con dise\u00f1o de onda de arco\u00edris para mujer, con cabeza de \u00e1guila en la parte delantera, bolsa cruzada de colores, de retales de cuero Pu\" \/><br \/>\n<img decoding=\"async\" style=\"margin-bottom: 10px\" title=\"Bolso de mano con dise\u00f1o de onda de arco\u00edris para mujer, con cabeza de \u00e1guila en la parte delantera, bolsa cruzada de colores, de retales de cuero Pu\" src=\"\/\/ae01.alicdn.com\/kf\/S5068e3eefb3045dc876e4de1479e72630.jpg\" alt=\"Bolso de mano con dise\u00f1o de onda de arco\u00edris para mujer, con cabeza de \u00e1guila en la parte delantera, bolsa cruzada de colores, de retales de cuero Pu\" \/><br \/>\n<img decoding=\"async\" style=\"margin-bottom: 10px\" title=\"Bolso de mano con dise\u00f1o de onda de arco\u00edris para mujer, con cabeza de \u00e1guila en la parte delantera, bolsa cruzada de colores, de retales de cuero Pu\" src=\"\/\/ae01.alicdn.com\/kf\/S719671343f2e42eeb229397a63622c3bb.jpg\" alt=\"Bolso de mano con dise\u00f1o de onda de arco\u00edris para mujer, con cabeza de \u00e1guila en la parte delantera, bolsa cruzada de colores, de retales de cuero Pu\" \/><\/div>\n<div style=\"text-align: center\"><img decoding=\"async\" title=\"Bolso de mano con dise\u00f1o de onda de arco\u00edris para mujer, con cabeza de \u00e1guila en la parte delantera, bolsa cruzada de colores, de retales de cuero Pu\" src=\"\/\/ae01.alicdn.com\/kf\/S6c29d597d665460f94486d9345197219m.jpg\" alt=\"Bolso de mano con dise\u00f1o de onda de arco\u00edris para mujer, con cabeza de \u00e1guila en la parte delantera, bolsa cruzada de colores, de retales de cuero Pu\" \/><br \/>\n<img decoding=\"async\" title=\"Bolso de mano con dise\u00f1o de onda de arco\u00edris para mujer, con cabeza de \u00e1guila en la parte delantera, bolsa cruzada de colores, de retales de cuero Pu\" src=\"\/\/ae01.alicdn.com\/kf\/S39f8d80158c4406b8f869616b1da71feF.jpg\" alt=\"Bolso de mano con dise\u00f1o de onda de arco\u00edris para mujer, con cabeza de \u00e1guila en la parte delantera, bolsa cruzada de colores, de retales de cuero Pu\" \/><br \/>\n<img decoding=\"async\" title=\"Bolso de mano con dise\u00f1o de onda de arco\u00edris para mujer, con cabeza de \u00e1guila en la parte delantera, bolsa cruzada de colores, de retales de cuero Pu\" src=\"\/\/ae01.alicdn.com\/kf\/Sf4fc2689b939444bafc39411155bbcc08.jpg\" alt=\"Bolso de mano con dise\u00f1o de onda de arco\u00edris para mujer, con cabeza de \u00e1guila en la parte delantera, bolsa cruzada de colores, de retales de cuero Pu\" \/><br \/>\n<img decoding=\"async\" title=\"Bolso de mano con dise\u00f1o de onda de arco\u00edris para mujer, con cabeza de \u00e1guila en la parte delantera, bolsa cruzada de colores, de retales de cuero Pu\" src=\"\/\/ae01.alicdn.com\/kf\/Sbd85d9d74f534d0f987ca90d0d423b8cd.jpg\" alt=\"Bolso de mano con dise\u00f1o de onda de arco\u00edris para mujer, con cabeza de \u00e1guila en la parte delantera, bolsa cruzada de colores, de retales de cuero Pu\" \/><br \/>\n<img decoding=\"async\" title=\"Bolso de mano con dise\u00f1o de onda de arco\u00edris para mujer, con cabeza de \u00e1guila en la parte delantera, bolsa cruzada de colores, de retales de cuero Pu\" src=\"\/\/ae01.alicdn.com\/kf\/S1996220e7ca84cf6b1e11a328c1d81e0a.jpg\" alt=\"Bolso de mano con dise\u00f1o de onda de arco\u00edris para mujer, con cabeza de \u00e1guila en la parte delantera, bolsa cruzada de colores, de retales de cuero Pu\" \/><br \/>\n<img decoding=\"async\" title=\"Bolso de mano con dise\u00f1o de onda de arco\u00edris para mujer, con cabeza de \u00e1guila en la parte delantera, bolsa cruzada de colores, de retales de cuero Pu\" src=\"\/\/ae01.alicdn.com\/kf\/S8015bb742ead47d2bcac558302ad07a66.jpg\" alt=\"Bolso de mano con dise\u00f1o de onda de arco\u00edris para mujer, con cabeza de \u00e1guila en la parte delantera, bolsa cruzada de colores, de retales de cuero Pu\" \/><br \/>\n<img decoding=\"async\" title=\"Bolso de mano con dise\u00f1o de onda de arco\u00edris para mujer, con cabeza de \u00e1guila en la parte delantera, bolsa cruzada de colores, de retales de cuero Pu\" src=\"\/\/ae01.alicdn.com\/kf\/S3c4ba6a7221c4c2b8d73a85632981bb4u.jpg\" alt=\"Bolso de mano con dise\u00f1o de onda de arco\u00edris para mujer, con cabeza de \u00e1guila en la parte delantera, bolsa cruzada de colores, de retales de cuero Pu\" \/><br \/>\n<img decoding=\"async\" title=\"Bolso de mano con dise\u00f1o de onda de arco\u00edris para mujer, con cabeza de \u00e1guila en la parte delantera, bolsa cruzada de colores, de retales de cuero Pu\" src=\"\/\/ae01.alicdn.com\/kf\/S90749776736042b499aa49cafe0e701bi.jpg\" alt=\"Bolso de mano con dise\u00f1o de onda de arco\u00edris para mujer, con cabeza de \u00e1guila en la parte delantera, bolsa cruzada de colores, de retales de cuero Pu\" \/><\/div>\n<p style=\"text-align: center\">\n<\/div>\n","protected":false},"excerpt":{"rendered":"<p>Tama\u00f1o: 27x9x17 CM<\/p>\n","protected":false},"featured_media":49669,"comment_status":"open","ping_status":"closed","template":"","meta":[],"product_brand":[],"product_cat":[1045,15],"product_tag":[],"class_list":{"0":"post-49675","1":"product","2":"type-product","3":"status-publish","4":"has-post-thumbnail","6":"product_cat-bolsos-y-carteras","7":"product_cat-todos","8":"pa_cb5feb1b7314637725a2e7-pink-with-eagle","9":"pa_cb5feb1b7314637725a2e7-purple-with-eagle","10":"pa_f294abc323c8581b087d9a-27x9x17cm","12":"first","13":"instock","14":"sale","15":"taxable","16":"shipping-taxable","17":"purchasable","18":"product-type-variable"},"_links":{"self":[{"href":"https:\/\/hereastore.com\/es\/wp-json\/wp\/v2\/product\/49675","targetHints":{"allow":["GET"]}}],"collection":[{"href":"https:\/\/hereastore.com\/es\/wp-json\/wp\/v2\/product"}],"about":[{"href":"https:\/\/hereastore.com\/es\/wp-json\/wp\/v2\/types\/product"}],"replies":[{"embeddable":true,"href":"https:\/\/hereastore.com\/es\/wp-json\/wp\/v2\/comments?post=49675"}],"version-history":[{"count":0,"href":"https:\/\/hereastore.com\/es\/wp-json\/wp\/v2\/product\/49675\/revisions"}],"wp:featuredmedia":[{"embeddable":true,"href":"https:\/\/hereastore.com\/es\/wp-json\/wp\/v2\/media\/49669"}],"wp:attachment":[{"href":"https:\/\/hereastore.com\/es\/wp-json\/wp\/v2\/media?parent=49675"}],"wp:term":[{"taxonomy":"product_brand","embeddable":true,"href":"https:\/\/hereastore.com\/es\/wp-json\/wp\/v2\/product_brand?post=49675"},{"taxonomy":"product_cat","embeddable":true,"href":"https:\/\/hereastore.com\/es\/wp-json\/wp\/v2\/product_cat?post=49675"},{"taxonomy":"product_tag","embeddable":true,"href":"https:\/\/hereastore.com\/es\/wp-json\/wp\/v2\/product_tag?post=49675"}],"curies":[{"name":"wp","href":"https:\/\/api.w.org\/{rel}","templated":true}]}}