{"id":50525,"date":"2023-05-26T04:38:55","date_gmt":"2023-05-26T02:38:55","guid":{"rendered":"https:\/\/hereastore.com\/es\/?post_type=product&#038;p=50525"},"modified":"2025-03-26T18:59:59","modified_gmt":"2025-03-26T16:59:59","slug":"vedtidomartina","status":"publish","type":"product","link":"https:\/\/hereastore.com\/es\/producto\/vedtidomartina\/","title":{"rendered":"Vestido Martina"},"content":{"rendered":"<div>\n<div>\n<div>\n<div><\/div>\n<\/div>\n<div>\n<div>\n<div>\n<div>\n<div>\n<div>\n<div>\n<table style=\"border-collapse: collapse;width: 100%\" border=\"1\" cellspacing=\"0\">\n<colgroup>\n<col width=\"20%\" \/>\n<col width=\"20%\" \/>\n<col width=\"20%\" \/>\n<col width=\"20%\" \/>\n<col width=\"20%\" \/><\/colgroup>\n<tbody>\n<tr>\n<td style=\"width: 148px\">\n<p style=\"text-align: center\" align=\"center\"><span style=\"font-size: 14px\">Tama\u00f1o\/CM<\/span><\/p>\n<\/td>\n<td style=\"width: 156px\">\n<p style=\"text-align: center\" align=\"center\"><span style=\"font-size: 14px\">Busto<\/span><\/p>\n<\/td>\n<td style=\"width: 173px\">\n<p style=\"text-align: center\" align=\"center\"><span style=\"font-size: 14px\">Cintura<\/span><\/p>\n<\/td>\n<td style=\"width: 148px\">\n<p style=\"text-align: center\" align=\"center\"><span style=\"font-size: 14px\">Cadera<\/span><\/p>\n<\/td>\n<td style=\"width: 157px\">\n<p style=\"text-align: center\" align=\"center\"><span style=\"font-size: 14px\">Longitud<\/span><\/p>\n<\/td>\n<\/tr>\n<tr>\n<td style=\"width: 148px\">\n<p style=\"text-align: center\" align=\"center\"><span style=\"font-size: 14px\">S<\/span><\/p>\n<\/td>\n<td style=\"width: 156px\">\n<p style=\"text-align: center\" align=\"center\"><span style=\"font-size: 14px\">68-86<\/span><\/p>\n<\/td>\n<td style=\"width: 173px\">\n<p style=\"text-align: center\" align=\"center\"><span style=\"font-size: 14px\">54-68<\/span><\/p>\n<\/td>\n<td style=\"width: 148px\">\n<p style=\"text-align: center\" align=\"center\"><span style=\"font-size: 14px\">74-90<\/span><\/p>\n<\/td>\n<td style=\"width: 157px\">\n<p style=\"text-align: center\" align=\"center\"><span style=\"font-size: 14px\">104<\/span><\/p>\n<\/td>\n<\/tr>\n<tr>\n<td style=\"width: 148px\">\n<p style=\"text-align: center\" align=\"center\"><span style=\"font-size: 14px\">M<\/span><\/p>\n<\/td>\n<td style=\"width: 156px\">\n<p style=\"text-align: center\" align=\"center\"><span style=\"font-size: 14px\">72-90<\/span><\/p>\n<\/td>\n<td style=\"width: 173px\">\n<p style=\"text-align: center\" align=\"center\"><span style=\"font-size: 14px\">58-72<\/span><\/p>\n<\/td>\n<td style=\"width: 148px\">\n<p style=\"text-align: center\" align=\"center\"><span style=\"font-size: 14px\">78-94<\/span><\/p>\n<\/td>\n<td style=\"width: 157px\">\n<p style=\"text-align: center\" align=\"center\"><span style=\"font-size: 14px\">106<\/span><\/p>\n<\/td>\n<\/tr>\n<tr>\n<td style=\"width: 148px\">\n<p style=\"text-align: center\" align=\"center\"><span style=\"font-size: 14px\">L<\/span><\/p>\n<\/td>\n<td style=\"width: 156px\">\n<p style=\"text-align: center\" align=\"center\"><span style=\"font-size: 14px\">76-94<\/span><\/p>\n<\/td>\n<td style=\"width: 173px\">\n<p style=\"text-align: center\" align=\"center\"><span style=\"font-size: 14px\">62-76<\/span><\/p>\n<\/td>\n<td style=\"width: 148px\">\n<p style=\"text-align: center\" align=\"center\"><span style=\"font-size: 14px\">82-98<\/span><\/p>\n<\/td>\n<td style=\"width: 157px\">\n<p style=\"text-align: center\" align=\"center\"><span style=\"font-size: 14px\">107<\/span><\/p>\n<\/td>\n<\/tr>\n<tr>\n<td style=\"width: 946px\" colspan=\"5\" rowspan=\"1\">\n<p style=\"text-align: center\" align=\"center\"><span style=\"font-size: 12px\">Nota:<\/span><\/p>\n<p style=\"text-align: center\" align=\"center\"><span style=\"font-size: 12px\">1. Sigue estrictamente la tabla de tallas para seleccionar la talla. No seleccione directamente seg\u00fan sus h\u00e1bitos.<\/span><\/p>\n<p style=\"text-align: center\" align=\"center\"><span style=\"font-size: 12px\">2. El tama\u00f1o puede tener<\/span><span style=\"font-size: 12px\">1-3<\/span><span style=\"font-size: 12px\">Cm difiere debido a la medici\u00f3n manual. Tenga en cuenta cuando mida.<\/span><\/p>\n<p style=\"text-align: center\" align=\"center\"><span style=\"font-size: 12px\">3. Este art\u00edculo tiene algo de elasticidad, y hay una peque\u00f1a diferencia de color entre los art\u00edculos y las im\u00e1genes.<\/span><\/p>\n<\/td>\n<\/tr>\n<\/tbody>\n<\/table>\n<div style=\"text-align: center\" align=\"center\"><\/div>\n<div>\n<div>\n<div>\n<div style=\"text-align: center\" align=\"center\"><img decoding=\"async\" title=\"Cryptographic-Vestido largo con tirantes finos para mujer, traje Sexy con cuello Halter, Espalda descubierta, elegante, sin mangas, para fiesta y Club, 2022\" src=\"\/\/ae01.alicdn.com\/kf\/H95989129aff449e8bea34113df9158b8E.jpg\" alt=\"Cryptographic-Vestido largo con tirantes finos para mujer, traje Sexy con cuello Halter, Espalda descubierta, elegante, sin mangas, para fiesta y Club, 2022\" \/><\/div>\n<\/div>\n<\/div>\n<\/div>\n<div style=\"text-align: center\" align=\"center\"><img decoding=\"async\" title=\"Cryptographic-Vestido largo con tirantes finos para mujer, traje Sexy con cuello Halter, Espalda descubierta, elegante, sin mangas, para fiesta y Club, 2022\" src=\"\/\/ae01.alicdn.com\/kf\/H470b45d5af8c4d869378563735721047Y.jpg\" alt=\"Cryptographic-Vestido largo con tirantes finos para mujer, traje Sexy con cuello Halter, Espalda descubierta, elegante, sin mangas, para fiesta y Club, 2022\" \/><img decoding=\"async\" title=\"Cryptographic-Vestido largo con tirantes finos para mujer, traje Sexy con cuello Halter, Espalda descubierta, elegante, sin mangas, para fiesta y Club, 2022\" src=\"\/\/ae01.alicdn.com\/kf\/H0f96a713a2da41159e312180f8c6c373W.jpg\" alt=\"Cryptographic-Vestido largo con tirantes finos para mujer, traje Sexy con cuello Halter, Espalda descubierta, elegante, sin mangas, para fiesta y Club, 2022\" \/><img decoding=\"async\" title=\"Cryptographic-Vestido largo con tirantes finos para mujer, traje Sexy con cuello Halter, Espalda descubierta, elegante, sin mangas, para fiesta y Club, 2022\" src=\"\/\/ae01.alicdn.com\/kf\/H8e677083f4e5465383ab642abd7bde08p.jpg\" alt=\"Cryptographic-Vestido largo con tirantes finos para mujer, traje Sexy con cuello Halter, Espalda descubierta, elegante, sin mangas, para fiesta y Club, 2022\" \/><img decoding=\"async\" title=\"Cryptographic-Vestido largo con tirantes finos para mujer, traje Sexy con cuello Halter, Espalda descubierta, elegante, sin mangas, para fiesta y Club, 2022\" src=\"\/\/ae01.alicdn.com\/kf\/H0c17dfe57bf341288b0eba8f27bc51822.jpg\" alt=\"Cryptographic-Vestido largo con tirantes finos para mujer, traje Sexy con cuello Halter, Espalda descubierta, elegante, sin mangas, para fiesta y Club, 2022\" \/><img decoding=\"async\" title=\"Cryptographic-Vestido largo con tirantes finos para mujer, traje Sexy con cuello Halter, Espalda descubierta, elegante, sin mangas, para fiesta y Club, 2022\" src=\"\/\/ae01.alicdn.com\/kf\/H8afb5d74df73436fa23ebe9e78fe900dN.jpg\" alt=\"Cryptographic-Vestido largo con tirantes finos para mujer, traje Sexy con cuello Halter, Espalda descubierta, elegante, sin mangas, para fiesta y Club, 2022\" \/><img decoding=\"async\" title=\"Cryptographic-Vestido largo con tirantes finos para mujer, traje Sexy con cuello Halter, Espalda descubierta, elegante, sin mangas, para fiesta y Club, 2022\" src=\"\/\/ae01.alicdn.com\/kf\/H8d5666946af24dd290f7b8536cc90556H.jpg\" alt=\"Cryptographic-Vestido largo con tirantes finos para mujer, traje Sexy con cuello Halter, Espalda descubierta, elegante, sin mangas, para fiesta y Club, 2022\" \/><img decoding=\"async\" title=\"Cryptographic-Vestido largo con tirantes finos para mujer, traje Sexy con cuello Halter, Espalda descubierta, elegante, sin mangas, para fiesta y Club, 2022\" src=\"\/\/ae01.alicdn.com\/kf\/H60dce3e2e6654a00a9572d631ef29211x.jpg\" alt=\"Cryptographic-Vestido largo con tirantes finos para mujer, traje Sexy con cuello Halter, Espalda descubierta, elegante, sin mangas, para fiesta y Club, 2022\" \/><img decoding=\"async\" title=\"Cryptographic-Vestido largo con tirantes finos para mujer, traje Sexy con cuello Halter, Espalda descubierta, elegante, sin mangas, para fiesta y Club, 2022\" src=\"\/\/ae01.alicdn.com\/kf\/Hfd2b09c5de0d4bd2a0ba4dee7baf405bi.jpg\" alt=\"Cryptographic-Vestido largo con tirantes finos para mujer, traje Sexy con cuello Halter, Espalda descubierta, elegante, sin mangas, para fiesta y Club, 2022\" \/><img decoding=\"async\" title=\"Cryptographic-Vestido largo con tirantes finos para mujer, traje Sexy con cuello Halter, Espalda descubierta, elegante, sin mangas, para fiesta y Club, 2022\" src=\"\/\/ae01.alicdn.com\/kf\/H608ff650fb3f4fecbd2a351569a80067j.jpg\" alt=\"Cryptographic-Vestido largo con tirantes finos para mujer, traje Sexy con cuello Halter, Espalda descubierta, elegante, sin mangas, para fiesta y Club, 2022\" \/><img decoding=\"async\" title=\"Cryptographic-Vestido largo con tirantes finos para mujer, traje Sexy con cuello Halter, Espalda descubierta, elegante, sin mangas, para fiesta y Club, 2022\" src=\"\/\/ae01.alicdn.com\/kf\/Hb7b3f2d53d7d4ebaa4f89aa1364779d37.jpg\" alt=\"Cryptographic-Vestido largo con tirantes finos para mujer, traje Sexy con cuello Halter, Espalda descubierta, elegante, sin mangas, para fiesta y Club, 2022\" \/><img decoding=\"async\" title=\"Cryptographic-Vestido largo con tirantes finos para mujer, traje Sexy con cuello Halter, Espalda descubierta, elegante, sin mangas, para fiesta y Club, 2022\" src=\"\/\/ae01.alicdn.com\/kf\/Hd52d74f12af346af889f375e6f04930eC.jpg\" alt=\"Cryptographic-Vestido largo con tirantes finos para mujer, traje Sexy con cuello Halter, Espalda descubierta, elegante, sin mangas, para fiesta y Club, 2022\" \/><img decoding=\"async\" title=\"Cryptographic-Vestido largo con tirantes finos para mujer, traje Sexy con cuello Halter, Espalda descubierta, elegante, sin mangas, para fiesta y Club, 2022\" src=\"\/\/ae01.alicdn.com\/kf\/H2c97ea8cb0a74801aac9e335a7d64210R.jpg\" alt=\"Cryptographic-Vestido largo con tirantes finos para mujer, traje Sexy con cuello Halter, Espalda descubierta, elegante, sin mangas, para fiesta y Club, 2022\" \/><img decoding=\"async\" title=\"Cryptographic-Vestido largo con tirantes finos para mujer, traje Sexy con cuello Halter, Espalda descubierta, elegante, sin mangas, para fiesta y Club, 2022\" src=\"\/\/ae01.alicdn.com\/kf\/Hb9794b3960e2421d862add9bcc17b2edT.jpg\" alt=\"Cryptographic-Vestido largo con tirantes finos para mujer, traje Sexy con cuello Halter, Espalda descubierta, elegante, sin mangas, para fiesta y Club, 2022\" \/><img decoding=\"async\" title=\"Cryptographic-Vestido largo con tirantes finos para mujer, traje Sexy con cuello Halter, Espalda descubierta, elegante, sin mangas, para fiesta y Club, 2022\" src=\"\/\/ae01.alicdn.com\/kf\/Hf27d424592db444e9fd5c94a482b5b9fx.jpg\" alt=\"Cryptographic-Vestido largo con tirantes finos para mujer, traje Sexy con cuello Halter, Espalda descubierta, elegante, sin mangas, para fiesta y Club, 2022\" \/><img decoding=\"async\" title=\"Cryptographic-Vestido largo con tirantes finos para mujer, traje Sexy con cuello Halter, Espalda descubierta, elegante, sin mangas, para fiesta y Club, 2022\" src=\"\/\/ae01.alicdn.com\/kf\/H6527f37d15db4dceb6c357164106a474q.jpg\" alt=\"Cryptographic-Vestido largo con tirantes finos para mujer, traje Sexy con cuello Halter, Espalda descubierta, elegante, sin mangas, para fiesta y Club, 2022\" \/><img decoding=\"async\" title=\"Cryptographic-Vestido largo con tirantes finos para mujer, traje Sexy con cuello Halter, Espalda descubierta, elegante, sin mangas, para fiesta y Club, 2022\" src=\"\/\/ae01.alicdn.com\/kf\/Hd46fa257c6c5479f9be6f1d2d1808ba2F.jpg\" alt=\"Cryptographic-Vestido largo con tirantes finos para mujer, traje Sexy con cuello Halter, Espalda descubierta, elegante, sin mangas, para fiesta y Club, 2022\" \/><img decoding=\"async\" title=\"Cryptographic-Vestido largo con tirantes finos para mujer, traje Sexy con cuello Halter, Espalda descubierta, elegante, sin mangas, para fiesta y Club, 2022\" src=\"\/\/ae01.alicdn.com\/kf\/H3549ecf477df4a5ebb2d8c2e28dccca9i.jpg\" alt=\"Cryptographic-Vestido largo con tirantes finos para mujer, traje Sexy con cuello Halter, Espalda descubierta, elegante, sin mangas, para fiesta y Club, 2022\" \/><img decoding=\"async\" title=\"Cryptographic-Vestido largo con tirantes finos para mujer, traje Sexy con cuello Halter, Espalda descubierta, elegante, sin mangas, para fiesta y Club, 2022\" src=\"\/\/ae01.alicdn.com\/kf\/Hf87a24eed6954dec9eb44bd4c7636223h.jpg\" alt=\"Cryptographic-Vestido largo con tirantes finos para mujer, traje Sexy con cuello Halter, Espalda descubierta, elegante, sin mangas, para fiesta y Club, 2022\" \/><img decoding=\"async\" title=\"Cryptographic-Vestido largo con tirantes finos para mujer, traje Sexy con cuello Halter, Espalda descubierta, elegante, sin mangas, para fiesta y Club, 2022\" src=\"\/\/ae01.alicdn.com\/kf\/H1a36fd903685418782f178399262aa8es.jpg\" alt=\"Cryptographic-Vestido largo con tirantes finos para mujer, traje Sexy con cuello Halter, Espalda descubierta, elegante, sin mangas, para fiesta y Club, 2022\" \/><img decoding=\"async\" title=\"Cryptographic-Vestido largo con tirantes finos para mujer, traje Sexy con cuello Halter, Espalda descubierta, elegante, sin mangas, para fiesta y Club, 2022\" src=\"\/\/ae01.alicdn.com\/kf\/H0236330dd53d488cba0d2ab33cf84c710.jpg\" alt=\"Cryptographic-Vestido largo con tirantes finos para mujer, traje Sexy con cuello Halter, Espalda descubierta, elegante, sin mangas, para fiesta y Club, 2022\" \/><\/div>\n<\/div>\n<\/div>\n<\/div>\n<\/div>\n<\/div>\n<p>&nbsp;<\/p>\n<\/div>\n<\/div>\n<div>\n<div><\/div>\n<\/div>\n<p>&nbsp;<\/p>\n<\/div>\n<\/div>\n","protected":false},"excerpt":{"rendered":"<p>Tama\u00f1o\/CM Busto Cintura Cadera Longitud S 68-86 54-68 74-90 104 M 72-90 58-72 78-94 106 L 76-94 62-76 82-98 107 Nota: 1. Sigue estrictamente la tabla de tallas para seleccionar la talla. No seleccione directamente seg\u00fan sus h\u00e1bitos. 2. El tama\u00f1o puede tener1-3Cm difiere debido a la medici\u00f3n manual. Tenga en cuenta cuando mida. 3. [&hellip;]<\/p>\n","protected":false},"featured_media":50519,"comment_status":"open","ping_status":"closed","template":"","meta":[],"product_brand":[],"product_cat":[243,15],"product_tag":[],"class_list":{"0":"post-50525","1":"product","2":"type-product","3":"status-publish","4":"has-post-thumbnail","6":"product_cat-moda","7":"product_cat-todos","8":"pa_a4a8fbf9f14b58bf488819-black","9":"pa_a4a8fbf9f14b58bf488819-white","10":"pa_size-l","11":"pa_size-m","12":"pa_size-s","14":"first","15":"instock","16":"sale","17":"taxable","18":"shipping-taxable","19":"purchasable","20":"product-type-variable"},"_links":{"self":[{"href":"https:\/\/hereastore.com\/es\/wp-json\/wp\/v2\/product\/50525","targetHints":{"allow":["GET"]}}],"collection":[{"href":"https:\/\/hereastore.com\/es\/wp-json\/wp\/v2\/product"}],"about":[{"href":"https:\/\/hereastore.com\/es\/wp-json\/wp\/v2\/types\/product"}],"replies":[{"embeddable":true,"href":"https:\/\/hereastore.com\/es\/wp-json\/wp\/v2\/comments?post=50525"}],"version-history":[{"count":0,"href":"https:\/\/hereastore.com\/es\/wp-json\/wp\/v2\/product\/50525\/revisions"}],"wp:featuredmedia":[{"embeddable":true,"href":"https:\/\/hereastore.com\/es\/wp-json\/wp\/v2\/media\/50519"}],"wp:attachment":[{"href":"https:\/\/hereastore.com\/es\/wp-json\/wp\/v2\/media?parent=50525"}],"wp:term":[{"taxonomy":"product_brand","embeddable":true,"href":"https:\/\/hereastore.com\/es\/wp-json\/wp\/v2\/product_brand?post=50525"},{"taxonomy":"product_cat","embeddable":true,"href":"https:\/\/hereastore.com\/es\/wp-json\/wp\/v2\/product_cat?post=50525"},{"taxonomy":"product_tag","embeddable":true,"href":"https:\/\/hereastore.com\/es\/wp-json\/wp\/v2\/product_tag?post=50525"}],"curies":[{"name":"wp","href":"https:\/\/api.w.org\/{rel}","templated":true}]}}