{"id":64489,"date":"2025-03-26T18:10:41","date_gmt":"2025-03-26T16:10:41","guid":{"rendered":"https:\/\/hereastore.com\/es\/producto\/bandolera-kipling-s-2025\/"},"modified":"2025-03-28T18:16:47","modified_gmt":"2025-03-28T16:16:47","slug":"bandolera-kipling-s-2025","status":"publish","type":"product","link":"https:\/\/hereastore.com\/es\/producto\/bandolera-kipling-s-2025\/","title":{"rendered":"Bandoleras Kipling S 2025"},"content":{"rendered":"<h3 data-start=\"1581\" data-end=\"1644\"><strong data-start=\"1581\" data-end=\"1644\">Bandolera Kipling S 2025 \u2013 Compacta, Funcional y con Estilo<\/strong><\/h3>\n<h3 data-start=\"1646\" data-end=\"2031\">Si alguna vez pensaste que un bolso compacto podr\u00eda no ser lo suficientemente pr\u00e1ctico, es porque a\u00fan no has probado la <strong data-start=\"1766\" data-end=\"1794\">Bandolera Kipling S 2025<\/strong>. Ideal para quienes quieren llevar lo esencial sin perder ni un poco de estilo, esta bandolera es perfecta para acompa\u00f1arte en tu d\u00eda a d\u00eda. Hecha con materiales resistentes y duraderos, se adapta perfectamente a tu ritmo y necesidades.<\/h3>\n<h3 data-start=\"2033\" data-end=\"2059\"><strong data-start=\"2033\" data-end=\"2059\">\u00bfPor qu\u00e9 te encantar\u00e1?<\/strong><\/h3>\n<h3 data-start=\"2061\" data-end=\"2520\">\u2022 Dise\u00f1ada con materiales de alta calidad que resisten el paso del tiempo, manteni\u00e9ndose como nueva.<br data-start=\"2161\" data-end=\"2164\" \/>\u2022 Compacta pero funcional, tiene el tama\u00f1o perfecto para tus esenciales sin sobrecargarte.<br data-start=\"2254\" data-end=\"2257\" \/>\u2022 Con un cierre seguro que te da tranquilidad y comodidad todo el tiempo.<br data-start=\"2330\" data-end=\"2333\" \/>\u2022 La puedes llevar cruzada o al hombro, adapt\u00e1ndose a tu estilo y necesidades.<br data-start=\"2411\" data-end=\"2414\" \/>\u2022 Y, por supuesto, \u00a1todos los bolsos vienen con el exclusivo llavero Kipling! Un detalle que te encantar\u00e1.<\/h3>\n<h3 data-start=\"2522\" data-end=\"2586\"><strong data-start=\"2522\" data-end=\"2586\">Adem\u00e1s, te lo ponemos f\u00e1cil para que disfrutes de tu compra:<\/strong><\/h3>\n<h3 data-start=\"2588\" data-end=\"2812\">\u2022 <strong data-start=\"2590\" data-end=\"2619\">Env\u00edo gratis a todo Chile<\/strong>, sin costos adicionales.<br data-start=\"2644\" data-end=\"2647\" \/>\u2022 <strong data-start=\"2649\" data-end=\"2672\">30 d\u00edas de garant\u00eda<\/strong>, porque confiamos en que te va a enamorar.<br data-start=\"2715\" data-end=\"2718\" \/>\u2022 <strong data-start=\"2720\" data-end=\"2739\">Pago con Webpay<\/strong> y todos los medios de pago chilenos, \u00a1y hasta en 6 cuotas sin inter\u00e9s!<\/h3>\n<h3 data-start=\"2814\" data-end=\"3001\"><strong data-start=\"2814\" data-end=\"2871\">\u00a1Haz tu compra hoy y no dejes pasar esta oportunidad!<\/strong> Lleva contigo una bandolera Kipling, pr\u00e1ctica, elegante y lista para acompa\u00f1arte en todas tus aventuras. \u00a1Es el momento perfecto!<\/h3>\n\n","protected":false},"excerpt":{"rendered":"<p>Bandolera Kipling S 2025 \u2013 Compacta, Funcional y con Estilo Si alguna vez pensaste que un bolso compacto podr\u00eda no ser lo suficientemente pr\u00e1ctico, es porque a\u00fan no has probado la Bandolera Kipling S 2025. Ideal para quienes quieren llevar lo esencial sin perder ni un poco de estilo, esta bandolera es perfecta para acompa\u00f1arte [&hellip;]<\/p>\n","protected":false},"featured_media":64488,"comment_status":"open","ping_status":"closed","template":"","meta":[],"product_brand":[],"product_cat":[2856,15],"product_tag":[],"class_list":{"0":"post-64489","1":"product","2":"type-product","3":"status-publish","4":"has-post-thumbnail","6":"product_cat-kipling","7":"product_cat-todos","9":"first","10":"instock","11":"sale","12":"taxable","13":"shipping-taxable","14":"purchasable","15":"product-type-variable"},"_links":{"self":[{"href":"https:\/\/hereastore.com\/es\/wp-json\/wp\/v2\/product\/64489","targetHints":{"allow":["GET"]}}],"collection":[{"href":"https:\/\/hereastore.com\/es\/wp-json\/wp\/v2\/product"}],"about":[{"href":"https:\/\/hereastore.com\/es\/wp-json\/wp\/v2\/types\/product"}],"replies":[{"embeddable":true,"href":"https:\/\/hereastore.com\/es\/wp-json\/wp\/v2\/comments?post=64489"}],"version-history":[{"count":0,"href":"https:\/\/hereastore.com\/es\/wp-json\/wp\/v2\/product\/64489\/revisions"}],"wp:featuredmedia":[{"embeddable":true,"href":"https:\/\/hereastore.com\/es\/wp-json\/wp\/v2\/media\/64488"}],"wp:attachment":[{"href":"https:\/\/hereastore.com\/es\/wp-json\/wp\/v2\/media?parent=64489"}],"wp:term":[{"taxonomy":"product_brand","embeddable":true,"href":"https:\/\/hereastore.com\/es\/wp-json\/wp\/v2\/product_brand?post=64489"},{"taxonomy":"product_cat","embeddable":true,"href":"https:\/\/hereastore.com\/es\/wp-json\/wp\/v2\/product_cat?post=64489"},{"taxonomy":"product_tag","embeddable":true,"href":"https:\/\/hereastore.com\/es\/wp-json\/wp\/v2\/product_tag?post=64489"}],"curies":[{"name":"wp","href":"https:\/\/api.w.org\/{rel}","templated":true}]}}