{"id":64624,"date":"2025-03-26T18:18:02","date_gmt":"2025-03-26T16:18:02","guid":{"rendered":"https:\/\/hereastore.com\/es\/producto\/bolso-kipling-m-2025\/"},"modified":"2025-03-28T18:19:02","modified_gmt":"2025-03-28T16:19:02","slug":"bolso-kipling-m-2025","status":"publish","type":"product","link":"https:\/\/hereastore.com\/es\/producto\/bolso-kipling-m-2025\/","title":{"rendered":"Bolsos Kipling M 2025"},"content":{"rendered":"<h3>Bolso Kipling M 2025 \u2013 Tu Compa\u00f1ero Perfecto para el D\u00eda a D\u00eda<\/h3>\n<h3>\u00bfSientes que te falta ese bolso que no solo te acompa\u00f1e, sino que tambi\u00e9n resalte tu estilo \u00fanico? El Bolso Kipling M 2025 es justo lo que necesitas. Con su dise\u00f1o elegante y funcional, es perfecto para las personas que buscan comodidad sin sacrificar el estilo. Hecho con materiales de alta calidad, este bolso de tama\u00f1o medio te permitir\u00e1 llevar todo lo que necesitas, mientras te mantiene siempre lista para cualquier ocasi\u00f3n.<\/h3>\n<h3>\u00bfPor qu\u00e9 te encantar\u00e1?<\/h3>\n<h3>\u2022 Materiales de alta calidad que resisten el ritmo del d\u00eda a d\u00eda y mantienen su aspecto impecable.<br \/>\n\u2022 Dise\u00f1o moderno y funcional que se adapta a ti, con un espacio ideal para tus esenciales.<br \/>\n\u2022 Cierre seguro para que tus pertenencias est\u00e9n siempre protegidas.<br \/>\n\u2022 Perfecto para cualquier momento: de d\u00eda o de noche, \u00a1siempre te har\u00e1 destacar!<br \/>\n\u2022 Cada bolso viene con un llavero Kipling, un peque\u00f1o detalle que te encantar\u00e1 y har\u00e1 que tu bolso sea a\u00fan m\u00e1s especial.<\/h3>\n<h3>Y para que todo sea m\u00e1s f\u00e1cil, te ofrecemos:<\/h3>\n<h3>\u2022 Env\u00edo gratis a todo Chile. As\u00ed de simple, sin sorpresas ni costos adicionales.<br \/>\n\u2022 30 d\u00edas de garant\u00eda, porque estamos seguros de que te encantar\u00e1.<br \/>\n\u2022 Pago con Webpay y todos los medios de pago chilenos, \u00a1y puedes pagar hasta en 6 cuotas sin inter\u00e9s!<\/h3>\n<h3>No dejes pasar esta oportunidad de llevarte un bolso Kipling exclusivo, dise\u00f1ado para ti. \u00a1Haz tu compra ahora y aprovecha el precio de oferta antes de que se agote!<\/h3>\n\n","protected":false},"excerpt":{"rendered":"<p>Bolso Kipling M 2025 \u2013 Tu Compa\u00f1ero Perfecto para el D\u00eda a D\u00eda \u00bfSientes que te falta ese bolso que no solo te acompa\u00f1e, sino que tambi\u00e9n resalte tu estilo \u00fanico? El Bolso Kipling M 2025 es justo lo que necesitas. Con su dise\u00f1o elegante y funcional, es perfecto para las personas que buscan comodidad [&hellip;]<\/p>\n","protected":false},"featured_media":64488,"comment_status":"open","ping_status":"closed","template":"","meta":[],"product_brand":[],"product_cat":[2856],"product_tag":[],"class_list":{"0":"post-64624","1":"product","2":"type-product","3":"status-publish","4":"has-post-thumbnail","6":"product_cat-kipling","8":"first","9":"instock","10":"sale","11":"taxable","12":"shipping-taxable","13":"purchasable","14":"product-type-variable"},"_links":{"self":[{"href":"https:\/\/hereastore.com\/es\/wp-json\/wp\/v2\/product\/64624","targetHints":{"allow":["GET"]}}],"collection":[{"href":"https:\/\/hereastore.com\/es\/wp-json\/wp\/v2\/product"}],"about":[{"href":"https:\/\/hereastore.com\/es\/wp-json\/wp\/v2\/types\/product"}],"replies":[{"embeddable":true,"href":"https:\/\/hereastore.com\/es\/wp-json\/wp\/v2\/comments?post=64624"}],"version-history":[{"count":0,"href":"https:\/\/hereastore.com\/es\/wp-json\/wp\/v2\/product\/64624\/revisions"}],"wp:featuredmedia":[{"embeddable":true,"href":"https:\/\/hereastore.com\/es\/wp-json\/wp\/v2\/media\/64488"}],"wp:attachment":[{"href":"https:\/\/hereastore.com\/es\/wp-json\/wp\/v2\/media?parent=64624"}],"wp:term":[{"taxonomy":"product_brand","embeddable":true,"href":"https:\/\/hereastore.com\/es\/wp-json\/wp\/v2\/product_brand?post=64624"},{"taxonomy":"product_cat","embeddable":true,"href":"https:\/\/hereastore.com\/es\/wp-json\/wp\/v2\/product_cat?post=64624"},{"taxonomy":"product_tag","embeddable":true,"href":"https:\/\/hereastore.com\/es\/wp-json\/wp\/v2\/product_tag?post=64624"}],"curies":[{"name":"wp","href":"https:\/\/api.w.org\/{rel}","templated":true}]}}