{"id":33548,"date":"2021-01-09T19:44:13","date_gmt":"2021-01-09T22:44:13","guid":{"rendered":"https:\/\/hereastore.com\/xs\/ts-shipment-tracking\/"},"modified":"2024-07-05T15:49:32","modified_gmt":"2024-07-05T18:49:32","slug":"tracking","status":"publish","type":"page","link":"https:\/\/hereastore.com\/pe\/tracking\/","title":{"rendered":"Seguimiento de pedido"},"content":{"rendered":"\t\t<div data-elementor-type=\"wp-page\" data-elementor-id=\"33548\" class=\"elementor elementor-33548\" data-elementor-post-type=\"page\">\n\t\t\t\t\t\t<section class=\"elementor-section elementor-top-section elementor-element elementor-element-5a8d489 elementor-section-boxed elementor-section-height-default elementor-section-height-default\" data-id=\"5a8d489\" data-element_type=\"section\">\n\t\t\t\t\t\t<div class=\"elementor-container elementor-column-gap-default\">\n\t\t\t\t\t<div class=\"elementor-column elementor-col-100 elementor-top-column elementor-element elementor-element-8b4cfce\" data-id=\"8b4cfce\" data-element_type=\"column\">\n\t\t\t<div class=\"elementor-widget-wrap elementor-element-populated\">\n\t\t\t\t\t\t<div class=\"elementor-element elementor-element-832ce37 elementor-widget elementor-widget-heading\" data-id=\"832ce37\" data-element_type=\"widget\" data-widget_type=\"heading.default\">\n\t\t\t\t<div class=\"elementor-widget-container\">\n\t\t\t\t\t<h2 class=\"elementor-heading-title elementor-size-default\">SEGUIMIENTO DE PEDIDO <\/h2>\t\t\t\t<\/div>\n\t\t\t\t<\/div>\n\t\t\t\t\t<\/div>\n\t\t<\/div>\n\t\t\t\t\t<\/div>\n\t\t<\/section>\n\t\t\t\t<section class=\"elementor-section elementor-top-section elementor-element elementor-element-16214a48 elementor-section-boxed elementor-section-height-default elementor-section-height-default\" data-id=\"16214a48\" data-element_type=\"section\">\n\t\t\t\t\t\t<div class=\"elementor-container elementor-column-gap-default\">\n\t\t\t\t\t<div class=\"elementor-column elementor-col-100 elementor-top-column elementor-element elementor-element-47afc94a\" data-id=\"47afc94a\" data-element_type=\"column\">\n\t\t\t<div class=\"elementor-widget-wrap elementor-element-populated\">\n\t\t\t\t\t\t<div class=\"elementor-element elementor-element-2f09b0d5 elementor-widget elementor-widget-shortcode\" data-id=\"2f09b0d5\" data-element_type=\"widget\" data-widget_type=\"shortcode.default\">\n\t\t\t\t<div class=\"elementor-widget-container\">\n\t\t\t\t\t\t\t<div class=\"elementor-shortcode\"><style>\n\tbody .search_order_form, body form.order_track_form label {\n\t\tcolor: #333;\n\t}\n\t.order_track_form div.search_order_form button {\n\t\tbackground: #3c4858;\n\t}\n\t.order_track_form, .tracking_form_tabs {\n\t\tborder-color: #771c48 !important;\n\t}\n\t.order_track_form div.search_order_form button {\n\t\tcolor: #fff;\n\t}\n\t.trackship_branding {display:none;}\n.order_track_form input.ts_from_input:checked + label {\n\tcolor: #2271b1 !important;\n\tborder-bottom: 3px solid #2271b1;\n\tmargin-bottom: -2px;\n}\n.order_track_form {\n\tmax-width: 800px;\n\tmargin: 0 auto 20px;\n\tborder: 1px solid #e0e0e0;\n\tmin-height: 330px;\n}\n.track_fail_msg {\n\tcolor: red;\n\tpadding: 0 20px 15px;\n}\n<\/style>\n<div class=\"track-order-section\">\n\t<form method=\"post\" class=\"order_track_form\">\n\t\t<div class=\"search_order_form\">\n\t\t\t\t\t\t\t<style>\n\t\t\t\t\t.search_order_form .order_id_email.tracking_form { display:block; }\n\t\t\t\t\t.by_tracking_number {display:none;}\n\t\t\t\t\tform.order_track_form {min-height:auto;}\n\t\t\t\t\t<\/style>\n\t\t\t\t\t\t<div class=\"tracking_form_tabs\">\n\t\t\t\t<input id=\"for_order_number\" type=\"radio\" name=\"ts_tracking_form\" class=\"ts_from_input\" data-name=\"order_id_email\" checked>\n\t\t\t\t<label for=\"for_order_number\" class=\"ts_from_label for_order_number\">Order Details<\/label>\n\t\t\t\t<input id=\"for_tracking_number\" type=\"radio\" name=\"ts_tracking_form\" class=\"ts_from_input\" data-name=\"by_tracking_number\">\n\t\t\t\t<label for=\"for_tracking_number\" class=\"ts_from_label for_tracking_number\">El n\u00famero de rastreo<\/label>\n\t\t\t<\/div>\n\t\t\t<div class=\"order_id_email tracking_form\">\n\t\t\t\t<p>Para rastrear su pedido, ingrese su n\u00famero de pedido y direcci\u00f3n de correo electr\u00f3nico:<\/p>\n\t\t\t\t<p class=\"form-row\"><label for=\"order_id\">N\u00famero de pedido<\/label> <input class=\"input-text\" type=\"text\" name=\"order_id\" id=\"order_id\" value=\"\" placeholder=\"N\u00famero de orden\"><\/p>\n\t\t\t\t<p class=\"form-row\"><label for=\"order_email\">Correo electr\u00f3nico de pedido<\/label> <input class=\"input-text\" type=\"text\" name=\"order_email\" id=\"order_email\" value=\"\" placeholder=\"Direcci\u00f3n de correo electr\u00f3nico\"><\/p>\n\t\t\t\t<p class=\"form-row\" style=\"margin-bottom:0;\"><button type=\"submit\" class=\"button btn btn-secondary\" name=\"track\" value=\"Track\">Rastrea tu orden<\/button><\/p>\n\t\t\t<\/div>\n\t\t\t<div class=\"by_tracking_number tracking_form\">\n\t\t\t\t<p>To track your order, please enter the tracking number you received in the shipping confirmation email<\/p>\n\t\t\t\t<p class=\"form-row\"><label for=\"order_tracking_number\">El n\u00famero de rastreo<\/label><input class=\"input-text\" type=\"text\" name=\"order_tracking_number\" id=\"order_tracking_number\" value=\"\" placeholder=\"N\u00famero de seguimiento del pedido.\"><\/p>\n\t\t\t\t<p class=\"form-row\" style=\"margin-bottom:0;\"><button type=\"submit\" class=\"button btn btn-secondary\" name=\"track\" value=\"Track\">Rastrea tu orden<\/button><\/p>\n\t\t\t<\/div>\n\t\t\t<div class=\"track_fail_msg\" style=\"display:none;\"><\/div>\n\t\t<\/div>\n\t\t<div class=\"clear\"><\/div>\n\t\t<input type=\"hidden\" name=\"action\" value=\"get_tracking_info\">\n\t\t<input type=\"hidden\" name=\"fronted\" value=\"yes\">\n\t\t<input type=\"hidden\" id=\"_wpnonce\" name=\"_wpnonce\" value=\"e9634c79b0\" \/><input type=\"hidden\" name=\"_wp_http_referer\" value=\"\/pe\/wp-json\/wp\/v2\/pages\/33548\" \/>\t<\/form>\n\t<div class=\"trackship_branding\">\n\t\t<p><span>Energizado por<\/span><img decoding=\"async\" src=\"https:\/\/hereastore.com\/pe\/wp-content\/plugins\/trackship-for-woocommerce\/assets\/images\/trackship-logo.png\"><\/p>\n\t<\/div>\n\t\t\t<style> .trackship_branding{display:block !important;} <\/style>\n\t<\/div>\n<\/div>\n\t\t\t\t\t\t<\/div>\n\t\t\t\t<\/div>\n\t\t\t\t\t<\/div>\n\t\t<\/div>\n\t\t\t\t\t<\/div>\n\t\t<\/section>\n\t\t\t\t<\/div>\n\t\t","protected":false},"excerpt":{"rendered":"<p>SEGUIMIENTO DE PEDIDO<\/p>\n","protected":false},"author":1,"featured_media":0,"parent":0,"menu_order":0,"comment_status":"closed","ping_status":"closed","template":"template-fullwidth-no-heading.php","meta":{"footnotes":""},"class_list":["post-33548","page","type-page","status-publish","hentry"],"_links":{"self":[{"href":"https:\/\/hereastore.com\/pe\/wp-json\/wp\/v2\/pages\/33548","targetHints":{"allow":["GET"]}}],"collection":[{"href":"https:\/\/hereastore.com\/pe\/wp-json\/wp\/v2\/pages"}],"about":[{"href":"https:\/\/hereastore.com\/pe\/wp-json\/wp\/v2\/types\/page"}],"author":[{"embeddable":true,"href":"https:\/\/hereastore.com\/pe\/wp-json\/wp\/v2\/users\/1"}],"replies":[{"embeddable":true,"href":"https:\/\/hereastore.com\/pe\/wp-json\/wp\/v2\/comments?post=33548"}],"version-history":[{"count":0,"href":"https:\/\/hereastore.com\/pe\/wp-json\/wp\/v2\/pages\/33548\/revisions"}],"wp:attachment":[{"href":"https:\/\/hereastore.com\/pe\/wp-json\/wp\/v2\/media?parent=33548"}],"curies":[{"name":"wp","href":"https:\/\/api.w.org\/{rel}","templated":true}]}}