{"id":136837,"date":"2022-02-17T19:19:19","date_gmt":"2022-02-17T22:19:19","guid":{"rendered":"https:\/\/hereastore.com\/pe\/?post_type=product&#038;p=136837"},"modified":"2025-03-25T15:09:26","modified_gmt":"2025-03-25T18:09:26","slug":"chanel-19","status":"publish","type":"product","link":"https:\/\/hereastore.com\/pe\/producto\/chanel-19\/","title":{"rendered":"Chanel 19"},"content":{"rendered":"<p>&nbsp;<\/p>\n<h5>Bienvenido a nuestra secci\u00f3n VIP<\/h5>\n<h5>Este tipo de carteras se identifican como calidad OEM 1:1 A+, (ORGINAL EQUIPMENT MANUFACTURER) reflejando una calidad superior a cualquier otra alternativa, las fotos son exactamente iguales al producto que recibir\u00e1s, incluyendo todos sus accesorios, caja y certificados de autenticidad de la marca.<\/h5>\n<h5>Cuentan con un envi\u00f3 premium a trav\u00e9s de FedEx o sistema de envi\u00f3 nacionales de su preferencia para modelos en stock.<\/h5>\n<h5>Garantizando as\u00ed un producto totalmente exclusivo a un precio accesible y una calidad superior, para dudas o consultas cont\u00e1ctanos a trav\u00e9s de nuestras RRSS-canales de atenci\u00f3n.<\/h5>\n<p>&nbsp;<\/p>\n<p><img fetchpriority=\"high\" decoding=\"async\" class=\"alignnone wp-image-136885\" src=\"https:\/\/hereastore.com\/pe\/wp-content\/uploads\/sites\/16\/2022\/02\/Captura-de-pantalla-2022-02-17-190400-229x300.jpg\" alt=\"\" width=\"244\" height=\"320\" srcset=\"https:\/\/hereastore.com\/pe\/wp-content\/uploads\/sites\/16\/2022\/02\/Captura-de-pantalla-2022-02-17-190400-229x300.jpg 229w, https:\/\/hereastore.com\/pe\/wp-content\/uploads\/sites\/16\/2022\/02\/Captura-de-pantalla-2022-02-17-190400-150x197.jpg 150w, https:\/\/hereastore.com\/pe\/wp-content\/uploads\/sites\/16\/2022\/02\/Captura-de-pantalla-2022-02-17-190400-60x79.jpg 60w, https:\/\/hereastore.com\/pe\/wp-content\/uploads\/sites\/16\/2022\/02\/Captura-de-pantalla-2022-02-17-190400-110x144.jpg 110w, https:\/\/hereastore.com\/pe\/wp-content\/uploads\/sites\/16\/2022\/02\/Captura-de-pantalla-2022-02-17-190400-1x1.jpg 1w, https:\/\/hereastore.com\/pe\/wp-content\/uploads\/sites\/16\/2022\/02\/Captura-de-pantalla-2022-02-17-190400-8x10.jpg 8w, https:\/\/hereastore.com\/pe\/wp-content\/uploads\/sites\/16\/2022\/02\/Captura-de-pantalla-2022-02-17-190400.jpg 387w\" sizes=\"(max-width: 244px) 100vw, 244px\" \/><img decoding=\"async\" class=\"alignnone wp-image-136883\" src=\"https:\/\/hereastore.com\/pe\/wp-content\/uploads\/sites\/16\/2022\/02\/Captura-de-pantalla-2022-02-17-190606-225x300.jpg\" alt=\"\" width=\"240\" height=\"320\" srcset=\"https:\/\/hereastore.com\/pe\/wp-content\/uploads\/sites\/16\/2022\/02\/Captura-de-pantalla-2022-02-17-190606-225x300.jpg 225w, https:\/\/hereastore.com\/pe\/wp-content\/uploads\/sites\/16\/2022\/02\/Captura-de-pantalla-2022-02-17-190606-150x200.jpg 150w, https:\/\/hereastore.com\/pe\/wp-content\/uploads\/sites\/16\/2022\/02\/Captura-de-pantalla-2022-02-17-190606-60x80.jpg 60w, https:\/\/hereastore.com\/pe\/wp-content\/uploads\/sites\/16\/2022\/02\/Captura-de-pantalla-2022-02-17-190606-110x146.jpg 110w, https:\/\/hereastore.com\/pe\/wp-content\/uploads\/sites\/16\/2022\/02\/Captura-de-pantalla-2022-02-17-190606-1x1.jpg 1w, https:\/\/hereastore.com\/pe\/wp-content\/uploads\/sites\/16\/2022\/02\/Captura-de-pantalla-2022-02-17-190606-8x10.jpg 8w, https:\/\/hereastore.com\/pe\/wp-content\/uploads\/sites\/16\/2022\/02\/Captura-de-pantalla-2022-02-17-190606.jpg 392w\" sizes=\"(max-width: 240px) 100vw, 240px\" \/><\/p>\n<p><img decoding=\"async\" class=\"alignnone wp-image-136879\" src=\"https:\/\/hereastore.com\/pe\/wp-content\/uploads\/sites\/16\/2022\/02\/Captura-de-pantalla-2022-02-17-191234-300x290.jpg\" alt=\"\" width=\"314\" height=\"303\" srcset=\"https:\/\/hereastore.com\/pe\/wp-content\/uploads\/sites\/16\/2022\/02\/Captura-de-pantalla-2022-02-17-191234-300x290.jpg 300w, https:\/\/hereastore.com\/pe\/wp-content\/uploads\/sites\/16\/2022\/02\/Captura-de-pantalla-2022-02-17-191234-150x145.jpg 150w, https:\/\/hereastore.com\/pe\/wp-content\/uploads\/sites\/16\/2022\/02\/Captura-de-pantalla-2022-02-17-191234-60x58.jpg 60w, https:\/\/hereastore.com\/pe\/wp-content\/uploads\/sites\/16\/2022\/02\/Captura-de-pantalla-2022-02-17-191234-110x106.jpg 110w, https:\/\/hereastore.com\/pe\/wp-content\/uploads\/sites\/16\/2022\/02\/Captura-de-pantalla-2022-02-17-191234-1x1.jpg 1w, https:\/\/hereastore.com\/pe\/wp-content\/uploads\/sites\/16\/2022\/02\/Captura-de-pantalla-2022-02-17-191234-10x10.jpg 10w, https:\/\/hereastore.com\/pe\/wp-content\/uploads\/sites\/16\/2022\/02\/Captura-de-pantalla-2022-02-17-191234.jpg 527w\" sizes=\"(max-width: 314px) 100vw, 314px\" \/><img loading=\"lazy\" decoding=\"async\" class=\"alignnone wp-image-136880\" src=\"https:\/\/hereastore.com\/pe\/wp-content\/uploads\/sites\/16\/2022\/02\/Captura-de-pantalla-2022-02-17-191251-291x300.jpg\" alt=\"\" width=\"294\" height=\"304\" srcset=\"https:\/\/hereastore.com\/pe\/wp-content\/uploads\/sites\/16\/2022\/02\/Captura-de-pantalla-2022-02-17-191251-291x300.jpg 291w, https:\/\/hereastore.com\/pe\/wp-content\/uploads\/sites\/16\/2022\/02\/Captura-de-pantalla-2022-02-17-191251-150x154.jpg 150w, https:\/\/hereastore.com\/pe\/wp-content\/uploads\/sites\/16\/2022\/02\/Captura-de-pantalla-2022-02-17-191251-60x62.jpg 60w, https:\/\/hereastore.com\/pe\/wp-content\/uploads\/sites\/16\/2022\/02\/Captura-de-pantalla-2022-02-17-191251-110x113.jpg 110w, https:\/\/hereastore.com\/pe\/wp-content\/uploads\/sites\/16\/2022\/02\/Captura-de-pantalla-2022-02-17-191251-1x1.jpg 1w, https:\/\/hereastore.com\/pe\/wp-content\/uploads\/sites\/16\/2022\/02\/Captura-de-pantalla-2022-02-17-191251-10x10.jpg 10w, https:\/\/hereastore.com\/pe\/wp-content\/uploads\/sites\/16\/2022\/02\/Captura-de-pantalla-2022-02-17-191251.jpg 508w\" sizes=\"(max-width: 294px) 100vw, 294px\" \/><img loading=\"lazy\" decoding=\"async\" class=\"alignnone wp-image-136875\" src=\"https:\/\/hereastore.com\/pe\/wp-content\/uploads\/sites\/16\/2022\/02\/Captura-de-pantalla-2022-02-17-190740-300x300.jpg\" alt=\"\" width=\"315\" height=\"315\" srcset=\"https:\/\/hereastore.com\/pe\/wp-content\/uploads\/sites\/16\/2022\/02\/Captura-de-pantalla-2022-02-17-190740-300x300.jpg 300w, https:\/\/hereastore.com\/pe\/wp-content\/uploads\/sites\/16\/2022\/02\/Captura-de-pantalla-2022-02-17-190740-150x150.jpg 150w, https:\/\/hereastore.com\/pe\/wp-content\/uploads\/sites\/16\/2022\/02\/Captura-de-pantalla-2022-02-17-190740-60x60.jpg 60w, https:\/\/hereastore.com\/pe\/wp-content\/uploads\/sites\/16\/2022\/02\/Captura-de-pantalla-2022-02-17-190740-110x110.jpg 110w, https:\/\/hereastore.com\/pe\/wp-content\/uploads\/sites\/16\/2022\/02\/Captura-de-pantalla-2022-02-17-190740-1x1.jpg 1w, https:\/\/hereastore.com\/pe\/wp-content\/uploads\/sites\/16\/2022\/02\/Captura-de-pantalla-2022-02-17-190740-10x10.jpg 10w, https:\/\/hereastore.com\/pe\/wp-content\/uploads\/sites\/16\/2022\/02\/Captura-de-pantalla-2022-02-17-190740-100x100.jpg 100w, https:\/\/hereastore.com\/pe\/wp-content\/uploads\/sites\/16\/2022\/02\/Captura-de-pantalla-2022-02-17-190740.jpg 513w\" sizes=\"(max-width: 315px) 100vw, 315px\" \/><img loading=\"lazy\" decoding=\"async\" class=\"alignnone wp-image-136872\" src=\"https:\/\/hereastore.com\/pe\/wp-content\/uploads\/sites\/16\/2022\/02\/Captura-de-pantalla-2022-02-17-191749-296x300.jpg\" alt=\"\" width=\"309\" height=\"313\" srcset=\"https:\/\/hereastore.com\/pe\/wp-content\/uploads\/sites\/16\/2022\/02\/Captura-de-pantalla-2022-02-17-191749-296x300.jpg 296w, https:\/\/hereastore.com\/pe\/wp-content\/uploads\/sites\/16\/2022\/02\/Captura-de-pantalla-2022-02-17-191749-150x152.jpg 150w, https:\/\/hereastore.com\/pe\/wp-content\/uploads\/sites\/16\/2022\/02\/Captura-de-pantalla-2022-02-17-191749-60x61.jpg 60w, https:\/\/hereastore.com\/pe\/wp-content\/uploads\/sites\/16\/2022\/02\/Captura-de-pantalla-2022-02-17-191749-110x111.jpg 110w, https:\/\/hereastore.com\/pe\/wp-content\/uploads\/sites\/16\/2022\/02\/Captura-de-pantalla-2022-02-17-191749-1x1.jpg 1w, https:\/\/hereastore.com\/pe\/wp-content\/uploads\/sites\/16\/2022\/02\/Captura-de-pantalla-2022-02-17-191749-10x10.jpg 10w, https:\/\/hereastore.com\/pe\/wp-content\/uploads\/sites\/16\/2022\/02\/Captura-de-pantalla-2022-02-17-191749-100x100.jpg 100w, https:\/\/hereastore.com\/pe\/wp-content\/uploads\/sites\/16\/2022\/02\/Captura-de-pantalla-2022-02-17-191749.jpg 500w\" sizes=\"(max-width: 309px) 100vw, 309px\" \/><\/p>\n<p><img loading=\"lazy\" decoding=\"async\" class=\"alignnone  wp-image-136867\" src=\"https:\/\/hereastore.com\/pe\/wp-content\/uploads\/sites\/16\/2022\/02\/Captura-de-pantalla-2022-02-17-191457-295x300.jpg\" alt=\"\" width=\"319\" height=\"325\" srcset=\"https:\/\/hereastore.com\/pe\/wp-content\/uploads\/sites\/16\/2022\/02\/Captura-de-pantalla-2022-02-17-191457-295x300.jpg 295w, https:\/\/hereastore.com\/pe\/wp-content\/uploads\/sites\/16\/2022\/02\/Captura-de-pantalla-2022-02-17-191457-150x152.jpg 150w, https:\/\/hereastore.com\/pe\/wp-content\/uploads\/sites\/16\/2022\/02\/Captura-de-pantalla-2022-02-17-191457-60x61.jpg 60w, https:\/\/hereastore.com\/pe\/wp-content\/uploads\/sites\/16\/2022\/02\/Captura-de-pantalla-2022-02-17-191457-110x112.jpg 110w, https:\/\/hereastore.com\/pe\/wp-content\/uploads\/sites\/16\/2022\/02\/Captura-de-pantalla-2022-02-17-191457-1x1.jpg 1w, https:\/\/hereastore.com\/pe\/wp-content\/uploads\/sites\/16\/2022\/02\/Captura-de-pantalla-2022-02-17-191457-10x10.jpg 10w, https:\/\/hereastore.com\/pe\/wp-content\/uploads\/sites\/16\/2022\/02\/Captura-de-pantalla-2022-02-17-191457.jpg 513w\" sizes=\"(max-width: 319px) 100vw, 319px\" \/><img loading=\"lazy\" decoding=\"async\" class=\"alignnone  wp-image-136870\" src=\"https:\/\/hereastore.com\/pe\/wp-content\/uploads\/sites\/16\/2022\/02\/Captura-de-pantalla-2022-02-17-191556-298x300.jpg\" alt=\"\" width=\"320\" height=\"323\" srcset=\"https:\/\/hereastore.com\/pe\/wp-content\/uploads\/sites\/16\/2022\/02\/Captura-de-pantalla-2022-02-17-191556-298x300.jpg 298w, https:\/\/hereastore.com\/pe\/wp-content\/uploads\/sites\/16\/2022\/02\/Captura-de-pantalla-2022-02-17-191556-150x150.jpg 150w, https:\/\/hereastore.com\/pe\/wp-content\/uploads\/sites\/16\/2022\/02\/Captura-de-pantalla-2022-02-17-191556-60x60.jpg 60w, https:\/\/hereastore.com\/pe\/wp-content\/uploads\/sites\/16\/2022\/02\/Captura-de-pantalla-2022-02-17-191556-110x111.jpg 110w, https:\/\/hereastore.com\/pe\/wp-content\/uploads\/sites\/16\/2022\/02\/Captura-de-pantalla-2022-02-17-191556-1x1.jpg 1w, https:\/\/hereastore.com\/pe\/wp-content\/uploads\/sites\/16\/2022\/02\/Captura-de-pantalla-2022-02-17-191556-10x10.jpg 10w, https:\/\/hereastore.com\/pe\/wp-content\/uploads\/sites\/16\/2022\/02\/Captura-de-pantalla-2022-02-17-191556-100x100.jpg 100w, https:\/\/hereastore.com\/pe\/wp-content\/uploads\/sites\/16\/2022\/02\/Captura-de-pantalla-2022-02-17-191556.jpg 515w\" sizes=\"(max-width: 320px) 100vw, 320px\" \/><\/p>\n<p>&nbsp;<\/p>\n<p>&nbsp;<\/p>\n<p>&nbsp;<\/p>\n<p>&nbsp;<\/p>\n<p>&nbsp;<\/p>\n<p>&nbsp;<\/p>\n<p>&nbsp;<\/p>\n","protected":false},"excerpt":{"rendered":"<p>&nbsp; Bienvenido a nuestra secci\u00f3n VIP Este tipo de carteras se identifican como calidad OEM 1:1 A+, (ORGINAL EQUIPMENT MANUFACTURER) reflejando una calidad superior a cualquier otra alternativa, las fotos son exactamente iguales al producto que recibir\u00e1s, incluyendo todos sus accesorios, caja y certificados de autenticidad de la marca. Cuentan con un envi\u00f3 premium a [&hellip;]<\/p>\n","protected":false},"featured_media":136885,"comment_status":"open","ping_status":"closed","template":"","meta":[],"product_brand":[],"product_cat":[2968,15],"product_tag":[],"class_list":{"0":"post-136837","1":"product","2":"type-product","3":"status-publish","4":"has-post-thumbnail","6":"product_cat-carteras-exclusivas","7":"product_cat-todos","8":"pa_cb5feb1b7314637725a2e7-blanco-black","9":"pa_cb5feb1b7314637725a2e7-blanco-gold","10":"pa_cb5feb1b7314637725a2e7-cream-pink","11":"pa_cb5feb1b7314637725a2e7-crema","12":"pa_cb5feb1b7314637725a2e7-negro","13":"pa_cb5feb1b7314637725a2e7-rosa-palido","15":"first","16":"instock","17":"sale","18":"shipping-taxable","19":"purchasable","20":"product-type-variable"},"_links":{"self":[{"href":"https:\/\/hereastore.com\/pe\/wp-json\/wp\/v2\/product\/136837","targetHints":{"allow":["GET"]}}],"collection":[{"href":"https:\/\/hereastore.com\/pe\/wp-json\/wp\/v2\/product"}],"about":[{"href":"https:\/\/hereastore.com\/pe\/wp-json\/wp\/v2\/types\/product"}],"replies":[{"embeddable":true,"href":"https:\/\/hereastore.com\/pe\/wp-json\/wp\/v2\/comments?post=136837"}],"version-history":[{"count":0,"href":"https:\/\/hereastore.com\/pe\/wp-json\/wp\/v2\/product\/136837\/revisions"}],"wp:featuredmedia":[{"embeddable":true,"href":"https:\/\/hereastore.com\/pe\/wp-json\/wp\/v2\/media\/136885"}],"wp:attachment":[{"href":"https:\/\/hereastore.com\/pe\/wp-json\/wp\/v2\/media?parent=136837"}],"wp:term":[{"taxonomy":"product_brand","embeddable":true,"href":"https:\/\/hereastore.com\/pe\/wp-json\/wp\/v2\/product_brand?post=136837"},{"taxonomy":"product_cat","embeddable":true,"href":"https:\/\/hereastore.com\/pe\/wp-json\/wp\/v2\/product_cat?post=136837"},{"taxonomy":"product_tag","embeddable":true,"href":"https:\/\/hereastore.com\/pe\/wp-json\/wp\/v2\/product_tag?post=136837"}],"curies":[{"name":"wp","href":"https:\/\/api.w.org\/{rel}","templated":true}]}}