{"id":144347,"date":"2022-03-18T22:45:18","date_gmt":"2022-03-19T01:45:18","guid":{"rendered":"https:\/\/hereastore.com\/pe\/producto\/pulseras-bonitas-para-amantes-brazaletes-de-acero-inoxidable-circonia-cubica-dorada-regalos-de-joyeria-para-mujer\/"},"modified":"2026-04-04T10:45:39","modified_gmt":"2026-04-04T13:45:39","slug":"pulseraaceroinoxidable","status":"publish","type":"product","link":"https:\/\/hereastore.com\/pe\/producto\/pulseraaceroinoxidable\/","title":{"rendered":"Pulsera Acero Inoxidable"},"content":{"rendered":"<p>&nbsp;<\/p>\n<p>&nbsp;<\/p>\n<p><span style=\"font-size: 22px;\"><span style=\"font-family: tahoma, arial;\">El di\u00e1metro exterior de la pulsera de 4mm y 6mm es de 5,8 cm, di\u00e1metro interior de 5,6 cm, circunferencia de 16cm<\/span><\/span><\/p>\n<p><span style=\"font-size: 22px;\">El di\u00e1metro exterior de la pulsera de 7mm es de 6,3 cm, di\u00e1metro interior de 6,1 cm, circunferencia de 19cm<\/span><\/p>\n<div><\/div>\n<p><img decoding=\"async\" title=\"Pulseras bonitas para amantes, brazaletes de acero inoxidable, Circonia c\u00fabica dorada, regalos de joyer\u00eda para mujer\" src=\"https:\/\/hereastore.com\/pe\/wp-content\/uploads\/sites\/16\/2022\/03\/144347-kwrkja.jpg\" alt=\"Pulseras bonitas para amantes, brazaletes de acero inoxidable, Circonia c\u00fabica dorada, regalos de joyer\u00eda para mujer\" \/><img decoding=\"async\" title=\"Pulseras bonitas para amantes, brazaletes de acero inoxidable, Circonia c\u00fabica dorada, regalos de joyer\u00eda para mujer\" src=\"https:\/\/hereastore.com\/pe\/wp-content\/uploads\/sites\/16\/2022\/03\/144347-5ywdu1.jpg\" alt=\"Pulseras bonitas para amantes, brazaletes de acero inoxidable, Circonia c\u00fabica dorada, regalos de joyer\u00eda para mujer\" \/><img decoding=\"async\" title=\"Pulseras bonitas para amantes, brazaletes de acero inoxidable, Circonia c\u00fabica dorada, regalos de joyer\u00eda para mujer\" src=\"https:\/\/hereastore.com\/pe\/wp-content\/uploads\/sites\/16\/2022\/03\/144347-7atuta.jpg\" alt=\"Pulseras bonitas para amantes, brazaletes de acero inoxidable, Circonia c\u00fabica dorada, regalos de joyer\u00eda para mujer\" \/><img decoding=\"async\" title=\"Pulseras bonitas para amantes, brazaletes de acero inoxidable, Circonia c\u00fabica dorada, regalos de joyer\u00eda para mujer\" src=\"https:\/\/hereastore.com\/pe\/wp-content\/uploads\/sites\/16\/2022\/03\/144347-hm4ef3.jpg\" alt=\"Pulseras bonitas para amantes, brazaletes de acero inoxidable, Circonia c\u00fabica dorada, regalos de joyer\u00eda para mujer\" \/><img decoding=\"async\" title=\"Pulseras bonitas para amantes, brazaletes de acero inoxidable, Circonia c\u00fabica dorada, regalos de joyer\u00eda para mujer\" src=\"https:\/\/hereastore.com\/pe\/wp-content\/uploads\/sites\/16\/2022\/03\/144347-go55tr.jpg\" alt=\"Pulseras bonitas para amantes, brazaletes de acero inoxidable, Circonia c\u00fabica dorada, regalos de joyer\u00eda para mujer\" \/><img decoding=\"async\" title=\"Pulseras bonitas para amantes, brazaletes de acero inoxidable, Circonia c\u00fabica dorada, regalos de joyer\u00eda para mujer\" src=\"https:\/\/hereastore.com\/pe\/wp-content\/uploads\/sites\/16\/2022\/03\/144347-fdv0or.jpg\" alt=\"Pulseras bonitas para amantes, brazaletes de acero inoxidable, Circonia c\u00fabica dorada, regalos de joyer\u00eda para mujer\" \/><img decoding=\"async\" title=\"Pulseras bonitas para amantes, brazaletes de acero inoxidable, Circonia c\u00fabica dorada, regalos de joyer\u00eda para mujer\" src=\"https:\/\/hereastore.com\/pe\/wp-content\/uploads\/sites\/16\/2022\/03\/144347-zo5j0n.jpg\" alt=\"Pulseras bonitas para amantes, brazaletes de acero inoxidable, Circonia c\u00fabica dorada, regalos de joyer\u00eda para mujer\" \/><img decoding=\"async\" title=\"Pulseras bonitas para amantes, brazaletes de acero inoxidable, Circonia c\u00fabica dorada, regalos de joyer\u00eda para mujer\" src=\"https:\/\/hereastore.com\/pe\/wp-content\/uploads\/sites\/16\/2022\/03\/144347-nfx2t1.jpg\" alt=\"Pulseras bonitas para amantes, brazaletes de acero inoxidable, Circonia c\u00fabica dorada, regalos de joyer\u00eda para mujer\" \/><\/p>\n<div>\n<p>&nbsp;<\/p>\n<\/div>\n<div><\/div>\n<div><\/div>\n<p>&nbsp;<\/p>\n<div><\/div>\n<div><\/div>\n<p>&nbsp;<\/p>\n<p>&nbsp;<\/p>\n","protected":false},"excerpt":{"rendered":"<p>&nbsp; &nbsp; El di\u00e1metro exterior de la pulsera de 4mm y 6mm es de 5,8 cm, di\u00e1metro interior de 5,6 cm, circunferencia de 16cm El di\u00e1metro exterior de la pulsera de 7mm es de 6,3 cm, di\u00e1metro interior de 6,1 cm, circunferencia de 19cm &nbsp; &nbsp; &nbsp; &nbsp;<\/p>\n","protected":false},"featured_media":144360,"comment_status":"open","ping_status":"closed","template":"","meta":[],"product_brand":[],"product_cat":[245,15],"product_tag":[],"class_list":{"0":"post-144347","1":"product","2":"type-product","3":"status-publish","4":"has-post-thumbnail","6":"product_cat-accesorios","7":"product_cat-todos","8":"pa_6bcea75192f98cbedfb10e-4mm-gold","9":"pa_6bcea75192f98cbedfb10e-4mm-rose-gold","10":"pa_6bcea75192f98cbedfb10e-4mm-silver","11":"pa_6bcea75192f98cbedfb10e-6mm-gold-5-6cm","12":"pa_6bcea75192f98cbedfb10e-6mm-gold-5-8cm","13":"pa_6bcea75192f98cbedfb10e-6mm-rose-5-8cm","14":"pa_6bcea75192f98cbedfb10e-6mm-rose-gold-5-6cm","15":"pa_6bcea75192f98cbedfb10e-6mm-silver-5-6cm","16":"pa_6bcea75192f98cbedfb10e-6mm-silver-5-8cm","17":"pa_6bcea75192f98cbedfb10e-7mm-gold","18":"pa_6bcea75192f98cbedfb10e-7mm-rose-gold","19":"pa_6bcea75192f98cbedfb10e-7mm-silver","21":"first","22":"instock","23":"shipping-taxable","24":"purchasable","25":"product-type-variable"},"_links":{"self":[{"href":"https:\/\/hereastore.com\/pe\/wp-json\/wp\/v2\/product\/144347","targetHints":{"allow":["GET"]}}],"collection":[{"href":"https:\/\/hereastore.com\/pe\/wp-json\/wp\/v2\/product"}],"about":[{"href":"https:\/\/hereastore.com\/pe\/wp-json\/wp\/v2\/types\/product"}],"replies":[{"embeddable":true,"href":"https:\/\/hereastore.com\/pe\/wp-json\/wp\/v2\/comments?post=144347"}],"version-history":[{"count":0,"href":"https:\/\/hereastore.com\/pe\/wp-json\/wp\/v2\/product\/144347\/revisions"}],"wp:featuredmedia":[{"embeddable":true,"href":"https:\/\/hereastore.com\/pe\/wp-json\/wp\/v2\/media\/144360"}],"wp:attachment":[{"href":"https:\/\/hereastore.com\/pe\/wp-json\/wp\/v2\/media?parent=144347"}],"wp:term":[{"taxonomy":"product_brand","embeddable":true,"href":"https:\/\/hereastore.com\/pe\/wp-json\/wp\/v2\/product_brand?post=144347"},{"taxonomy":"product_cat","embeddable":true,"href":"https:\/\/hereastore.com\/pe\/wp-json\/wp\/v2\/product_cat?post=144347"},{"taxonomy":"product_tag","embeddable":true,"href":"https:\/\/hereastore.com\/pe\/wp-json\/wp\/v2\/product_tag?post=144347"}],"curies":[{"name":"wp","href":"https:\/\/api.w.org\/{rel}","templated":true}]}}