{"id":170368,"date":"2022-10-15T11:55:08","date_gmt":"2022-10-15T14:55:08","guid":{"rendered":"https:\/\/hereastore.com\/pe\/producto\/huitan-anillos-de-circonia-cubica-para-mujer-joyeria-de-compromiso-gran-oferta\/"},"modified":"2026-04-04T11:04:08","modified_gmt":"2026-04-04T14:04:08","slug":"anillocirconita","status":"publish","type":"product","link":"https:\/\/hereastore.com\/pe\/producto\/anillocirconita\/","title":{"rendered":"Anillo Circonita"},"content":{"rendered":"<div><\/div>\n<div>\n<p style=\"font-family: OpenSans; color: #000000; font-weight: 900; font-size: 20px; line-height: 28px; margin-bottom: 12px; text-align: center;\">Informaci\u00f3n del producto<\/p>\n<p style=\"font-family: OpenSans; color: #000000; font-weight: 300; font-size: 14px; line-height: 20px; margin-bottom: 12px; text-align: center;\">\nN\u00famero de modelo: F444, F445, F446<br \/>\nMaterial: Circonita c\u00fabica<br \/>\nTama\u00f1o: #6 7 8 9 10<br \/>\nPeso: aproximadamente 4,9g<\/p>\n<\/div>\n<p>&nbsp;<\/p>\n<div><img decoding=\"async\" class=\"aligncenter\" title=\"Huitan-anillos de circonia c\u00fabica para mujer, joyer\u00eda de compromiso, gran oferta\" src=\"\/\/ae01.alicdn.com\/kf\/H2c672025560649b48fb35869630fa8a8X.jpg\" alt=\"Huitan-anillos de circonia c\u00fabica para mujer, joyer\u00eda de compromiso, gran oferta\" \/><img decoding=\"async\" class=\"aligncenter\" title=\"Huitan-anillos de circonia c\u00fabica para mujer, joyer\u00eda de compromiso, gran oferta\" src=\"\/\/ae01.alicdn.com\/kf\/H349fcaf6412d4f6e929b342d9d248db49.jpg\" alt=\"Huitan-anillos de circonia c\u00fabica para mujer, joyer\u00eda de compromiso, gran oferta\" \/><img decoding=\"async\" class=\"aligncenter\" title=\"Huitan-anillos de circonia c\u00fabica para mujer, joyer\u00eda de compromiso, gran oferta\" src=\"\/\/ae01.alicdn.com\/kf\/H84d561e7551b4532befc4840c8fbcf99v.jpg\" alt=\"Huitan-anillos de circonia c\u00fabica para mujer, joyer\u00eda de compromiso, gran oferta\" \/><img decoding=\"async\" class=\"aligncenter\" title=\"Huitan-anillos de circonia c\u00fabica para mujer, joyer\u00eda de compromiso, gran oferta\" src=\"\/\/ae01.alicdn.com\/kf\/Hcc3b09c00d204bf2835203a6c055ba11L.jpg\" alt=\"Huitan-anillos de circonia c\u00fabica para mujer, joyer\u00eda de compromiso, gran oferta\" \/><img decoding=\"async\" class=\"aligncenter\" title=\"Huitan-anillos de circonia c\u00fabica para mujer, joyer\u00eda de compromiso, gran oferta\" src=\"\/\/ae01.alicdn.com\/kf\/Hb7260163b04146b2a313fff5bee4748bh.jpg\" alt=\"Huitan-anillos de circonia c\u00fabica para mujer, joyer\u00eda de compromiso, gran oferta\" \/><\/div>\n<div style=\"text-align: center;\"><img decoding=\"async\" title=\"Huitan-anillos de circonia c\u00fabica para mujer, joyer\u00eda de compromiso, gran oferta\" src=\"\/\/ae01.alicdn.com\/kf\/HTB189xRn9tYBeNjSspkq6zU8VXaU.jpg\" alt=\"Huitan-anillos de circonia c\u00fabica para mujer, joyer\u00eda de compromiso, gran oferta\" \/><img decoding=\"async\" title=\"Huitan-anillos de circonia c\u00fabica para mujer, joyer\u00eda de compromiso, gran oferta\" src=\"\/\/ae01.alicdn.com\/kf\/HTB1JQk_d_qWBKNjSZFxq6ApLpXa3.jpg\" alt=\"Huitan-anillos de circonia c\u00fabica para mujer, joyer\u00eda de compromiso, gran oferta\" \/><\/div>\n<div>\n<p style=\"text-align: center;\">\n<p>&nbsp;<\/p>\n<\/div>\n<div>\n<div><\/div>\n<\/div>\n","protected":false},"excerpt":{"rendered":"<p>Informaci\u00f3n del producto N\u00famero de modelo: F444, F445, F446 Material: Circonita c\u00fabica Tama\u00f1o: #6 7 8 9 10 Peso: aproximadamente 4,9g &nbsp; &nbsp;<\/p>\n","protected":false},"featured_media":170389,"comment_status":"open","ping_status":"closed","template":"","meta":[],"product_brand":[],"product_cat":[245,15],"product_tag":[],"class_list":{"0":"post-170368","1":"product","2":"type-product","3":"status-publish","4":"has-post-thumbnail","6":"product_cat-accesorios","7":"product_cat-todos","8":"pa_3b5dc62a7c5086417cf18d-gold-color","9":"pa_3b5dc62a7c5086417cf18d-rose-gold-color","10":"pa_3b5dc62a7c5086417cf18d-silver-color","11":"pa_6c1a6d6cbc8115b3910071-1891","12":"pa_6c1a6d6cbc8115b3910071-1887","13":"pa_6c1a6d6cbc8115b3910071-1888","14":"pa_6c1a6d6cbc8115b3910071-1889","15":"pa_6c1a6d6cbc8115b3910071-1890","17":"first","18":"instock","19":"sale","20":"shipping-taxable","21":"purchasable","22":"product-type-variable"},"_links":{"self":[{"href":"https:\/\/hereastore.com\/pe\/wp-json\/wp\/v2\/product\/170368","targetHints":{"allow":["GET"]}}],"collection":[{"href":"https:\/\/hereastore.com\/pe\/wp-json\/wp\/v2\/product"}],"about":[{"href":"https:\/\/hereastore.com\/pe\/wp-json\/wp\/v2\/types\/product"}],"replies":[{"embeddable":true,"href":"https:\/\/hereastore.com\/pe\/wp-json\/wp\/v2\/comments?post=170368"}],"version-history":[{"count":0,"href":"https:\/\/hereastore.com\/pe\/wp-json\/wp\/v2\/product\/170368\/revisions"}],"wp:featuredmedia":[{"embeddable":true,"href":"https:\/\/hereastore.com\/pe\/wp-json\/wp\/v2\/media\/170389"}],"wp:attachment":[{"href":"https:\/\/hereastore.com\/pe\/wp-json\/wp\/v2\/media?parent=170368"}],"wp:term":[{"taxonomy":"product_brand","embeddable":true,"href":"https:\/\/hereastore.com\/pe\/wp-json\/wp\/v2\/product_brand?post=170368"},{"taxonomy":"product_cat","embeddable":true,"href":"https:\/\/hereastore.com\/pe\/wp-json\/wp\/v2\/product_cat?post=170368"},{"taxonomy":"product_tag","embeddable":true,"href":"https:\/\/hereastore.com\/pe\/wp-json\/wp\/v2\/product_tag?post=170368"}],"curies":[{"name":"wp","href":"https:\/\/api.w.org\/{rel}","templated":true}]}}