{"id":170558,"date":"2022-10-15T13:26:32","date_gmt":"2022-10-15T16:26:32","guid":{"rendered":"https:\/\/hereastore.com\/pe\/producto\/lifefontier-pendientes-de-gota-de-arcilla-polimerica-hechos-a-mano-para-mujer-aretes-colgantes-de-metal-de-arcilla-con-patron-abstracto-joyas-inusuales\/"},"modified":"2026-04-04T11:04:46","modified_gmt":"2026-04-04T14:04:46","slug":"zarcillosmacademia","status":"publish","type":"product","link":"https:\/\/hereastore.com\/pe\/producto\/zarcillosmacademia\/","title":{"rendered":"Zarcillos Macademia"},"content":{"rendered":"<div>\n<div><\/div>\n<div>\n<p>&nbsp;<\/p>\n<\/div>\n<div><\/div>\n<div>\n<p style=\"text-align: center;\">Material: aleaci\u00f3n + arcilla polim\u00e9rica<\/p>\n<\/div>\n<div style=\"text-align: center;\">\n<p>G\u00e9nero: mujer\/dama\/ni\u00f1a<\/p>\n<\/div>\n<div style=\"text-align: center;\">\n<p>Color: como en la foto<\/p>\n<\/div>\n<div>\n<p style=\"text-align: center;\">\n<\/div>\n<div style=\"text-align: center;\"><img decoding=\"async\" title=\"Lifefontier-pendientes de gota de arcilla polim\u00e9rica hechos a mano para mujer, aretes colgantes de Metal de arcilla con patr\u00f3n abstracto, joyas inusuales\" src=\"\/\/ae01.alicdn.com\/kf\/H60dc228e46a44f009bfbb7fe281fd6041.jpg\" alt=\"Lifefontier-pendientes de gota de arcilla polim\u00e9rica hechos a mano para mujer, aretes colgantes de Metal de arcilla con patr\u00f3n abstracto, joyas inusuales\" \/><img decoding=\"async\" title=\"Lifefontier-pendientes de gota de arcilla polim\u00e9rica hechos a mano para mujer, aretes colgantes de Metal de arcilla con patr\u00f3n abstracto, joyas inusuales\" src=\"\/\/ae01.alicdn.com\/kf\/H823a5d800e754438809e6e8ccc2d7dd7B.jpg\" alt=\"Lifefontier-pendientes de gota de arcilla polim\u00e9rica hechos a mano para mujer, aretes colgantes de Metal de arcilla con patr\u00f3n abstracto, joyas inusuales\" \/><img decoding=\"async\" title=\"Lifefontier-pendientes de gota de arcilla polim\u00e9rica hechos a mano para mujer, aretes colgantes de Metal de arcilla con patr\u00f3n abstracto, joyas inusuales\" src=\"\/\/ae01.alicdn.com\/kf\/H82d132e63e8d4834a7aefae87b4fcaaaI.jpg\" alt=\"Lifefontier-pendientes de gota de arcilla polim\u00e9rica hechos a mano para mujer, aretes colgantes de Metal de arcilla con patr\u00f3n abstracto, joyas inusuales\" \/><img decoding=\"async\" title=\"Lifefontier-pendientes de gota de arcilla polim\u00e9rica hechos a mano para mujer, aretes colgantes de Metal de arcilla con patr\u00f3n abstracto, joyas inusuales\" src=\"\/\/ae01.alicdn.com\/kf\/Hfe753642b661483eb373a1450b077dc0K.jpg\" alt=\"Lifefontier-pendientes de gota de arcilla polim\u00e9rica hechos a mano para mujer, aretes colgantes de Metal de arcilla con patr\u00f3n abstracto, joyas inusuales\" \/><img decoding=\"async\" title=\"Lifefontier-pendientes de gota de arcilla polim\u00e9rica hechos a mano para mujer, aretes colgantes de Metal de arcilla con patr\u00f3n abstracto, joyas inusuales\" src=\"\/\/ae01.alicdn.com\/kf\/Hc9e4e312f25a45b4bb183da922b5bdd7n.jpg\" alt=\"Lifefontier-pendientes de gota de arcilla polim\u00e9rica hechos a mano para mujer, aretes colgantes de Metal de arcilla con patr\u00f3n abstracto, joyas inusuales\" \/><img decoding=\"async\" title=\"Lifefontier-pendientes de gota de arcilla polim\u00e9rica hechos a mano para mujer, aretes colgantes de Metal de arcilla con patr\u00f3n abstracto, joyas inusuales\" src=\"\/\/ae01.alicdn.com\/kf\/H4a196fbd12e94eaa9e374eb9e056f9b4P.jpg\" alt=\"Lifefontier-pendientes de gota de arcilla polim\u00e9rica hechos a mano para mujer, aretes colgantes de Metal de arcilla con patr\u00f3n abstracto, joyas inusuales\" \/><img decoding=\"async\" title=\"Lifefontier-pendientes de gota de arcilla polim\u00e9rica hechos a mano para mujer, aretes colgantes de Metal de arcilla con patr\u00f3n abstracto, joyas inusuales\" src=\"\/\/ae01.alicdn.com\/kf\/H406a05af8d994722ba9ad284f363ac92w.jpg\" alt=\"Lifefontier-pendientes de gota de arcilla polim\u00e9rica hechos a mano para mujer, aretes colgantes de Metal de arcilla con patr\u00f3n abstracto, joyas inusuales\" \/><\/div>\n<div><img decoding=\"async\" title=\"Lifefontier-pendientes de gota de arcilla polim\u00e9rica hechos a mano para mujer, aretes colgantes de Metal de arcilla con patr\u00f3n abstracto, joyas inusuales\" src=\"\/\/ae01.alicdn.com\/kf\/Hbff06da4cf1d46c9868416637918245a0.jpg\" alt=\"Lifefontier-pendientes de gota de arcilla polim\u00e9rica hechos a mano para mujer, aretes colgantes de Metal de arcilla con patr\u00f3n abstracto, joyas inusuales\" \/><img decoding=\"async\" title=\"Lifefontier-pendientes de gota de arcilla polim\u00e9rica hechos a mano para mujer, aretes colgantes de Metal de arcilla con patr\u00f3n abstracto, joyas inusuales\" src=\"\/\/ae01.alicdn.com\/kf\/H029e2809462f4d7eb2188d191574aab4O.jpg\" alt=\"Lifefontier-pendientes de gota de arcilla polim\u00e9rica hechos a mano para mujer, aretes colgantes de Metal de arcilla con patr\u00f3n abstracto, joyas inusuales\" \/><img decoding=\"async\" title=\"Lifefontier-pendientes de gota de arcilla polim\u00e9rica hechos a mano para mujer, aretes colgantes de Metal de arcilla con patr\u00f3n abstracto, joyas inusuales\" src=\"\/\/ae01.alicdn.com\/kf\/H3483d017337441b398d6524072a16b1cl.jpg\" alt=\"Lifefontier-pendientes de gota de arcilla polim\u00e9rica hechos a mano para mujer, aretes colgantes de Metal de arcilla con patr\u00f3n abstracto, joyas inusuales\" \/><img decoding=\"async\" title=\"Lifefontier-pendientes de gota de arcilla polim\u00e9rica hechos a mano para mujer, aretes colgantes de Metal de arcilla con patr\u00f3n abstracto, joyas inusuales\" src=\"\/\/ae01.alicdn.com\/kf\/Ha2047ea71ef34f46b53ebed65993f271J.jpg\" alt=\"Lifefontier-pendientes de gota de arcilla polim\u00e9rica hechos a mano para mujer, aretes colgantes de Metal de arcilla con patr\u00f3n abstracto, joyas inusuales\" \/><img decoding=\"async\" title=\"Lifefontier-pendientes de gota de arcilla polim\u00e9rica hechos a mano para mujer, aretes colgantes de Metal de arcilla con patr\u00f3n abstracto, joyas inusuales\" src=\"\/\/ae01.alicdn.com\/kf\/H3a356a51c2fe4eb997342de03ed8017bF.jpg\" alt=\"Lifefontier-pendientes de gota de arcilla polim\u00e9rica hechos a mano para mujer, aretes colgantes de Metal de arcilla con patr\u00f3n abstracto, joyas inusuales\" \/><img decoding=\"async\" title=\"Lifefontier-pendientes de gota de arcilla polim\u00e9rica hechos a mano para mujer, aretes colgantes de Metal de arcilla con patr\u00f3n abstracto, joyas inusuales\" src=\"\/\/ae01.alicdn.com\/kf\/H07890fef53554c0db6038b1290ca75fal.jpg\" alt=\"Lifefontier-pendientes de gota de arcilla polim\u00e9rica hechos a mano para mujer, aretes colgantes de Metal de arcilla con patr\u00f3n abstracto, joyas inusuales\" \/><img decoding=\"async\" title=\"Lifefontier-pendientes de gota de arcilla polim\u00e9rica hechos a mano para mujer, aretes colgantes de Metal de arcilla con patr\u00f3n abstracto, joyas inusuales\" src=\"\/\/ae01.alicdn.com\/kf\/He3a228640eaa47a1bc1390f7c801e1adn.jpg\" alt=\"Lifefontier-pendientes de gota de arcilla polim\u00e9rica hechos a mano para mujer, aretes colgantes de Metal de arcilla con patr\u00f3n abstracto, joyas inusuales\" \/><\/div>\n<p>&nbsp;<\/p>\n<\/div>\n","protected":false},"excerpt":{"rendered":"<p>&nbsp; Material: aleaci\u00f3n + arcilla polim\u00e9rica G\u00e9nero: mujer\/dama\/ni\u00f1a Color: como en la foto &nbsp;<\/p>\n","protected":false},"featured_media":170586,"comment_status":"open","ping_status":"closed","template":"","meta":[],"product_brand":[],"product_cat":[245,15],"product_tag":[],"class_list":{"0":"post-170558","1":"product","2":"type-product","3":"status-publish","4":"has-post-thumbnail","6":"product_cat-accesorios","7":"product_cat-todos","8":"pa_6bcea75192f98cbedfb10e-a","9":"pa_6bcea75192f98cbedfb10e-a1642614e","10":"pa_6bcea75192f98cbedfb10e-a1642615e","11":"pa_6bcea75192f98cbedfb10e-a1642616e","12":"pa_6bcea75192f98cbedfb10e-a1642617e","13":"pa_6bcea75192f98cbedfb10e-a1642618e","14":"pa_6bcea75192f98cbedfb10e-a1642619e","15":"pa_6bcea75192f98cbedfb10e-a1642862e","16":"pa_6bcea75192f98cbedfb10e-a1642863e","17":"pa_6bcea75192f98cbedfb10e-a1642864e","18":"pa_6bcea75192f98cbedfb10e-a1642865e","19":"pa_6bcea75192f98cbedfb10e-a1642929e","20":"pa_6bcea75192f98cbedfb10e-a1642930e","21":"pa_6bcea75192f98cbedfb10e-a1642931e","22":"pa_6bcea75192f98cbedfb10e-a1642932e","23":"pa_6bcea75192f98cbedfb10e-a1642933e","24":"pa_6bcea75192f98cbedfb10e-a1642934e","25":"pa_6bcea75192f98cbedfb10e-b","26":"pa_6bcea75192f98cbedfb10e-c","27":"pa_6bcea75192f98cbedfb10e-d","28":"pa_6bcea75192f98cbedfb10e-e","29":"pa_6bcea75192f98cbedfb10e-f","31":"first","32":"instock","33":"sale","34":"shipping-taxable","35":"purchasable","36":"product-type-variable"},"_links":{"self":[{"href":"https:\/\/hereastore.com\/pe\/wp-json\/wp\/v2\/product\/170558","targetHints":{"allow":["GET"]}}],"collection":[{"href":"https:\/\/hereastore.com\/pe\/wp-json\/wp\/v2\/product"}],"about":[{"href":"https:\/\/hereastore.com\/pe\/wp-json\/wp\/v2\/types\/product"}],"replies":[{"embeddable":true,"href":"https:\/\/hereastore.com\/pe\/wp-json\/wp\/v2\/comments?post=170558"}],"version-history":[{"count":0,"href":"https:\/\/hereastore.com\/pe\/wp-json\/wp\/v2\/product\/170558\/revisions"}],"wp:featuredmedia":[{"embeddable":true,"href":"https:\/\/hereastore.com\/pe\/wp-json\/wp\/v2\/media\/170586"}],"wp:attachment":[{"href":"https:\/\/hereastore.com\/pe\/wp-json\/wp\/v2\/media?parent=170558"}],"wp:term":[{"taxonomy":"product_brand","embeddable":true,"href":"https:\/\/hereastore.com\/pe\/wp-json\/wp\/v2\/product_brand?post=170558"},{"taxonomy":"product_cat","embeddable":true,"href":"https:\/\/hereastore.com\/pe\/wp-json\/wp\/v2\/product_cat?post=170558"},{"taxonomy":"product_tag","embeddable":true,"href":"https:\/\/hereastore.com\/pe\/wp-json\/wp\/v2\/product_tag?post=170558"}],"curies":[{"name":"wp","href":"https:\/\/api.w.org\/{rel}","templated":true}]}}