{"id":171166,"date":"2022-10-18T18:29:16","date_gmt":"2022-10-18T21:29:16","guid":{"rendered":"https:\/\/hereastore.com\/pe\/producto\/rancai-limpiador-profesional-de-brochas-de-maquillaje-herramienta-de-lavado-y-secado-rapido-maquina-de-limpieza\/"},"modified":"2026-04-04T11:06:04","modified_gmt":"2026-04-04T14:06:04","slug":"limpiadorprofesionaldebrochas","status":"publish","type":"product","link":"https:\/\/hereastore.com\/pe\/producto\/limpiadorprofesionaldebrochas\/","title":{"rendered":"Limpiador Profesional De Brochas"},"content":{"rendered":"<p style=\"text-align: center;\">\n<div>\n<div style=\"text-align: center;\">\n<div>\n<div>\n<div>\n<div id=\"353242629873\" data-previewurl=\"\/\/img.alicdn.com\/imgextra\/i2\/6000000006887\/O1CN01v1P62x20kIS5gNMBU_!!6000000006887-0-tbvideo.jpg\"><\/div>\n<\/div>\n<\/div>\n<p><span style=\"font-size: 13px;\">\u00datil limpiador el\u00e9ctrico de cepillos de maquillaje conjunto de cepillos de maquillaje pr\u00e1ctica herramienta de limpieza en segundos brochas de maquillaje<\/span><\/p>\n<p>&nbsp;<\/p>\n<div><span style=\"font-size: 16px;\"><span style=\"font-family: arial, helvetica, sans-serif;\">Especificaci\u00f3n:<\/span><\/span><\/div>\n<div>\n<div><\/div>\n<div>Funci\u00f3n 3 en 1. Adecuado para la mayor\u00eda de los tipos de pinceles de maquillaje (di\u00e1metro de 4 a 30mm) limpio y seco; 2. Reduce el da\u00f1o a nuestros pinceles de maquillaje; 3. Se puede utilizar como un acabado de brochas de maquillaje, puede almacenar 8 brochas.<\/div>\n<div><\/div>\n<div>F\u00e1cil de usar y m\u00e1s efectivo: solo tres pasos r\u00e1pidos para limpiar el pincel de maquillaje: 1. Conecta el cepillo al spinner; 2. Vierte agua y jab\u00f3n en el bol; 3. Sumergir y girar para limpiar, levantar y girar para secar.<\/div>\n<div><\/div>\n<div><\/div>\n<div>C\u00f3mo usarlo:<\/div>\n<div>\u2460: Instala dos pilas AAA (no incluidas);<\/div>\n<div>\u2461: A\u00f1ade agua y l\u00edquido de limpieza al cuenco;<\/div>\n<div>\u2462: Moje primero la brocha de base, luego presiona y mant\u00e9n pulsado el interruptor;<\/div>\n<div>\u2463: S\u00e1calo 1-2 minutos despu\u00e9s de limpiarlo.<\/div>\n<div><\/div>\n<div>Lista de embalaje:<\/div>\n<p>Modelo:<\/p>\n<div>1 x bandeja para brochas de maquillaje<\/div>\n<div>1 pincel de maquillaje para rev\u00f3lver<\/div>\n<div>8 x brochas de maquillaje<\/div>\n<div>1 mango exfoliante (rojo, negro, blanco)<\/div>\n<div>Nota: pilas AAA no incluidas<\/div>\n<div><\/div>\n<div>\n<div>\n<div>\n<p>Modelo B:<\/p>\n<div>1 x bandeja para brochas de maquillaje<\/div>\n<div>1 pincel de maquillaje para rev\u00f3lver<\/div>\n<div>1&#215;8 en 1 brocha de maquillaje<\/div>\n<div>1 mango exfoliante (rojo, negro, blanco)<\/div>\n<div>Nota: pilas AAA no incluidas<\/div>\n<\/div>\n<\/div>\n<\/div>\n<\/div>\n<\/div>\n<div><\/div>\n<p><img decoding=\"async\" title=\"RANCAI-limpiador profesional de brochas de maquillaje, herramienta de lavado y secado r\u00e1pido, m\u00e1quina de limpieza\" src=\"\/\/ae01.alicdn.com\/kf\/Hea357e7e85a24d48913e028be1164030M.jpg?width=800&amp;height=800&amp;hash=1600\" alt=\"RANCAI-limpiador profesional de brochas de maquillaje, herramienta de lavado y secado r\u00e1pido, m\u00e1quina de limpieza\" \/><br \/>\n<img decoding=\"async\" title=\"RANCAI-limpiador profesional de brochas de maquillaje, herramienta de lavado y secado r\u00e1pido, m\u00e1quina de limpieza\" src=\"\/\/ae01.alicdn.com\/kf\/H84baa262112f46f9be5083ae7758182dC.jpg?width=800&amp;height=800&amp;hash=1600\" alt=\"RANCAI-limpiador profesional de brochas de maquillaje, herramienta de lavado y secado r\u00e1pido, m\u00e1quina de limpieza\" \/><img decoding=\"async\" title=\"RANCAI-limpiador profesional de brochas de maquillaje, herramienta de lavado y secado r\u00e1pido, m\u00e1quina de limpieza\" src=\"\/\/ae01.alicdn.com\/kf\/H5ae19d18cf654b1fb933a3e12dc0d1b2w.jpg?width=800&amp;height=800&amp;hash=1600\" alt=\"RANCAI-limpiador profesional de brochas de maquillaje, herramienta de lavado y secado r\u00e1pido, m\u00e1quina de limpieza\" \/><br \/>\n<img decoding=\"async\" title=\"RANCAI-limpiador profesional de brochas de maquillaje, herramienta de lavado y secado r\u00e1pido, m\u00e1quina de limpieza\" src=\"\/\/ae01.alicdn.com\/kf\/H94b36ec495b34a5c92de18ed128edc40U.jpg?width=800&amp;height=800&amp;hash=1600\" alt=\"RANCAI-limpiador profesional de brochas de maquillaje, herramienta de lavado y secado r\u00e1pido, m\u00e1quina de limpieza\" \/><img decoding=\"async\" title=\"RANCAI-limpiador profesional de brochas de maquillaje, herramienta de lavado y secado r\u00e1pido, m\u00e1quina de limpieza\" src=\"\/\/ae01.alicdn.com\/kf\/H1eac80fae4964f85adee3a3c2e4ccd23Q.jpg?width=800&amp;height=800&amp;hash=1600\" alt=\"RANCAI-limpiador profesional de brochas de maquillaje, herramienta de lavado y secado r\u00e1pido, m\u00e1quina de limpieza\" \/><img decoding=\"async\" title=\"RANCAI-limpiador profesional de brochas de maquillaje, herramienta de lavado y secado r\u00e1pido, m\u00e1quina de limpieza\" src=\"\/\/ae01.alicdn.com\/kf\/H1fdf16b53c3a48caafaaaba01e597336Q.jpg?width=800&amp;height=800&amp;hash=1600\" alt=\"RANCAI-limpiador profesional de brochas de maquillaje, herramienta de lavado y secado r\u00e1pido, m\u00e1quina de limpieza\" \/><br \/>\n<img decoding=\"async\" title=\"RANCAI-limpiador profesional de brochas de maquillaje, herramienta de lavado y secado r\u00e1pido, m\u00e1quina de limpieza\" src=\"\/\/ae01.alicdn.com\/kf\/Hd2488ff48854403bb2f637568e040e11i.jpg?width=800&amp;height=800&amp;hash=1600\" alt=\"RANCAI-limpiador profesional de brochas de maquillaje, herramienta de lavado y secado r\u00e1pido, m\u00e1quina de limpieza\" \/><img decoding=\"async\" title=\"RANCAI-limpiador profesional de brochas de maquillaje, herramienta de lavado y secado r\u00e1pido, m\u00e1quina de limpieza\" src=\"\/\/ae01.alicdn.com\/kf\/H2170b535972943e0a8e016e061ff8dfbr.jpg?width=800&amp;height=800&amp;hash=1600\" alt=\"RANCAI-limpiador profesional de brochas de maquillaje, herramienta de lavado y secado r\u00e1pido, m\u00e1quina de limpieza\" \/><img decoding=\"async\" title=\"RANCAI-limpiador profesional de brochas de maquillaje, herramienta de lavado y secado r\u00e1pido, m\u00e1quina de limpieza\" src=\"\/\/ae01.alicdn.com\/kf\/Hf63ea294fb54415dbe1bd1a1425c6f00s.jpg?width=800&amp;height=800&amp;hash=1600\" alt=\"RANCAI-limpiador profesional de brochas de maquillaje, herramienta de lavado y secado r\u00e1pido, m\u00e1quina de limpieza\" \/><\/p>\n<p>&nbsp;<\/p>\n<div><\/div>\n<\/div>\n<p style=\"text-align: center;\">\n<p style=\"text-align: center;\">\n<p>&nbsp;<\/p>\n<\/div>\n","protected":false},"excerpt":{"rendered":"<p>\u00datil limpiador el\u00e9ctrico de cepillos de maquillaje conjunto de cepillos de maquillaje pr\u00e1ctica herramienta de limpieza en segundos brochas de maquillaje &nbsp; Especificaci\u00f3n: Funci\u00f3n 3 en 1. Adecuado para la mayor\u00eda de los tipos de pinceles de maquillaje (di\u00e1metro de 4 a 30mm) limpio y seco; 2. Reduce el da\u00f1o a nuestros pinceles de maquillaje; [&hellip;]<\/p>\n","protected":false},"featured_media":171182,"comment_status":"open","ping_status":"closed","template":"","meta":[],"product_brand":[],"product_cat":[247,15],"product_tag":[],"class_list":{"0":"post-171166","1":"product","2":"type-product","3":"status-publish","4":"has-post-thumbnail","6":"product_cat-belleza-y-maquillaje","7":"product_cat-todos","8":"pa_cb5feb1b7314637725a2e7-a-bowl-only","9":"pa_cb5feb1b7314637725a2e7-model-a-black","10":"pa_cb5feb1b7314637725a2e7-model-a-pink","11":"pa_cb5feb1b7314637725a2e7-model-a-red","12":"pa_cb5feb1b7314637725a2e7-model-a-white","13":"pa_cb5feb1b7314637725a2e7-model-b-black","14":"pa_cb5feb1b7314637725a2e7-model-b-white","15":"pa_cb5feb1b7314637725a2e7-only-handle-black","16":"pa_cb5feb1b7314637725a2e7-only-handle-red","17":"pa_cb5feb1b7314637725a2e7-only-handle-white","19":"first","20":"instock","21":"sale","22":"shipping-taxable","23":"purchasable","24":"product-type-variable"},"_links":{"self":[{"href":"https:\/\/hereastore.com\/pe\/wp-json\/wp\/v2\/product\/171166","targetHints":{"allow":["GET"]}}],"collection":[{"href":"https:\/\/hereastore.com\/pe\/wp-json\/wp\/v2\/product"}],"about":[{"href":"https:\/\/hereastore.com\/pe\/wp-json\/wp\/v2\/types\/product"}],"replies":[{"embeddable":true,"href":"https:\/\/hereastore.com\/pe\/wp-json\/wp\/v2\/comments?post=171166"}],"version-history":[{"count":0,"href":"https:\/\/hereastore.com\/pe\/wp-json\/wp\/v2\/product\/171166\/revisions"}],"wp:featuredmedia":[{"embeddable":true,"href":"https:\/\/hereastore.com\/pe\/wp-json\/wp\/v2\/media\/171182"}],"wp:attachment":[{"href":"https:\/\/hereastore.com\/pe\/wp-json\/wp\/v2\/media?parent=171166"}],"wp:term":[{"taxonomy":"product_brand","embeddable":true,"href":"https:\/\/hereastore.com\/pe\/wp-json\/wp\/v2\/product_brand?post=171166"},{"taxonomy":"product_cat","embeddable":true,"href":"https:\/\/hereastore.com\/pe\/wp-json\/wp\/v2\/product_cat?post=171166"},{"taxonomy":"product_tag","embeddable":true,"href":"https:\/\/hereastore.com\/pe\/wp-json\/wp\/v2\/product_tag?post=171166"}],"curies":[{"name":"wp","href":"https:\/\/api.w.org\/{rel}","templated":true}]}}