{"id":185046,"date":"2023-05-22T16:54:04","date_gmt":"2023-05-22T19:54:04","guid":{"rendered":"https:\/\/hereastore.com\/pe\/producto\/zrtak-bikinis-con-ajuste-de-cuerda-para-mujer-traje-de-bano-sexy-con-copa-triangular-conjuntos-de-bikini-con-tanga-y-cuello-halter-microbanador-de-vendaje-2022\/"},"modified":"2026-04-04T18:55:10","modified_gmt":"2026-04-04T21:55:10","slug":"bikinicristina","status":"publish","type":"product","link":"https:\/\/hereastore.com\/pe\/producto\/bikinicristina\/","title":{"rendered":"Bikini Cristina"},"content":{"rendered":"<div><\/div>\n<div><\/div>\n<div>\n<div>\n<div>\n<p>Deslumbra con nuestro traje de ba\u00f1o sensual de dos piezas en colores vibrantes. Dise\u00f1ado para resaltar tu figura y captar todas las miradas, este modelo es perfecto para quienes buscan un look atrevido y lleno de energ\u00eda. \u00a1Haz de cada d\u00eda de playa una pasarela!<\/p>\n<p>\u00bfPor qu\u00e9 te encantar\u00e1?<\/p>\n<p>-Dise\u00f1os vibrantes: Colores alegres que reflejan tu estilo \u00fanico y a\u00f1aden sensualidad cada d\u00eda.<\/p>\n<p>\u00a1Compra con confianza!<\/p>\n<p>-Env\u00edo gratis a todo Per\u00fa: Est\u00e9s donde est\u00e9s, tu traje de ba\u00f1o llega directamente a tu puerta sin costo adicional.<\/p>\n<p>-Garant\u00eda de 30 d\u00edas: Si tu traje de ba\u00f1o sufre alg\u00fan desperfecto en la tela cuenta con una garant\u00eda con nosotros y obtienes tu devoluci\u00f3n.<\/p>\n<p>-Paga como prefieras: Aceptamos todos los m\u00e9todos de pago disponibles en Per\u00fa, con la opci\u00f3n de pagar en 3 a 6 cuotas sin inter\u00e9s.<\/p>\n<p>\u00a1No te pierdas esta oportunidad y lleva contigo estilo, comodidad y felicidad en tu look playero!<\/p>\n<\/div>\n<div><\/div>\n<div><\/div>\n<div><img decoding=\"async\" class=\"aligncenter\" title=\"ZRTAK-Bikinis con ajuste de cuerda para mujer, traje de ba\u00f1o Sexy con copa triangular, conjuntos de Bikini con Tanga y cuello Halter, microba\u00f1ador de vendaje, 2022\" src=\"https:\/\/hereastore.com\/pe\/wp-content\/uploads\/sites\/16\/2024\/12\/185046-4890a0.jpeg\" alt=\"ZRTAK-Bikinis con ajuste de cuerda para mujer, traje de ba\u00f1o Sexy con copa triangular, conjuntos de Bikini con Tanga y cuello Halter, microba\u00f1ador de vendaje, 2022\" \/><\/div>\n<div style=\"text-align: center;\"><\/div>\n<div style=\"text-align: center;\"><\/div>\n<div style=\"text-align: center;\"><\/div>\n<div style=\"text-align: center;\"><\/div>\n<div style=\"text-align: center;\"><img decoding=\"async\" style=\"margin-bottom: 10px;\" title=\"ZRTAK-Bikinis con ajuste de cuerda para mujer, traje de ba\u00f1o Sexy con copa triangular, conjuntos de Bikini con Tanga y cuello Halter, microba\u00f1ador de vendaje, 2022\" src=\"\/\/ae01.alicdn.com\/kf\/S98e5a501ef1f48b0aace46792ab59b18g.jpg\" alt=\"ZRTAK-Bikinis con ajuste de cuerda para mujer, traje de ba\u00f1o Sexy con copa triangular, conjuntos de Bikini con Tanga y cuello Halter, microba\u00f1ador de vendaje, 2022\" \/><img decoding=\"async\" style=\"margin-bottom: 10px;\" title=\"ZRTAK-Bikinis con ajuste de cuerda para mujer, traje de ba\u00f1o Sexy con copa triangular, conjuntos de Bikini con Tanga y cuello Halter, microba\u00f1ador de vendaje, 2022\" src=\"\/\/ae01.alicdn.com\/kf\/Sf4d0eb7eaed54468b184cc2f65c0ea88M.png\" alt=\"ZRTAK-Bikinis con ajuste de cuerda para mujer, traje de ba\u00f1o Sexy con copa triangular, conjuntos de Bikini con Tanga y cuello Halter, microba\u00f1ador de vendaje, 2022\" \/><img decoding=\"async\" style=\"margin-bottom: 10px;\" title=\"ZRTAK-Bikinis con ajuste de cuerda para mujer, traje de ba\u00f1o Sexy con copa triangular, conjuntos de Bikini con Tanga y cuello Halter, microba\u00f1ador de vendaje, 2022\" src=\"\/\/ae01.alicdn.com\/kf\/S7a512eb721514804b5fd4c5f83fb4120p.jpg\" alt=\"ZRTAK-Bikinis con ajuste de cuerda para mujer, traje de ba\u00f1o Sexy con copa triangular, conjuntos de Bikini con Tanga y cuello Halter, microba\u00f1ador de vendaje, 2022\" \/><img decoding=\"async\" style=\"margin-bottom: 10px;\" title=\"ZRTAK-Bikinis con ajuste de cuerda para mujer, traje de ba\u00f1o Sexy con copa triangular, conjuntos de Bikini con Tanga y cuello Halter, microba\u00f1ador de vendaje, 2022\" src=\"\/\/ae01.alicdn.com\/kf\/S00c130a20463496a934942f987b86454T.jpg\" alt=\"ZRTAK-Bikinis con ajuste de cuerda para mujer, traje de ba\u00f1o Sexy con copa triangular, conjuntos de Bikini con Tanga y cuello Halter, microba\u00f1ador de vendaje, 2022\" \/><img decoding=\"async\" style=\"margin-bottom: 10px;\" title=\"ZRTAK-Bikinis con ajuste de cuerda para mujer, traje de ba\u00f1o Sexy con copa triangular, conjuntos de Bikini con Tanga y cuello Halter, microba\u00f1ador de vendaje, 2022\" src=\"\/\/ae01.alicdn.com\/kf\/S055fcb273d4b4202a7bacef108c3db66o.jpg\" alt=\"ZRTAK-Bikinis con ajuste de cuerda para mujer, traje de ba\u00f1o Sexy con copa triangular, conjuntos de Bikini con Tanga y cuello Halter, microba\u00f1ador de vendaje, 2022\" \/><img decoding=\"async\" style=\"margin-bottom: 10px;\" title=\"ZRTAK-Bikinis con ajuste de cuerda para mujer, traje de ba\u00f1o Sexy con copa triangular, conjuntos de Bikini con Tanga y cuello Halter, microba\u00f1ador de vendaje, 2022\" src=\"\/\/ae01.alicdn.com\/kf\/S2b678da3b09e40d6932fd92405a113f1B.jpg\" alt=\"ZRTAK-Bikinis con ajuste de cuerda para mujer, traje de ba\u00f1o Sexy con copa triangular, conjuntos de Bikini con Tanga y cuello Halter, microba\u00f1ador de vendaje, 2022\" \/><img decoding=\"async\" style=\"margin-bottom: 10px;\" title=\"ZRTAK-Bikinis con ajuste de cuerda para mujer, traje de ba\u00f1o Sexy con copa triangular, conjuntos de Bikini con Tanga y cuello Halter, microba\u00f1ador de vendaje, 2022\" src=\"\/\/ae01.alicdn.com\/kf\/Sfce33c7ace874f4fa156fad51329517bR.jpg\" alt=\"ZRTAK-Bikinis con ajuste de cuerda para mujer, traje de ba\u00f1o Sexy con copa triangular, conjuntos de Bikini con Tanga y cuello Halter, microba\u00f1ador de vendaje, 2022\" \/><img decoding=\"async\" style=\"margin-bottom: 10px;\" title=\"ZRTAK-Bikinis con ajuste de cuerda para mujer, traje de ba\u00f1o Sexy con copa triangular, conjuntos de Bikini con Tanga y cuello Halter, microba\u00f1ador de vendaje, 2022\" src=\"\/\/ae01.alicdn.com\/kf\/S00f89fa300bc43f1aa80c0e7d83caa78r.jpg\" alt=\"ZRTAK-Bikinis con ajuste de cuerda para mujer, traje de ba\u00f1o Sexy con copa triangular, conjuntos de Bikini con Tanga y cuello Halter, microba\u00f1ador de vendaje, 2022\" \/><\/div>\n<div style=\"text-align: center;\"><\/div>\n<p style=\"text-align: center;\">\n<\/div>\n<\/div>\n","protected":false},"excerpt":{"rendered":"<p>Deslumbra con nuestro traje de ba\u00f1o sensual de dos piezas en colores vibrantes. Dise\u00f1ado para resaltar tu figura y captar todas las miradas, este modelo es perfecto para quienes buscan un look atrevido y lleno de energ\u00eda. \u00a1Haz de cada d\u00eda de playa una pasarela! \u00bfPor qu\u00e9 te encantar\u00e1? -Dise\u00f1os vibrantes: Colores alegres que reflejan [&hellip;]<\/p>\n","protected":false},"featured_media":186155,"comment_status":"open","ping_status":"closed","template":"","meta":[],"product_brand":[],"product_cat":[234,15],"product_tag":[],"class_list":{"0":"post-185046","1":"product","2":"type-product","3":"status-publish","4":"has-post-thumbnail","6":"product_cat-bikinis","7":"product_cat-todos","8":"pa_a4a8fbf9f14b58bf488819-6349","9":"pa_a4a8fbf9f14b58bf488819-6356","10":"pa_a4a8fbf9f14b58bf488819-6350","11":"pa_f294abc323c8581b087d9a-l","12":"pa_f294abc323c8581b087d9a-m","13":"pa_f294abc323c8581b087d9a-s","15":"first","16":"instock","17":"sale","18":"shipping-taxable","19":"purchasable","20":"product-type-variable"},"_links":{"self":[{"href":"https:\/\/hereastore.com\/pe\/wp-json\/wp\/v2\/product\/185046","targetHints":{"allow":["GET"]}}],"collection":[{"href":"https:\/\/hereastore.com\/pe\/wp-json\/wp\/v2\/product"}],"about":[{"href":"https:\/\/hereastore.com\/pe\/wp-json\/wp\/v2\/types\/product"}],"replies":[{"embeddable":true,"href":"https:\/\/hereastore.com\/pe\/wp-json\/wp\/v2\/comments?post=185046"}],"version-history":[{"count":0,"href":"https:\/\/hereastore.com\/pe\/wp-json\/wp\/v2\/product\/185046\/revisions"}],"wp:featuredmedia":[{"embeddable":true,"href":"https:\/\/hereastore.com\/pe\/wp-json\/wp\/v2\/media\/186155"}],"wp:attachment":[{"href":"https:\/\/hereastore.com\/pe\/wp-json\/wp\/v2\/media?parent=185046"}],"wp:term":[{"taxonomy":"product_brand","embeddable":true,"href":"https:\/\/hereastore.com\/pe\/wp-json\/wp\/v2\/product_brand?post=185046"},{"taxonomy":"product_cat","embeddable":true,"href":"https:\/\/hereastore.com\/pe\/wp-json\/wp\/v2\/product_cat?post=185046"},{"taxonomy":"product_tag","embeddable":true,"href":"https:\/\/hereastore.com\/pe\/wp-json\/wp\/v2\/product_tag?post=185046"}],"curies":[{"name":"wp","href":"https:\/\/api.w.org\/{rel}","templated":true}]}}