{"id":185150,"date":"2023-05-22T17:09:31","date_gmt":"2023-05-22T20:09:31","guid":{"rendered":"https:\/\/hereastore.com\/pe\/producto\/zrtak-bikinis-sexys-para-mujer-traje-de-bano-de-leopardo-ropa-de-playa-solida-bikinis-de-copa-2023\/"},"modified":"2026-04-04T18:55:30","modified_gmt":"2026-04-04T21:55:30","slug":"bikinifrancisca","status":"publish","type":"product","link":"https:\/\/hereastore.com\/pe\/producto\/bikinifrancisca\/","title":{"rendered":"Bikini Francisca"},"content":{"rendered":"<div>\n<div>\n<div><\/div>\n<\/div>\n<\/div>\n<div><\/div>\n<div>\n<p>Deslumbra con nuestro traje de ba\u00f1o sensual de dos piezas en colores vibrantes. Dise\u00f1ado para resaltar tu figura y captar todas las miradas, este modelo es perfecto para quienes buscan un look atrevido y lleno de energ\u00eda. \u00a1Haz de cada d\u00eda de playa una pasarela!<\/p>\n<p>\u00bfPor qu\u00e9 te encantar\u00e1?<\/p>\n<p>-Dise\u00f1o vibrante: Colores alegres que reflejan tu estilo \u00fanico y a\u00f1aden sensualidad cada d\u00eda.<\/p>\n<p>\u00a1Compra con confianza!<\/p>\n<p>-Env\u00edo gratis a todo Per\u00fa: Est\u00e9s donde est\u00e9s, tu traje de ba\u00f1o llega directamente a tu puerta sin costo adicional.<\/p>\n<p>-Garant\u00eda de 30 d\u00edas: Si tu traje de ba\u00f1o sufre alg\u00fan desperfecto en la tela cuenta con una garant\u00eda con nosotros y obtienes tu devoluci\u00f3n.<\/p>\n<p>-Paga como prefieras: Aceptamos todos los m\u00e9todos de pago disponibles en Per\u00fa, con la opci\u00f3n de pagar en 3 a 6 cuotas sin inter\u00e9s.<\/p>\n<p>\u00a1No te pierdas esta oportunidad y lleva contigo estilo, comodidad y felicidad en tu look playero!<\/p>\n<\/div>\n<div>\n<div>\n<div><\/div>\n<div><\/div>\n<div><img decoding=\"async\" class=\"aligncenter\" style=\"margin-bottom: 10px;\" title=\"ZRTAK-Bikinis sexys para mujer, traje de ba\u00f1o de leopardo, ropa de playa s\u00f3lida, Bikinis de copa 2023\" src=\"https:\/\/hereastore.com\/pe\/wp-content\/uploads\/sites\/16\/2024\/12\/185150-aa38dd.jpeg\" alt=\"ZRTAK-Bikinis sexys para mujer, traje de ba\u00f1o de leopardo, ropa de playa s\u00f3lida, Bikinis de copa 2023\" \/><\/div>\n<div style=\"text-align: center;\"><\/div>\n<div style=\"text-align: center;\"><img decoding=\"async\" style=\"margin-bottom: 10px;\" title=\"ZRTAK-Bikinis sexys para mujer, traje de ba\u00f1o de leopardo, ropa de playa s\u00f3lida, Bikinis de copa 2023\" src=\"\/\/ae01.alicdn.com\/kf\/S7b5b214127864592a48f91765f7bf9deu.jpg\" alt=\"ZRTAK-Bikinis sexys para mujer, traje de ba\u00f1o de leopardo, ropa de playa s\u00f3lida, Bikinis de copa 2023\" \/><img decoding=\"async\" style=\"margin-bottom: 10px;\" title=\"ZRTAK-Bikinis sexys para mujer, traje de ba\u00f1o de leopardo, ropa de playa s\u00f3lida, Bikinis de copa 2023\" src=\"\/\/ae01.alicdn.com\/kf\/S66146f134b124ecfae4f261b3e6b34c8j.jpg\" alt=\"ZRTAK-Bikinis sexys para mujer, traje de ba\u00f1o de leopardo, ropa de playa s\u00f3lida, Bikinis de copa 2023\" \/><img decoding=\"async\" style=\"margin-bottom: 10px;\" title=\"ZRTAK-Bikinis sexys para mujer, traje de ba\u00f1o de leopardo, ropa de playa s\u00f3lida, Bikinis de copa 2023\" src=\"\/\/ae01.alicdn.com\/kf\/S0df38aa366f94474bb8caae024698970K.jpg\" alt=\"ZRTAK-Bikinis sexys para mujer, traje de ba\u00f1o de leopardo, ropa de playa s\u00f3lida, Bikinis de copa 2023\" \/><img decoding=\"async\" style=\"margin-bottom: 10px;\" title=\"ZRTAK-Bikinis sexys para mujer, traje de ba\u00f1o de leopardo, ropa de playa s\u00f3lida, Bikinis de copa 2023\" src=\"\/\/ae01.alicdn.com\/kf\/S56a408fc97984c00a64c4e10ab48cfdcF.jpg\" alt=\"ZRTAK-Bikinis sexys para mujer, traje de ba\u00f1o de leopardo, ropa de playa s\u00f3lida, Bikinis de copa 2023\" \/><img decoding=\"async\" style=\"margin-bottom: 10px;\" title=\"ZRTAK-Bikinis sexys para mujer, traje de ba\u00f1o de leopardo, ropa de playa s\u00f3lida, Bikinis de copa 2023\" src=\"\/\/ae01.alicdn.com\/kf\/Sf113fb9ce66a458790688177ae1a0250F.jpg\" alt=\"ZRTAK-Bikinis sexys para mujer, traje de ba\u00f1o de leopardo, ropa de playa s\u00f3lida, Bikinis de copa 2023\" \/><\/div>\n<div style=\"text-align: center;\"><img decoding=\"async\" title=\"ZRTAK-Bikinis sexys para mujer, traje de ba\u00f1o de leopardo, ropa de playa s\u00f3lida, Bikinis de copa 2023\" src=\"\/\/ae01.alicdn.com\/kf\/S667dc6ef0f6c4271a0089240bf4b820eA.jpg\" alt=\"ZRTAK-Bikinis sexys para mujer, traje de ba\u00f1o de leopardo, ropa de playa s\u00f3lida, Bikinis de copa 2023\" \/><img decoding=\"async\" title=\"ZRTAK-Bikinis sexys para mujer, traje de ba\u00f1o de leopardo, ropa de playa s\u00f3lida, Bikinis de copa 2023\" src=\"\/\/ae01.alicdn.com\/kf\/Scab7eee05cd24c248e1d68454f789aa0Q.jpg\" alt=\"ZRTAK-Bikinis sexys para mujer, traje de ba\u00f1o de leopardo, ropa de playa s\u00f3lida, Bikinis de copa 2023\" \/><img decoding=\"async\" title=\"ZRTAK-Bikinis sexys para mujer, traje de ba\u00f1o de leopardo, ropa de playa s\u00f3lida, Bikinis de copa 2023\" src=\"\/\/ae01.alicdn.com\/kf\/Sf7b254820aab4b1f98d9da0486da7524l.jpg\" alt=\"ZRTAK-Bikinis sexys para mujer, traje de ba\u00f1o de leopardo, ropa de playa s\u00f3lida, Bikinis de copa 2023\" \/><\/div>\n<div style=\"text-align: center;\"><img decoding=\"async\" title=\"ZRTAK-Bikinis sexys para mujer, traje de ba\u00f1o de leopardo, ropa de playa s\u00f3lida, Bikinis de copa 2023\" src=\"\/\/ae01.alicdn.com\/kf\/S2d495aae9ff14a17a511eedaebf95e69n.jpg\" alt=\"ZRTAK-Bikinis sexys para mujer, traje de ba\u00f1o de leopardo, ropa de playa s\u00f3lida, Bikinis de copa 2023\" \/><img decoding=\"async\" title=\"ZRTAK-Bikinis sexys para mujer, traje de ba\u00f1o de leopardo, ropa de playa s\u00f3lida, Bikinis de copa 2023\" src=\"\/\/ae01.alicdn.com\/kf\/S4367dda2d76644a785b7923fc66f1824d.jpg\" alt=\"ZRTAK-Bikinis sexys para mujer, traje de ba\u00f1o de leopardo, ropa de playa s\u00f3lida, Bikinis de copa 2023\" \/><img decoding=\"async\" style=\"margin-bottom: 10px;\" title=\"ZRTAK-Bikinis sexys para mujer, traje de ba\u00f1o de leopardo, ropa de playa s\u00f3lida, Bikinis de copa 2023\" src=\"\/\/ae01.alicdn.com\/kf\/Sfd8ab67c3a674c5997bce9ec33067fd2j.jpg\" alt=\"ZRTAK-Bikinis sexys para mujer, traje de ba\u00f1o de leopardo, ropa de playa s\u00f3lida, Bikinis de copa 2023\" \/><img decoding=\"async\" style=\"margin-bottom: 10px;\" title=\"ZRTAK-Bikinis sexys para mujer, traje de ba\u00f1o de leopardo, ropa de playa s\u00f3lida, Bikinis de copa 2023\" src=\"\/\/ae01.alicdn.com\/kf\/Sbea9212d5d704cb1b590b53169ff097db.jpg\" alt=\"ZRTAK-Bikinis sexys para mujer, traje de ba\u00f1o de leopardo, ropa de playa s\u00f3lida, Bikinis de copa 2023\" \/><img decoding=\"async\" style=\"margin-bottom: 10px;\" title=\"ZRTAK-Bikinis sexys para mujer, traje de ba\u00f1o de leopardo, ropa de playa s\u00f3lida, Bikinis de copa 2023\" src=\"\/\/ae01.alicdn.com\/kf\/Sa75a77b4e1c04a42bbd649a9c16058c8J.jpg\" alt=\"ZRTAK-Bikinis sexys para mujer, traje de ba\u00f1o de leopardo, ropa de playa s\u00f3lida, Bikinis de copa 2023\" \/><img decoding=\"async\" style=\"margin-bottom: 10px;\" title=\"ZRTAK-Bikinis sexys para mujer, traje de ba\u00f1o de leopardo, ropa de playa s\u00f3lida, Bikinis de copa 2023\" src=\"\/\/ae01.alicdn.com\/kf\/S890ace4494564a8cbb706a48c0bdd6c8i.jpg\" alt=\"ZRTAK-Bikinis sexys para mujer, traje de ba\u00f1o de leopardo, ropa de playa s\u00f3lida, Bikinis de copa 2023\" \/><img decoding=\"async\" style=\"margin-bottom: 10px;\" title=\"ZRTAK-Bikinis sexys para mujer, traje de ba\u00f1o de leopardo, ropa de playa s\u00f3lida, Bikinis de copa 2023\" src=\"\/\/ae01.alicdn.com\/kf\/S7ab712f250304825a6aface7fd134cebs.jpg\" alt=\"ZRTAK-Bikinis sexys para mujer, traje de ba\u00f1o de leopardo, ropa de playa s\u00f3lida, Bikinis de copa 2023\" \/><\/div>\n<div><img decoding=\"async\" class=\"aligncenter\" style=\"margin-bottom: 10px;\" title=\"ZRTAK-Bikinis sexys para mujer, traje de ba\u00f1o de leopardo, ropa de playa s\u00f3lida, Bikinis de copa 2023\" src=\"\/\/ae01.alicdn.com\/kf\/Sbea7276a50f24a2998a4f4d0bc0499abD.png\" alt=\"ZRTAK-Bikinis sexys para mujer, traje de ba\u00f1o de leopardo, ropa de playa s\u00f3lida, Bikinis de copa 2023\" \/><img decoding=\"async\" class=\"aligncenter\" style=\"margin-bottom: 10px;\" title=\"ZRTAK-Bikinis sexys para mujer, traje de ba\u00f1o de leopardo, ropa de playa s\u00f3lida, Bikinis de copa 2023\" src=\"\/\/ae01.alicdn.com\/kf\/Seac9273d955b42a4849453e40fcc68e3N.png\" alt=\"ZRTAK-Bikinis sexys para mujer, traje de ba\u00f1o de leopardo, ropa de playa s\u00f3lida, Bikinis de copa 2023\" \/><img decoding=\"async\" class=\"aligncenter\" style=\"margin-bottom: 10px;\" title=\"ZRTAK-Bikinis sexys para mujer, traje de ba\u00f1o de leopardo, ropa de playa s\u00f3lida, Bikinis de copa 2023\" src=\"\/\/ae01.alicdn.com\/kf\/Seb092c15460c4f4b897e0cce64a4f9f4k.png\" alt=\"ZRTAK-Bikinis sexys para mujer, traje de ba\u00f1o de leopardo, ropa de playa s\u00f3lida, Bikinis de copa 2023\" \/><\/div>\n<div><\/div>\n<p>&nbsp;<\/p>\n<\/div>\n<\/div>\n","protected":false},"excerpt":{"rendered":"<p>Deslumbra con nuestro traje de ba\u00f1o sensual de dos piezas en colores vibrantes. Dise\u00f1ado para resaltar tu figura y captar todas las miradas, este modelo es perfecto para quienes buscan un look atrevido y lleno de energ\u00eda. \u00a1Haz de cada d\u00eda de playa una pasarela! \u00bfPor qu\u00e9 te encantar\u00e1? -Dise\u00f1o vibrante: Colores alegres que reflejan [&hellip;]<\/p>\n","protected":false},"featured_media":186179,"comment_status":"open","ping_status":"closed","template":"","meta":[],"product_brand":[],"product_cat":[234,15],"product_tag":[],"class_list":{"0":"post-185150","1":"product","2":"type-product","3":"status-publish","4":"has-post-thumbnail","6":"product_cat-bikinis","7":"product_cat-todos","8":"pa_a4a8fbf9f14b58bf488819-bk","9":"pa_a4a8fbf9f14b58bf488819-lp","10":"pa_a4a8fbf9f14b58bf488819-rn","11":"pa_a4a8fbf9f14b58bf488819-wh","12":"pa_f294abc323c8581b087d9a-l","13":"pa_f294abc323c8581b087d9a-m","14":"pa_f294abc323c8581b087d9a-s","16":"first","17":"instock","18":"shipping-taxable","19":"purchasable","20":"product-type-variable"},"_links":{"self":[{"href":"https:\/\/hereastore.com\/pe\/wp-json\/wp\/v2\/product\/185150","targetHints":{"allow":["GET"]}}],"collection":[{"href":"https:\/\/hereastore.com\/pe\/wp-json\/wp\/v2\/product"}],"about":[{"href":"https:\/\/hereastore.com\/pe\/wp-json\/wp\/v2\/types\/product"}],"replies":[{"embeddable":true,"href":"https:\/\/hereastore.com\/pe\/wp-json\/wp\/v2\/comments?post=185150"}],"version-history":[{"count":0,"href":"https:\/\/hereastore.com\/pe\/wp-json\/wp\/v2\/product\/185150\/revisions"}],"wp:featuredmedia":[{"embeddable":true,"href":"https:\/\/hereastore.com\/pe\/wp-json\/wp\/v2\/media\/186179"}],"wp:attachment":[{"href":"https:\/\/hereastore.com\/pe\/wp-json\/wp\/v2\/media?parent=185150"}],"wp:term":[{"taxonomy":"product_brand","embeddable":true,"href":"https:\/\/hereastore.com\/pe\/wp-json\/wp\/v2\/product_brand?post=185150"},{"taxonomy":"product_cat","embeddable":true,"href":"https:\/\/hereastore.com\/pe\/wp-json\/wp\/v2\/product_cat?post=185150"},{"taxonomy":"product_tag","embeddable":true,"href":"https:\/\/hereastore.com\/pe\/wp-json\/wp\/v2\/product_tag?post=185150"}],"curies":[{"name":"wp","href":"https:\/\/api.w.org\/{rel}","templated":true}]}}