{"id":185791,"date":"2023-05-23T17:08:30","date_gmt":"2023-05-23T20:08:30","guid":{"rendered":"https:\/\/hereastore.com\/pe\/producto\/zrtak-bikinis-con-volantes-pequenos-para-mujer-traje-de-bano-sexy-hecho-a-mano-banador-de-estampado-vintage-conjunto-de-bikini-de-retales-de-leopardo-con-cordon\/"},"modified":"2026-04-04T19:00:14","modified_gmt":"2026-04-04T22:00:14","slug":"bikinisalina","status":"publish","type":"product","link":"https:\/\/hereastore.com\/pe\/producto\/bikinisalina\/","title":{"rendered":"Bikini Salina"},"content":{"rendered":"<p>&nbsp;<\/p>\n<p>&nbsp;<\/p>\n<p>Deslumbra con nuestro traje de ba\u00f1o sensual de dos piezas en colores vibrantes. Dise\u00f1ado para resaltar tu figura y captar todas las miradas, este conjunto es perfecto para quienes buscan un look atrevido y lleno de energ\u00eda. \u00a1Haz de cada d\u00eda de playa una pasarela!<\/p>\n<p>\u00bfPor qu\u00e9 te encantar\u00e1?<\/p>\n<p>-Dise\u00f1os vibrantes: Colores alegres que reflejan tu estilo \u00fanico y a\u00f1aden sensualidad cada d\u00eda.<\/p>\n<p>\u00a1Compra con confianza!<\/p>\n<p>-Env\u00edo gratis a todo Per\u00fa: Est\u00e9s donde est\u00e9s, tu traje de ba\u00f1o llega directamente a tu puerta sin costo adicional.<\/p>\n<p>-Garant\u00eda de 30 d\u00edas: Si tu traje de ba\u00f1o sufre alg\u00fan desperfecto en la tela cuenta con una garant\u00eda con nosotros y obtienes tu devoluci\u00f3n.<\/p>\n<p>-Paga como prefieras: Aceptamos todos los m\u00e9todos de pago disponibles en Per\u00fa, con la opci\u00f3n de pagar en 3 a 6 cuotas sin inter\u00e9s.<\/p>\n<p>\u00a1No te pierdas esta oportunidad y lleva contigo estilo, comodidad y felicidad en tu look playero!<\/p>\n<p>&nbsp;<\/p>\n<p>&nbsp;<\/p>\n<div>\n<div>\n<div style=\"text-align: center;\" align=\"center\"><img decoding=\"async\" style=\"margin-bottom: 10px;\" title=\"Zrtak-Bikinis con volantes peque\u00f1os para mujer, traje de ba\u00f1o Sexy hecho a mano, ba\u00f1ador de estampado Vintage, conjunto de Bikini de retales de leopardo con cord\u00f3n\" src=\"https:\/\/hereastore.com\/pe\/wp-content\/uploads\/sites\/16\/2024\/12\/185791-15e6fd.jpeg\" alt=\"Zrtak-Bikinis con volantes peque\u00f1os para mujer, traje de ba\u00f1o Sexy hecho a mano, ba\u00f1ador de estampado Vintage, conjunto de Bikini de retales de leopardo con cord\u00f3n\" \/><\/div>\n<p>&nbsp;<\/p>\n<div style=\"text-align: center;\" align=\"center\"><\/div>\n<div style=\"text-align: center;\" align=\"center\"><\/div>\n<div style=\"text-align: center;\" align=\"center\"><\/div>\n<div style=\"text-align: center;\" align=\"center\"><img decoding=\"async\" style=\"margin-bottom: 10px;\" title=\"Zrtak-Bikinis con volantes peque\u00f1os para mujer, traje de ba\u00f1o Sexy hecho a mano, ba\u00f1ador de estampado Vintage, conjunto de Bikini de retales de leopardo con cord\u00f3n\" src=\"\/\/ae01.alicdn.com\/kf\/S9f4f7da9ad584b28b90c143c7e5489bcv.jpg\" alt=\"Zrtak-Bikinis con volantes peque\u00f1os para mujer, traje de ba\u00f1o Sexy hecho a mano, ba\u00f1ador de estampado Vintage, conjunto de Bikini de retales de leopardo con cord\u00f3n\" \/><img decoding=\"async\" style=\"margin-bottom: 10px;\" title=\"Zrtak-Bikinis con volantes peque\u00f1os para mujer, traje de ba\u00f1o Sexy hecho a mano, ba\u00f1ador de estampado Vintage, conjunto de Bikini de retales de leopardo con cord\u00f3n\" src=\"\/\/ae01.alicdn.com\/kf\/S95d59ec45b8a40ebba832bce2100d91cW.jpg\" alt=\"Zrtak-Bikinis con volantes peque\u00f1os para mujer, traje de ba\u00f1o Sexy hecho a mano, ba\u00f1ador de estampado Vintage, conjunto de Bikini de retales de leopardo con cord\u00f3n\" \/><img decoding=\"async\" style=\"margin-bottom: 10px;\" title=\"Zrtak-Bikinis con volantes peque\u00f1os para mujer, traje de ba\u00f1o Sexy hecho a mano, ba\u00f1ador de estampado Vintage, conjunto de Bikini de retales de leopardo con cord\u00f3n\" src=\"\/\/ae01.alicdn.com\/kf\/S6a6f8f3cddd74bbbaf7b47844bfb142eJ.jpg\" alt=\"Zrtak-Bikinis con volantes peque\u00f1os para mujer, traje de ba\u00f1o Sexy hecho a mano, ba\u00f1ador de estampado Vintage, conjunto de Bikini de retales de leopardo con cord\u00f3n\" \/><\/div>\n<div>\n<p style=\"font-family: OpenSans; font-size: 14px; font-weight: 300; line-height: 20px; text-align: center; margin-bottom: 12px;\" align=\"center\">\n<\/div>\n<div style=\"text-align: center;\" align=\"center\"><img decoding=\"async\" style=\"margin-bottom: 10px;\" title=\"Zrtak-Bikinis con volantes peque\u00f1os para mujer, traje de ba\u00f1o Sexy hecho a mano, ba\u00f1ador de estampado Vintage, conjunto de Bikini de retales de leopardo con cord\u00f3n\" src=\"\/\/ae01.alicdn.com\/kf\/S20b53e06c5144ba8aed0855cbc182fc5Z.jpg\" alt=\"Zrtak-Bikinis con volantes peque\u00f1os para mujer, traje de ba\u00f1o Sexy hecho a mano, ba\u00f1ador de estampado Vintage, conjunto de Bikini de retales de leopardo con cord\u00f3n\" \/><img decoding=\"async\" style=\"margin-bottom: 10px;\" title=\"Zrtak-Bikinis con volantes peque\u00f1os para mujer, traje de ba\u00f1o Sexy hecho a mano, ba\u00f1ador de estampado Vintage, conjunto de Bikini de retales de leopardo con cord\u00f3n\" src=\"\/\/ae01.alicdn.com\/kf\/S54f81f0d7e1a42368a1f76e31e5465f21.jpg\" alt=\"Zrtak-Bikinis con volantes peque\u00f1os para mujer, traje de ba\u00f1o Sexy hecho a mano, ba\u00f1ador de estampado Vintage, conjunto de Bikini de retales de leopardo con cord\u00f3n\" \/><img decoding=\"async\" style=\"margin-bottom: 10px;\" title=\"Zrtak-Bikinis con volantes peque\u00f1os para mujer, traje de ba\u00f1o Sexy hecho a mano, ba\u00f1ador de estampado Vintage, conjunto de Bikini de retales de leopardo con cord\u00f3n\" src=\"\/\/ae01.alicdn.com\/kf\/Sa466691411714316a64e69b4a32f2cc7h.jpg\" alt=\"Zrtak-Bikinis con volantes peque\u00f1os para mujer, traje de ba\u00f1o Sexy hecho a mano, ba\u00f1ador de estampado Vintage, conjunto de Bikini de retales de leopardo con cord\u00f3n\" \/><img decoding=\"async\" style=\"margin-bottom: 10px;\" title=\"Zrtak-Bikinis con volantes peque\u00f1os para mujer, traje de ba\u00f1o Sexy hecho a mano, ba\u00f1ador de estampado Vintage, conjunto de Bikini de retales de leopardo con cord\u00f3n\" src=\"\/\/ae01.alicdn.com\/kf\/S3f659ad2368440c6bd0f1c21bfcba6ecy.jpg\" alt=\"Zrtak-Bikinis con volantes peque\u00f1os para mujer, traje de ba\u00f1o Sexy hecho a mano, ba\u00f1ador de estampado Vintage, conjunto de Bikini de retales de leopardo con cord\u00f3n\" \/><\/div>\n<div style=\"text-align: center;\" align=\"center\"><img decoding=\"async\" title=\"Zrtak-Bikinis con volantes peque\u00f1os para mujer, traje de ba\u00f1o Sexy hecho a mano, ba\u00f1ador de estampado Vintage, conjunto de Bikini de retales de leopardo con cord\u00f3n\" src=\"\/\/ae01.alicdn.com\/kf\/S2d1aa3f596874746975174db6ec6d5abY.jpg\" alt=\"Zrtak-Bikinis con volantes peque\u00f1os para mujer, traje de ba\u00f1o Sexy hecho a mano, ba\u00f1ador de estampado Vintage, conjunto de Bikini de retales de leopardo con cord\u00f3n\" \/><img decoding=\"async\" style=\"margin-bottom: 10px;\" title=\"Zrtak-Bikinis con volantes peque\u00f1os para mujer, traje de ba\u00f1o Sexy hecho a mano, ba\u00f1ador de estampado Vintage, conjunto de Bikini de retales de leopardo con cord\u00f3n\" src=\"\/\/ae01.alicdn.com\/kf\/S20186d4f67224020bb0ec24e0d81e239W.jpg\" alt=\"Zrtak-Bikinis con volantes peque\u00f1os para mujer, traje de ba\u00f1o Sexy hecho a mano, ba\u00f1ador de estampado Vintage, conjunto de Bikini de retales de leopardo con cord\u00f3n\" \/><img decoding=\"async\" title=\"Zrtak-Bikinis con volantes peque\u00f1os para mujer, traje de ba\u00f1o Sexy hecho a mano, ba\u00f1ador de estampado Vintage, conjunto de Bikini de retales de leopardo con cord\u00f3n\" src=\"\/\/ae01.alicdn.com\/kf\/Sf3da5bb8ff4f4d73b10bc5fabe147acdp.jpg\" alt=\"Zrtak-Bikinis con volantes peque\u00f1os para mujer, traje de ba\u00f1o Sexy hecho a mano, ba\u00f1ador de estampado Vintage, conjunto de Bikini de retales de leopardo con cord\u00f3n\" \/><img decoding=\"async\" style=\"margin-bottom: 10px;\" title=\"Zrtak-Bikinis con volantes peque\u00f1os para mujer, traje de ba\u00f1o Sexy hecho a mano, ba\u00f1ador de estampado Vintage, conjunto de Bikini de retales de leopardo con cord\u00f3n\" src=\"\/\/ae01.alicdn.com\/kf\/Sa2ff2ac1a9444800b4ee0463ce8110c1P.jpg\" alt=\"Zrtak-Bikinis con volantes peque\u00f1os para mujer, traje de ba\u00f1o Sexy hecho a mano, ba\u00f1ador de estampado Vintage, conjunto de Bikini de retales de leopardo con cord\u00f3n\" \/><img decoding=\"async\" style=\"margin-bottom: 10px;\" title=\"Zrtak-Bikinis con volantes peque\u00f1os para mujer, traje de ba\u00f1o Sexy hecho a mano, ba\u00f1ador de estampado Vintage, conjunto de Bikini de retales de leopardo con cord\u00f3n\" src=\"\/\/ae01.alicdn.com\/kf\/Sab0aa817dfa14bef8b79a0c9627d420aw.jpg\" alt=\"Zrtak-Bikinis con volantes peque\u00f1os para mujer, traje de ba\u00f1o Sexy hecho a mano, ba\u00f1ador de estampado Vintage, conjunto de Bikini de retales de leopardo con cord\u00f3n\" \/><img decoding=\"async\" style=\"margin-bottom: 10px;\" title=\"Zrtak-Bikinis con volantes peque\u00f1os para mujer, traje de ba\u00f1o Sexy hecho a mano, ba\u00f1ador de estampado Vintage, conjunto de Bikini de retales de leopardo con cord\u00f3n\" src=\"\/\/ae01.alicdn.com\/kf\/S6dad8381d1a74e0e914779e8d972deafx.jpg\" alt=\"Zrtak-Bikinis con volantes peque\u00f1os para mujer, traje de ba\u00f1o Sexy hecho a mano, ba\u00f1ador de estampado Vintage, conjunto de Bikini de retales de leopardo con cord\u00f3n\" \/><\/div>\n<div style=\"text-align: center;\" align=\"center\"><img decoding=\"async\" style=\"margin-bottom: 10px;\" title=\"Zrtak-Bikinis con volantes peque\u00f1os para mujer, traje de ba\u00f1o Sexy hecho a mano, ba\u00f1ador de estampado Vintage, conjunto de Bikini de retales de leopardo con cord\u00f3n\" src=\"\/\/ae01.alicdn.com\/kf\/S5e53ab006a7e4f2ea50c2d69520af82aZ.jpg\" alt=\"Zrtak-Bikinis con volantes peque\u00f1os para mujer, traje de ba\u00f1o Sexy hecho a mano, ba\u00f1ador de estampado Vintage, conjunto de Bikini de retales de leopardo con cord\u00f3n\" \/><img decoding=\"async\" style=\"margin-bottom: 10px;\" title=\"Zrtak-Bikinis con volantes peque\u00f1os para mujer, traje de ba\u00f1o Sexy hecho a mano, ba\u00f1ador de estampado Vintage, conjunto de Bikini de retales de leopardo con cord\u00f3n\" src=\"\/\/ae01.alicdn.com\/kf\/S572ca84f3efc4ef79161402fb876e64dr.jpg\" alt=\"Zrtak-Bikinis con volantes peque\u00f1os para mujer, traje de ba\u00f1o Sexy hecho a mano, ba\u00f1ador de estampado Vintage, conjunto de Bikini de retales de leopardo con cord\u00f3n\" \/><img decoding=\"async\" style=\"margin-bottom: 10px;\" title=\"Zrtak-Bikinis con volantes peque\u00f1os para mujer, traje de ba\u00f1o Sexy hecho a mano, ba\u00f1ador de estampado Vintage, conjunto de Bikini de retales de leopardo con cord\u00f3n\" src=\"\/\/ae01.alicdn.com\/kf\/S2017559cdbb74520a7daa711b249c2cd4.jpg\" alt=\"Zrtak-Bikinis con volantes peque\u00f1os para mujer, traje de ba\u00f1o Sexy hecho a mano, ba\u00f1ador de estampado Vintage, conjunto de Bikini de retales de leopardo con cord\u00f3n\" \/><img decoding=\"async\" style=\"margin-bottom: 10px;\" title=\"Zrtak-Bikinis con volantes peque\u00f1os para mujer, traje de ba\u00f1o Sexy hecho a mano, ba\u00f1ador de estampado Vintage, conjunto de Bikini de retales de leopardo con cord\u00f3n\" src=\"\/\/ae01.alicdn.com\/kf\/Sc2678f318a604d2ea8e00836749fdfcay.jpg\" alt=\"Zrtak-Bikinis con volantes peque\u00f1os para mujer, traje de ba\u00f1o Sexy hecho a mano, ba\u00f1ador de estampado Vintage, conjunto de Bikini de retales de leopardo con cord\u00f3n\" \/><img decoding=\"async\" style=\"margin-bottom: 10px;\" title=\"Zrtak-Bikinis con volantes peque\u00f1os para mujer, traje de ba\u00f1o Sexy hecho a mano, ba\u00f1ador de estampado Vintage, conjunto de Bikini de retales de leopardo con cord\u00f3n\" src=\"\/\/ae01.alicdn.com\/kf\/Sa6a488367bbe40f5bd57a2f0c4284ece2.jpg\" alt=\"Zrtak-Bikinis con volantes peque\u00f1os para mujer, traje de ba\u00f1o Sexy hecho a mano, ba\u00f1ador de estampado Vintage, conjunto de Bikini de retales de leopardo con cord\u00f3n\" \/><\/div>\n<div style=\"text-align: center;\" align=\"center\"><img decoding=\"async\" style=\"margin-bottom: 10px;\" title=\"Zrtak-Bikinis con volantes peque\u00f1os para mujer, traje de ba\u00f1o Sexy hecho a mano, ba\u00f1ador de estampado Vintage, conjunto de Bikini de retales de leopardo con cord\u00f3n\" src=\"\/\/ae01.alicdn.com\/kf\/Sdd96234248fe4684a1203da39a7bafa4J.jpg\" alt=\"Zrtak-Bikinis con volantes peque\u00f1os para mujer, traje de ba\u00f1o Sexy hecho a mano, ba\u00f1ador de estampado Vintage, conjunto de Bikini de retales de leopardo con cord\u00f3n\" \/><img decoding=\"async\" style=\"margin-bottom: 10px;\" title=\"Zrtak-Bikinis con volantes peque\u00f1os para mujer, traje de ba\u00f1o Sexy hecho a mano, ba\u00f1ador de estampado Vintage, conjunto de Bikini de retales de leopardo con cord\u00f3n\" src=\"\/\/ae01.alicdn.com\/kf\/S743832f5f48e4521af1d331ad8f7e6baa.jpg\" alt=\"Zrtak-Bikinis con volantes peque\u00f1os para mujer, traje de ba\u00f1o Sexy hecho a mano, ba\u00f1ador de estampado Vintage, conjunto de Bikini de retales de leopardo con cord\u00f3n\" \/><img decoding=\"async\" style=\"margin-bottom: 10px;\" title=\"Zrtak-Bikinis con volantes peque\u00f1os para mujer, traje de ba\u00f1o Sexy hecho a mano, ba\u00f1ador de estampado Vintage, conjunto de Bikini de retales de leopardo con cord\u00f3n\" src=\"\/\/ae01.alicdn.com\/kf\/Scc9f09bef42f484d8df5a95aa90cdaf19.jpg\" alt=\"Zrtak-Bikinis con volantes peque\u00f1os para mujer, traje de ba\u00f1o Sexy hecho a mano, ba\u00f1ador de estampado Vintage, conjunto de Bikini de retales de leopardo con cord\u00f3n\" \/><\/div>\n<div style=\"text-align: center;\" align=\"center\"><img decoding=\"async\" title=\"Zrtak-Bikinis con volantes peque\u00f1os para mujer, traje de ba\u00f1o Sexy hecho a mano, ba\u00f1ador de estampado Vintage, conjunto de Bikini de retales de leopardo con cord\u00f3n\" src=\"\/\/ae01.alicdn.com\/kf\/Sef31549c00a1481ea9d6c51e7eb84b17b.jpg\" alt=\"Zrtak-Bikinis con volantes peque\u00f1os para mujer, traje de ba\u00f1o Sexy hecho a mano, ba\u00f1ador de estampado Vintage, conjunto de Bikini de retales de leopardo con cord\u00f3n\" \/><img decoding=\"async\" title=\"Zrtak-Bikinis con volantes peque\u00f1os para mujer, traje de ba\u00f1o Sexy hecho a mano, ba\u00f1ador de estampado Vintage, conjunto de Bikini de retales de leopardo con cord\u00f3n\" src=\"\/\/ae01.alicdn.com\/kf\/Sb0058ed55d994ff29feb3ca32cd3ea6fn.jpg\" alt=\"Zrtak-Bikinis con volantes peque\u00f1os para mujer, traje de ba\u00f1o Sexy hecho a mano, ba\u00f1ador de estampado Vintage, conjunto de Bikini de retales de leopardo con cord\u00f3n\" \/><\/div>\n<div style=\"text-align: center;\" align=\"center\"><\/div>\n<p>&nbsp;<\/p>\n<\/div>\n<\/div>\n","protected":false},"excerpt":{"rendered":"<p>&nbsp; &nbsp; Deslumbra con nuestro traje de ba\u00f1o sensual de dos piezas en colores vibrantes. Dise\u00f1ado para resaltar tu figura y captar todas las miradas, este conjunto es perfecto para quienes buscan un look atrevido y lleno de energ\u00eda. \u00a1Haz de cada d\u00eda de playa una pasarela! \u00bfPor qu\u00e9 te encantar\u00e1? -Dise\u00f1os vibrantes: Colores alegres [&hellip;]<\/p>\n","protected":false},"featured_media":186685,"comment_status":"open","ping_status":"closed","template":"","meta":[],"product_brand":[],"product_cat":[234,15,6434],"product_tag":[],"class_list":{"0":"post-185791","1":"product","2":"type-product","3":"status-publish","4":"has-post-thumbnail","6":"product_cat-bikinis","7":"product_cat-todos","8":"product_cat-trajes-de-bano","9":"pa_a4a8fbf9f14b58bf488819-1104bu1","10":"pa_a4a8fbf9f14b58bf488819-1104gn2","11":"pa_a4a8fbf9f14b58bf488819-6832","12":"pa_a4a8fbf9f14b58bf488819-6836","13":"pa_a4a8fbf9f14b58bf488819-6834","14":"pa_a4a8fbf9f14b58bf488819-bg1","15":"pa_a4a8fbf9f14b58bf488819-bn3","16":"pa_a4a8fbf9f14b58bf488819-bu4","17":"pa_a4a8fbf9f14b58bf488819-bu5","18":"pa_a4a8fbf9f14b58bf488819-gn3","19":"pa_a4a8fbf9f14b58bf488819-pk4","20":"pa_a4a8fbf9f14b58bf488819-vt3","21":"pa_a4a8fbf9f14b58bf488819-vt4","22":"pa_a4a8fbf9f14b58bf488819-ye2","23":"pa_f294abc323c8581b087d9a-l","24":"pa_f294abc323c8581b087d9a-m","25":"pa_f294abc323c8581b087d9a-s","27":"first","28":"instock","29":"sale","30":"shipping-taxable","31":"purchasable","32":"product-type-variable"},"_links":{"self":[{"href":"https:\/\/hereastore.com\/pe\/wp-json\/wp\/v2\/product\/185791","targetHints":{"allow":["GET"]}}],"collection":[{"href":"https:\/\/hereastore.com\/pe\/wp-json\/wp\/v2\/product"}],"about":[{"href":"https:\/\/hereastore.com\/pe\/wp-json\/wp\/v2\/types\/product"}],"replies":[{"embeddable":true,"href":"https:\/\/hereastore.com\/pe\/wp-json\/wp\/v2\/comments?post=185791"}],"version-history":[{"count":0,"href":"https:\/\/hereastore.com\/pe\/wp-json\/wp\/v2\/product\/185791\/revisions"}],"wp:featuredmedia":[{"embeddable":true,"href":"https:\/\/hereastore.com\/pe\/wp-json\/wp\/v2\/media\/186685"}],"wp:attachment":[{"href":"https:\/\/hereastore.com\/pe\/wp-json\/wp\/v2\/media?parent=185791"}],"wp:term":[{"taxonomy":"product_brand","embeddable":true,"href":"https:\/\/hereastore.com\/pe\/wp-json\/wp\/v2\/product_brand?post=185791"},{"taxonomy":"product_cat","embeddable":true,"href":"https:\/\/hereastore.com\/pe\/wp-json\/wp\/v2\/product_cat?post=185791"},{"taxonomy":"product_tag","embeddable":true,"href":"https:\/\/hereastore.com\/pe\/wp-json\/wp\/v2\/product_tag?post=185791"}],"curies":[{"name":"wp","href":"https:\/\/api.w.org\/{rel}","templated":true}]}}