{"id":186944,"date":"2023-06-07T12:48:46","date_gmt":"2023-06-07T15:48:46","guid":{"rendered":"https:\/\/hereastore.com\/pe\/producto\/pendientes-grandes-de-flor-de-metal-vintage-para-mujer-color-dorado-color-plateado-declaracion-geometrica-joyeria-brincos-de-moda\/"},"modified":"2026-04-04T19:00:43","modified_gmt":"2026-04-04T22:00:43","slug":"pendientesvintageflores","status":"publish","type":"product","link":"https:\/\/hereastore.com\/pe\/producto\/pendientesvintageflores\/","title":{"rendered":"Pendientes Vintage Flores"},"content":{"rendered":"<div>\n<div>\n<div>\n<div>\n<div>\n<div>\n<div>\n<div>\n<div>\n<div>\n<p style=\"font-size: 13.3333px;\"><img decoding=\"async\" class=\"aligncenter\" title=\"Pendientes grandes de flor de Metal Vintage para mujer, Color dorado, Color plateado, declaraci\u00f3n geom\u00e9trica, joyer\u00eda Brincos de moda\" src=\"\/\/ae01.alicdn.com\/kf\/S6c5ea83b67e74a56ac9003966ad4360ds.jpg\" alt=\"Pendientes grandes de flor de Metal Vintage para mujer, Color dorado, Color plateado, declaraci\u00f3n geom\u00e9trica, joyer\u00eda Brincos de moda\" \/><\/p>\n<div>\n<div>\n<div><\/div>\n<p style=\"font-size: 13.3333px;\"><img decoding=\"async\" class=\"aligncenter\" title=\"Pendientes grandes de flor de Metal Vintage para mujer, Color dorado, Color plateado, declaraci\u00f3n geom\u00e9trica, joyer\u00eda Brincos de moda\" src=\"\/\/ae01.alicdn.com\/kf\/H4caea3b6e5ed424a9dea8f782f401a5fH.jpg\" alt=\"Pendientes grandes de flor de Metal Vintage para mujer, Color dorado, Color plateado, declaraci\u00f3n geom\u00e9trica, joyer\u00eda Brincos de moda\" \/><\/p>\n<p style=\"font-size: 13.3333px;\"><img decoding=\"async\" class=\"aligncenter\" style=\"font-size: 12px;\" title=\"Pendientes grandes de flor de Metal Vintage para mujer, Color dorado, Color plateado, declaraci\u00f3n geom\u00e9trica, joyer\u00eda Brincos de moda\" src=\"\/\/ae01.alicdn.com\/kf\/Hdc7c435103b747ec94d4172c660ed2a3J.jpg\" alt=\"Pendientes grandes de flor de Metal Vintage para mujer, Color dorado, Color plateado, declaraci\u00f3n geom\u00e9trica, joyer\u00eda Brincos de moda\" \/><img decoding=\"async\" class=\"aligncenter\" style=\"font-size: 12px;\" title=\"Pendientes grandes de flor de Metal Vintage para mujer, Color dorado, Color plateado, declaraci\u00f3n geom\u00e9trica, joyer\u00eda Brincos de moda\" src=\"\/\/ae01.alicdn.com\/kf\/H7696e65942964a8cabf2b7dccdbc662e3.jpg\" alt=\"Pendientes grandes de flor de Metal Vintage para mujer, Color dorado, Color plateado, declaraci\u00f3n geom\u00e9trica, joyer\u00eda Brincos de moda\" \/><img decoding=\"async\" style=\"font-size: 12px;\" title=\"Pendientes grandes de flor de Metal Vintage para mujer, Color dorado, Color plateado, declaraci\u00f3n geom\u00e9trica, joyer\u00eda Brincos de moda\" src=\"\/\/ae01.alicdn.com\/kf\/H2e5b774953ab43bbb9ae8e12d7315a02U.jpg\" alt=\"Pendientes grandes de flor de Metal Vintage para mujer, Color dorado, Color plateado, declaraci\u00f3n geom\u00e9trica, joyer\u00eda Brincos de moda\" \/><img decoding=\"async\" style=\"font-size: 12px;\" title=\"Pendientes grandes de flor de Metal Vintage para mujer, Color dorado, Color plateado, declaraci\u00f3n geom\u00e9trica, joyer\u00eda Brincos de moda\" src=\"\/\/ae01.alicdn.com\/kf\/H55dbbcdd83f14134ab03935d26641699r.jpg\" alt=\"Pendientes grandes de flor de Metal Vintage para mujer, Color dorado, Color plateado, declaraci\u00f3n geom\u00e9trica, joyer\u00eda Brincos de moda\" \/><\/p>\n<\/div>\n<\/div>\n<\/div>\n<\/div>\n<\/div>\n<\/div>\n<\/div>\n<\/div>\n<\/div>\n<\/div>\n<\/div>\n<\/div>\n","protected":false},"excerpt":{"rendered":"","protected":false},"featured_media":186962,"comment_status":"open","ping_status":"closed","template":"","meta":[],"product_brand":[],"product_cat":[245,15],"product_tag":[],"class_list":{"0":"post-186944","1":"product","2":"type-product","3":"status-publish","4":"has-post-thumbnail","6":"product_cat-accesorios","7":"product_cat-todos","8":"pa_8d255f28538fbae46aeae7-e686-1","9":"pa_8d255f28538fbae46aeae7-e686-2","10":"pa_8d255f28538fbae46aeae7-ipa0132-1","11":"pa_8d255f28538fbae46aeae7-ipa0132-2","12":"pa_8d255f28538fbae46aeae7-ipa0132-3","13":"pa_8d255f28538fbae46aeae7-ipa0497-1","14":"pa_8d255f28538fbae46aeae7-ram13903","15":"pa_8d255f28538fbae46aeae7-ram13909","17":"first","18":"instock","19":"sale","20":"shipping-taxable","21":"purchasable","22":"product-type-variable"},"_links":{"self":[{"href":"https:\/\/hereastore.com\/pe\/wp-json\/wp\/v2\/product\/186944","targetHints":{"allow":["GET"]}}],"collection":[{"href":"https:\/\/hereastore.com\/pe\/wp-json\/wp\/v2\/product"}],"about":[{"href":"https:\/\/hereastore.com\/pe\/wp-json\/wp\/v2\/types\/product"}],"replies":[{"embeddable":true,"href":"https:\/\/hereastore.com\/pe\/wp-json\/wp\/v2\/comments?post=186944"}],"version-history":[{"count":0,"href":"https:\/\/hereastore.com\/pe\/wp-json\/wp\/v2\/product\/186944\/revisions"}],"wp:featuredmedia":[{"embeddable":true,"href":"https:\/\/hereastore.com\/pe\/wp-json\/wp\/v2\/media\/186962"}],"wp:attachment":[{"href":"https:\/\/hereastore.com\/pe\/wp-json\/wp\/v2\/media?parent=186944"}],"wp:term":[{"taxonomy":"product_brand","embeddable":true,"href":"https:\/\/hereastore.com\/pe\/wp-json\/wp\/v2\/product_brand?post=186944"},{"taxonomy":"product_cat","embeddable":true,"href":"https:\/\/hereastore.com\/pe\/wp-json\/wp\/v2\/product_cat?post=186944"},{"taxonomy":"product_tag","embeddable":true,"href":"https:\/\/hereastore.com\/pe\/wp-json\/wp\/v2\/product_tag?post=186944"}],"curies":[{"name":"wp","href":"https:\/\/api.w.org\/{rel}","templated":true}]}}