{"id":188335,"date":"2023-06-28T03:17:14","date_gmt":"2023-06-28T06:17:14","guid":{"rendered":"https:\/\/hereastore.com\/pe\/?post_type=product&#038;p=188335"},"modified":"2025-03-25T15:08:51","modified_gmt":"2025-03-25T18:08:51","slug":"mochilas-kipling-2023","status":"publish","type":"product","link":"https:\/\/hereastore.com\/pe\/producto\/mochilas-kipling-2023\/","title":{"rendered":"Mochilas Kipling 2023"},"content":{"rendered":"<h2>MOCHILAS KIPLING OEM, MEDIDAS PROMEDIO; 35CMX18,5X45, NO TODOS SON IGUALES EXISTEN MODELOS M\u00c1S GRANDES Y M\u00c1S PEQUE\u00d1OS DENTRO DE ESTA COLECCI\u00d3N, SI NECESITA SUS MEDIDAS EN ESPEC\u00cdFICO CONSULTE NUESTROS CANALES DE ATENCI\u00d3N<\/h2>\n<p><img fetchpriority=\"high\" decoding=\"async\" class=\"alignnone size-medium wp-image-87025\" src=\"https:\/\/leclosetrosa.com\/pe\/wp-content\/uploads\/sites\/4\/2022\/04\/IMG_2765-300x225.jpg\" alt=\"\" width=\"300\" height=\"225\" \/> <img decoding=\"async\" class=\"alignnone size-medium wp-image-87026\" src=\"https:\/\/leclosetrosa.com\/pe\/wp-content\/uploads\/sites\/4\/2022\/04\/IMG_2764-300x225.jpg\" alt=\"\" width=\"300\" height=\"225\" \/> <img decoding=\"async\" class=\"alignnone size-medium wp-image-87027\" src=\"https:\/\/leclosetrosa.com\/pe\/wp-content\/uploads\/sites\/4\/2022\/04\/IMG_2763-300x225.jpg\" alt=\"\" width=\"300\" height=\"225\" \/> <img loading=\"lazy\" decoding=\"async\" class=\"alignnone size-medium wp-image-87028\" src=\"https:\/\/leclosetrosa.com\/pe\/wp-content\/uploads\/sites\/4\/2022\/04\/IMG_2761-300x225.jpg\" alt=\"\" width=\"300\" height=\"225\" \/> <img loading=\"lazy\" decoding=\"async\" class=\"alignnone size-medium wp-image-87029\" src=\"https:\/\/leclosetrosa.com\/pe\/wp-content\/uploads\/sites\/4\/2022\/04\/IMG_2753-300x225.jpg\" alt=\"\" width=\"300\" height=\"225\" \/> <img loading=\"lazy\" decoding=\"async\" class=\"alignnone size-medium wp-image-87031\" src=\"https:\/\/leclosetrosa.com\/pe\/wp-content\/uploads\/sites\/4\/2022\/04\/IMG_2750-300x225.jpg\" alt=\"\" width=\"300\" height=\"225\" \/><\/p>\n","protected":false},"excerpt":{"rendered":"<p>MOCHILAS KIPLING OEM, MEDIDAS PROMEDIO; 35CMX18,5X45, NO TODOS SON IGUALES EXISTEN MODELOS M\u00c1S GRANDES Y M\u00c1S PEQUE\u00d1OS DENTRO DE ESTA COLECCI\u00d3N, SI NECESITA SUS MEDIDAS EN ESPEC\u00cdFICO CONSULTE NUESTROS CANALES DE ATENCI\u00d3N<\/p>\n","protected":false},"featured_media":188392,"comment_status":"open","ping_status":"closed","template":"","meta":[],"product_brand":[],"product_cat":[15],"product_tag":[],"class_list":{"0":"post-188335","1":"product","2":"type-product","3":"status-publish","4":"has-post-thumbnail","6":"product_cat-todos","7":"pa_color-323","8":"pa_color-3212","9":"pa_color-3213","10":"pa_color-3214","11":"pa_color-3215","12":"pa_color-3216","13":"pa_color-3217","14":"pa_color-3218","15":"pa_color-3219","16":"pa_color-3220","17":"pa_color-3221","18":"pa_color-324","19":"pa_color-3222","20":"pa_color-3223","21":"pa_color-3224","22":"pa_color-3225","23":"pa_color-3226","24":"pa_color-3227","25":"pa_color-3228","26":"pa_color-3229","27":"pa_color-3230","28":"pa_color-3231","29":"pa_color-325","30":"pa_color-3232","31":"pa_color-3233","32":"pa_color-3234","33":"pa_color-3235","34":"pa_color-3236","35":"pa_color-3237","36":"pa_color-3238","37":"pa_color-3239","38":"pa_color-3240","39":"pa_color-3241","40":"pa_color-326","41":"pa_color-3242","42":"pa_color-3243","43":"pa_color-3244","44":"pa_color-3245","45":"pa_color-3246","46":"pa_color-3247","47":"pa_color-3248","48":"pa_color-3249","49":"pa_color-3264","50":"pa_color-3250","51":"pa_color-3251","52":"pa_color-3252","53":"pa_color-3253","54":"pa_color-3254","55":"pa_color-3255","56":"pa_color-3256","57":"pa_color-3257","58":"pa_color-3259","59":"pa_color-3260","60":"pa_color-3261","61":"pa_color-3262","63":"first","64":"instock","65":"sale","66":"shipping-taxable","67":"purchasable","68":"product-type-variable"},"_links":{"self":[{"href":"https:\/\/hereastore.com\/pe\/wp-json\/wp\/v2\/product\/188335","targetHints":{"allow":["GET"]}}],"collection":[{"href":"https:\/\/hereastore.com\/pe\/wp-json\/wp\/v2\/product"}],"about":[{"href":"https:\/\/hereastore.com\/pe\/wp-json\/wp\/v2\/types\/product"}],"replies":[{"embeddable":true,"href":"https:\/\/hereastore.com\/pe\/wp-json\/wp\/v2\/comments?post=188335"}],"version-history":[{"count":0,"href":"https:\/\/hereastore.com\/pe\/wp-json\/wp\/v2\/product\/188335\/revisions"}],"wp:featuredmedia":[{"embeddable":true,"href":"https:\/\/hereastore.com\/pe\/wp-json\/wp\/v2\/media\/188392"}],"wp:attachment":[{"href":"https:\/\/hereastore.com\/pe\/wp-json\/wp\/v2\/media?parent=188335"}],"wp:term":[{"taxonomy":"product_brand","embeddable":true,"href":"https:\/\/hereastore.com\/pe\/wp-json\/wp\/v2\/product_brand?post=188335"},{"taxonomy":"product_cat","embeddable":true,"href":"https:\/\/hereastore.com\/pe\/wp-json\/wp\/v2\/product_cat?post=188335"},{"taxonomy":"product_tag","embeddable":true,"href":"https:\/\/hereastore.com\/pe\/wp-json\/wp\/v2\/product_tag?post=188335"}],"curies":[{"name":"wp","href":"https:\/\/api.w.org\/{rel}","templated":true}]}}