{"id":190093,"date":"2024-05-09T19:27:04","date_gmt":"2024-05-09T22:27:04","guid":{"rendered":"https:\/\/hereastore.com\/pe\/producto\/handbags-for-women-2023-new-gold-luxury-designer-brand-handwoven-noodle-bags-rope-knotted-pulled-hobo-silver-evening-clutch-chic\/"},"modified":"2026-04-04T19:07:09","modified_gmt":"2026-04-04T22:07:09","slug":"carteracleo","status":"publish","type":"product","link":"https:\/\/hereastore.com\/pe\/producto\/carteracleo\/","title":{"rendered":"Cartera Cleo"},"content":{"rendered":"<p>&nbsp;<\/p>\n<p>\u3010Material\u3011 PU<\/p>\n<p>\u3010TAMA\u00d1O\u3011 Largo 9.84in\/25cm\u00a0 Alto 10.63in\/27cm<\/p>\n<p>\u3010CAPACIDAD\u3011 Tel\u00e9fono, Cosm\u00e9ticos, Billetera peque\u00f1a<\/p>\n<p>&nbsp;<\/p>\n<p><img decoding=\"async\" class=\"aligncenter\" title=\"Handbags for Women 2023 New Gold Luxury Designer Brand Handwoven Noodle Bags Rope Knotted Pulled Hobo Silver Evening Clutch Chic\" src=\"\/\/ae01.alicdn.com\/kf\/S0bc8aeb9b2aa4ce4b5b25e972a696431M.jpg\" alt=\"Handbags for Women 2023 New Gold Luxury Designer Brand Handwoven Noodle Bags Rope Knotted Pulled Hobo Silver Evening Clutch Chic\" \/><img decoding=\"async\" class=\"aligncenter\" title=\"Handbags for Women 2023 New Gold Luxury Designer Brand Handwoven Noodle Bags Rope Knotted Pulled Hobo Silver Evening Clutch Chic\" src=\"\/\/ae01.alicdn.com\/kf\/S480e602f6e084a17abce6bb25c1d31153.jpg\" alt=\"Handbags for Women 2023 New Gold Luxury Designer Brand Handwoven Noodle Bags Rope Knotted Pulled Hobo Silver Evening Clutch Chic\" \/><img decoding=\"async\" class=\"aligncenter\" title=\"Handbags for Women 2023 New Gold Luxury Designer Brand Handwoven Noodle Bags Rope Knotted Pulled Hobo Silver Evening Clutch Chic\" src=\"\/\/ae01.alicdn.com\/kf\/S655a6fd6eb5d467abc3030605162e0e8x.jpg\" alt=\"Handbags for Women 2023 New Gold Luxury Designer Brand Handwoven Noodle Bags Rope Knotted Pulled Hobo Silver Evening Clutch Chic\" \/><img decoding=\"async\" class=\"aligncenter\" title=\"Handbags for Women 2023 New Gold Luxury Designer Brand Handwoven Noodle Bags Rope Knotted Pulled Hobo Silver Evening Clutch Chic\" src=\"\/\/ae01.alicdn.com\/kf\/S6335ae79b1124b22b07bbc2d19c4c6a4U.jpg\" alt=\"Handbags for Women 2023 New Gold Luxury Designer Brand Handwoven Noodle Bags Rope Knotted Pulled Hobo Silver Evening Clutch Chic\" \/><img decoding=\"async\" class=\"aligncenter\" title=\"Handbags for Women 2023 New Gold Luxury Designer Brand Handwoven Noodle Bags Rope Knotted Pulled Hobo Silver Evening Clutch Chic\" src=\"\/\/ae01.alicdn.com\/kf\/S80952637bc674ff894661aafbc3345adM.jpg\" alt=\"Handbags for Women 2023 New Gold Luxury Designer Brand Handwoven Noodle Bags Rope Knotted Pulled Hobo Silver Evening Clutch Chic\" \/><img decoding=\"async\" class=\"aligncenter\" title=\"Handbags for Women 2023 New Gold Luxury Designer Brand Handwoven Noodle Bags Rope Knotted Pulled Hobo Silver Evening Clutch Chic\" src=\"\/\/ae01.alicdn.com\/kf\/S4e0c7d79fdfa4bc3b06cdf8508bbbc95J.jpg\" alt=\"Handbags for Women 2023 New Gold Luxury Designer Brand Handwoven Noodle Bags Rope Knotted Pulled Hobo Silver Evening Clutch Chic\" \/><img decoding=\"async\" class=\"aligncenter\" title=\"Handbags for Women 2023 New Gold Luxury Designer Brand Handwoven Noodle Bags Rope Knotted Pulled Hobo Silver Evening Clutch Chic\" src=\"\/\/ae01.alicdn.com\/kf\/S042c080351b345d3b3143dbc4ccbc2efq.jpg\" alt=\"Handbags for Women 2023 New Gold Luxury Designer Brand Handwoven Noodle Bags Rope Knotted Pulled Hobo Silver Evening Clutch Chic\" \/><img decoding=\"async\" class=\"aligncenter\" title=\"Handbags for Women 2023 New Gold Luxury Designer Brand Handwoven Noodle Bags Rope Knotted Pulled Hobo Silver Evening Clutch Chic\" src=\"\/\/ae01.alicdn.com\/kf\/S752bce1b601446c08b9ab8a18edfdb9bo.jpg\" alt=\"Handbags for Women 2023 New Gold Luxury Designer Brand Handwoven Noodle Bags Rope Knotted Pulled Hobo Silver Evening Clutch Chic\" \/><img decoding=\"async\" class=\"aligncenter\" title=\"Handbags for Women 2023 New Gold Luxury Designer Brand Handwoven Noodle Bags Rope Knotted Pulled Hobo Silver Evening Clutch Chic\" src=\"\/\/ae01.alicdn.com\/kf\/S5c73424e39004dd4b0edcaea7f519dffr.jpg\" alt=\"Handbags for Women 2023 New Gold Luxury Designer Brand Handwoven Noodle Bags Rope Knotted Pulled Hobo Silver Evening Clutch Chic\" \/><img decoding=\"async\" class=\"aligncenter\" title=\"Handbags for Women 2023 New Gold Luxury Designer Brand Handwoven Noodle Bags Rope Knotted Pulled Hobo Silver Evening Clutch Chic\" src=\"\/\/ae01.alicdn.com\/kf\/S8f0213c5956244859775079b587bec6b2.jpg\" alt=\"Handbags for Women 2023 New Gold Luxury Designer Brand Handwoven Noodle Bags Rope Knotted Pulled Hobo Silver Evening Clutch Chic\" \/><img decoding=\"async\" class=\"aligncenter\" title=\"Handbags for Women 2023 New Gold Luxury Designer Brand Handwoven Noodle Bags Rope Knotted Pulled Hobo Silver Evening Clutch Chic\" src=\"\/\/ae01.alicdn.com\/kf\/S82cbb61d2928474f99d22f91ef9c6f09U.jpg\" alt=\"Handbags for Women 2023 New Gold Luxury Designer Brand Handwoven Noodle Bags Rope Knotted Pulled Hobo Silver Evening Clutch Chic\" \/><img decoding=\"async\" class=\"aligncenter\" title=\"Handbags for Women 2023 New Gold Luxury Designer Brand Handwoven Noodle Bags Rope Knotted Pulled Hobo Silver Evening Clutch Chic\" src=\"\/\/ae01.alicdn.com\/kf\/Saee6ebe5bd4b4f829e6ea8196824de60P.jpg\" alt=\"Handbags for Women 2023 New Gold Luxury Designer Brand Handwoven Noodle Bags Rope Knotted Pulled Hobo Silver Evening Clutch Chic\" \/><img decoding=\"async\" title=\"Handbags for Women 2023 New Gold Luxury Designer Brand Handwoven Noodle Bags Rope Knotted Pulled Hobo Silver Evening Clutch Chic\" src=\"\/\/ae01.alicdn.com\/kf\/Sb511e705434047efb13cdb96a1cc4059l.jpg\" alt=\"Handbags for Women 2023 New Gold Luxury Designer Brand Handwoven Noodle Bags Rope Knotted Pulled Hobo Silver Evening Clutch Chic\" \/><\/p>\n","protected":false},"excerpt":{"rendered":"<p>&nbsp; \u3010Material\u3011 PU \u3010TAMA\u00d1O\u3011 Largo 9.84in\/25cm\u00a0 Alto 10.63in\/27cm \u3010CAPACIDAD\u3011 Tel\u00e9fono, Cosm\u00e9ticos, Billetera peque\u00f1a &nbsp;<\/p>\n","protected":false},"featured_media":190104,"comment_status":"open","ping_status":"closed","template":"","meta":[],"product_brand":[],"product_cat":[1045,15],"product_tag":[],"class_list":{"0":"post-190093","1":"product","2":"type-product","3":"status-publish","4":"has-post-thumbnail","6":"product_cat-bolsos-y-carteras","7":"product_cat-todos","8":"pa_a4a8fbf9f14b58bf488819-black-and-white","9":"pa_a4a8fbf9f14b58bf488819-colorful","10":"pa_a4a8fbf9f14b58bf488819-gold","11":"pa_a4a8fbf9f14b58bf488819-khaki","12":"pa_a4a8fbf9f14b58bf488819-silver","14":"first","15":"instock","16":"shipping-taxable","17":"purchasable","18":"product-type-variable"},"_links":{"self":[{"href":"https:\/\/hereastore.com\/pe\/wp-json\/wp\/v2\/product\/190093","targetHints":{"allow":["GET"]}}],"collection":[{"href":"https:\/\/hereastore.com\/pe\/wp-json\/wp\/v2\/product"}],"about":[{"href":"https:\/\/hereastore.com\/pe\/wp-json\/wp\/v2\/types\/product"}],"replies":[{"embeddable":true,"href":"https:\/\/hereastore.com\/pe\/wp-json\/wp\/v2\/comments?post=190093"}],"version-history":[{"count":0,"href":"https:\/\/hereastore.com\/pe\/wp-json\/wp\/v2\/product\/190093\/revisions"}],"wp:featuredmedia":[{"embeddable":true,"href":"https:\/\/hereastore.com\/pe\/wp-json\/wp\/v2\/media\/190104"}],"wp:attachment":[{"href":"https:\/\/hereastore.com\/pe\/wp-json\/wp\/v2\/media?parent=190093"}],"wp:term":[{"taxonomy":"product_brand","embeddable":true,"href":"https:\/\/hereastore.com\/pe\/wp-json\/wp\/v2\/product_brand?post=190093"},{"taxonomy":"product_cat","embeddable":true,"href":"https:\/\/hereastore.com\/pe\/wp-json\/wp\/v2\/product_cat?post=190093"},{"taxonomy":"product_tag","embeddable":true,"href":"https:\/\/hereastore.com\/pe\/wp-json\/wp\/v2\/product_tag?post=190093"}],"curies":[{"name":"wp","href":"https:\/\/api.w.org\/{rel}","templated":true}]}}