{"id":202519,"date":"2024-12-02T00:41:42","date_gmt":"2024-12-02T03:41:42","guid":{"rendered":"https:\/\/hereastore.com\/pe\/producto\/banador-bandeau-de-una-pieza-para-mujer-traje-de-bano-sexy-monokini-de-cintura-alta-ropa-de-playa-de-retazos-2024\/"},"modified":"2026-04-04T19:37:21","modified_gmt":"2026-04-04T22:37:21","slug":"trajedebanomarilyn","status":"publish","type":"product","link":"https:\/\/hereastore.com\/pe\/producto\/trajedebanomarilyn\/","title":{"rendered":"Traje De Ba\u00f1o Marilyn"},"content":{"rendered":"<p>&nbsp;<\/p>\n<p>\u00bfBuscas un traje de ba\u00f1o que combine estilo y comodidad? Atr\u00e9vete a destacar con nuestro traje de ba\u00f1o de una pieza. Dise\u00f1ado para realzar tu sensualidad y confianza, este traje de ba\u00f1o combina elegancia y audacia en cada detalle. Perfecto para quienes buscan un look \u00fanico y atrevido en la playa o la piscina, este modelo te acompa\u00f1ar\u00e1 en cada aventura veraniega con un toque fresco y alegre.<\/p>\n<p>\u00bfPor qu\u00e9 te encantar\u00e1?<\/p>\n<p>-C\u00f3modo y elegante: Dise\u00f1ado para proporcionar comodidad y elegancia en todo momento, perfecto para disfdniar de la playa y la piscina.<\/p>\n<p>-Dise\u00f1o vibrante.<\/p>\n<p>\u00a1Compra con confianza!<\/p>\n<p>-Env\u00edo gratis a todo Per\u00fa: Est\u00e9s donde est\u00e9s, tu traje de ba\u00f1o llega directamente a tu puerta sin costo adicional.<\/p>\n<p>-Garant\u00eda de 30 d\u00edas: Si tu traje de ba\u00f1o sufre alg\u00fan desperfecto en la tela cuenta con una garant\u00eda con nosotros y obtienes tu devoluci\u00f3n.<\/p>\n<p>-Paga como prefieras: Aceptamos todos los m\u00e9todos de pago disponibles en Per\u00fa, con la opci\u00f3n de pagar en 3 a 6 cuotas sin inter\u00e9s.<\/p>\n<p>\u00a1No te pierdas esta oportunidad y lleva contigo estilo, comodidad y felicidad en tu look playero!<\/p>\n<p>&nbsp;<\/p>\n<p>&nbsp;<\/p>\n<div>\n<div>\n<table style=\"border-collapse: collapse;\" border=\"1\" width=\"100%\">\n<tbody>\n<tr>\n<td rowspan=\"8\">\n<div><\/div>\n<div>\n<div><\/div>\n<div>\n<div>\n<table style=\"border-collapse: collapse; width: 100%; padding-left: 0em;\" border=\"1\" width=\"100%\">\n<tbody>\n<tr>\n<td rowspan=\"8\"><\/td>\n<td><strong id=\"tl_1\">Tama\u00f1o<\/strong><\/td>\n<td><strong id=\"tl_2\">Un Busto (cm)<\/strong><\/td>\n<td><strong id=\"tl_3\">Cintura B (cm)<\/strong><\/td>\n<td><strong id=\"tl_4\">Cadera C (cm)<\/strong><\/td>\n<td><strong id=\"tl_5\">Taza<\/strong><\/td>\n<\/tr>\n<tr>\n<td>\n<p id=\"tl_6\">S<\/p>\n<\/td>\n<td>81-86<\/td>\n<td>63-68<\/td>\n<td>86-91<\/td>\n<td>\n<p id=\"tl_7\">A-B<\/p>\n<\/td>\n<\/tr>\n<tr>\n<td>\n<p id=\"tl_8\">M<\/p>\n<\/td>\n<td>86-91<\/td>\n<td>68-73<\/td>\n<td>91-96<\/td>\n<td>\n<p id=\"tl_9\">B-C<\/p>\n<\/td>\n<\/tr>\n<tr>\n<td>\n<p id=\"tl_10\">L<\/p>\n<\/td>\n<td>91-96<\/td>\n<td>73-78<\/td>\n<td>96-101<\/td>\n<td>\n<p id=\"tl_11\">B-C<\/p>\n<\/td>\n<\/tr>\n<tr>\n<td>\n<p id=\"tl_12\">XL<\/p>\n<\/td>\n<td>96-101<\/td>\n<td>78-83<\/td>\n<td>101-106<\/td>\n<td><span id=\"tl_13\" style=\"font-size: 13.3333px;\">B-C<\/span><\/td>\n<\/tr>\n<tr>\n<td>\n<p id=\"tl_14\">XXL<\/p>\n<\/td>\n<td>101-106<\/td>\n<td>83-88<\/td>\n<td>106-111<\/td>\n<td><span id=\"tl_15\" style=\"font-size: 13.3333px;\">B-D<\/span><\/td>\n<\/tr>\n<tr>\n<td><\/td>\n<td><\/td>\n<td><\/td>\n<td><\/td>\n<td><\/td>\n<\/tr>\n<tr>\n<td colspan=\"5\">\n<div><\/div>\n<\/td>\n<\/tr>\n<\/tbody>\n<\/table>\n<\/div>\n<div><\/div>\n<\/div>\n<\/div>\n<\/td>\n<\/tr>\n<\/tbody>\n<\/table>\n<\/div>\n<p><img decoding=\"async\" title=\"Ba\u00f1ador Bandeau de una pieza para mujer, traje de ba\u00f1o Sexy, Monokini de cintura alta, ropa de playa de retazos, 2024\" src=\"\/\/ae01.alicdn.com\/kf\/S165b4d7b0c7347a599419400423185c6W.jpg\" alt=\"Ba\u00f1ador Bandeau de una pieza para mujer, traje de ba\u00f1o Sexy, Monokini de cintura alta, ropa de playa de retazos, 2024\" \/><img decoding=\"async\" title=\"Ba\u00f1ador Bandeau de una pieza para mujer, traje de ba\u00f1o Sexy, Monokini de cintura alta, ropa de playa de retazos, 2024\" src=\"\/\/ae01.alicdn.com\/kf\/S5fa9ca6f570d4a4a89e56fadd5db5d9ey.jpg\" alt=\"Ba\u00f1ador Bandeau de una pieza para mujer, traje de ba\u00f1o Sexy, Monokini de cintura alta, ropa de playa de retazos, 2024\" \/><img decoding=\"async\" title=\"Ba\u00f1ador Bandeau de una pieza para mujer, traje de ba\u00f1o Sexy, Monokini de cintura alta, ropa de playa de retazos, 2024\" src=\"\/\/ae01.alicdn.com\/kf\/S9cd1e1502f57442bb194b5b33a0ffa85g.jpg\" alt=\"Ba\u00f1ador Bandeau de una pieza para mujer, traje de ba\u00f1o Sexy, Monokini de cintura alta, ropa de playa de retazos, 2024\" \/><img decoding=\"async\" title=\"Ba\u00f1ador Bandeau de una pieza para mujer, traje de ba\u00f1o Sexy, Monokini de cintura alta, ropa de playa de retazos, 2024\" src=\"\/\/ae01.alicdn.com\/kf\/Saa542849c8e0470cb24e2b4a378efa17I.jpg\" alt=\"Ba\u00f1ador Bandeau de una pieza para mujer, traje de ba\u00f1o Sexy, Monokini de cintura alta, ropa de playa de retazos, 2024\" \/><\/p>\n<p>&nbsp;<\/p>\n<\/div>\n","protected":false},"excerpt":{"rendered":"<p>&nbsp; \u00bfBuscas un traje de ba\u00f1o que combine estilo y comodidad? Atr\u00e9vete a destacar con nuestro traje de ba\u00f1o de una pieza. Dise\u00f1ado para realzar tu sensualidad y confianza, este traje de ba\u00f1o combina elegancia y audacia en cada detalle. Perfecto para quienes buscan un look \u00fanico y atrevido en la playa o la piscina, [&hellip;]<\/p>\n","protected":false},"featured_media":202527,"comment_status":"open","ping_status":"closed","template":"","meta":[],"product_brand":[],"product_cat":[234,15],"product_tag":[],"class_list":{"0":"post-202519","1":"product","2":"type-product","3":"status-publish","4":"has-post-thumbnail","6":"product_cat-bikinis","7":"product_cat-todos","8":"pa_a4a8fbf9f14b58bf488819-mjc364101","9":"pa_f294abc323c8581b087d9a-l","10":"pa_f294abc323c8581b087d9a-m","11":"pa_f294abc323c8581b087d9a-s","13":"first","14":"instock","15":"shipping-taxable","16":"purchasable","17":"product-type-variable"},"_links":{"self":[{"href":"https:\/\/hereastore.com\/pe\/wp-json\/wp\/v2\/product\/202519","targetHints":{"allow":["GET"]}}],"collection":[{"href":"https:\/\/hereastore.com\/pe\/wp-json\/wp\/v2\/product"}],"about":[{"href":"https:\/\/hereastore.com\/pe\/wp-json\/wp\/v2\/types\/product"}],"replies":[{"embeddable":true,"href":"https:\/\/hereastore.com\/pe\/wp-json\/wp\/v2\/comments?post=202519"}],"version-history":[{"count":0,"href":"https:\/\/hereastore.com\/pe\/wp-json\/wp\/v2\/product\/202519\/revisions"}],"wp:featuredmedia":[{"embeddable":true,"href":"https:\/\/hereastore.com\/pe\/wp-json\/wp\/v2\/media\/202527"}],"wp:attachment":[{"href":"https:\/\/hereastore.com\/pe\/wp-json\/wp\/v2\/media?parent=202519"}],"wp:term":[{"taxonomy":"product_brand","embeddable":true,"href":"https:\/\/hereastore.com\/pe\/wp-json\/wp\/v2\/product_brand?post=202519"},{"taxonomy":"product_cat","embeddable":true,"href":"https:\/\/hereastore.com\/pe\/wp-json\/wp\/v2\/product_cat?post=202519"},{"taxonomy":"product_tag","embeddable":true,"href":"https:\/\/hereastore.com\/pe\/wp-json\/wp\/v2\/product_tag?post=202519"}],"curies":[{"name":"wp","href":"https:\/\/api.w.org\/{rel}","templated":true}]}}