{"id":202529,"date":"2024-12-02T00:50:04","date_gmt":"2024-12-02T03:50:04","guid":{"rendered":"https:\/\/hereastore.com\/pe\/producto\/bikini-estampado-de-cintura-alta-para-mujer-traje-de-bano-de-banda-cruzado-en-la-espalda-ropa-de-playa-2024\/"},"modified":"2026-04-04T19:38:55","modified_gmt":"2026-04-04T22:38:55","slug":"bikiniroberta","status":"publish","type":"product","link":"https:\/\/hereastore.com\/pe\/producto\/bikiniroberta\/","title":{"rendered":"Bikini Roberta"},"content":{"rendered":"<p>&nbsp;<\/p>\n<p>Luce espectacular con nuestro traje de ba\u00f1o de dos piezas, dise\u00f1ado para las almas atrevidas. Con colores vibrantes que capturan la esencia del verano, este conjunto no solo resalta tu figura, sino que tambi\u00e9n te hace destacar en cualquier playa o piscina. \u00a1Atr\u00e9vete a ser el centro de atenci\u00f3n!<\/p>\n<p>\u00bfPor qu\u00e9 te encantar\u00e1?<\/p>\n<p>-C\u00f3modo y funcional: Dise\u00f1ado para proporcionar soporte abdominal y comodidad en todo momento, perfecto para disfdniar de la playa, la piscina o cualquier actividad acu\u00e1tica.<\/p>\n<p>-Dise\u00f1os vibrantes: Colores alegres que reflejan tu estilo \u00fanico y a\u00f1aden diversi\u00f3n a cada d\u00eda.<\/p>\n<p>\u00a1Compra con confianza!<\/p>\n<p>-Env\u00edo gratis a todo Per\u00fa: Est\u00e9s donde est\u00e9s, tu traje de ba\u00f1o llega directamente a tu puerta sin costo adicional.<\/p>\n<p>-Garant\u00eda de 30 d\u00edas: Si tu traje de ba\u00f1o sufre alg\u00fan desperfecto en la tela cuenta con una garant\u00eda con nosotros y obtienes tu devoluci\u00f3n.<\/p>\n<p>-Paga como prefieras: Aceptamos todos los m\u00e9todos de pago disponibles en Per\u00fa, con la opci\u00f3n de pagar en 3 a 6 cuotas sin inter\u00e9s.<\/p>\n<p>\u00a1No te pierdas esta oportunidad y lleva contigo estilo, comodidad y felicidad en tu look playero!<\/p>\n<div>\n<div>\n<p style=\"text-align: left;\" align=\"left\"><img decoding=\"async\" title=\"Bikini estampado de cintura alta para mujer, traje de ba\u00f1o de banda cruzado en la espalda, ropa de playa, 2024\" src=\"\/\/ae01.alicdn.com\/kf\/Sa2535c462b2640748a6749638c23a325C.jpg\" alt=\"Bikini estampado de cintura alta para mujer, traje de ba\u00f1o de banda cruzado en la espalda, ropa de playa, 2024\" \/><img decoding=\"async\" title=\"Bikini estampado de cintura alta para mujer, traje de ba\u00f1o de banda cruzado en la espalda, ropa de playa, 2024\" src=\"\/\/ae01.alicdn.com\/kf\/Hd49c208cc43e47b98d7e46335e9bfbf0i.jpg\" alt=\"Bikini estampado de cintura alta para mujer, traje de ba\u00f1o de banda cruzado en la espalda, ropa de playa, 2024\" \/><img decoding=\"async\" title=\"Bikini estampado de cintura alta para mujer, traje de ba\u00f1o de banda cruzado en la espalda, ropa de playa, 2024\" src=\"\/\/ae01.alicdn.com\/kf\/Hac9fb4694eda4b1f8d4c2cdb03e806b6k.jpg\" alt=\"Bikini estampado de cintura alta para mujer, traje de ba\u00f1o de banda cruzado en la espalda, ropa de playa, 2024\" \/><img decoding=\"async\" title=\"Bikini estampado de cintura alta para mujer, traje de ba\u00f1o de banda cruzado en la espalda, ropa de playa, 2024\" src=\"\/\/ae01.alicdn.com\/kf\/H3814fd7f6fdd42efb7c6fbb5963f62d2N.jpg\" alt=\"Bikini estampado de cintura alta para mujer, traje de ba\u00f1o de banda cruzado en la espalda, ropa de playa, 2024\" \/><img decoding=\"async\" title=\"Bikini estampado de cintura alta para mujer, traje de ba\u00f1o de banda cruzado en la espalda, ropa de playa, 2024\" src=\"\/\/ae01.alicdn.com\/kf\/Hd36a961544204b84ba083de43ae518e5X.jpg\" alt=\"Bikini estampado de cintura alta para mujer, traje de ba\u00f1o de banda cruzado en la espalda, ropa de playa, 2024\" \/><img decoding=\"async\" title=\"Bikini estampado de cintura alta para mujer, traje de ba\u00f1o de banda cruzado en la espalda, ropa de playa, 2024\" src=\"\/\/ae01.alicdn.com\/kf\/Ha2f15a9bb8de4d73a18a6caf969cff69X.jpg\" alt=\"Bikini estampado de cintura alta para mujer, traje de ba\u00f1o de banda cruzado en la espalda, ropa de playa, 2024\" \/><img decoding=\"async\" title=\"Bikini estampado de cintura alta para mujer, traje de ba\u00f1o de banda cruzado en la espalda, ropa de playa, 2024\" src=\"\/\/ae01.alicdn.com\/kf\/S513f43d0f64843269c771fd65309e8dfd.jpg\" alt=\"Bikini estampado de cintura alta para mujer, traje de ba\u00f1o de banda cruzado en la espalda, ropa de playa, 2024\" \/><img decoding=\"async\" title=\"Bikini estampado de cintura alta para mujer, traje de ba\u00f1o de banda cruzado en la espalda, ropa de playa, 2024\" src=\"\/\/ae01.alicdn.com\/kf\/S25c55813f7564367aedec89cf58d78cf0.jpg\" alt=\"Bikini estampado de cintura alta para mujer, traje de ba\u00f1o de banda cruzado en la espalda, ropa de playa, 2024\" \/><img decoding=\"async\" title=\"Bikini estampado de cintura alta para mujer, traje de ba\u00f1o de banda cruzado en la espalda, ropa de playa, 2024\" src=\"\/\/ae01.alicdn.com\/kf\/S5a7e8865d830495993d364cf4d69ba25z.jpg\" alt=\"Bikini estampado de cintura alta para mujer, traje de ba\u00f1o de banda cruzado en la espalda, ropa de playa, 2024\" \/><img decoding=\"async\" title=\"Bikini estampado de cintura alta para mujer, traje de ba\u00f1o de banda cruzado en la espalda, ropa de playa, 2024\" src=\"\/\/ae01.alicdn.com\/kf\/S50555f0ae7c2417d8450b68ff82f6348k.jpg\" alt=\"Bikini estampado de cintura alta para mujer, traje de ba\u00f1o de banda cruzado en la espalda, ropa de playa, 2024\" \/><img fetchpriority=\"high\" decoding=\"async\" title=\"Bikini estampado de cintura alta para mujer, traje de ba\u00f1o de banda cruzado en la espalda, ropa de playa, 2024\" src=\"\/\/ae01.alicdn.com\/kf\/He73e74f68d584032ac5a7d9bdd8e0b4aZ.jpg\" alt=\"Bikini estampado de cintura alta para mujer, traje de ba\u00f1o de banda cruzado en la espalda, ropa de playa, 2024\" width=\"944\" height=\"944\" \/><img decoding=\"async\" title=\"Bikini estampado de cintura alta para mujer, traje de ba\u00f1o de banda cruzado en la espalda, ropa de playa, 2024\" src=\"\/\/ae01.alicdn.com\/kf\/Hc12e411cb8a94b128b42c4ac201b7f45L.jpg\" alt=\"Bikini estampado de cintura alta para mujer, traje de ba\u00f1o de banda cruzado en la espalda, ropa de playa, 2024\" \/><img decoding=\"async\" title=\"Bikini estampado de cintura alta para mujer, traje de ba\u00f1o de banda cruzado en la espalda, ropa de playa, 2024\" src=\"\/\/ae01.alicdn.com\/kf\/H2bfb0cdaa6b94d4c98d56eebc392c665l.jpg\" alt=\"Bikini estampado de cintura alta para mujer, traje de ba\u00f1o de banda cruzado en la espalda, ropa de playa, 2024\" \/><img decoding=\"async\" title=\"Bikini estampado de cintura alta para mujer, traje de ba\u00f1o de banda cruzado en la espalda, ropa de playa, 2024\" src=\"\/\/ae01.alicdn.com\/kf\/H4c69cd1ff4804e6aba3acb6a5bc8d91fU.jpg\" alt=\"Bikini estampado de cintura alta para mujer, traje de ba\u00f1o de banda cruzado en la espalda, ropa de playa, 2024\" \/><img decoding=\"async\" title=\"Bikini estampado de cintura alta para mujer, traje de ba\u00f1o de banda cruzado en la espalda, ropa de playa, 2024\" src=\"\/\/ae01.alicdn.com\/kf\/Hacb2c9979ef7412bb54756fc7024ea77a.jpg\" alt=\"Bikini estampado de cintura alta para mujer, traje de ba\u00f1o de banda cruzado en la espalda, ropa de playa, 2024\" \/><img decoding=\"async\" title=\"Bikini estampado de cintura alta para mujer, traje de ba\u00f1o de banda cruzado en la espalda, ropa de playa, 2024\" src=\"\/\/ae01.alicdn.com\/kf\/H2b0e536400a4434db454cc4ea008d2c10.jpg\" alt=\"Bikini estampado de cintura alta para mujer, traje de ba\u00f1o de banda cruzado en la espalda, ropa de playa, 2024\" \/><img decoding=\"async\" title=\"Bikini estampado de cintura alta para mujer, traje de ba\u00f1o de banda cruzado en la espalda, ropa de playa, 2024\" src=\"\/\/ae01.alicdn.com\/kf\/Hc949273d6d1c497c828396af8efd1376e.jpg\" alt=\"Bikini estampado de cintura alta para mujer, traje de ba\u00f1o de banda cruzado en la espalda, ropa de playa, 2024\" \/><img decoding=\"async\" title=\"Bikini estampado de cintura alta para mujer, traje de ba\u00f1o de banda cruzado en la espalda, ropa de playa, 2024\" src=\"\/\/ae01.alicdn.com\/kf\/H05258b031cd24839931a25dc36be8f1by.jpg\" alt=\"Bikini estampado de cintura alta para mujer, traje de ba\u00f1o de banda cruzado en la espalda, ropa de playa, 2024\" \/><img decoding=\"async\" title=\"Bikini estampado de cintura alta para mujer, traje de ba\u00f1o de banda cruzado en la espalda, ropa de playa, 2024\" src=\"\/\/ae01.alicdn.com\/kf\/Haafc8a5e5e4a49e692adfa4aa0e50748k.jpg\" alt=\"Bikini estampado de cintura alta para mujer, traje de ba\u00f1o de banda cruzado en la espalda, ropa de playa, 2024\" \/><img decoding=\"async\" title=\"Bikini estampado de cintura alta para mujer, traje de ba\u00f1o de banda cruzado en la espalda, ropa de playa, 2024\" src=\"\/\/ae01.alicdn.com\/kf\/H2b0e536400a4434db454cc4ea008d2c10.jpg\" alt=\"Bikini estampado de cintura alta para mujer, traje de ba\u00f1o de banda cruzado en la espalda, ropa de playa, 2024\" \/><img decoding=\"async\" title=\"Bikini estampado de cintura alta para mujer, traje de ba\u00f1o de banda cruzado en la espalda, ropa de playa, 2024\" src=\"\/\/ae01.alicdn.com\/kf\/Hece90f3b4cc347f69d2e78ac15f955f0S.jpg\" alt=\"Bikini estampado de cintura alta para mujer, traje de ba\u00f1o de banda cruzado en la espalda, ropa de playa, 2024\" \/><img decoding=\"async\" title=\"Bikini estampado de cintura alta para mujer, traje de ba\u00f1o de banda cruzado en la espalda, ropa de playa, 2024\" src=\"\/\/ae01.alicdn.com\/kf\/H88a7e49b27324c91b93af7a67d69f1675.jpg\" alt=\"Bikini estampado de cintura alta para mujer, traje de ba\u00f1o de banda cruzado en la espalda, ropa de playa, 2024\" \/><\/p>\n<p>&nbsp;<\/p>\n<\/div>\n<\/div>\n","protected":false},"excerpt":{"rendered":"<p>&nbsp; Luce espectacular con nuestro traje de ba\u00f1o de dos piezas, dise\u00f1ado para las almas atrevidas. Con colores vibrantes que capturan la esencia del verano, este conjunto no solo resalta tu figura, sino que tambi\u00e9n te hace destacar en cualquier playa o piscina. \u00a1Atr\u00e9vete a ser el centro de atenci\u00f3n! \u00bfPor qu\u00e9 te encantar\u00e1? -C\u00f3modo [&hellip;]<\/p>\n","protected":false},"featured_media":202607,"comment_status":"open","ping_status":"closed","template":"","meta":[],"product_brand":[],"product_cat":[234,15,6434],"product_tag":[],"class_list":{"0":"post-202529","1":"product","2":"type-product","3":"status-publish","4":"has-post-thumbnail","6":"product_cat-bikinis","7":"product_cat-todos","8":"product_cat-trajes-de-bano","9":"pa_a4a8fbf9f14b58bf488819-hyml8194d1","10":"pa_a4a8fbf9f14b58bf488819-hyml8194g1-201739808","11":"pa_a4a8fbf9f14b58bf488819-hyml8194g1","12":"pa_a4a8fbf9f14b58bf488819-hyml8194o1","13":"pa_a4a8fbf9f14b58bf488819-hyml8194p1","14":"pa_a4a8fbf9f14b58bf488819-hyml8194r1","15":"pa_a4a8fbf9f14b58bf488819-hyml8194z1","16":"pa_a4a8fbf9f14b58bf488819-mo24415w2","17":"pa_a4a8fbf9f14b58bf488819-mo24415z3","18":"pa_a4a8fbf9f14b58bf488819-qy91815b1","19":"pa_a4a8fbf9f14b58bf488819-qy91815b2","20":"pa_a4a8fbf9f14b58bf488819-qy91815d1","21":"pa_a4a8fbf9f14b58bf488819-qy91815d2","22":"pa_a4a8fbf9f14b58bf488819-qy91815g1","23":"pa_a4a8fbf9f14b58bf488819-qy91815g2","24":"pa_a4a8fbf9f14b58bf488819-qy91815g3","25":"pa_a4a8fbf9f14b58bf488819-qy91815r1","26":"pa_a4a8fbf9f14b58bf488819-qy91815s1","27":"pa_a4a8fbf9f14b58bf488819-tz19701bb","28":"pa_a4a8fbf9f14b58bf488819-tz19701d1","29":"pa_a4a8fbf9f14b58bf488819-tz19701dd","30":"pa_a4a8fbf9f14b58bf488819-tz19701de","31":"pa_a4a8fbf9f14b58bf488819-tz19701y3","32":"pa_a4a8fbf9f14b58bf488819-tz19701y5","33":"pa_f294abc323c8581b087d9a-l","34":"pa_f294abc323c8581b087d9a-m","35":"pa_f294abc323c8581b087d9a-s","37":"first","38":"instock","39":"shipping-taxable","40":"purchasable","41":"product-type-variable"},"_links":{"self":[{"href":"https:\/\/hereastore.com\/pe\/wp-json\/wp\/v2\/product\/202529","targetHints":{"allow":["GET"]}}],"collection":[{"href":"https:\/\/hereastore.com\/pe\/wp-json\/wp\/v2\/product"}],"about":[{"href":"https:\/\/hereastore.com\/pe\/wp-json\/wp\/v2\/types\/product"}],"replies":[{"embeddable":true,"href":"https:\/\/hereastore.com\/pe\/wp-json\/wp\/v2\/comments?post=202529"}],"version-history":[{"count":0,"href":"https:\/\/hereastore.com\/pe\/wp-json\/wp\/v2\/product\/202529\/revisions"}],"wp:featuredmedia":[{"embeddable":true,"href":"https:\/\/hereastore.com\/pe\/wp-json\/wp\/v2\/media\/202607"}],"wp:attachment":[{"href":"https:\/\/hereastore.com\/pe\/wp-json\/wp\/v2\/media?parent=202529"}],"wp:term":[{"taxonomy":"product_brand","embeddable":true,"href":"https:\/\/hereastore.com\/pe\/wp-json\/wp\/v2\/product_brand?post=202529"},{"taxonomy":"product_cat","embeddable":true,"href":"https:\/\/hereastore.com\/pe\/wp-json\/wp\/v2\/product_cat?post=202529"},{"taxonomy":"product_tag","embeddable":true,"href":"https:\/\/hereastore.com\/pe\/wp-json\/wp\/v2\/product_tag?post=202529"}],"curies":[{"name":"wp","href":"https:\/\/api.w.org\/{rel}","templated":true}]}}