{"id":202688,"date":"2024-12-02T00:57:45","date_gmt":"2024-12-02T03:57:45","guid":{"rendered":"https:\/\/hereastore.com\/pe\/producto\/hollowen-traje-de-bano-de-una-pieza-para-mujer-banador-sexy-con-hombros-descubiertos-traje-de-bano-de-retazos-con-cinturon-ropa-de-playa\/"},"modified":"2026-04-04T19:39:38","modified_gmt":"2026-04-04T22:39:38","slug":"trajedebanogriella","status":"publish","type":"product","link":"https:\/\/hereastore.com\/pe\/producto\/trajedebanogriella\/","title":{"rendered":"Traje De Ba\u00f1o Griella"},"content":{"rendered":"<div>\n<div style=\"margin: 10px auto 0px auto; max-width: 100%;\">\n<div style=\"text-align: center;\" align=\"center\">\n<p>&nbsp;<\/p>\n<p style=\"text-align: left;\">Impresiona con nuestro sofisticado traje de ba\u00f1o de una pieza, complementado con un elegante pareo y detalles dorados que irradian lujo. Dise\u00f1ado para resaltar tu gracia natural, este conjunto te har\u00e1 sentir como una verdadera reina del verano, perfecta para cualquier ocasi\u00f3n especial junto al agua<\/p>\n<\/div>\n<\/div>\n<\/div>\n<p>\u00bfPor qu\u00e9 te encantar\u00e1?<\/p>\n<p>-Dise\u00f1os vibrantes: Colores alegres que reflejan tu estilo \u00fanico y a\u00f1aden elegancia a cada d\u00eda.<\/p>\n<p>\u00a1Compra con confianza!<\/p>\n<p>-Env\u00edo gratis a todo Per\u00fa: Est\u00e9s donde est\u00e9s, tu traje de ba\u00f1o llega directamente a tu puerta sin costo adicional.<\/p>\n<p>-Garant\u00eda de 30 d\u00edas: Si tu traje de ba\u00f1o sufre alg\u00fan desperfecto en la tela cuenta con una garant\u00eda con nosotros y obtienes tu devoluci\u00f3n.<\/p>\n<p>-Paga como prefieras: Aceptamos todos los m\u00e9todos de pago disponibles en Per\u00fa, con la opci\u00f3n de pagar en 3 a 6 cuotas sin inter\u00e9s.<\/p>\n<p>\u00a1No te pierdas esta oportunidad y lleva contigo estilo, comodidad y felicidad en tu look playero!<\/p>\n<div>\n<div>\n<div style=\"margin: 10px auto 0px auto; max-width: 100%;\">\n<div style=\"text-align: center;\" align=\"center\">\n<p><img decoding=\"async\" title=\"Hollowen-traje de ba\u00f1o de una pieza para mujer, ba\u00f1ador Sexy con hombros descubiertos, traje de ba\u00f1o de retazos con cintur\u00f3n, ropa de playa\" src=\"\/\/ae01.alicdn.com\/kf\/Hdce87b4c51664c58a2f8087a76583fceA.jpg\" alt=\"Hollowen-traje de ba\u00f1o de una pieza para mujer, ba\u00f1ador Sexy con hombros descubiertos, traje de ba\u00f1o de retazos con cintur\u00f3n, ropa de playa\" \/><\/p>\n<p><img decoding=\"async\" title=\"Hollowen-traje de ba\u00f1o de una pieza para mujer, ba\u00f1ador Sexy con hombros descubiertos, traje de ba\u00f1o de retazos con cintur\u00f3n, ropa de playa\" src=\"\/\/ae01.alicdn.com\/kf\/Sb95bba509168467ab5456dde56f8621dM.jpg\" alt=\"Hollowen-traje de ba\u00f1o de una pieza para mujer, ba\u00f1ador Sexy con hombros descubiertos, traje de ba\u00f1o de retazos con cintur\u00f3n, ropa de playa\" \/><br \/>\n<img decoding=\"async\" title=\"Hollowen-traje de ba\u00f1o de una pieza para mujer, ba\u00f1ador Sexy con hombros descubiertos, traje de ba\u00f1o de retazos con cintur\u00f3n, ropa de playa\" src=\"\/\/ae01.alicdn.com\/kf\/S43842cc84fdd4abb89dc8d291b2a67888.jpg\" alt=\"Hollowen-traje de ba\u00f1o de una pieza para mujer, ba\u00f1ador Sexy con hombros descubiertos, traje de ba\u00f1o de retazos con cintur\u00f3n, ropa de playa\" \/><br \/>\n<img decoding=\"async\" title=\"Hollowen-traje de ba\u00f1o de una pieza para mujer, ba\u00f1ador Sexy con hombros descubiertos, traje de ba\u00f1o de retazos con cintur\u00f3n, ropa de playa\" src=\"\/\/ae01.alicdn.com\/kf\/S1287fd689cd54258b8580330c03203f8p.jpg\" alt=\"Hollowen-traje de ba\u00f1o de una pieza para mujer, ba\u00f1ador Sexy con hombros descubiertos, traje de ba\u00f1o de retazos con cintur\u00f3n, ropa de playa\" \/><br \/>\n<img decoding=\"async\" title=\"Hollowen-traje de ba\u00f1o de una pieza para mujer, ba\u00f1ador Sexy con hombros descubiertos, traje de ba\u00f1o de retazos con cintur\u00f3n, ropa de playa\" src=\"\/\/ae01.alicdn.com\/kf\/S39bf8d759dee427e97ed0182b5124971g.jpg\" alt=\"Hollowen-traje de ba\u00f1o de una pieza para mujer, ba\u00f1ador Sexy con hombros descubiertos, traje de ba\u00f1o de retazos con cintur\u00f3n, ropa de playa\" \/><br \/>\n<img decoding=\"async\" title=\"Hollowen-traje de ba\u00f1o de una pieza para mujer, ba\u00f1ador Sexy con hombros descubiertos, traje de ba\u00f1o de retazos con cintur\u00f3n, ropa de playa\" src=\"\/\/ae01.alicdn.com\/kf\/Sec5a6f6e059a446da902c214ca4f137aQ.jpg\" alt=\"Hollowen-traje de ba\u00f1o de una pieza para mujer, ba\u00f1ador Sexy con hombros descubiertos, traje de ba\u00f1o de retazos con cintur\u00f3n, ropa de playa\" \/><br \/>\n<img decoding=\"async\" title=\"Hollowen-traje de ba\u00f1o de una pieza para mujer, ba\u00f1ador Sexy con hombros descubiertos, traje de ba\u00f1o de retazos con cintur\u00f3n, ropa de playa\" src=\"\/\/ae01.alicdn.com\/kf\/S212a8a918ef8418c93a4a7a3ed8ca701b.jpg\" alt=\"Hollowen-traje de ba\u00f1o de una pieza para mujer, ba\u00f1ador Sexy con hombros descubiertos, traje de ba\u00f1o de retazos con cintur\u00f3n, ropa de playa\" \/><\/p>\n<\/div>\n<\/div>\n<div>\n<div>\n<div><\/div>\n<p>&nbsp;<\/p>\n<\/div>\n<\/div>\n<p>&nbsp;<\/p>\n<\/div>\n<\/div>\n","protected":false},"excerpt":{"rendered":"<p>&nbsp; Impresiona con nuestro sofisticado traje de ba\u00f1o de una pieza, complementado con un elegante pareo y detalles dorados que irradian lujo. Dise\u00f1ado para resaltar tu gracia natural, este conjunto te har\u00e1 sentir como una verdadera reina del verano, perfecta para cualquier ocasi\u00f3n especial junto al agua \u00bfPor qu\u00e9 te encantar\u00e1? -Dise\u00f1os vibrantes: Colores alegres [&hellip;]<\/p>\n","protected":false},"featured_media":202726,"comment_status":"open","ping_status":"closed","template":"","meta":[],"product_brand":[],"product_cat":[234,15],"product_tag":[],"class_list":{"0":"post-202688","1":"product","2":"type-product","3":"status-publish","4":"has-post-thumbnail","6":"product_cat-bikinis","7":"product_cat-todos","8":"pa_a4a8fbf9f14b58bf488819-wd1214g1","9":"pa_a4a8fbf9f14b58bf488819-wd1214g2","10":"pa_a4a8fbf9f14b58bf488819-wd1214k1","11":"pa_a4a8fbf9f14b58bf488819-wd1214k2","12":"pa_a4a8fbf9f14b58bf488819-wd1214p1","13":"pa_a4a8fbf9f14b58bf488819-wd1214p2","14":"pa_a4a8fbf9f14b58bf488819-wd1214z1","15":"pa_a4a8fbf9f14b58bf488819-wd1214z2","16":"pa_f294abc323c8581b087d9a-l","17":"pa_f294abc323c8581b087d9a-m","18":"pa_f294abc323c8581b087d9a-s","19":"pa_f294abc323c8581b087d9a-xl","21":"first","22":"instock","23":"shipping-taxable","24":"purchasable","25":"product-type-variable"},"_links":{"self":[{"href":"https:\/\/hereastore.com\/pe\/wp-json\/wp\/v2\/product\/202688","targetHints":{"allow":["GET"]}}],"collection":[{"href":"https:\/\/hereastore.com\/pe\/wp-json\/wp\/v2\/product"}],"about":[{"href":"https:\/\/hereastore.com\/pe\/wp-json\/wp\/v2\/types\/product"}],"replies":[{"embeddable":true,"href":"https:\/\/hereastore.com\/pe\/wp-json\/wp\/v2\/comments?post=202688"}],"version-history":[{"count":0,"href":"https:\/\/hereastore.com\/pe\/wp-json\/wp\/v2\/product\/202688\/revisions"}],"wp:featuredmedia":[{"embeddable":true,"href":"https:\/\/hereastore.com\/pe\/wp-json\/wp\/v2\/media\/202726"}],"wp:attachment":[{"href":"https:\/\/hereastore.com\/pe\/wp-json\/wp\/v2\/media?parent=202688"}],"wp:term":[{"taxonomy":"product_brand","embeddable":true,"href":"https:\/\/hereastore.com\/pe\/wp-json\/wp\/v2\/product_brand?post=202688"},{"taxonomy":"product_cat","embeddable":true,"href":"https:\/\/hereastore.com\/pe\/wp-json\/wp\/v2\/product_cat?post=202688"},{"taxonomy":"product_tag","embeddable":true,"href":"https:\/\/hereastore.com\/pe\/wp-json\/wp\/v2\/product_tag?post=202688"}],"curies":[{"name":"wp","href":"https:\/\/api.w.org\/{rel}","templated":true}]}}