{"id":202926,"date":"2024-12-02T11:35:18","date_gmt":"2024-12-02T14:35:18","guid":{"rendered":"https:\/\/hereastore.com\/pe\/producto\/tankini-ahuecado-de-talla-grande-para-mujer-banador-de-2-piezas-de-cintura-alta-traje-de-bano-femenino-ropa-de-playa-2024\/"},"modified":"2026-04-04T19:41:40","modified_gmt":"2026-04-04T22:41:40","slug":"trajedebanomissoni","status":"publish","type":"product","link":"https:\/\/hereastore.com\/pe\/producto\/trajedebanomissoni\/","title":{"rendered":"Traje De Ba\u00f1o Missoni"},"content":{"rendered":"<p>&nbsp;<\/p>\n<p>\u00bfBuscas un traje de ba\u00f1o que combine estilo y comodidad para todas las tallas? Este traje de ba\u00f1o Plus Size\u00a0 esta dise\u00f1ado para resaltar tus curvas y belleza. Este modelo te acompa\u00f1ar\u00e1 en cada aventura veraniega con un toque fresco y alegre.<\/p>\n<p>\u00bfPor qu\u00e9 te encantar\u00e1?<\/p>\n<p>-C\u00f3modo y funcional: Dise\u00f1ado para proporcionar soporte abdominal y comodidad en todo momento, perfecto para disfdniar de la playa, la piscina o cualquier actividad acu\u00e1tica.<\/p>\n<p>&nbsp;<\/p>\n<p>\u00a1Compra con confianza!<\/p>\n<p>-Env\u00edo gratis a todo Per\u00fa: Est\u00e9s donde est\u00e9s, tu traje de ba\u00f1o llega directamente a tu puerta sin costo adicional.<\/p>\n<p>-Garant\u00eda de 30 d\u00edas: Si tu traje de ba\u00f1o sufre alg\u00fan desperfecto en la tela cuenta con una garant\u00eda con nosotros y obtienes tu devoluci\u00f3n.<\/p>\n<p>-Paga como prefieras: Aceptamos todos los m\u00e9todos de pago disponibles en Per\u00fa, con la opci\u00f3n de pagar en 3 a 6 cuotas sin inter\u00e9s.<\/p>\n<p>\u00a1No te pierdas esta oportunidad y lleva contigo estilo, comodidad y felicidad en tu look playero!<\/p>\n<p>&nbsp;<\/p>\n<h3><\/h3>\n<h3 style=\"font-size: 24px; font-weight: 600; color: #000000; margin: 0px auto; line-height: 24px; background-color: #ff00ff; padding: 8px; text-align: center;\"><span style=\"color: #ffffff;\"><span style=\"font-family: arial;\"><span id=\"tl_1\" style=\"font-family: arial; color: #ffffff;\">Tabla de tallas<\/span><\/span><\/span><\/h3>\n<div style=\"margin: 0px auto; text-align: center;\">\n<table style=\"font-family: Arial, Verdana, sans-serif; width: 997px;\" border=\"0\" cellspacing=\"1\" cellpadding=\"0\">\n<tbody>\n<tr>\n<td style=\"border-style: solid; border-color: #000000;\">\n<p align=\"center\"><span style=\"font-size: 20px;\"><span style=\"font-family: arial, helvetica, sans-serif;\"><strong id=\"tl_2\">Tama\u00f1o<\/strong><\/span><\/span><\/p>\n<\/td>\n<td style=\"border-style: solid; border-color: #000000;\">\n<p align=\"center\"><span style=\"font-size: 20px;\"><span style=\"font-family: arial, helvetica, sans-serif;\"><strong id=\"tl_3\">Busto<\/strong><\/span><\/span><\/p>\n<p style=\"vertical-align: baseline; padding: 0px; margin-top: 0px; margin-bottom: 0px;\" align=\"center\"><span style=\"font-size: 20px;\"><span style=\"font-family: arial, helvetica, sans-serif;\"><strong id=\"tl_4\">(Cm)<\/strong><\/span><\/span><\/p>\n<\/td>\n<td style=\"border-style: solid; border-color: #000000;\">\n<p align=\"center\"><span style=\"font-size: 20px;\"><span style=\"font-family: arial, helvetica, sans-serif;\"><strong id=\"tl_5\">Cintura<\/strong><\/span><\/span><\/p>\n<p align=\"center\"><span style=\"font-size: 20px;\"><span style=\"font-family: arial, helvetica, sans-serif;\"><strong id=\"tl_6\">(Cm)<\/strong><\/span><\/span><\/p>\n<\/td>\n<td style=\"border-style: solid; border-color: #000000;\">\n<p align=\"center\"><span style=\"font-size: 20px;\"><span style=\"font-family: arial, helvetica, sans-serif;\"><strong id=\"tl_7\">Caderas<\/strong><\/span><\/span><\/p>\n<p style=\"vertical-align: baseline; padding: 0px; margin-top: 0px; margin-bottom: 0px;\" align=\"center\"><span style=\"font-size: 20px;\"><span style=\"font-family: arial, helvetica, sans-serif;\"><strong id=\"tl_8\">(Cm)<\/strong><\/span><\/span><\/p>\n<\/td>\n<\/tr>\n<tr>\n<td style=\"border-style: solid; border-color: #000000;\">\n<p align=\"center\"><span style=\"font-size: 20px; font-family: Arial;\"><strong id=\"tl_9\">0XL<\/strong><\/span><\/p>\n<\/td>\n<td style=\"border-style: solid; border-color: #000000;\">\n<p align=\"center\"><span style=\"font-size: 18px;\"><span style=\"font-family: arial, helvetica, sans-serif;\">101-107<\/span><\/span><\/p>\n<\/td>\n<td style=\"border-style: solid; border-color: #000000;\">\n<p align=\"center\"><span style=\"font-size: 18px;\"><span style=\"font-family: arial, helvetica, sans-serif;\">81-87<\/span><\/span><\/p>\n<\/td>\n<td style=\"border-style: solid; border-color: #000000;\">\n<p align=\"center\"><span style=\"font-size: 18px;\"><span style=\"font-family: arial, helvetica, sans-serif;\">111-117<\/span><\/span><\/p>\n<\/td>\n<\/tr>\n<tr>\n<td style=\"border-style: solid; border-color: #000000;\">\n<p align=\"center\"><strong><span style=\"font-size: 20px;\"><span id=\"tl_10\" style=\"font-family: arial, helvetica, sans-serif;\">1XL<\/span><\/span><\/strong><\/p>\n<\/td>\n<td style=\"border-style: solid; border-color: #000000;\">\n<p align=\"center\"><span style=\"font-size: 18px;\"><span style=\"font-family: arial, helvetica, sans-serif;\">107-113<\/span><\/span><\/p>\n<\/td>\n<td style=\"border-style: solid; border-color: #000000;\">\n<p align=\"center\"><span style=\"font-size: 18px;\"><span style=\"font-family: arial, helvetica, sans-serif;\">87-93<\/span><\/span><\/p>\n<\/td>\n<td style=\"border-style: solid; border-color: #000000;\">\n<p align=\"center\"><span style=\"font-size: 18px;\"><span style=\"font-family: arial, helvetica, sans-serif;\">117-123<\/span><\/span><\/p>\n<\/td>\n<\/tr>\n<tr>\n<td style=\"border-style: solid; border-color: #000000;\">\n<p align=\"center\"><strong><span style=\"font-size: 20px;\"><span id=\"tl_11\" style=\"font-family: arial, helvetica, sans-serif;\">2XL<\/span><\/span><\/strong><\/p>\n<\/td>\n<td style=\"border-style: solid; border-color: #000000;\">\n<p align=\"center\"><span style=\"font-size: 18px;\"><span style=\"font-family: arial, helvetica, sans-serif;\">113-119<\/span><\/span><\/p>\n<\/td>\n<td style=\"border-style: solid; border-color: #000000;\">\n<p align=\"center\"><span style=\"font-size: 18px;\"><span style=\"font-family: arial, helvetica, sans-serif;\">93-99<\/span><\/span><\/p>\n<\/td>\n<td style=\"border-style: solid; border-color: #000000;\">\n<p align=\"center\"><span style=\"font-size: 18px;\"><span style=\"font-family: arial, helvetica, sans-serif;\">123-129<\/span><\/span><\/p>\n<\/td>\n<\/tr>\n<tr>\n<td style=\"border-style: solid; border-color: #000000;\">\n<p align=\"center\"><strong><span style=\"font-size: 20px;\"><span id=\"tl_12\" style=\"font-family: arial, helvetica, sans-serif;\">3XL<\/span><\/span><\/strong><\/p>\n<\/td>\n<td style=\"border-style: solid; border-color: #000000;\">\n<p align=\"center\"><span style=\"font-size: 18px;\"><span style=\"font-family: arial, helvetica, sans-serif;\">119-125<\/span><\/span><\/p>\n<\/td>\n<td style=\"border-style: solid; border-color: #000000;\">\n<p style=\"vertical-align: baseline; padding: 0px; margin-top: 0px; margin-bottom: 0px;\" align=\"center\"><span style=\"font-size: 18px;\"><span style=\"font-family: arial, helvetica, sans-serif;\">99-105<\/span><\/span><\/p>\n<\/td>\n<td style=\"border-style: solid; border-color: #000000;\">\n<p align=\"center\"><span style=\"font-size: 18px;\"><span style=\"font-family: arial, helvetica, sans-serif;\">129-135<\/span><\/span><\/p>\n<\/td>\n<\/tr>\n<tr>\n<td style=\"border-style: solid; border-color: #000000;\">\n<p align=\"center\"><span style=\"font-size: 20px;\"><strong><span id=\"tl_13\" style=\"font-family: arial, helvetica, sans-serif;\">4XL<\/span><\/strong><\/span><\/p>\n<\/td>\n<td style=\"border-style: solid; border-color: #000000;\">\n<p align=\"center\"><span style=\"font-size: 18px;\"><span style=\"font-family: arial, helvetica, sans-serif;\">125-131<\/span><\/span><\/p>\n<\/td>\n<td style=\"border-style: solid; border-color: #000000;\">\n<p align=\"center\"><span style=\"font-size: 18px;\"><span style=\"font-family: arial, helvetica, sans-serif;\">105-111<\/span><\/span><\/p>\n<\/td>\n<td style=\"border-style: solid; border-color: #000000;\">\n<p align=\"center\"><span style=\"font-size: 18px;\"><span style=\"font-family: arial, helvetica, sans-serif;\">135-141<\/span><\/span><\/p>\n<\/td>\n<\/tr>\n<\/tbody>\n<\/table>\n<h3 style=\"font-size: 24px; font-weight: 600; color: #000000; text-align: center; margin: 0px auto; background-color: #ff00ff; padding: 8px;\"><span id=\"tl_19\" style=\"font-family: arial; color: #ffffff;\">Espect\u00e1culo modelo<\/span><\/h3>\n<\/div>\n<div style=\"margin: 0px auto;\" align=\"center\">\n<div>\n<p style=\"text-align: center;\"><img decoding=\"async\" style=\"width: 1000px;\" title=\"Tankini ahuecado de talla grande para mujer, ba\u00f1ador de 2 piezas de cintura alta, traje de ba\u00f1o femenino, ropa de playa, 2024\" src=\"\/\/ae01.alicdn.com\/kf\/Sf0bacb3908e84c96a9a1ff6670cc61bcV.jpg\" alt=\"Tankini ahuecado de talla grande para mujer, ba\u00f1ador de 2 piezas de cintura alta, traje de ba\u00f1o femenino, ropa de playa, 2024\" data-src=\"\/\/ae01.alicdn.com\/kf\/Sf0bacb3908e84c96a9a1ff6670cc61bcV.jpg\" \/><\/p>\n<p style=\"text-align: center;\"><img decoding=\"async\" style=\"width: 1000px;\" title=\"Tankini ahuecado de talla grande para mujer, ba\u00f1ador de 2 piezas de cintura alta, traje de ba\u00f1o femenino, ropa de playa, 2024\" src=\"\/\/ae01.alicdn.com\/kf\/Sff88b3ba8c83435aae136fe660852ae7I.jpg\" alt=\"Tankini ahuecado de talla grande para mujer, ba\u00f1ador de 2 piezas de cintura alta, traje de ba\u00f1o femenino, ropa de playa, 2024\" data-src=\"\/\/ae01.alicdn.com\/kf\/Sff88b3ba8c83435aae136fe660852ae7I.jpg\" \/><\/p>\n<p style=\"text-align: center;\"><img decoding=\"async\" style=\"width: 1000px;\" title=\"Tankini ahuecado de talla grande para mujer, ba\u00f1ador de 2 piezas de cintura alta, traje de ba\u00f1o femenino, ropa de playa, 2024\" src=\"\/\/ae01.alicdn.com\/kf\/Sf50124dbfeb04c0bb04dd2a4ee921208u.jpg\" alt=\"Tankini ahuecado de talla grande para mujer, ba\u00f1ador de 2 piezas de cintura alta, traje de ba\u00f1o femenino, ropa de playa, 2024\" data-src=\"\/\/ae01.alicdn.com\/kf\/Sf50124dbfeb04c0bb04dd2a4ee921208u.jpg\" \/><\/p>\n<p style=\"text-align: center;\"><img decoding=\"async\" style=\"width: 1000px;\" title=\"Tankini ahuecado de talla grande para mujer, ba\u00f1ador de 2 piezas de cintura alta, traje de ba\u00f1o femenino, ropa de playa, 2024\" src=\"\/\/ae01.alicdn.com\/kf\/Sdee0d7c18e3b451b8470801bc94d5696C.jpg\" alt=\"Tankini ahuecado de talla grande para mujer, ba\u00f1ador de 2 piezas de cintura alta, traje de ba\u00f1o femenino, ropa de playa, 2024\" data-src=\"\/\/ae01.alicdn.com\/kf\/Sdee0d7c18e3b451b8470801bc94d5696C.jpg\" \/><\/p>\n<p style=\"text-align: center;\"><img decoding=\"async\" style=\"width: 1000px;\" title=\"Tankini ahuecado de talla grande para mujer, ba\u00f1ador de 2 piezas de cintura alta, traje de ba\u00f1o femenino, ropa de playa, 2024\" src=\"\/\/ae01.alicdn.com\/kf\/S5ff668c3016f4940ac46c0079e36555ei.jpg\" alt=\"Tankini ahuecado de talla grande para mujer, ba\u00f1ador de 2 piezas de cintura alta, traje de ba\u00f1o femenino, ropa de playa, 2024\" data-src=\"\/\/ae01.alicdn.com\/kf\/S5ff668c3016f4940ac46c0079e36555ei.jpg\" \/><\/p>\n<p style=\"text-align: center;\"><img decoding=\"async\" style=\"width: 1000px;\" title=\"Tankini ahuecado de talla grande para mujer, ba\u00f1ador de 2 piezas de cintura alta, traje de ba\u00f1o femenino, ropa de playa, 2024\" src=\"\/\/ae01.alicdn.com\/kf\/S5142935e7b164a9ba3960dd35cc03040N.jpg\" alt=\"Tankini ahuecado de talla grande para mujer, ba\u00f1ador de 2 piezas de cintura alta, traje de ba\u00f1o femenino, ropa de playa, 2024\" data-src=\"\/\/ae01.alicdn.com\/kf\/S5142935e7b164a9ba3960dd35cc03040N.jpg\" \/><\/p>\n<p style=\"text-align: center;\"><img decoding=\"async\" style=\"width: 1000px;\" title=\"Tankini ahuecado de talla grande para mujer, ba\u00f1ador de 2 piezas de cintura alta, traje de ba\u00f1o femenino, ropa de playa, 2024\" src=\"\/\/ae01.alicdn.com\/kf\/S326a7f249df049e5b5c53c6bfc1c8bbet.jpg\" alt=\"Tankini ahuecado de talla grande para mujer, ba\u00f1ador de 2 piezas de cintura alta, traje de ba\u00f1o femenino, ropa de playa, 2024\" data-src=\"\/\/ae01.alicdn.com\/kf\/S326a7f249df049e5b5c53c6bfc1c8bbet.jpg\" \/><\/p>\n<p style=\"text-align: center;\"><img decoding=\"async\" style=\"width: 1000px;\" title=\"Tankini ahuecado de talla grande para mujer, ba\u00f1ador de 2 piezas de cintura alta, traje de ba\u00f1o femenino, ropa de playa, 2024\" src=\"\/\/ae01.alicdn.com\/kf\/S5361a72a7d324a138f67d652dcb1cd228.jpg\" alt=\"Tankini ahuecado de talla grande para mujer, ba\u00f1ador de 2 piezas de cintura alta, traje de ba\u00f1o femenino, ropa de playa, 2024\" data-src=\"\/\/ae01.alicdn.com\/kf\/S5361a72a7d324a138f67d652dcb1cd228.jpg\" \/><span style=\"font-family: verdana; font-size: 13px; color: #000000;\">\u00a0<\/span><\/p>\n<\/div>\n<\/div>\n","protected":false},"excerpt":{"rendered":"<p>&nbsp; \u00bfBuscas un traje de ba\u00f1o que combine estilo y comodidad para todas las tallas? Este traje de ba\u00f1o Plus Size\u00a0 esta dise\u00f1ado para resaltar tus curvas y belleza. Este modelo te acompa\u00f1ar\u00e1 en cada aventura veraniega con un toque fresco y alegre. \u00bfPor qu\u00e9 te encantar\u00e1? -C\u00f3modo y funcional: Dise\u00f1ado para proporcionar soporte abdominal [&hellip;]<\/p>\n","protected":false},"featured_media":202936,"comment_status":"open","ping_status":"closed","template":"","meta":[],"product_brand":[],"product_cat":[234,15],"product_tag":[],"class_list":{"0":"post-202926","1":"product","2":"type-product","3":"status-publish","4":"has-post-thumbnail","6":"product_cat-bikinis","7":"product_cat-todos","8":"pa_a4a8fbf9f14b58bf488819-black","9":"pa_f294abc323c8581b087d9a-1xl","10":"pa_f294abc323c8581b087d9a-2xl","11":"pa_f294abc323c8581b087d9a-3xl","12":"pa_f294abc323c8581b087d9a-4xl","14":"first","15":"instock","16":"shipping-taxable","17":"purchasable","18":"product-type-variable"},"_links":{"self":[{"href":"https:\/\/hereastore.com\/pe\/wp-json\/wp\/v2\/product\/202926","targetHints":{"allow":["GET"]}}],"collection":[{"href":"https:\/\/hereastore.com\/pe\/wp-json\/wp\/v2\/product"}],"about":[{"href":"https:\/\/hereastore.com\/pe\/wp-json\/wp\/v2\/types\/product"}],"replies":[{"embeddable":true,"href":"https:\/\/hereastore.com\/pe\/wp-json\/wp\/v2\/comments?post=202926"}],"version-history":[{"count":0,"href":"https:\/\/hereastore.com\/pe\/wp-json\/wp\/v2\/product\/202926\/revisions"}],"wp:featuredmedia":[{"embeddable":true,"href":"https:\/\/hereastore.com\/pe\/wp-json\/wp\/v2\/media\/202936"}],"wp:attachment":[{"href":"https:\/\/hereastore.com\/pe\/wp-json\/wp\/v2\/media?parent=202926"}],"wp:term":[{"taxonomy":"product_brand","embeddable":true,"href":"https:\/\/hereastore.com\/pe\/wp-json\/wp\/v2\/product_brand?post=202926"},{"taxonomy":"product_cat","embeddable":true,"href":"https:\/\/hereastore.com\/pe\/wp-json\/wp\/v2\/product_cat?post=202926"},{"taxonomy":"product_tag","embeddable":true,"href":"https:\/\/hereastore.com\/pe\/wp-json\/wp\/v2\/product_tag?post=202926"}],"curies":[{"name":"wp","href":"https:\/\/api.w.org\/{rel}","templated":true}]}}