{"id":202949,"date":"2024-12-02T11:48:46","date_gmt":"2024-12-02T14:48:46","guid":{"rendered":"https:\/\/hereastore.com\/pe\/producto\/tankini-estampado-de-talla-grande-para-mujer-banador-de-dos-piezas-de-cintura-alta-traje-de-bano-femenino-para-playa-2024\/"},"modified":"2026-04-04T19:41:54","modified_gmt":"2026-04-04T22:41:54","slug":"trajedebanokanna","status":"publish","type":"product","link":"https:\/\/hereastore.com\/pe\/producto\/trajedebanokanna\/","title":{"rendered":"Traje De Ba\u00f1o Kanna"},"content":{"rendered":"<p>&nbsp;<\/p>\n<p>\u00bfBuscas un traje de ba\u00f1o que combine estilo y comodidad para todas las tallas? Este traje de ba\u00f1o Plus Size ofrece una cobertura elegante y sutil para llevar con toda la confianza, es la opci\u00f3n perfecta para ti. Este modelo te acompa\u00f1ar\u00e1 en cada aventura veraniega con un toque fresco y alegre.<\/p>\n<p>\u00bfPor qu\u00e9 te encantar\u00e1?<\/p>\n<p>-C\u00f3modo y funcional: Dise\u00f1ado para proporcionar comodidad en todo momento, perfecto para disfdniar de la playa, la piscina o cualquier actividad acu\u00e1tica.<\/p>\n<p>&nbsp;<\/p>\n<p>\u00a1Compra con confianza!<\/p>\n<p>-Env\u00edo gratis a todo Per\u00fa: Est\u00e9s donde est\u00e9s, tu traje de ba\u00f1o llega directamente a tu puerta sin costo adicional.<\/p>\n<p>-Garant\u00eda de 30 d\u00edas: Si tu traje de ba\u00f1o sufre alg\u00fan desperfecto en la tela cuenta con una garant\u00eda con nosotros y obtienes tu devoluci\u00f3n.<\/p>\n<p>-Paga como prefieras: Aceptamos todos los m\u00e9todos de pago disponibles en Per\u00fa, con la opci\u00f3n de pagar en 3 a 6 cuotas sin inter\u00e9s.<\/p>\n<p>\u00a1No te pierdas esta oportunidad y lleva contigo estilo, comodidad y felicidad en tu look playero!<\/p>\n<h3><\/h3>\n<h3 style=\"font-size: 24px; font-weight: 600; color: #000000; text-align: center; margin: 0px auto; line-height: 24px; background-color: #ff00ff; padding: 8px;\"><span style=\"color: #ffffff;\"><span style=\"font-family: arial;\"><span id=\"tl_1\" style=\"font-family: arial; color: #ffffff;\">Tabla de tallas<\/span><\/span><\/span><\/h3>\n<div style=\"margin: 0px auto;\">\n<table style=\"font-family: Arial, Verdana, sans-serif; width: 997px;\" border=\"0\" cellspacing=\"1\" cellpadding=\"0\">\n<tbody>\n<tr>\n<td style=\"border-style: solid; border-color: #000000;\">\n<p align=\"center\"><span style=\"font-size: 20px;\"><span style=\"font-family: arial, helvetica, sans-serif;\"><strong id=\"tl_2\">Tama\u00f1o<\/strong><\/span><\/span><\/p>\n<\/td>\n<td style=\"border-style: solid; border-color: #000000;\">\n<p align=\"center\"><span style=\"font-size: 20px;\"><span style=\"font-family: arial, helvetica, sans-serif;\"><strong id=\"tl_3\">Busto<\/strong><\/span><\/span><\/p>\n<p style=\"vertical-align: baseline; padding: 0px; margin-top: 0px; margin-bottom: 0px;\" align=\"center\"><span style=\"font-size: 20px;\"><span style=\"font-family: arial, helvetica, sans-serif;\"><strong id=\"tl_4\">(Cm)<\/strong><\/span><\/span><\/p>\n<\/td>\n<td style=\"border-style: solid; border-color: #000000;\">\n<p align=\"center\"><span style=\"font-size: 20px;\"><span style=\"font-family: arial, helvetica, sans-serif;\"><strong id=\"tl_5\">Cintura<\/strong><\/span><\/span><\/p>\n<p align=\"center\"><span style=\"font-size: 20px;\"><span style=\"font-family: arial, helvetica, sans-serif;\"><strong id=\"tl_6\">(Cm)<\/strong><\/span><\/span><\/p>\n<\/td>\n<td style=\"border-style: solid; border-color: #000000;\">\n<p align=\"center\"><span style=\"font-size: 20px;\"><span style=\"font-family: arial, helvetica, sans-serif;\"><strong id=\"tl_7\">Caderas<\/strong><\/span><\/span><\/p>\n<p style=\"vertical-align: baseline; padding: 0px; margin-top: 0px; margin-bottom: 0px;\" align=\"center\"><span style=\"font-size: 20px;\"><span style=\"font-family: arial, helvetica, sans-serif;\"><strong id=\"tl_8\">(Cm)<\/strong><\/span><\/span><\/p>\n<\/td>\n<\/tr>\n<tr>\n<td style=\"border-style: solid; border-color: #000000;\">\n<p align=\"center\"><span style=\"font-size: 20px; font-family: Arial;\"><strong id=\"tl_9\">0XL<\/strong><\/span><\/p>\n<\/td>\n<td style=\"border-style: solid; border-color: #000000;\">\n<p align=\"center\"><span style=\"font-size: 18px;\"><span style=\"font-family: arial, helvetica, sans-serif;\">101-107<\/span><\/span><\/p>\n<\/td>\n<td style=\"border-style: solid; border-color: #000000;\">\n<p align=\"center\"><span style=\"font-size: 18px;\"><span style=\"font-family: arial, helvetica, sans-serif;\">81-87<\/span><\/span><\/p>\n<\/td>\n<td style=\"border-style: solid; border-color: #000000;\">\n<p align=\"center\"><span style=\"font-size: 18px;\"><span style=\"font-family: arial, helvetica, sans-serif;\">111-117<\/span><\/span><\/p>\n<\/td>\n<\/tr>\n<tr>\n<td style=\"border-style: solid; border-color: #000000;\">\n<p align=\"center\"><strong><span style=\"font-size: 20px;\"><span id=\"tl_10\" style=\"font-family: arial, helvetica, sans-serif;\">1XL<\/span><\/span><\/strong><\/p>\n<\/td>\n<td style=\"border-style: solid; border-color: #000000;\">\n<p align=\"center\"><span style=\"font-size: 18px;\"><span style=\"font-family: arial, helvetica, sans-serif;\">107-113<\/span><\/span><\/p>\n<\/td>\n<td style=\"border-style: solid; border-color: #000000;\">\n<p align=\"center\"><span style=\"font-size: 18px;\"><span style=\"font-family: arial, helvetica, sans-serif;\">87-93<\/span><\/span><\/p>\n<\/td>\n<td style=\"border-style: solid; border-color: #000000;\">\n<p align=\"center\"><span style=\"font-size: 18px;\"><span style=\"font-family: arial, helvetica, sans-serif;\">117-123<\/span><\/span><\/p>\n<\/td>\n<\/tr>\n<tr>\n<td style=\"border-style: solid; border-color: #000000;\">\n<p align=\"center\"><strong><span style=\"font-size: 20px;\"><span id=\"tl_11\" style=\"font-family: arial, helvetica, sans-serif;\">2XL<\/span><\/span><\/strong><\/p>\n<\/td>\n<td style=\"border-style: solid; border-color: #000000;\">\n<p align=\"center\"><span style=\"font-size: 18px;\"><span style=\"font-family: arial, helvetica, sans-serif;\">113-119<\/span><\/span><\/p>\n<\/td>\n<td style=\"border-style: solid; border-color: #000000;\">\n<p align=\"center\"><span style=\"font-size: 18px;\"><span style=\"font-family: arial, helvetica, sans-serif;\">93-99<\/span><\/span><\/p>\n<\/td>\n<td style=\"border-style: solid; border-color: #000000;\">\n<p align=\"center\"><span style=\"font-size: 18px;\"><span style=\"font-family: arial, helvetica, sans-serif;\">123-129<\/span><\/span><\/p>\n<\/td>\n<\/tr>\n<tr>\n<td style=\"border-style: solid; border-color: #000000;\">\n<p align=\"center\"><strong><span style=\"font-size: 20px;\"><span id=\"tl_12\" style=\"font-family: arial, helvetica, sans-serif;\">3XL<\/span><\/span><\/strong><\/p>\n<\/td>\n<td style=\"border-style: solid; border-color: #000000;\">\n<p align=\"center\"><span style=\"font-size: 18px;\"><span style=\"font-family: arial, helvetica, sans-serif;\">119-125<\/span><\/span><\/p>\n<\/td>\n<td style=\"border-style: solid; border-color: #000000;\">\n<p style=\"vertical-align: baseline; padding: 0px; margin-top: 0px; margin-bottom: 0px;\" align=\"center\"><span style=\"font-size: 18px;\"><span style=\"font-family: arial, helvetica, sans-serif;\">99-105<\/span><\/span><\/p>\n<\/td>\n<td style=\"border-style: solid; border-color: #000000;\">\n<p align=\"center\"><span style=\"font-size: 18px;\"><span style=\"font-family: arial, helvetica, sans-serif;\">129-135<\/span><\/span><\/p>\n<\/td>\n<\/tr>\n<tr>\n<td style=\"border-style: solid; border-color: #000000;\">\n<p align=\"center\"><span style=\"font-size: 20px;\"><strong><span id=\"tl_13\" style=\"font-family: arial, helvetica, sans-serif;\">4XL<\/span><\/strong><\/span><\/p>\n<\/td>\n<td style=\"border-style: solid; border-color: #000000;\">\n<p align=\"center\"><span style=\"font-size: 18px;\"><span style=\"font-family: arial, helvetica, sans-serif;\">125-131<\/span><\/span><\/p>\n<\/td>\n<td style=\"border-style: solid; border-color: #000000;\">\n<p align=\"center\"><span style=\"font-size: 18px;\"><span style=\"font-family: arial, helvetica, sans-serif;\">105-111<\/span><\/span><\/p>\n<\/td>\n<td style=\"border-style: solid; border-color: #000000;\">\n<p align=\"center\"><span style=\"font-size: 18px;\"><span style=\"font-family: arial, helvetica, sans-serif;\">135-141<\/span><\/span><\/p>\n<\/td>\n<\/tr>\n<\/tbody>\n<\/table>\n<h3><\/h3>\n<h3 style=\"font-size: 24px; font-weight: 600; color: #000000; text-align: center; margin: 0px auto; background-color: #ff00ff; padding: 8px;\"><span id=\"tl_19\" style=\"font-family: arial; color: #ffffff;\">Espect\u00e1culo modelo<\/span><\/h3>\n<\/div>\n<div style=\"margin: 0px auto;\" align=\"center\">\n<p><img decoding=\"async\" style=\"width: 1000px;\" title=\"Tankini estampado de talla grande para mujer, ba\u00f1ador de dos piezas de cintura alta, traje de ba\u00f1o femenino para playa, 2024\" src=\"\/\/ae01.alicdn.com\/kf\/S6483acf4fb2a44f98b93951b8adf333db.jpg\" alt=\"Tankini estampado de talla grande para mujer, ba\u00f1ador de dos piezas de cintura alta, traje de ba\u00f1o femenino para playa, 2024\" data-src=\"\/\/ae01.alicdn.com\/kf\/S6483acf4fb2a44f98b93951b8adf333db.jpg\" \/><\/p>\n<div>\n<p>&nbsp;<\/p>\n<p><img decoding=\"async\" style=\"width: 1000px;\" title=\"Tankini estampado de talla grande para mujer, ba\u00f1ador de dos piezas de cintura alta, traje de ba\u00f1o femenino para playa, 2024\" src=\"\/\/ae01.alicdn.com\/kf\/S32d8527c37da46edbf1c66afcb4b222dX.jpg\" alt=\"Tankini estampado de talla grande para mujer, ba\u00f1ador de dos piezas de cintura alta, traje de ba\u00f1o femenino para playa, 2024\" data-src=\"\/\/ae01.alicdn.com\/kf\/S32d8527c37da46edbf1c66afcb4b222dX.jpg\" \/><\/p>\n<p><img decoding=\"async\" style=\"width: 1000px;\" title=\"Tankini estampado de talla grande para mujer, ba\u00f1ador de dos piezas de cintura alta, traje de ba\u00f1o femenino para playa, 2024\" src=\"\/\/ae01.alicdn.com\/kf\/S37d1ed3f00c247e78bdd579a78c16171C.jpg\" alt=\"Tankini estampado de talla grande para mujer, ba\u00f1ador de dos piezas de cintura alta, traje de ba\u00f1o femenino para playa, 2024\" data-src=\"\/\/ae01.alicdn.com\/kf\/S37d1ed3f00c247e78bdd579a78c16171C.jpg\" \/><\/p>\n<p><img decoding=\"async\" style=\"width: 1000px;\" title=\"Tankini estampado de talla grande para mujer, ba\u00f1ador de dos piezas de cintura alta, traje de ba\u00f1o femenino para playa, 2024\" src=\"\/\/ae01.alicdn.com\/kf\/S1f8f8bed5dd64ff48605ae8075d2d6228.jpg\" alt=\"Tankini estampado de talla grande para mujer, ba\u00f1ador de dos piezas de cintura alta, traje de ba\u00f1o femenino para playa, 2024\" data-src=\"\/\/ae01.alicdn.com\/kf\/S1f8f8bed5dd64ff48605ae8075d2d6228.jpg\" \/><\/p>\n<p><img decoding=\"async\" style=\"width: 1000px;\" title=\"Tankini estampado de talla grande para mujer, ba\u00f1ador de dos piezas de cintura alta, traje de ba\u00f1o femenino para playa, 2024\" src=\"\/\/ae01.alicdn.com\/kf\/Sc54e3ce843cb4c2faffb64d1d7e4bb21D.jpg\" alt=\"Tankini estampado de talla grande para mujer, ba\u00f1ador de dos piezas de cintura alta, traje de ba\u00f1o femenino para playa, 2024\" data-src=\"\/\/ae01.alicdn.com\/kf\/Sc54e3ce843cb4c2faffb64d1d7e4bb21D.jpg\" \/><\/p>\n<p><img decoding=\"async\" style=\"width: 1000px;\" title=\"Tankini estampado de talla grande para mujer, ba\u00f1ador de dos piezas de cintura alta, traje de ba\u00f1o femenino para playa, 2024\" src=\"\/\/ae01.alicdn.com\/kf\/S772ebda904d24ac2aeabc6f74dc85377C.jpg\" alt=\"Tankini estampado de talla grande para mujer, ba\u00f1ador de dos piezas de cintura alta, traje de ba\u00f1o femenino para playa, 2024\" data-src=\"\/\/ae01.alicdn.com\/kf\/S772ebda904d24ac2aeabc6f74dc85377C.jpg\" \/><\/p>\n<\/div>\n<p><img decoding=\"async\" style=\"width: 1000px;\" title=\"Tankini estampado de talla grande para mujer, ba\u00f1ador de dos piezas de cintura alta, traje de ba\u00f1o femenino para playa, 2024\" src=\"\/\/ae01.alicdn.com\/kf\/S146baea9708f475d8d4a5fb4323591afv.jpg\" alt=\"Tankini estampado de talla grande para mujer, ba\u00f1ador de dos piezas de cintura alta, traje de ba\u00f1o femenino para playa, 2024\" data-src=\"\/\/ae01.alicdn.com\/kf\/S146baea9708f475d8d4a5fb4323591afv.jpg\" \/><\/p>\n<\/div>\n<div style=\"margin: 0px auto;\"><\/div>\n<h3 style=\"font-size: 13px; font-family: verdana; vertical-align: baseline; font-weight: normal; color: #000000; font-style: normal; margin: 0px; line-height: 18px; background-color: #ffffff; padding: 0px; border: 0px;\"><span style=\"font-size: 14px; vertical-align: baseline; margin: 0px; padding: 0px; border: 0px;\"><span style=\"font-family: arial , helvetica , sans-serif; vertical-align: baseline; margin: 0px; padding: 0px; border: 0px;\"><span style=\"vertical-align: baseline; margin: 0px; padding: 0px; border: 0px;\"><span id=\"tl_26\">e lo enviamos).<\/span><\/span><\/span><\/span><\/h3>\n","protected":false},"excerpt":{"rendered":"<p>&nbsp; \u00bfBuscas un traje de ba\u00f1o que combine estilo y comodidad para todas las tallas? Este traje de ba\u00f1o Plus Size ofrece una cobertura elegante y sutil para llevar con toda la confianza, es la opci\u00f3n perfecta para ti. Este modelo te acompa\u00f1ar\u00e1 en cada aventura veraniega con un toque fresco y alegre. \u00bfPor qu\u00e9 [&hellip;]<\/p>\n","protected":false},"featured_media":202960,"comment_status":"open","ping_status":"closed","template":"","meta":[],"product_brand":[],"product_cat":[234,15],"product_tag":[],"class_list":{"0":"post-202949","1":"product","2":"type-product","3":"status-publish","4":"has-post-thumbnail","6":"product_cat-bikinis","7":"product_cat-todos","8":"pa_a4a8fbf9f14b58bf488819-black","9":"pa_f294abc323c8581b087d9a-0xl","10":"pa_f294abc323c8581b087d9a-1xl","11":"pa_f294abc323c8581b087d9a-2xl","12":"pa_f294abc323c8581b087d9a-3xl","13":"pa_f294abc323c8581b087d9a-4xl","15":"first","16":"instock","17":"shipping-taxable","18":"purchasable","19":"product-type-variable"},"_links":{"self":[{"href":"https:\/\/hereastore.com\/pe\/wp-json\/wp\/v2\/product\/202949","targetHints":{"allow":["GET"]}}],"collection":[{"href":"https:\/\/hereastore.com\/pe\/wp-json\/wp\/v2\/product"}],"about":[{"href":"https:\/\/hereastore.com\/pe\/wp-json\/wp\/v2\/types\/product"}],"replies":[{"embeddable":true,"href":"https:\/\/hereastore.com\/pe\/wp-json\/wp\/v2\/comments?post=202949"}],"version-history":[{"count":0,"href":"https:\/\/hereastore.com\/pe\/wp-json\/wp\/v2\/product\/202949\/revisions"}],"wp:featuredmedia":[{"embeddable":true,"href":"https:\/\/hereastore.com\/pe\/wp-json\/wp\/v2\/media\/202960"}],"wp:attachment":[{"href":"https:\/\/hereastore.com\/pe\/wp-json\/wp\/v2\/media?parent=202949"}],"wp:term":[{"taxonomy":"product_brand","embeddable":true,"href":"https:\/\/hereastore.com\/pe\/wp-json\/wp\/v2\/product_brand?post=202949"},{"taxonomy":"product_cat","embeddable":true,"href":"https:\/\/hereastore.com\/pe\/wp-json\/wp\/v2\/product_cat?post=202949"},{"taxonomy":"product_tag","embeddable":true,"href":"https:\/\/hereastore.com\/pe\/wp-json\/wp\/v2\/product_tag?post=202949"}],"curies":[{"name":"wp","href":"https:\/\/api.w.org\/{rel}","templated":true}]}}