{"id":202981,"date":"2024-12-02T11:49:58","date_gmt":"2024-12-02T14:49:58","guid":{"rendered":"https:\/\/hereastore.com\/pe\/producto\/banador-de-leopardo-para-mujer-monokini-de-una-pieza-talla-grande-ropa-de-playa-2023\/"},"modified":"2026-04-04T19:42:10","modified_gmt":"2026-04-04T22:42:10","slug":"trajedebanocheeta","status":"publish","type":"product","link":"https:\/\/hereastore.com\/pe\/producto\/trajedebanocheeta\/","title":{"rendered":"Traje De Ba\u00f1o Cheeta"},"content":{"rendered":"<p>&nbsp;<\/p>\n<p>\u00bfBuscas un traje de ba\u00f1o que combine estilo y comodidad para todas las tallas? Este traje de ba\u00f1o Plus Size con estampado de leopardo te har\u00e1 destacar con su dise\u00f1o atrevido y sofisticado,\u00a0 es la opci\u00f3n perfecta para ti. Este modelo te acompa\u00f1ar\u00e1 en cada aventura veraniega con un toque fresco y alegre, los estampados de leopardo nunca pasan de moda y reflejan tu estilo \u00fanico y audaz!<\/p>\n<p>\u00bfPor qu\u00e9 te encantar\u00e1?<\/p>\n<p>-C\u00f3modo y funcional: Dise\u00f1ado para proporcionar comodidad en todo momento, perfecto para disfdniar de la playa, la piscina o cualquier actividad acu\u00e1tica.<\/p>\n<p>&nbsp;<\/p>\n<p>\u00a1Compra con confianza!<\/p>\n<p>-Env\u00edo gratis a todo Per\u00fa: Est\u00e9s donde est\u00e9s, tu traje de ba\u00f1o llega directamente a tu puerta sin costo adicional.<\/p>\n<p>-Garant\u00eda de 30 d\u00edas: Si tu traje de ba\u00f1o sufre alg\u00fan desperfecto en la tela cuenta con una garant\u00eda con nosotros y obtienes tu devoluci\u00f3n.<\/p>\n<p>-Paga como prefieras: Aceptamos todos los m\u00e9todos de pago disponibles en Per\u00fa, con la opci\u00f3n de pagar en 3 a 6 cuotas sin inter\u00e9s.<\/p>\n<p>\u00a1No te pierdas esta oportunidad y lleva contigo estilo, comodidad y felicidad en tu look playero!<\/p>\n<p>&nbsp;<\/p>\n<p>&nbsp;<\/p>\n<h3 style=\"font-size: 24px;font-weight: 600;color: #000000;text-align: center;margin: 0px auto;line-height: 24px;background-color: #ff00ff;padding: 8px\"><span style=\"color: #ffffff\"><span style=\"font-family: Arial\"><span id=\"tl_1\" style=\"font-family: Arial;color: #ffffff\">Tabla de tallas<\/span><\/span><\/span><\/h3>\n<div>\n<div style=\"margin: 0px auto\">\n<div><\/div>\n<div style=\"font-size: 12px;font-family: Arial, Verdana, sans-serif;font-weight: 400;color: #333333;font-style: normal;margin: 0px auto\">\n<table style=\"width: 100%\" border=\"0\" cellspacing=\"1\" cellpadding=\"0\">\n<tbody>\n<tr>\n<td style=\"border: #000000 1px solid\">\n<p align=\"center\"><span style=\"font-size: 20px\"><span style=\"font-family: arial, helvetica, sans-serif\"><strong id=\"tl_2\">Tama\u00f1o<\/strong><\/span><\/span><\/p>\n<\/td>\n<td style=\"border: #000000 1px solid\">\n<p align=\"center\"><span style=\"font-size: 20px\"><span style=\"font-family: arial, helvetica, sans-serif\"><strong id=\"tl_3\">Busto<\/strong><\/span><\/span><\/p>\n<p style=\"vertical-align: baseline;margin: 0px;padding: 0px\" align=\"center\"><span style=\"font-size: 20px\"><span style=\"font-family: arial, helvetica, sans-serif\"><strong id=\"tl_4\">(Cm)<\/strong><\/span><\/span><\/p>\n<\/td>\n<td style=\"border: #000000 1px solid\">\n<p align=\"center\"><span style=\"font-size: 20px\"><span style=\"font-family: arial, helvetica, sans-serif\"><strong><span style=\"font-size: 20px\"><span style=\"font-family: arial, helvetica, sans-serif\"><strong id=\"tl_5\">Cintura<\/strong><\/span><\/span><\/strong><\/span><\/span><\/p>\n<p align=\"center\"><span style=\"font-size: 20px\"><span style=\"font-family: arial, helvetica, sans-serif\"><strong id=\"tl_6\">(Cm)<\/strong><\/span><\/span><\/p>\n<\/td>\n<td style=\"border: #000000 1px solid\">\n<p align=\"center\"><span style=\"font-size: 20px\"><span style=\"font-family: arial, helvetica, sans-serif\"><strong id=\"tl_7\">Caderas<\/strong><\/span><\/span><\/p>\n<p style=\"vertical-align: baseline;margin: 0px;padding: 0px\" align=\"center\"><span style=\"font-size: 20px\"><span style=\"font-family: arial, helvetica, sans-serif\"><strong id=\"tl_8\">(Cm)<\/strong><\/span><\/span><\/p>\n<\/td>\n<\/tr>\n<tr>\n<td style=\"border: #000000 1px solid\">\n<p align=\"center\"><span style=\"font-size: 20px\"><strong><span id=\"tl_9\" style=\"vertical-align: baseline;margin: 0px;padding: 0px\">0XL<\/span><\/strong><\/span><\/p>\n<\/td>\n<td style=\"border: #000000 1px solid\">\n<p align=\"center\"><span style=\"font-size: 18px\"><span style=\"font-family: arial, helvetica, sans-serif\">101-107<\/span><\/span><\/p>\n<\/td>\n<td style=\"border: #000000 1px solid\">\n<p align=\"center\"><span style=\"font-size: 18px\"><span style=\"font-family: arial, helvetica, sans-serif\">81-87<\/span><\/span><\/p>\n<\/td>\n<td style=\"border: #000000 1px solid\">\n<p align=\"center\"><span style=\"font-size: 18px\"><span style=\"font-family: arial, helvetica, sans-serif\">111-117<\/span><\/span><\/p>\n<\/td>\n<\/tr>\n<tr>\n<td style=\"border: #000000 1px solid\">\n<p align=\"center\"><strong><span style=\"font-size: 20px\"><span id=\"tl_10\" style=\"font-family: arial, helvetica, sans-serif\">1XL<\/span><\/span><\/strong><\/p>\n<\/td>\n<td style=\"border: #000000 1px solid\">\n<p align=\"center\"><span style=\"font-size: 18px\"><span style=\"font-family: arial, helvetica, sans-serif\">107-113<\/span><\/span><\/p>\n<\/td>\n<td style=\"border: #000000 1px solid\">\n<p align=\"center\"><span style=\"font-size: 18px\"><span style=\"font-family: arial, helvetica, sans-serif\">87-93<\/span><\/span><\/p>\n<\/td>\n<td style=\"border: #000000 1px solid\">\n<p align=\"center\"><span style=\"font-size: 18px\"><span style=\"font-family: arial, helvetica, sans-serif\">117-123<\/span><\/span><\/p>\n<\/td>\n<\/tr>\n<tr>\n<td style=\"border: #000000 1px solid\">\n<p align=\"center\"><strong><span style=\"font-size: 20px\"><span id=\"tl_11\" style=\"font-family: arial, helvetica, sans-serif\">2XL<\/span><\/span><\/strong><\/p>\n<\/td>\n<td style=\"border: #000000 1px solid\">\n<p align=\"center\"><span style=\"font-size: 18px\"><span style=\"font-family: arial, helvetica, sans-serif\">113-119<\/span><\/span><\/p>\n<\/td>\n<td style=\"border: #000000 1px solid\">\n<p align=\"center\"><span style=\"font-size: 18px\"><span style=\"font-family: arial, helvetica, sans-serif\">93-99<\/span><\/span><\/p>\n<\/td>\n<td style=\"border: #000000 1px solid\">\n<p align=\"center\"><span style=\"font-size: 18px\"><span style=\"font-family: arial, helvetica, sans-serif\">123-129<\/span><\/span><\/p>\n<\/td>\n<\/tr>\n<tr>\n<td style=\"border: #000000 1px solid\">\n<p align=\"center\"><strong><span style=\"font-size: 20px\"><span id=\"tl_12\" style=\"font-family: arial, helvetica, sans-serif\">3XL<\/span><\/span><\/strong><\/p>\n<\/td>\n<td style=\"border: #000000 1px solid\">\n<p align=\"center\"><span style=\"font-size: 18px\"><span style=\"font-family: arial, helvetica, sans-serif\">119-125<\/span><\/span><\/p>\n<\/td>\n<td style=\"border: #000000 1px solid\">\n<p style=\"vertical-align: baseline;margin: 0px;padding: 0px\" align=\"center\"><span style=\"font-size: 18px\"><span style=\"font-family: arial, helvetica, sans-serif\">99-105<\/span><\/span><\/p>\n<\/td>\n<td style=\"border: #000000 1px solid\">\n<p align=\"center\"><span style=\"font-size: 18px\"><span style=\"font-family: arial, helvetica, sans-serif\">129-135<\/span><\/span><\/p>\n<\/td>\n<\/tr>\n<tr>\n<td style=\"border: #000000 1px solid\">\n<p align=\"center\"><span style=\"font-size: 20px\"><strong><span style=\"font-family: arial, helvetica, sans-serif\"><span id=\"tl_13\" style=\"vertical-align: baseline;margin: 0px;padding: 0px\">4XL<\/span><\/span><\/strong><\/span><\/p>\n<\/td>\n<td style=\"border: #000000 1px solid\">\n<p align=\"center\"><span style=\"font-size: 18px\"><span style=\"font-family: arial, helvetica, sans-serif\">125-131<\/span><\/span><\/p>\n<\/td>\n<td style=\"border: #000000 1px solid\">\n<p align=\"center\"><span style=\"font-size: 18px\"><span style=\"font-family: arial, helvetica, sans-serif\">105-111<\/span><\/span><\/p>\n<\/td>\n<td style=\"border: #000000 1px solid\">\n<p align=\"center\"><span style=\"font-size: 18px\"><span style=\"font-family: arial, helvetica, sans-serif\">135-141<\/span><\/span><\/p>\n<\/td>\n<\/tr>\n<\/tbody>\n<\/table>\n<p><img decoding=\"async\" class=\"aligncenter\" style=\"width: 900px\" title=\"Ba\u00f1ador de leopardo para mujer, Monokini de una pieza, talla grande, ropa de playa, 2023\" src=\"\/\/ae01.alicdn.com\/kf\/Sd477dced29c54e02bca588ae0cfcdb09i.jpg\" alt=\"Ba\u00f1ador de leopardo para mujer, Monokini de una pieza, talla grande, ropa de playa, 2023\" data-src=\"\/\/ae01.alicdn.com\/kf\/Sd477dced29c54e02bca588ae0cfcdb09i.jpg\" \/><\/p>\n<\/div>\n<\/div>\n<p style=\"text-align: center\"><img decoding=\"async\" style=\"width: 900px\" title=\"Ba\u00f1ador de leopardo para mujer, Monokini de una pieza, talla grande, ropa de playa, 2023\" src=\"\/\/ae01.alicdn.com\/kf\/S55faa392bd2b457ab6a6ce5f1813ecf2n.jpg\" alt=\"Ba\u00f1ador de leopardo para mujer, Monokini de una pieza, talla grande, ropa de playa, 2023\" data-src=\"\/\/ae01.alicdn.com\/kf\/S55faa392bd2b457ab6a6ce5f1813ecf2n.jpg\" \/><\/p>\n<p style=\"text-align: center\"><img decoding=\"async\" style=\"width: 900px\" title=\"Ba\u00f1ador de leopardo para mujer, Monokini de una pieza, talla grande, ropa de playa, 2023\" src=\"\/\/ae01.alicdn.com\/kf\/Se83787ab0d164f90bbe02c94f6cfd8b2T.jpg\" alt=\"Ba\u00f1ador de leopardo para mujer, Monokini de una pieza, talla grande, ropa de playa, 2023\" data-src=\"\/\/ae01.alicdn.com\/kf\/Se83787ab0d164f90bbe02c94f6cfd8b2T.jpg\" \/><\/p>\n<p style=\"text-align: center\"><img decoding=\"async\" style=\"width: 900px\" title=\"Ba\u00f1ador de leopardo para mujer, Monokini de una pieza, talla grande, ropa de playa, 2023\" src=\"\/\/ae01.alicdn.com\/kf\/S4436838dda884fefbccaa47ff0bf722am.jpg\" alt=\"Ba\u00f1ador de leopardo para mujer, Monokini de una pieza, talla grande, ropa de playa, 2023\" data-src=\"\/\/ae01.alicdn.com\/kf\/S4436838dda884fefbccaa47ff0bf722am.jpg\" \/><\/p>\n<div style=\"margin: 0px auto;text-align: center\"><\/div>\n<div style=\"margin: 0px auto\"><\/div>\n<p style=\"font-size: 13px;font-family: verdana;vertical-align: baseline;font-weight: normal;color: #000000;font-style: normal;margin: 0px;line-height: 18px;background-color: #ffffff;padding: 0px;border: 0px\">\n<\/div>\n","protected":false},"excerpt":{"rendered":"<p>&nbsp; \u00bfBuscas un traje de ba\u00f1o que combine estilo y comodidad para todas las tallas? Este traje de ba\u00f1o Plus Size con estampado de leopardo te har\u00e1 destacar con su dise\u00f1o atrevido y sofisticado,\u00a0 es la opci\u00f3n perfecta para ti. Este modelo te acompa\u00f1ar\u00e1 en cada aventura veraniega con un toque fresco y alegre, los [&hellip;]<\/p>\n","protected":false},"featured_media":205494,"comment_status":"open","ping_status":"closed","template":"","meta":[],"product_brand":[],"product_cat":[234,15],"product_tag":[],"class_list":{"0":"post-202981","1":"product","2":"type-product","3":"status-publish","4":"has-post-thumbnail","6":"product_cat-bikinis","7":"product_cat-todos","8":"pa_a4a8fbf9f14b58bf488819-leopard","9":"pa_f294abc323c8581b087d9a-1xl","10":"pa_f294abc323c8581b087d9a-2xl","11":"pa_f294abc323c8581b087d9a-3xl","12":"pa_f294abc323c8581b087d9a-4xl","14":"first","15":"instock","16":"sale","17":"shipping-taxable","18":"purchasable","19":"product-type-variable"},"_links":{"self":[{"href":"https:\/\/hereastore.com\/pe\/wp-json\/wp\/v2\/product\/202981","targetHints":{"allow":["GET"]}}],"collection":[{"href":"https:\/\/hereastore.com\/pe\/wp-json\/wp\/v2\/product"}],"about":[{"href":"https:\/\/hereastore.com\/pe\/wp-json\/wp\/v2\/types\/product"}],"replies":[{"embeddable":true,"href":"https:\/\/hereastore.com\/pe\/wp-json\/wp\/v2\/comments?post=202981"}],"version-history":[{"count":0,"href":"https:\/\/hereastore.com\/pe\/wp-json\/wp\/v2\/product\/202981\/revisions"}],"wp:featuredmedia":[{"embeddable":true,"href":"https:\/\/hereastore.com\/pe\/wp-json\/wp\/v2\/media\/205494"}],"wp:attachment":[{"href":"https:\/\/hereastore.com\/pe\/wp-json\/wp\/v2\/media?parent=202981"}],"wp:term":[{"taxonomy":"product_brand","embeddable":true,"href":"https:\/\/hereastore.com\/pe\/wp-json\/wp\/v2\/product_brand?post=202981"},{"taxonomy":"product_cat","embeddable":true,"href":"https:\/\/hereastore.com\/pe\/wp-json\/wp\/v2\/product_cat?post=202981"},{"taxonomy":"product_tag","embeddable":true,"href":"https:\/\/hereastore.com\/pe\/wp-json\/wp\/v2\/product_tag?post=202981"}],"curies":[{"name":"wp","href":"https:\/\/api.w.org\/{rel}","templated":true}]}}