{"id":205796,"date":"2025-03-21T13:04:22","date_gmt":"2025-03-21T16:04:22","guid":{"rendered":"https:\/\/hereastore.com\/pe\/?post_type=product&#038;p=205796"},"modified":"2025-03-27T15:50:40","modified_gmt":"2025-03-27T18:50:40","slug":"bandolera-kipling-s-2025","status":"publish","type":"product","link":"https:\/\/hereastore.com\/pe\/producto\/bandolera-kipling-s-2025\/","title":{"rendered":"Bandoleras Kipling S 2025"},"content":{"rendered":"<h3 data-start=\"1581\" data-end=\"1644\"><strong data-start=\"1581\" data-end=\"1644\">Bandolera Kipling S 2025 \u2013 Compacta, Funcional y con Estilo<\/strong><\/h3>\n<h3 data-start=\"1646\" data-end=\"2031\">Si alguna vez pensaste que un bolso compacto podr\u00eda no ser lo suficientemente pr\u00e1ctico, es porque a\u00fan no has probado la <strong data-start=\"1766\" data-end=\"1794\">Bandolera Kipling S 2025<\/strong>. Ideal para quienes quieren llevar lo esencial sin perder ni un poco de estilo, esta bandolera es perfecta para acompa\u00f1arte en tu d\u00eda a d\u00eda. Hecha con materiales resistentes y duraderos, se adapta perfectamente a tu ritmo y necesidades.<\/h3>\n<h3 data-start=\"2033\" data-end=\"2059\"><strong data-start=\"2033\" data-end=\"2059\">\u00bfPor qu\u00e9 te encantar\u00e1?<\/strong><\/h3>\n<h3 data-start=\"2061\" data-end=\"2520\">\u2022 Dise\u00f1ada con materiales de alta calidad que resisten el paso del tiempo, manteni\u00e9ndose como nueva.<br data-start=\"2161\" data-end=\"2164\" \/>\u2022 Compacta pero funcional, tiene el tama\u00f1o perfecto para tus esenciales sin sobrecargarte.<br data-start=\"2254\" data-end=\"2257\" \/>\u2022 Con un cierre seguro que te da tranquilidad y comodidad todo el tiempo.<br data-start=\"2330\" data-end=\"2333\" \/>\u2022 La puedes llevar cruzada o al hombro, adapt\u00e1ndose a tu estilo y necesidades.<br data-start=\"2411\" data-end=\"2414\" \/>\u2022 Y, por supuesto, \u00a1todos los bolsos vienen con el exclusivo llavero Kipling! Un detalle que te encantar\u00e1.<\/h3>\n<h3 data-start=\"2522\" data-end=\"2586\"><strong data-start=\"2522\" data-end=\"2586\">Adem\u00e1s, te lo ponemos f\u00e1cil para que disfdnies de tu compra:<\/strong><\/h3>\n<h3 data-start=\"2588\" data-end=\"2812\">\u2022 <strong data-start=\"2590\" data-end=\"2619\">Env\u00edo gratis a todo Per\u00fa<\/strong>, sin costos adicionales.<br data-start=\"2644\" data-end=\"2647\" \/>\u2022 <strong data-start=\"2649\" data-end=\"2672\">30 d\u00edas de garant\u00eda<\/strong>, porque confiamos en que te va a enamorar.<br data-start=\"2715\" data-end=\"2718\" \/>\u2022 <strong data-start=\"2720\" data-end=\"2739\">Pago con Webpay<\/strong> y todos los medios de pago peruanos, \u00a1y hasta en 6 cuotas sin inter\u00e9s!<\/h3>\n<h3 data-start=\"2814\" data-end=\"3001\"><strong data-start=\"2814\" data-end=\"2871\">\u00a1Haz tu compra hoy y no dejes pasar esta oportunidad!<\/strong> Lleva contigo una bandolera Kipling, pr\u00e1ctica, elegante y lista para acompa\u00f1arte en todas tus aventuras. \u00a1Es el momento perfecto!<\/h3>\n<div id='gallery-1' class='gallery galleryid-205796 gallery-columns-3 gallery-size-full'><figure class='gallery-item'>\n\t\t\t<div class='gallery-icon landscape'>\n\t\t\t\t<a href='https:\/\/hereastore.com\/pe\/wp-content\/uploads\/sites\/16\/2025\/03\/KLS67.webp'><img fetchpriority=\"high\" decoding=\"async\" width=\"750\" height=\"720\" src=\"https:\/\/hereastore.com\/pe\/wp-content\/uploads\/sites\/16\/2025\/03\/KLS67.webp\" class=\"attachment-full size-full\" alt=\"\" srcset=\"https:\/\/hereastore.com\/pe\/wp-content\/uploads\/sites\/16\/2025\/03\/KLS67.webp 750w, https:\/\/hereastore.com\/pe\/wp-content\/uploads\/sites\/16\/2025\/03\/KLS67-150x144.webp 150w, https:\/\/hereastore.com\/pe\/wp-content\/uploads\/sites\/16\/2025\/03\/KLS67-300x288.webp 300w, https:\/\/hereastore.com\/pe\/wp-content\/uploads\/sites\/16\/2025\/03\/KLS67-441x423.webp 441w\" sizes=\"(max-width: 750px) 100vw, 750px\" \/><\/a>\n\t\t\t<\/div><\/figure><figure class='gallery-item'>\n\t\t\t<div class='gallery-icon landscape'>\n\t\t\t\t<a href='https:\/\/hereastore.com\/pe\/wp-content\/uploads\/sites\/16\/2025\/03\/KLS64.webp'><img decoding=\"async\" width=\"750\" height=\"720\" src=\"https:\/\/hereastore.com\/pe\/wp-content\/uploads\/sites\/16\/2025\/03\/KLS64.webp\" class=\"attachment-full size-full\" alt=\"\" srcset=\"https:\/\/hereastore.com\/pe\/wp-content\/uploads\/sites\/16\/2025\/03\/KLS64.webp 750w, https:\/\/hereastore.com\/pe\/wp-content\/uploads\/sites\/16\/2025\/03\/KLS64-150x144.webp 150w, https:\/\/hereastore.com\/pe\/wp-content\/uploads\/sites\/16\/2025\/03\/KLS64-300x288.webp 300w, https:\/\/hereastore.com\/pe\/wp-content\/uploads\/sites\/16\/2025\/03\/KLS64-441x423.webp 441w\" sizes=\"(max-width: 750px) 100vw, 750px\" \/><\/a>\n\t\t\t<\/div><\/figure><figure class='gallery-item'>\n\t\t\t<div class='gallery-icon landscape'>\n\t\t\t\t<a href='https:\/\/hereastore.com\/pe\/wp-content\/uploads\/sites\/16\/2025\/03\/KLS56.webp'><img decoding=\"async\" width=\"750\" height=\"720\" src=\"https:\/\/hereastore.com\/pe\/wp-content\/uploads\/sites\/16\/2025\/03\/KLS56.webp\" class=\"attachment-full size-full\" alt=\"\" srcset=\"https:\/\/hereastore.com\/pe\/wp-content\/uploads\/sites\/16\/2025\/03\/KLS56.webp 750w, https:\/\/hereastore.com\/pe\/wp-content\/uploads\/sites\/16\/2025\/03\/KLS56-150x144.webp 150w, https:\/\/hereastore.com\/pe\/wp-content\/uploads\/sites\/16\/2025\/03\/KLS56-300x288.webp 300w, https:\/\/hereastore.com\/pe\/wp-content\/uploads\/sites\/16\/2025\/03\/KLS56-441x423.webp 441w\" sizes=\"(max-width: 750px) 100vw, 750px\" \/><\/a>\n\t\t\t<\/div><\/figure><figure class='gallery-item'>\n\t\t\t<div class='gallery-icon landscape'>\n\t\t\t\t<a href='https:\/\/hereastore.com\/pe\/wp-content\/uploads\/sites\/16\/2025\/03\/KLS40.webp'><img loading=\"lazy\" decoding=\"async\" width=\"750\" height=\"720\" src=\"https:\/\/hereastore.com\/pe\/wp-content\/uploads\/sites\/16\/2025\/03\/KLS40.webp\" class=\"attachment-full size-full\" alt=\"\" srcset=\"https:\/\/hereastore.com\/pe\/wp-content\/uploads\/sites\/16\/2025\/03\/KLS40.webp 750w, https:\/\/hereastore.com\/pe\/wp-content\/uploads\/sites\/16\/2025\/03\/KLS40-150x144.webp 150w, https:\/\/hereastore.com\/pe\/wp-content\/uploads\/sites\/16\/2025\/03\/KLS40-300x288.webp 300w, https:\/\/hereastore.com\/pe\/wp-content\/uploads\/sites\/16\/2025\/03\/KLS40-441x423.webp 441w\" sizes=\"(max-width: 750px) 100vw, 750px\" \/><\/a>\n\t\t\t<\/div><\/figure><figure class='gallery-item'>\n\t\t\t<div class='gallery-icon landscape'>\n\t\t\t\t<a href='https:\/\/hereastore.com\/pe\/wp-content\/uploads\/sites\/16\/2025\/03\/KLS27.webp'><img loading=\"lazy\" decoding=\"async\" width=\"750\" height=\"720\" src=\"https:\/\/hereastore.com\/pe\/wp-content\/uploads\/sites\/16\/2025\/03\/KLS27.webp\" class=\"attachment-full size-full\" alt=\"\" srcset=\"https:\/\/hereastore.com\/pe\/wp-content\/uploads\/sites\/16\/2025\/03\/KLS27.webp 750w, https:\/\/hereastore.com\/pe\/wp-content\/uploads\/sites\/16\/2025\/03\/KLS27-150x144.webp 150w, https:\/\/hereastore.com\/pe\/wp-content\/uploads\/sites\/16\/2025\/03\/KLS27-300x288.webp 300w, https:\/\/hereastore.com\/pe\/wp-content\/uploads\/sites\/16\/2025\/03\/KLS27-441x423.webp 441w\" sizes=\"(max-width: 750px) 100vw, 750px\" \/><\/a>\n\t\t\t<\/div><\/figure><figure class='gallery-item'>\n\t\t\t<div class='gallery-icon landscape'>\n\t\t\t\t<a href='https:\/\/hereastore.com\/pe\/wp-content\/uploads\/sites\/16\/2025\/03\/KLS14.webp'><img loading=\"lazy\" decoding=\"async\" width=\"750\" height=\"720\" src=\"https:\/\/hereastore.com\/pe\/wp-content\/uploads\/sites\/16\/2025\/03\/KLS14.webp\" class=\"attachment-full size-full\" alt=\"\" srcset=\"https:\/\/hereastore.com\/pe\/wp-content\/uploads\/sites\/16\/2025\/03\/KLS14.webp 750w, https:\/\/hereastore.com\/pe\/wp-content\/uploads\/sites\/16\/2025\/03\/KLS14-150x144.webp 150w, https:\/\/hereastore.com\/pe\/wp-content\/uploads\/sites\/16\/2025\/03\/KLS14-300x288.webp 300w, https:\/\/hereastore.com\/pe\/wp-content\/uploads\/sites\/16\/2025\/03\/KLS14-441x423.webp 441w\" sizes=\"(max-width: 750px) 100vw, 750px\" \/><\/a>\n\t\t\t<\/div><\/figure>\n\t\t<\/div>\n\n","protected":false},"excerpt":{"rendered":"<p>Bandolera Kipling S 2025 \u2013 Compacta, Funcional y con Estilo Si alguna vez pensaste que un bolso compacto podr\u00eda no ser lo suficientemente pr\u00e1ctico, es porque a\u00fan no has probado la Bandolera Kipling S 2025. Ideal para quienes quieren llevar lo esencial sin perder ni un poco de estilo, esta bandolera es perfecta para acompa\u00f1arte [&hellip;]<\/p>\n","protected":false},"featured_media":206323,"comment_status":"open","ping_status":"closed","template":"","meta":[],"product_brand":[],"product_cat":[1759,15],"product_tag":[],"class_list":{"0":"post-205796","1":"product","2":"type-product","3":"status-publish","4":"has-post-thumbnail","6":"product_cat-kipling","7":"product_cat-todos","8":"pa_kls-kls01","9":"pa_kls-kls02","10":"pa_kls-kls03","11":"pa_kls-kls04","12":"pa_kls-kls05","13":"pa_kls-kls06","14":"pa_kls-kls07","15":"pa_kls-kls08","16":"pa_kls-kls09","17":"pa_kls-kls10","18":"pa_kls-kls11","19":"pa_kls-kls12","20":"pa_kls-kls13","21":"pa_kls-kls14","22":"pa_kls-kls15","23":"pa_kls-kls16","24":"pa_kls-kls17","25":"pa_kls-kls18","26":"pa_kls-kls19","27":"pa_kls-kls20","28":"pa_kls-kls21","29":"pa_kls-kls22","30":"pa_kls-kls23","31":"pa_kls-kls24","32":"pa_kls-kls25","33":"pa_kls-kls26","34":"pa_kls-kls27","35":"pa_kls-kls28","36":"pa_kls-kls29","37":"pa_kls-kls30","38":"pa_kls-kls31","39":"pa_kls-kls32","40":"pa_kls-kls33","41":"pa_kls-kls34","42":"pa_kls-kls35","43":"pa_kls-kls36","44":"pa_kls-kls37","45":"pa_kls-kls38","46":"pa_kls-kls39","47":"pa_kls-kls40","48":"pa_kls-kls41","49":"pa_kls-kls42","50":"pa_kls-kls43","51":"pa_kls-kls44","52":"pa_kls-kls45","53":"pa_kls-kls46","54":"pa_kls-kls47","55":"pa_kls-kls48","56":"pa_kls-kls49","57":"pa_kls-kls50","58":"pa_kls-kls51","59":"pa_kls-kls52","60":"pa_kls-kls53","61":"pa_kls-kls54","62":"pa_kls-kls55","63":"pa_kls-kls56","64":"pa_kls-kls57","65":"pa_kls-kls58","66":"pa_kls-kls59","67":"pa_kls-kls60","68":"pa_kls-kls61","69":"pa_kls-kls62","70":"pa_kls-kls63","71":"pa_kls-kls64","72":"pa_kls-kls65","73":"pa_kls-kls66","74":"pa_kls-kls67","75":"pa_kls-kls68","77":"first","78":"instock","79":"sale","80":"shipping-taxable","81":"purchasable","82":"product-type-variable"},"_links":{"self":[{"href":"https:\/\/hereastore.com\/pe\/wp-json\/wp\/v2\/product\/205796","targetHints":{"allow":["GET"]}}],"collection":[{"href":"https:\/\/hereastore.com\/pe\/wp-json\/wp\/v2\/product"}],"about":[{"href":"https:\/\/hereastore.com\/pe\/wp-json\/wp\/v2\/types\/product"}],"replies":[{"embeddable":true,"href":"https:\/\/hereastore.com\/pe\/wp-json\/wp\/v2\/comments?post=205796"}],"version-history":[{"count":0,"href":"https:\/\/hereastore.com\/pe\/wp-json\/wp\/v2\/product\/205796\/revisions"}],"wp:featuredmedia":[{"embeddable":true,"href":"https:\/\/hereastore.com\/pe\/wp-json\/wp\/v2\/media\/206323"}],"wp:attachment":[{"href":"https:\/\/hereastore.com\/pe\/wp-json\/wp\/v2\/media?parent=205796"}],"wp:term":[{"taxonomy":"product_brand","embeddable":true,"href":"https:\/\/hereastore.com\/pe\/wp-json\/wp\/v2\/product_brand?post=205796"},{"taxonomy":"product_cat","embeddable":true,"href":"https:\/\/hereastore.com\/pe\/wp-json\/wp\/v2\/product_cat?post=205796"},{"taxonomy":"product_tag","embeddable":true,"href":"https:\/\/hereastore.com\/pe\/wp-json\/wp\/v2\/product_tag?post=205796"}],"curies":[{"name":"wp","href":"https:\/\/api.w.org\/{rel}","templated":true}]}}