{"id":206331,"date":"2025-03-25T13:25:01","date_gmt":"2025-03-25T16:25:01","guid":{"rendered":"https:\/\/hereastore.com\/pe\/?post_type=product&#038;p=206331"},"modified":"2025-03-27T15:50:07","modified_gmt":"2025-03-27T18:50:07","slug":"bandolera-guess-2025","status":"publish","type":"product","link":"https:\/\/hereastore.com\/pe\/producto\/bandolera-guess-2025\/","title":{"rendered":"Bandolera Guess 2025"},"content":{"rendered":"<h3 data-start=\"116\" data-end=\"174\"><strong data-start=\"116\" data-end=\"174\">Bandolera Guess 2025 \u2013 Elegante, Pr\u00e1ctica y con Estilo<\/strong><\/h3>\n<h3 data-start=\"176\" data-end=\"610\">Si alguna vez pensaste que un bolso compacto no podr\u00eda ofrecer la funcionalidad que necesitas, es porque a\u00fan no has probado la <strong data-start=\"303\" data-end=\"327\">Bandolera Guess 2025<\/strong>. Perfecta para quienes buscan llevar solo lo esencial sin perder ni un gramo de estilo, esta bandolera se convierte en el accesorio ideal para tu d\u00eda a d\u00eda. Con materiales de alta calidad y un dise\u00f1o sofisticado, es la pieza perfecta para acompa\u00f1arte en todas tus aventuras urbanas.<\/h3>\n<h3 data-start=\"612\" data-end=\"638\"><strong data-start=\"612\" data-end=\"638\">\u00bfPor qu\u00e9 te encantar\u00e1?<\/strong><\/h3>\n<ul data-start=\"639\" data-end=\"1323\">\n<li class=\"\" data-start=\"639\" data-end=\"764\">\n<h3 data-start=\"641\" data-end=\"764\"><strong data-start=\"641\" data-end=\"672\">Alta calidad y resistencia:<\/strong> Dise\u00f1ada con materiales duraderos que mantienen su aspecto impecable a lo largo del tiempo.<\/h3>\n<\/li>\n<li class=\"\" data-start=\"765\" data-end=\"900\">\n<h3 data-start=\"767\" data-end=\"900\"><strong data-start=\"767\" data-end=\"795\">Compacta pero espaciosa:<\/strong> Su tama\u00f1o es ideal para llevar lo esencial sin sentirte sobrecargada, manteniendo tu comodidad y estilo.<\/h3>\n<\/li>\n<li class=\"\" data-start=\"901\" data-end=\"1016\">\n<h3 data-start=\"903\" data-end=\"1016\"><strong data-start=\"903\" data-end=\"921\">Cierre seguro:<\/strong> Un cierre confiable que te ofrece la tranquilidad que necesitas mientras te mueves por tu d\u00eda.<\/h3>\n<\/li>\n<li class=\"\" data-start=\"1017\" data-end=\"1131\">\n<h3 data-start=\"1019\" data-end=\"1131\"><strong data-start=\"1019\" data-end=\"1032\">Vers\u00e1til:<\/strong> Puedes llevarla cruzada o al hombro, adapt\u00e1ndose a tu estilo y a lo que necesites en cada momento.<\/h3>\n<\/li>\n<li class=\"\" data-start=\"1132\" data-end=\"1323\">\n<h3 data-start=\"1134\" data-end=\"1323\"><strong data-start=\"1134\" data-end=\"1164\">Detalles exclusivos Guess:<\/strong> Adem\u00e1s, como toque final, cada bandolera viene con el distintivo logotipo de Guess, para que no solo lleves lo esencial, sino tambi\u00e9n una pieza de moda \u00fanica.<\/h3>\n<\/li>\n<\/ul>\n<h3 data-start=\"1325\" data-end=\"1369\"><strong data-start=\"1325\" data-end=\"1369\">Y para que tu experiencia sea a\u00fan mejor:<\/strong><\/h3>\n<ul data-start=\"1370\" data-end=\"1590\">\n<li class=\"\" data-start=\"1370\" data-end=\"1426\">\n<h3 data-start=\"1372\" data-end=\"1426\"><strong data-start=\"1372\" data-end=\"1426\">Env\u00edo gratis a todo Per\u00fa, sin costos adicionales.<\/strong><\/h3>\n<\/li>\n<li class=\"\" data-start=\"1427\" data-end=\"1490\">\n<h3 data-start=\"1429\" data-end=\"1490\"><strong data-start=\"1429\" data-end=\"1490\">30 d\u00edas de garant\u00eda, porque sabemos que te va a encantar.<\/strong><\/h3>\n<\/li>\n<li class=\"\" data-start=\"1491\" data-end=\"1590\">\n<h3 data-start=\"1493\" data-end=\"1590\"><strong data-start=\"1493\" data-end=\"1590\">Pago seguro con Webpay y todos los medios de pago peruanos, \u00a1y hasta en 6 cuotas sin inter\u00e9s!<\/strong><\/h3>\n<\/li>\n<\/ul>\n<h3 data-start=\"1592\" data-end=\"1830\">\u00a1No dejes pasar la oportunidad de llevar contigo la Bandolera Guess 2025, el equilibrio perfecto entre practicidad y elegancia! Haz tu comp<\/h3>\n<div id='gallery-1' class='gallery galleryid-206331 gallery-columns-3 gallery-size-full'><figure class='gallery-item'>\n\t\t\t<div class='gallery-icon landscape'>\n\t\t\t\t<a href='https:\/\/hereastore.com\/pe\/wp-content\/uploads\/sites\/16\/2025\/03\/GUESSM7.png'><img fetchpriority=\"high\" decoding=\"async\" width=\"1200\" height=\"1200\" src=\"https:\/\/hereastore.com\/pe\/wp-content\/uploads\/sites\/16\/2025\/03\/GUESSM7.png\" class=\"attachment-full size-full\" alt=\"\" srcset=\"https:\/\/hereastore.com\/pe\/wp-content\/uploads\/sites\/16\/2025\/03\/GUESSM7.png 1200w, https:\/\/hereastore.com\/pe\/wp-content\/uploads\/sites\/16\/2025\/03\/GUESSM7-300x300.png 300w, https:\/\/hereastore.com\/pe\/wp-content\/uploads\/sites\/16\/2025\/03\/GUESSM7-1024x1024.png 1024w, https:\/\/hereastore.com\/pe\/wp-content\/uploads\/sites\/16\/2025\/03\/GUESSM7-150x150.png 150w, https:\/\/hereastore.com\/pe\/wp-content\/uploads\/sites\/16\/2025\/03\/GUESSM7-768x768.png 768w, https:\/\/hereastore.com\/pe\/wp-content\/uploads\/sites\/16\/2025\/03\/GUESSM7-990x990.png 990w, https:\/\/hereastore.com\/pe\/wp-content\/uploads\/sites\/16\/2025\/03\/GUESSM7-441x441.png 441w, https:\/\/hereastore.com\/pe\/wp-content\/uploads\/sites\/16\/2025\/03\/GUESSM7-60x60.png 60w, https:\/\/hereastore.com\/pe\/wp-content\/uploads\/sites\/16\/2025\/03\/GUESSM7-110x110.png 110w, https:\/\/hereastore.com\/pe\/wp-content\/uploads\/sites\/16\/2025\/03\/GUESSM7-100x100.png 100w, https:\/\/hereastore.com\/pe\/wp-content\/uploads\/sites\/16\/2025\/03\/GUESSM7-800x800.png 800w\" sizes=\"(max-width: 1200px) 100vw, 1200px\" \/><\/a>\n\t\t\t<\/div><\/figure><figure class='gallery-item'>\n\t\t\t<div class='gallery-icon landscape'>\n\t\t\t\t<a href='https:\/\/hereastore.com\/pe\/wp-content\/uploads\/sites\/16\/2025\/03\/GUESSM6.png'><img decoding=\"async\" width=\"1200\" height=\"1200\" src=\"https:\/\/hereastore.com\/pe\/wp-content\/uploads\/sites\/16\/2025\/03\/GUESSM6.png\" class=\"attachment-full size-full\" alt=\"\" srcset=\"https:\/\/hereastore.com\/pe\/wp-content\/uploads\/sites\/16\/2025\/03\/GUESSM6.png 1200w, https:\/\/hereastore.com\/pe\/wp-content\/uploads\/sites\/16\/2025\/03\/GUESSM6-300x300.png 300w, https:\/\/hereastore.com\/pe\/wp-content\/uploads\/sites\/16\/2025\/03\/GUESSM6-1024x1024.png 1024w, https:\/\/hereastore.com\/pe\/wp-content\/uploads\/sites\/16\/2025\/03\/GUESSM6-150x150.png 150w, https:\/\/hereastore.com\/pe\/wp-content\/uploads\/sites\/16\/2025\/03\/GUESSM6-768x768.png 768w, https:\/\/hereastore.com\/pe\/wp-content\/uploads\/sites\/16\/2025\/03\/GUESSM6-990x990.png 990w, https:\/\/hereastore.com\/pe\/wp-content\/uploads\/sites\/16\/2025\/03\/GUESSM6-441x441.png 441w, https:\/\/hereastore.com\/pe\/wp-content\/uploads\/sites\/16\/2025\/03\/GUESSM6-60x60.png 60w, https:\/\/hereastore.com\/pe\/wp-content\/uploads\/sites\/16\/2025\/03\/GUESSM6-110x110.png 110w, https:\/\/hereastore.com\/pe\/wp-content\/uploads\/sites\/16\/2025\/03\/GUESSM6-100x100.png 100w, https:\/\/hereastore.com\/pe\/wp-content\/uploads\/sites\/16\/2025\/03\/GUESSM6-800x800.png 800w\" sizes=\"(max-width: 1200px) 100vw, 1200px\" \/><\/a>\n\t\t\t<\/div><\/figure><figure class='gallery-item'>\n\t\t\t<div class='gallery-icon landscape'>\n\t\t\t\t<a href='https:\/\/hereastore.com\/pe\/wp-content\/uploads\/sites\/16\/2025\/03\/GUESSM5.png'><img decoding=\"async\" width=\"1200\" height=\"1200\" src=\"https:\/\/hereastore.com\/pe\/wp-content\/uploads\/sites\/16\/2025\/03\/GUESSM5.png\" class=\"attachment-full size-full\" alt=\"\" srcset=\"https:\/\/hereastore.com\/pe\/wp-content\/uploads\/sites\/16\/2025\/03\/GUESSM5.png 1200w, https:\/\/hereastore.com\/pe\/wp-content\/uploads\/sites\/16\/2025\/03\/GUESSM5-300x300.png 300w, https:\/\/hereastore.com\/pe\/wp-content\/uploads\/sites\/16\/2025\/03\/GUESSM5-1024x1024.png 1024w, https:\/\/hereastore.com\/pe\/wp-content\/uploads\/sites\/16\/2025\/03\/GUESSM5-150x150.png 150w, https:\/\/hereastore.com\/pe\/wp-content\/uploads\/sites\/16\/2025\/03\/GUESSM5-768x768.png 768w, https:\/\/hereastore.com\/pe\/wp-content\/uploads\/sites\/16\/2025\/03\/GUESSM5-990x990.png 990w, https:\/\/hereastore.com\/pe\/wp-content\/uploads\/sites\/16\/2025\/03\/GUESSM5-441x441.png 441w, https:\/\/hereastore.com\/pe\/wp-content\/uploads\/sites\/16\/2025\/03\/GUESSM5-60x60.png 60w, https:\/\/hereastore.com\/pe\/wp-content\/uploads\/sites\/16\/2025\/03\/GUESSM5-110x110.png 110w, https:\/\/hereastore.com\/pe\/wp-content\/uploads\/sites\/16\/2025\/03\/GUESSM5-100x100.png 100w, https:\/\/hereastore.com\/pe\/wp-content\/uploads\/sites\/16\/2025\/03\/GUESSM5-800x800.png 800w\" sizes=\"(max-width: 1200px) 100vw, 1200px\" \/><\/a>\n\t\t\t<\/div><\/figure><figure class='gallery-item'>\n\t\t\t<div class='gallery-icon landscape'>\n\t\t\t\t<a href='https:\/\/hereastore.com\/pe\/wp-content\/uploads\/sites\/16\/2025\/03\/GUESSM4.png'><img loading=\"lazy\" decoding=\"async\" width=\"1200\" height=\"1200\" src=\"https:\/\/hereastore.com\/pe\/wp-content\/uploads\/sites\/16\/2025\/03\/GUESSM4.png\" class=\"attachment-full size-full\" alt=\"\" srcset=\"https:\/\/hereastore.com\/pe\/wp-content\/uploads\/sites\/16\/2025\/03\/GUESSM4.png 1200w, https:\/\/hereastore.com\/pe\/wp-content\/uploads\/sites\/16\/2025\/03\/GUESSM4-300x300.png 300w, https:\/\/hereastore.com\/pe\/wp-content\/uploads\/sites\/16\/2025\/03\/GUESSM4-1024x1024.png 1024w, https:\/\/hereastore.com\/pe\/wp-content\/uploads\/sites\/16\/2025\/03\/GUESSM4-150x150.png 150w, https:\/\/hereastore.com\/pe\/wp-content\/uploads\/sites\/16\/2025\/03\/GUESSM4-768x768.png 768w, https:\/\/hereastore.com\/pe\/wp-content\/uploads\/sites\/16\/2025\/03\/GUESSM4-990x990.png 990w, https:\/\/hereastore.com\/pe\/wp-content\/uploads\/sites\/16\/2025\/03\/GUESSM4-441x441.png 441w, https:\/\/hereastore.com\/pe\/wp-content\/uploads\/sites\/16\/2025\/03\/GUESSM4-60x60.png 60w, https:\/\/hereastore.com\/pe\/wp-content\/uploads\/sites\/16\/2025\/03\/GUESSM4-110x110.png 110w, https:\/\/hereastore.com\/pe\/wp-content\/uploads\/sites\/16\/2025\/03\/GUESSM4-100x100.png 100w, https:\/\/hereastore.com\/pe\/wp-content\/uploads\/sites\/16\/2025\/03\/GUESSM4-800x800.png 800w\" sizes=\"(max-width: 1200px) 100vw, 1200px\" \/><\/a>\n\t\t\t<\/div><\/figure>\n\t\t<\/div>\n\n","protected":false},"excerpt":{"rendered":"<p>Bandolera Guess 2025 \u2013 Elegante, Pr\u00e1ctica y con Estilo Si alguna vez pensaste que un bolso compacto no podr\u00eda ofrecer la funcionalidad que necesitas, es porque a\u00fan no has probado la Bandolera Guess 2025. Perfecta para quienes buscan llevar solo lo esencial sin perder ni un gramo de estilo, esta bandolera se convierte en el [&hellip;]<\/p>\n","protected":false},"featured_media":206339,"comment_status":"open","ping_status":"closed","template":"","meta":[],"product_brand":[],"product_cat":[1045,15],"product_tag":[],"class_list":{"0":"post-206331","1":"product","2":"type-product","3":"status-publish","4":"has-post-thumbnail","6":"product_cat-bolsos-y-carteras","7":"product_cat-todos","9":"first","10":"instock","11":"sale","12":"shipping-taxable","13":"purchasable","14":"product-type-variable"},"_links":{"self":[{"href":"https:\/\/hereastore.com\/pe\/wp-json\/wp\/v2\/product\/206331","targetHints":{"allow":["GET"]}}],"collection":[{"href":"https:\/\/hereastore.com\/pe\/wp-json\/wp\/v2\/product"}],"about":[{"href":"https:\/\/hereastore.com\/pe\/wp-json\/wp\/v2\/types\/product"}],"replies":[{"embeddable":true,"href":"https:\/\/hereastore.com\/pe\/wp-json\/wp\/v2\/comments?post=206331"}],"version-history":[{"count":0,"href":"https:\/\/hereastore.com\/pe\/wp-json\/wp\/v2\/product\/206331\/revisions"}],"wp:featuredmedia":[{"embeddable":true,"href":"https:\/\/hereastore.com\/pe\/wp-json\/wp\/v2\/media\/206339"}],"wp:attachment":[{"href":"https:\/\/hereastore.com\/pe\/wp-json\/wp\/v2\/media?parent=206331"}],"wp:term":[{"taxonomy":"product_brand","embeddable":true,"href":"https:\/\/hereastore.com\/pe\/wp-json\/wp\/v2\/product_brand?post=206331"},{"taxonomy":"product_cat","embeddable":true,"href":"https:\/\/hereastore.com\/pe\/wp-json\/wp\/v2\/product_cat?post=206331"},{"taxonomy":"product_tag","embeddable":true,"href":"https:\/\/hereastore.com\/pe\/wp-json\/wp\/v2\/product_tag?post=206331"}],"curies":[{"name":"wp","href":"https:\/\/api.w.org\/{rel}","templated":true}]}}