{"id":206480,"date":"2024-11-11T18:10:27","date_gmt":"2024-11-11T21:10:27","guid":{"rendered":"https:\/\/hereastore.com\/pe\/?post_type=product&#038;p=206480"},"modified":"2025-03-27T15:59:10","modified_gmt":"2025-03-27T18:59:10","slug":"bimba-y-lola-otono-2025","status":"publish","type":"product","link":"https:\/\/hereastore.com\/pe\/producto\/bimba-y-lola-otono-2025\/","title":{"rendered":"Bandoleras Bimba y Lola Oto\u00f1o 2025"},"content":{"rendered":"<div>\n<div>\n<div>\n<div>\n<div>\n<div>\n<p class=\"p1\"><b>Estilo y Onda con Bimba y Lola OEM<\/b><b>\u00a0\u2013 \u00a1Env\u00edo Gratis a Todo Per\u00fa!<\/b><b><\/b><\/p>\n<p class=\"p1\">Si quieres lucir con estilo y diferenciarte con accesorios \u00fanicos, Bimba y Lola es para ti. Con dise\u00f1os modernos y una calidad que no falla, sus bolsos, carteras y mochilas son el compa\u00f1ero ideal para cualquier ocasi\u00f3n, acompa\u00f1\u00e1ndote con elegancia en tu d\u00eda a d\u00eda.<\/p>\n<p class=\"p1\"><b>\u00bfPor qu\u00e9 vas a amar Bimba y Lola?<\/b><b><\/b><\/p>\n<p class=\"p3\">\u2022<b>Dise\u00f1o pulento y moderno<\/b>: Cada bolso o cartera tiene un estilo \u00fanico, pensado para quienes les gusta destacar y verse siempre top.<\/p>\n<p class=\"p3\">\u2022<b>Materiales de primera<\/b>: Hechos para durar, estos productos resisten el ritmo diario sin perder su encanto.<\/p>\n<p class=\"p3\">\u2022<b>Versatilidad total<\/b>: Desde carteras pa\u2019 todos los d\u00edas hasta bolsos m\u00e1s grandes para la pega o la u, siempre tendr\u00e1s el look perfecto.<\/p>\n<p class=\"p1\"><b>\u00a1Compra tranquila!<\/b><b><\/b><\/p>\n<p class=\"p3\">\u2022<b>Env\u00edo gratis a todo Per\u00fa<\/b>: Ya est\u00e9s en Santiago, en la playa o en el sur, tu compra llega sin ning\u00fan costo extra.<\/p>\n<p class=\"p3\">\u2022<b>Garant\u00eda de 30 d\u00edas<\/b>: Si no te gust\u00f3 o no era lo que esperabas, puedes devolver tu producto dentro de los 30 d\u00edas y te devolvemos la plata sin preguntas.<\/p>\n<p class=\"p3\">\u2022<b>Paga como quieras<\/b>: Aceptamos todas las formas de pago en Per\u00fa, y puedes pagar con Webpay en 3 a 6 cuotas sin inter\u00e9s para que sea m\u00e1s f\u00e1cil.<\/p>\n<p class=\"p1\">No te quedes fuera y s\u00famate al estilo de Bimba y Lola. \u00a1Estilo, calidad y cero preocupaciones, todo en un solo lugar!<\/p>\n<div>\n<div id='gallery-1' class='gallery galleryid-206480 gallery-columns-3 gallery-size-full'><figure class='gallery-item'>\n\t\t\t<div class='gallery-icon landscape'>\n\t\t\t\t<img fetchpriority=\"high\" decoding=\"async\" width=\"1080\" height=\"1080\" src=\"https:\/\/hereastore.com\/pe\/wp-content\/uploads\/sites\/16\/2024\/09\/BLBAND157.jpg\" class=\"attachment-full size-full\" alt=\"\" srcset=\"https:\/\/hereastore.com\/pe\/wp-content\/uploads\/sites\/16\/2024\/09\/BLBAND157.jpg 1080w, https:\/\/hereastore.com\/pe\/wp-content\/uploads\/sites\/16\/2024\/09\/BLBAND157-300x300.jpg 300w, https:\/\/hereastore.com\/pe\/wp-content\/uploads\/sites\/16\/2024\/09\/BLBAND157-150x150.jpg 150w, https:\/\/hereastore.com\/pe\/wp-content\/uploads\/sites\/16\/2024\/09\/BLBAND157-800x800.jpg 800w, https:\/\/hereastore.com\/pe\/wp-content\/uploads\/sites\/16\/2024\/09\/BLBAND157-1024x1024.jpg 1024w, https:\/\/hereastore.com\/pe\/wp-content\/uploads\/sites\/16\/2024\/09\/BLBAND157-768x768.jpg 768w, https:\/\/hereastore.com\/pe\/wp-content\/uploads\/sites\/16\/2024\/09\/BLBAND157-990x990.jpg 990w, https:\/\/hereastore.com\/pe\/wp-content\/uploads\/sites\/16\/2024\/09\/BLBAND157-441x441.jpg 441w, https:\/\/hereastore.com\/pe\/wp-content\/uploads\/sites\/16\/2024\/09\/BLBAND157-60x60.jpg 60w, https:\/\/hereastore.com\/pe\/wp-content\/uploads\/sites\/16\/2024\/09\/BLBAND157-110x110.jpg 110w, https:\/\/hereastore.com\/pe\/wp-content\/uploads\/sites\/16\/2024\/09\/BLBAND157-100x100.jpg 100w\" sizes=\"(max-width: 1080px) 100vw, 1080px\" \/>\n\t\t\t<\/div><\/figure><figure class='gallery-item'>\n\t\t\t<div class='gallery-icon portrait'>\n\t\t\t\t<img decoding=\"async\" width=\"810\" height=\"1080\" src=\"https:\/\/hereastore.com\/pe\/wp-content\/uploads\/sites\/16\/2024\/09\/BLBAND71.jpg\" class=\"attachment-full size-full\" alt=\"\" srcset=\"https:\/\/hereastore.com\/pe\/wp-content\/uploads\/sites\/16\/2024\/09\/BLBAND71.jpg 810w, https:\/\/hereastore.com\/pe\/wp-content\/uploads\/sites\/16\/2024\/09\/BLBAND71-150x200.jpg 150w, https:\/\/hereastore.com\/pe\/wp-content\/uploads\/sites\/16\/2024\/09\/BLBAND71-800x1067.jpg 800w, https:\/\/hereastore.com\/pe\/wp-content\/uploads\/sites\/16\/2024\/09\/BLBAND71-225x300.jpg 225w, https:\/\/hereastore.com\/pe\/wp-content\/uploads\/sites\/16\/2024\/09\/BLBAND71-768x1024.jpg 768w, https:\/\/hereastore.com\/pe\/wp-content\/uploads\/sites\/16\/2024\/09\/BLBAND71-441x588.jpg 441w, https:\/\/hereastore.com\/pe\/wp-content\/uploads\/sites\/16\/2024\/09\/BLBAND71-60x80.jpg 60w, https:\/\/hereastore.com\/pe\/wp-content\/uploads\/sites\/16\/2024\/09\/BLBAND71-110x147.jpg 110w\" sizes=\"(max-width: 810px) 100vw, 810px\" \/>\n\t\t\t<\/div><\/figure><figure class='gallery-item'>\n\t\t\t<div class='gallery-icon portrait'>\n\t\t\t\t<img decoding=\"async\" width=\"810\" height=\"1080\" src=\"https:\/\/hereastore.com\/pe\/wp-content\/uploads\/sites\/16\/2024\/09\/BLBAND48.jpg\" class=\"attachment-full size-full\" alt=\"\" srcset=\"https:\/\/hereastore.com\/pe\/wp-content\/uploads\/sites\/16\/2024\/09\/BLBAND48.jpg 810w, https:\/\/hereastore.com\/pe\/wp-content\/uploads\/sites\/16\/2024\/09\/BLBAND48-150x200.jpg 150w, https:\/\/hereastore.com\/pe\/wp-content\/uploads\/sites\/16\/2024\/09\/BLBAND48-800x1067.jpg 800w, https:\/\/hereastore.com\/pe\/wp-content\/uploads\/sites\/16\/2024\/09\/BLBAND48-225x300.jpg 225w, https:\/\/hereastore.com\/pe\/wp-content\/uploads\/sites\/16\/2024\/09\/BLBAND48-768x1024.jpg 768w, https:\/\/hereastore.com\/pe\/wp-content\/uploads\/sites\/16\/2024\/09\/BLBAND48-441x588.jpg 441w, https:\/\/hereastore.com\/pe\/wp-content\/uploads\/sites\/16\/2024\/09\/BLBAND48-60x80.jpg 60w, https:\/\/hereastore.com\/pe\/wp-content\/uploads\/sites\/16\/2024\/09\/BLBAND48-110x147.jpg 110w\" sizes=\"(max-width: 810px) 100vw, 810px\" \/>\n\t\t\t<\/div><\/figure><figure class='gallery-item'>\n\t\t\t<div class='gallery-icon portrait'>\n\t\t\t\t<img loading=\"lazy\" decoding=\"async\" width=\"810\" height=\"1080\" src=\"https:\/\/hereastore.com\/pe\/wp-content\/uploads\/sites\/16\/2024\/09\/BLBAND44.jpg\" class=\"attachment-full size-full\" alt=\"\" srcset=\"https:\/\/hereastore.com\/pe\/wp-content\/uploads\/sites\/16\/2024\/09\/BLBAND44.jpg 810w, https:\/\/hereastore.com\/pe\/wp-content\/uploads\/sites\/16\/2024\/09\/BLBAND44-150x200.jpg 150w, https:\/\/hereastore.com\/pe\/wp-content\/uploads\/sites\/16\/2024\/09\/BLBAND44-800x1067.jpg 800w, https:\/\/hereastore.com\/pe\/wp-content\/uploads\/sites\/16\/2024\/09\/BLBAND44-225x300.jpg 225w, https:\/\/hereastore.com\/pe\/wp-content\/uploads\/sites\/16\/2024\/09\/BLBAND44-768x1024.jpg 768w, https:\/\/hereastore.com\/pe\/wp-content\/uploads\/sites\/16\/2024\/09\/BLBAND44-441x588.jpg 441w, https:\/\/hereastore.com\/pe\/wp-content\/uploads\/sites\/16\/2024\/09\/BLBAND44-60x80.jpg 60w, https:\/\/hereastore.com\/pe\/wp-content\/uploads\/sites\/16\/2024\/09\/BLBAND44-110x147.jpg 110w\" sizes=\"(max-width: 810px) 100vw, 810px\" \/>\n\t\t\t<\/div><\/figure><figure class='gallery-item'>\n\t\t\t<div class='gallery-icon portrait'>\n\t\t\t\t<img loading=\"lazy\" decoding=\"async\" width=\"810\" height=\"1080\" src=\"https:\/\/hereastore.com\/pe\/wp-content\/uploads\/sites\/16\/2024\/09\/BLBAND43.jpg\" class=\"attachment-full size-full\" alt=\"\" srcset=\"https:\/\/hereastore.com\/pe\/wp-content\/uploads\/sites\/16\/2024\/09\/BLBAND43.jpg 810w, https:\/\/hereastore.com\/pe\/wp-content\/uploads\/sites\/16\/2024\/09\/BLBAND43-150x200.jpg 150w, https:\/\/hereastore.com\/pe\/wp-content\/uploads\/sites\/16\/2024\/09\/BLBAND43-800x1067.jpg 800w, https:\/\/hereastore.com\/pe\/wp-content\/uploads\/sites\/16\/2024\/09\/BLBAND43-225x300.jpg 225w, https:\/\/hereastore.com\/pe\/wp-content\/uploads\/sites\/16\/2024\/09\/BLBAND43-768x1024.jpg 768w, https:\/\/hereastore.com\/pe\/wp-content\/uploads\/sites\/16\/2024\/09\/BLBAND43-441x588.jpg 441w, https:\/\/hereastore.com\/pe\/wp-content\/uploads\/sites\/16\/2024\/09\/BLBAND43-60x80.jpg 60w, https:\/\/hereastore.com\/pe\/wp-content\/uploads\/sites\/16\/2024\/09\/BLBAND43-110x147.jpg 110w\" sizes=\"(max-width: 810px) 100vw, 810px\" \/>\n\t\t\t<\/div><\/figure><figure class='gallery-item'>\n\t\t\t<div class='gallery-icon portrait'>\n\t\t\t\t<img loading=\"lazy\" decoding=\"async\" width=\"810\" height=\"1080\" src=\"https:\/\/hereastore.com\/pe\/wp-content\/uploads\/sites\/16\/2024\/09\/BLBAND42.jpg\" class=\"attachment-full size-full\" alt=\"\" srcset=\"https:\/\/hereastore.com\/pe\/wp-content\/uploads\/sites\/16\/2024\/09\/BLBAND42.jpg 810w, https:\/\/hereastore.com\/pe\/wp-content\/uploads\/sites\/16\/2024\/09\/BLBAND42-150x200.jpg 150w, https:\/\/hereastore.com\/pe\/wp-content\/uploads\/sites\/16\/2024\/09\/BLBAND42-800x1067.jpg 800w, https:\/\/hereastore.com\/pe\/wp-content\/uploads\/sites\/16\/2024\/09\/BLBAND42-225x300.jpg 225w, https:\/\/hereastore.com\/pe\/wp-content\/uploads\/sites\/16\/2024\/09\/BLBAND42-768x1024.jpg 768w, https:\/\/hereastore.com\/pe\/wp-content\/uploads\/sites\/16\/2024\/09\/BLBAND42-441x588.jpg 441w, https:\/\/hereastore.com\/pe\/wp-content\/uploads\/sites\/16\/2024\/09\/BLBAND42-60x80.jpg 60w, https:\/\/hereastore.com\/pe\/wp-content\/uploads\/sites\/16\/2024\/09\/BLBAND42-110x147.jpg 110w\" sizes=\"(max-width: 810px) 100vw, 810px\" \/>\n\t\t\t<\/div><\/figure><figure class='gallery-item'>\n\t\t\t<div class='gallery-icon landscape'>\n\t\t\t\t<img loading=\"lazy\" decoding=\"async\" width=\"1080\" height=\"1013\" src=\"https:\/\/hereastore.com\/pe\/wp-content\/uploads\/sites\/16\/2024\/09\/BLBAND45.jpg\" class=\"attachment-full size-full\" alt=\"\" srcset=\"https:\/\/hereastore.com\/pe\/wp-content\/uploads\/sites\/16\/2024\/09\/BLBAND45.jpg 1080w, https:\/\/hereastore.com\/pe\/wp-content\/uploads\/sites\/16\/2024\/09\/BLBAND45-150x141.jpg 150w, https:\/\/hereastore.com\/pe\/wp-content\/uploads\/sites\/16\/2024\/09\/BLBAND45-800x750.jpg 800w, https:\/\/hereastore.com\/pe\/wp-content\/uploads\/sites\/16\/2024\/09\/BLBAND45-300x281.jpg 300w, https:\/\/hereastore.com\/pe\/wp-content\/uploads\/sites\/16\/2024\/09\/BLBAND45-1024x960.jpg 1024w, https:\/\/hereastore.com\/pe\/wp-content\/uploads\/sites\/16\/2024\/09\/BLBAND45-768x720.jpg 768w, https:\/\/hereastore.com\/pe\/wp-content\/uploads\/sites\/16\/2024\/09\/BLBAND45-990x929.jpg 990w, https:\/\/hereastore.com\/pe\/wp-content\/uploads\/sites\/16\/2024\/09\/BLBAND45-441x414.jpg 441w, https:\/\/hereastore.com\/pe\/wp-content\/uploads\/sites\/16\/2024\/09\/BLBAND45-60x56.jpg 60w, https:\/\/hereastore.com\/pe\/wp-content\/uploads\/sites\/16\/2024\/09\/BLBAND45-110x103.jpg 110w\" sizes=\"(max-width: 1080px) 100vw, 1080px\" \/>\n\t\t\t<\/div><\/figure><figure class='gallery-item'>\n\t\t\t<div class='gallery-icon landscape'>\n\t\t\t\t<img loading=\"lazy\" decoding=\"async\" width=\"1080\" height=\"809\" src=\"https:\/\/hereastore.com\/pe\/wp-content\/uploads\/sites\/16\/2024\/09\/BLBAND67.jpg\" class=\"attachment-full size-full\" alt=\"\" srcset=\"https:\/\/hereastore.com\/pe\/wp-content\/uploads\/sites\/16\/2024\/09\/BLBAND67.jpg 1080w, https:\/\/hereastore.com\/pe\/wp-content\/uploads\/sites\/16\/2024\/09\/BLBAND67-150x112.jpg 150w, https:\/\/hereastore.com\/pe\/wp-content\/uploads\/sites\/16\/2024\/09\/BLBAND67-800x599.jpg 800w, https:\/\/hereastore.com\/pe\/wp-content\/uploads\/sites\/16\/2024\/09\/BLBAND67-300x225.jpg 300w, https:\/\/hereastore.com\/pe\/wp-content\/uploads\/sites\/16\/2024\/09\/BLBAND67-1024x767.jpg 1024w, https:\/\/hereastore.com\/pe\/wp-content\/uploads\/sites\/16\/2024\/09\/BLBAND67-768x575.jpg 768w, https:\/\/hereastore.com\/pe\/wp-content\/uploads\/sites\/16\/2024\/09\/BLBAND67-990x742.jpg 990w, https:\/\/hereastore.com\/pe\/wp-content\/uploads\/sites\/16\/2024\/09\/BLBAND67-441x330.jpg 441w, https:\/\/hereastore.com\/pe\/wp-content\/uploads\/sites\/16\/2024\/09\/BLBAND67-60x45.jpg 60w, https:\/\/hereastore.com\/pe\/wp-content\/uploads\/sites\/16\/2024\/09\/BLBAND67-110x82.jpg 110w\" sizes=\"(max-width: 1080px) 100vw, 1080px\" \/>\n\t\t\t<\/div><\/figure><figure class='gallery-item'>\n\t\t\t<div class='gallery-icon landscape'>\n\t\t\t\t<img loading=\"lazy\" decoding=\"async\" width=\"1080\" height=\"809\" src=\"https:\/\/hereastore.com\/pe\/wp-content\/uploads\/sites\/16\/2024\/09\/BLBAND66.jpg\" class=\"attachment-full size-full\" alt=\"\" srcset=\"https:\/\/hereastore.com\/pe\/wp-content\/uploads\/sites\/16\/2024\/09\/BLBAND66.jpg 1080w, https:\/\/hereastore.com\/pe\/wp-content\/uploads\/sites\/16\/2024\/09\/BLBAND66-150x112.jpg 150w, https:\/\/hereastore.com\/pe\/wp-content\/uploads\/sites\/16\/2024\/09\/BLBAND66-800x599.jpg 800w, https:\/\/hereastore.com\/pe\/wp-content\/uploads\/sites\/16\/2024\/09\/BLBAND66-300x225.jpg 300w, https:\/\/hereastore.com\/pe\/wp-content\/uploads\/sites\/16\/2024\/09\/BLBAND66-1024x767.jpg 1024w, https:\/\/hereastore.com\/pe\/wp-content\/uploads\/sites\/16\/2024\/09\/BLBAND66-768x575.jpg 768w, https:\/\/hereastore.com\/pe\/wp-content\/uploads\/sites\/16\/2024\/09\/BLBAND66-990x742.jpg 990w, https:\/\/hereastore.com\/pe\/wp-content\/uploads\/sites\/16\/2024\/09\/BLBAND66-441x330.jpg 441w, https:\/\/hereastore.com\/pe\/wp-content\/uploads\/sites\/16\/2024\/09\/BLBAND66-60x45.jpg 60w, https:\/\/hereastore.com\/pe\/wp-content\/uploads\/sites\/16\/2024\/09\/BLBAND66-110x82.jpg 110w\" sizes=\"(max-width: 1080px) 100vw, 1080px\" \/>\n\t\t\t<\/div><\/figure><figure class='gallery-item'>\n\t\t\t<div class='gallery-icon portrait'>\n\t\t\t\t<img loading=\"lazy\" decoding=\"async\" width=\"720\" height=\"1080\" src=\"https:\/\/hereastore.com\/pe\/wp-content\/uploads\/sites\/16\/2024\/09\/BLBAND76.jpg\" class=\"attachment-full size-full\" alt=\"\" srcset=\"https:\/\/hereastore.com\/pe\/wp-content\/uploads\/sites\/16\/2024\/09\/BLBAND76.jpg 720w, https:\/\/hereastore.com\/pe\/wp-content\/uploads\/sites\/16\/2024\/09\/BLBAND76-150x225.jpg 150w, https:\/\/hereastore.com\/pe\/wp-content\/uploads\/sites\/16\/2024\/09\/BLBAND76-200x300.jpg 200w, https:\/\/hereastore.com\/pe\/wp-content\/uploads\/sites\/16\/2024\/09\/BLBAND76-683x1024.jpg 683w, https:\/\/hereastore.com\/pe\/wp-content\/uploads\/sites\/16\/2024\/09\/BLBAND76-441x662.jpg 441w, https:\/\/hereastore.com\/pe\/wp-content\/uploads\/sites\/16\/2024\/09\/BLBAND76-60x90.jpg 60w, https:\/\/hereastore.com\/pe\/wp-content\/uploads\/sites\/16\/2024\/09\/BLBAND76-110x165.jpg 110w\" sizes=\"(max-width: 720px) 100vw, 720px\" \/>\n\t\t\t<\/div><\/figure>\n\t\t<\/div>\n\n<\/div>\n<\/div>\n<\/div>\n<p>&nbsp;<\/p>\n<\/div>\n<\/div>\n<p>&nbsp;<\/p>\n<\/div>\n<\/div>\n","protected":false},"excerpt":{"rendered":"<p>Estilo y Onda con Bimba y Lola OEM\u00a0\u2013 \u00a1Env\u00edo Gratis a Todo Per\u00fa! Si quieres lucir con estilo y diferenciarte con accesorios \u00fanicos, Bimba y Lola es para ti. Con dise\u00f1os modernos y una calidad que no falla, sus bolsos, carteras y mochilas son el compa\u00f1ero ideal para cualquier ocasi\u00f3n, acompa\u00f1\u00e1ndote con elegancia en tu [&hellip;]<\/p>\n","protected":false},"featured_media":206513,"comment_status":"open","ping_status":"closed","template":"","meta":[],"product_brand":[],"product_cat":[1760,15],"product_tag":[],"class_list":{"0":"post-206480","1":"product","2":"type-product","3":"status-publish","4":"has-post-thumbnail","6":"product_cat-bimba-y-lola","7":"product_cat-todos","8":"pa_cb5feb1b7314637725a2e7-b-01","9":"pa_cb5feb1b7314637725a2e7-b-02","10":"pa_cb5feb1b7314637725a2e7-b-03","11":"pa_cb5feb1b7314637725a2e7-b-04","12":"pa_cb5feb1b7314637725a2e7-b-05","13":"pa_cb5feb1b7314637725a2e7-b-06","14":"pa_cb5feb1b7314637725a2e7-b-07","15":"pa_cb5feb1b7314637725a2e7-b-08","16":"pa_cb5feb1b7314637725a2e7-b-09","17":"pa_cb5feb1b7314637725a2e7-b-10","18":"pa_cb5feb1b7314637725a2e7-b-11","19":"pa_cb5feb1b7314637725a2e7-b-12","20":"pa_cb5feb1b7314637725a2e7-b-13","21":"pa_cb5feb1b7314637725a2e7-b-14","22":"pa_cb5feb1b7314637725a2e7-b-15","23":"pa_cb5feb1b7314637725a2e7-b-16","24":"pa_cb5feb1b7314637725a2e7-b-17","25":"pa_cb5feb1b7314637725a2e7-b-18","26":"pa_cb5feb1b7314637725a2e7-b-19","27":"pa_cb5feb1b7314637725a2e7-b-20","28":"pa_cb5feb1b7314637725a2e7-b-21","29":"pa_cb5feb1b7314637725a2e7-b-22","30":"pa_cb5feb1b7314637725a2e7-b-23","31":"pa_cb5feb1b7314637725a2e7-b-24","32":"pa_cb5feb1b7314637725a2e7-b-25","33":"pa_cb5feb1b7314637725a2e7-b-26","34":"pa_cb5feb1b7314637725a2e7-b-27","35":"pa_cb5feb1b7314637725a2e7-b-28","36":"pa_cb5feb1b7314637725a2e7-b-29","37":"pa_cb5feb1b7314637725a2e7-b-30","38":"pa_cb5feb1b7314637725a2e7-b-31","39":"pa_cb5feb1b7314637725a2e7-b-32","40":"pa_cb5feb1b7314637725a2e7-b-33","41":"pa_cb5feb1b7314637725a2e7-b-34","42":"pa_cb5feb1b7314637725a2e7-b-35","43":"pa_cb5feb1b7314637725a2e7-b-36","44":"pa_cb5feb1b7314637725a2e7-b-37","45":"pa_cb5feb1b7314637725a2e7-b-38","46":"pa_cb5feb1b7314637725a2e7-b-39","47":"pa_cb5feb1b7314637725a2e7-b-40","48":"pa_cb5feb1b7314637725a2e7-b-41","49":"pa_cb5feb1b7314637725a2e7-b-42","50":"pa_cb5feb1b7314637725a2e7-b-43","51":"pa_cb5feb1b7314637725a2e7-b-44","52":"pa_cb5feb1b7314637725a2e7-b-45","53":"pa_cb5feb1b7314637725a2e7-b-46","54":"pa_cb5feb1b7314637725a2e7-b-47","55":"pa_cb5feb1b7314637725a2e7-b-48","56":"pa_cb5feb1b7314637725a2e7-b-49","57":"pa_cb5feb1b7314637725a2e7-b-50","58":"pa_cb5feb1b7314637725a2e7-b-51","59":"pa_cb5feb1b7314637725a2e7-b-52","60":"pa_cb5feb1b7314637725a2e7-b-53","61":"pa_cb5feb1b7314637725a2e7-b-54","62":"pa_cb5feb1b7314637725a2e7-b-55","63":"pa_cb5feb1b7314637725a2e7-b-56","65":"first","66":"instock","67":"shipping-taxable","68":"purchasable","69":"product-type-variable"},"_links":{"self":[{"href":"https:\/\/hereastore.com\/pe\/wp-json\/wp\/v2\/product\/206480","targetHints":{"allow":["GET"]}}],"collection":[{"href":"https:\/\/hereastore.com\/pe\/wp-json\/wp\/v2\/product"}],"about":[{"href":"https:\/\/hereastore.com\/pe\/wp-json\/wp\/v2\/types\/product"}],"replies":[{"embeddable":true,"href":"https:\/\/hereastore.com\/pe\/wp-json\/wp\/v2\/comments?post=206480"}],"version-history":[{"count":0,"href":"https:\/\/hereastore.com\/pe\/wp-json\/wp\/v2\/product\/206480\/revisions"}],"wp:featuredmedia":[{"embeddable":true,"href":"https:\/\/hereastore.com\/pe\/wp-json\/wp\/v2\/media\/206513"}],"wp:attachment":[{"href":"https:\/\/hereastore.com\/pe\/wp-json\/wp\/v2\/media?parent=206480"}],"wp:term":[{"taxonomy":"product_brand","embeddable":true,"href":"https:\/\/hereastore.com\/pe\/wp-json\/wp\/v2\/product_brand?post=206480"},{"taxonomy":"product_cat","embeddable":true,"href":"https:\/\/hereastore.com\/pe\/wp-json\/wp\/v2\/product_cat?post=206480"},{"taxonomy":"product_tag","embeddable":true,"href":"https:\/\/hereastore.com\/pe\/wp-json\/wp\/v2\/product_tag?post=206480"}],"curies":[{"name":"wp","href":"https:\/\/api.w.org\/{rel}","templated":true}]}}