{"id":22899,"date":"2020-11-23T16:30:14","date_gmt":"2020-11-23T19:30:14","guid":{"rendered":"https:\/\/hereastore.com\/xs\/producto\/bikini-floral-con-volantes-y-dobladillo-para-mujer-traje-de-bano-floral-de-dos-piezas-de-cintura-alta-con-cuello-de-pico-ropa-de-bano-para-playa-2020\/"},"modified":"2026-04-04T04:38:12","modified_gmt":"2026-04-04T07:38:12","slug":"tulum","status":"publish","type":"product","link":"https:\/\/hereastore.com\/pe\/producto\/tulum\/","title":{"rendered":"Bikini Tulum"},"content":{"rendered":"<div><\/div>\n<div><\/div>\n<div><\/div>\n<div>Luce espectacular con nuestro traje de ba\u00f1o de dos piezas, dise\u00f1ado con varios estampados \u00fanicos y control abdominal para ofrecerte el m\u00e1ximo soporte. Este conjunto no solo resalta tu figura, sino que tambi\u00e9n a\u00f1ade un toque de estilo y originalidad a tus d\u00edas de playa. Perfecto para quienes buscan combinar confort, elegancia y un dise\u00f1o vibrante.<\/div>\n<div><\/div>\n<div>\n<p>\u00bfPor qu\u00e9 te encantar\u00e1?<\/p>\n<p>-C\u00f3modos y funcionales: Dise\u00f1ados para proporcionar soporte y comodidad en todo momento, perfecto para disfdniar de la playa, la piscina o cualquier actividad acu\u00e1tica.<\/p>\n<p>-Dise\u00f1os vibrantes: Colores alegres que reflejan tu estilo \u00fanico y a\u00f1aden diversi\u00f3n a cada d\u00eda.<\/p>\n<p>\u00a1Compra con confianza!<\/p>\n<p>-Env\u00edo gratis a todo Per\u00fa: Est\u00e9s donde est\u00e9s, tu traje de ba\u00f1o llega directamente a tu puerta sin costo adicional.<\/p>\n<p>-Garant\u00eda de 30 d\u00edas: Si tu traje de ba\u00f1o sufre alg\u00fan desperfecto en la tela cuenta con una garant\u00eda con nosotros y obtienes tu devoluci\u00f3n.<\/p>\n<p>-Paga como prefieras: Aceptamos todos los m\u00e9todos de pago disponibles en Per\u00fa, con la opci\u00f3n de pagar en 3 a 6 cuotas sin inter\u00e9s.<\/p>\n<p>\u00a1No te pierdas esta oportunidad y lleva contigo estilo, comodidad y felicidad en tu look playero!<\/p>\n<\/div>\n<div><\/div>\n<div><\/div>\n<div><\/div>\n<div><\/div>\n<div><img fetchpriority=\"high\" decoding=\"async\" class=\"\" title=\"Bikini Tulum\" src=\"https:\/\/hereastore.com\/xs\/wp-content\/uploads\/sites\/16\/2021\/03\/22899-c9045e.jpeg\" alt=\"Bikini Tulum\" width=\"952\" height=\"535\" \/><\/div>\n<div><img decoding=\"async\" title=\"Bikini Tulum\" src=\"\/\/ae01.alicdn.com\/kf\/Hd0b4b2be7fa14ee7b0c7e9dd63c7a3b9S.jpg\" alt=\"Bikini Tulum\" \/><img decoding=\"async\" title=\"Bikini Tulum\" src=\"\/\/ae01.alicdn.com\/kf\/H0faf21d6483d42ffa39873181abeb011R.jpg\" alt=\"Bikini Tulum\" \/><\/div>\n<div><img decoding=\"async\" title=\"Bikini Tulum\" src=\"\/\/ae01.alicdn.com\/kf\/H3fd89655c2e143be8a7b3e2629fda4b5E.jpg\" alt=\"Bikini Tulum\" \/><img decoding=\"async\" style=\"margin-bottom: 10px;\" title=\"Bikini Tulum\" src=\"\/\/ae01.alicdn.com\/kf\/Hd1052370471440dc9ef64595997f5aeb5.jpg\" alt=\"Bikini Tulum\" \/><img decoding=\"async\" style=\"margin-bottom: 10px;\" title=\"Bikini Tulum\" src=\"\/\/ae01.alicdn.com\/kf\/H86b099b8dcba44968b42ea710f9bd112j.jpg\" alt=\"Bikini Tulum\" \/><\/div>\n<div><img decoding=\"async\" title=\"Bikini Tulum\" src=\"\/\/ae01.alicdn.com\/kf\/Hc02867f4c6184d92a248fb963d862fb6P.jpg\" alt=\"Bikini Tulum\" \/><\/div>\n<div><img decoding=\"async\" style=\"margin-bottom: 10px;\" title=\"Bikini Tulum\" src=\"\/\/ae04.alicdn.com\/kf\/H2d23b82682e64643a98dcdb3e88f129fC.jpg\" alt=\"Bikini Tulum\" \/><\/div>\n<div><img decoding=\"async\" style=\"margin-bottom: 10px;\" title=\"Bikini Tulum\" src=\"\/\/ae01.alicdn.com\/kf\/H85f6c0d85edf4a61af944e9190720aae5.jpg\" alt=\"Bikini Tulum\" \/><img decoding=\"async\" style=\"margin-bottom: 10px;\" title=\"Bikini Tulum\" src=\"\/\/ae01.alicdn.com\/kf\/Hf7ee4dcb8f2c4d3d9ad5bcc863a4dc600.jpg\" alt=\"Bikini Tulum\" \/><img decoding=\"async\" title=\"Bikini Tulum\" src=\"\/\/ae01.alicdn.com\/kf\/H178eb6e0712a4f4283c2ce3c40433354B.jpg\" alt=\"Bikini Tulum\" \/><img decoding=\"async\" title=\"Bikini Tulum\" src=\"\/\/ae01.alicdn.com\/kf\/Hb72a5a637b5a4ec4bceb299cbdec97c5D.jpg\" alt=\"Bikini Tulum\" \/><\/div>\n<div><img decoding=\"async\" title=\"Bikini Tulum\" src=\"\/\/ae04.alicdn.com\/kf\/H8812a381eee843648e36328d3bf21e78F.jpg\" alt=\"Bikini Tulum\" \/><img decoding=\"async\" title=\"Bikini Tulum\" src=\"\/\/ae04.alicdn.com\/kf\/H811b985c3fb546448adb03dc045f2c759.jpg\" alt=\"Bikini Tulum\" \/><img decoding=\"async\" style=\"margin-bottom: 10px;\" title=\"Bikini Tulum\" src=\"\/\/ae01.alicdn.com\/kf\/Hf9922c6b83854387a3844438609642f5j.jpg\" alt=\"Bikini Tulum\" \/><\/div>\n<div><img decoding=\"async\" title=\"Bikini Tulum\" src=\"\/\/ae01.alicdn.com\/kf\/H67a58c747a2c439d80a8da1217f023d2m.jpg\" alt=\"Bikini Tulum\" \/><img decoding=\"async\" title=\"Bikini Tulum\" src=\"\/\/ae01.alicdn.com\/kf\/H9292bcef39f24ab2914e96078fec2700n.jpg\" alt=\"Bikini Tulum\" \/><img decoding=\"async\" title=\"Bikini Tulum\" src=\"\/\/ae01.alicdn.com\/kf\/Heb28416bfd874afbba00684827539a3fk.jpg\" alt=\"Bikini Tulum\" \/><\/div>\n<div><img decoding=\"async\" style=\"margin-bottom: 10px;\" title=\"Bikini Tulum\" src=\"\/\/ae01.alicdn.com\/kf\/Hb972b3b1b94c4ac9840a9b0508d84220y.jpg\" alt=\"Bikini Tulum\" \/><img decoding=\"async\" title=\"Bikini Tulum\" src=\"\/\/ae01.alicdn.com\/kf\/H4068f0f34d9f416281f504a600c70a5dW.jpg\" alt=\"Bikini Tulum\" \/><img decoding=\"async\" style=\"margin-bottom: 10px;\" title=\"Bikini Tulum\" src=\"\/\/ae01.alicdn.com\/kf\/He27a873c57b044c68bc6d946233788c6g.jpg\" alt=\"Bikini Tulum\" \/><\/div>\n<div><img decoding=\"async\" title=\"Bikini Tulum\" src=\"\/\/ae01.alicdn.com\/kf\/H8e8626967bbe4cf8a94429b4d47600fe6.jpg\" alt=\"Bikini Tulum\" \/><img decoding=\"async\" title=\"Bikini Tulum\" src=\"\/\/ae01.alicdn.com\/kf\/H13f41fe6d6814d4496bddeebf5fb554eW.jpg\" alt=\"Bikini Tulum\" \/><img decoding=\"async\" title=\"Bikini Tulum\" src=\"\/\/ae01.alicdn.com\/kf\/H5d633d12799046ddbd83a8126bed55b1u.jpg\" alt=\"Bikini Tulum\" \/><\/div>\n<div><img decoding=\"async\" title=\"Bikini Tulum\" src=\"\/\/ae01.alicdn.com\/kf\/Hf8b3935e26ff4be6bff9f45b6ce6d58bt.jpg\" alt=\"Bikini Tulum\" \/><\/div>\n<div><img decoding=\"async\" title=\"Bikini Tulum\" src=\"\/\/ae01.alicdn.com\/kf\/Hafaa7573db5a4e45a4d7ca96f79ccd73u.jpg\" alt=\"Bikini Tulum\" \/><img decoding=\"async\" title=\"Bikini Tulum\" src=\"\/\/ae01.alicdn.com\/kf\/Hd9bd4553267f440883412680200b32ffH.jpg\" alt=\"Bikini Tulum\" \/><img decoding=\"async\" title=\"Bikini Tulum\" src=\"\/\/ae01.alicdn.com\/kf\/H11710772e37a4a81b01fa51296b418d6Y.jpg\" alt=\"Bikini Tulum\" \/><img decoding=\"async\" title=\"Bikini Tulum\" src=\"\/\/ae01.alicdn.com\/kf\/Hb1944b4ae8d345de90729137792609b1k.jpg\" alt=\"Bikini Tulum\" \/><img decoding=\"async\" title=\"Bikini Tulum\" src=\"\/\/ae01.alicdn.com\/kf\/Hcb8a57baa0454e45a02d9c51911f9aady.jpg\" alt=\"Bikini Tulum\" \/><img decoding=\"async\" title=\"Bikini Tulum\" src=\"\/\/ae01.alicdn.com\/kf\/Hda337a6c9df34609bc33d6b3321c4b2eL.jpg\" alt=\"Bikini Tulum\" \/><\/div>\n<div><img decoding=\"async\" title=\"Bikini Tulum\" src=\"\/\/ae01.alicdn.com\/kf\/Hf2b9a262d6c9415eac881880bd39d85al.jpg\" alt=\"Bikini Tulum\" \/><\/div>\n<div><img decoding=\"async\" title=\"Bikini Tulum\" src=\"\/\/ae01.alicdn.com\/kf\/H3c6a5198047b4781a4d191d1a4fa41cfH.jpg\" alt=\"Bikini Tulum\" \/><\/div>\n<div><img decoding=\"async\" title=\"Bikini Tulum\" src=\"\/\/ae01.alicdn.com\/kf\/Hb8ec97b932c845c085484dd2bbd1039bI.jpg\" alt=\"Bikini Tulum\" \/><\/div>\n<div><img decoding=\"async\" title=\"Bikini Tulum\" src=\"\/\/ae01.alicdn.com\/kf\/H2ea923f10bb743c2b23543fb43e021e4S.jpg\" alt=\"Bikini Tulum\" \/><\/div>\n<div><img decoding=\"async\" title=\"Bikini Tulum\" src=\"\/\/ae01.alicdn.com\/kf\/H5946a3bc6d7647afa4c2acf81aec2bd5i.jpg\" alt=\"Bikini Tulum\" \/><\/div>\n<div><img decoding=\"async\" title=\"Bikini Tulum\" src=\"\/\/ae01.alicdn.com\/kf\/H0925785b3dc14b0a9a8b2f155ff0ca093.jpg\" alt=\"Bikini Tulum\" \/><\/div>\n<div><img decoding=\"async\" title=\"Bikini Tulum\" src=\"\/\/ae01.alicdn.com\/kf\/Ha09f8595a7ae41e9bc6f83e08bd60d9cS.jpg\" alt=\"Bikini Tulum\" \/><\/div>\n<div><img decoding=\"async\" title=\"Bikini Tulum\" src=\"\/\/ae01.alicdn.com\/kf\/H3f7a4188548d42b2afc17a3c902603587.jpg\" alt=\"Bikini Tulum\" \/><\/div>\n<div><img decoding=\"async\" title=\"Bikini Tulum\" src=\"\/\/ae01.alicdn.com\/kf\/Hc446ccae1b524c8992131e1d10c5482fj.jpg\" alt=\"Bikini Tulum\" \/><\/div>\n<div><img decoding=\"async\" title=\"Bikini Tulum\" src=\"\/\/ae01.alicdn.com\/kf\/H7096e458c9b24faaa102e841ce750bad7.jpg\" alt=\"Bikini Tulum\" \/><\/div>\n<div><img decoding=\"async\" title=\"Bikini Tulum\" src=\"\/\/ae01.alicdn.com\/kf\/Hdcf4a928076f44c49ed717d6f41233abJ.jpg\" alt=\"Bikini Tulum\" \/><\/div>\n<div><img decoding=\"async\" title=\"Bikini Tulum\" src=\"\/\/ae01.alicdn.com\/kf\/H977c242648934f36bf500d41cd5865b8l.jpg\" alt=\"Bikini Tulum\" \/><\/div>\n<div><img decoding=\"async\" title=\"Bikini Tulum\" src=\"\/\/ae01.alicdn.com\/kf\/H4874214715be45bb9e25ed9d30588eeeB.jpg\" alt=\"Bikini Tulum\" \/><\/div>\n<div><img decoding=\"async\" title=\"Bikini Tulum\" src=\"\/\/ae01.alicdn.com\/kf\/H1a714270097649e6aa5a8e91c7db7fe0y.jpg\" alt=\"Bikini Tulum\" \/><\/div>\n<div><img decoding=\"async\" title=\"Bikini Tulum\" src=\"\/\/ae04.alicdn.com\/kf\/Hb7d86fa9546d49c2ad1f47c8bd7072a0D.jpg\" alt=\"Bikini Tulum\" \/><\/div>\n<div><\/div>\n","protected":false},"excerpt":{"rendered":"<p>Luce espectacular con nuestro traje de ba\u00f1o de dos piezas, dise\u00f1ado con varios estampados \u00fanicos y control abdominal para ofrecerte el m\u00e1ximo soporte. Este conjunto no solo resalta tu figura, sino que tambi\u00e9n a\u00f1ade un toque de estilo y originalidad a tus d\u00edas de playa. Perfecto para quienes buscan combinar confort, elegancia y un dise\u00f1o [&hellip;]<\/p>\n","protected":false},"featured_media":22992,"comment_status":"open","ping_status":"closed","template":"","meta":[],"product_brand":[],"product_cat":[234,15,6434],"product_tag":[],"class_list":{"0":"post-22899","1":"product","2":"type-product","3":"status-publish","4":"has-post-thumbnail","6":"product_cat-bikinis","7":"product_cat-todos","8":"product_cat-trajes-de-bano","9":"pa_a4a8fbf9f14b58bf488819-mag18126y2","10":"pa_a4a8fbf9f14b58bf488819-mo19879b61","11":"pa_a4a8fbf9f14b58bf488819-mo19879ba1","12":"pa_a4a8fbf9f14b58bf488819-mo19879d11","13":"pa_a4a8fbf9f14b58bf488819-mo19879g41","14":"pa_a4a8fbf9f14b58bf488819-mo19879nz","15":"pa_a4a8fbf9f14b58bf488819-mo19879o11","16":"pa_a4a8fbf9f14b58bf488819-mo19879p11","17":"pa_a4a8fbf9f14b58bf488819-mo19879p41","18":"pa_a4a8fbf9f14b58bf488819-mo19879pb1","19":"pa_a4a8fbf9f14b58bf488819-mo19879pc1","20":"pa_a4a8fbf9f14b58bf488819-mo19879r11","21":"pa_a4a8fbf9f14b58bf488819-mo19879r21","22":"pa_a4a8fbf9f14b58bf488819-mo19879r81","23":"pa_a4a8fbf9f14b58bf488819-mo19879z71","24":"pa_a4a8fbf9f14b58bf488819-na19508b5","25":"pa_a4a8fbf9f14b58bf488819-na19508bc","26":"pa_a4a8fbf9f14b58bf488819-na19508bd","27":"pa_a4a8fbf9f14b58bf488819-na19508dt","28":"pa_a4a8fbf9f14b58bf488819-na19508g1","29":"pa_a4a8fbf9f14b58bf488819-na19508p4","30":"pa_a4a8fbf9f14b58bf488819-na19508w1","31":"pa_a4a8fbf9f14b58bf488819-na19508y3","32":"pa_f294abc323c8581b087d9a-l","33":"pa_f294abc323c8581b087d9a-m","34":"pa_f294abc323c8581b087d9a-s","35":"pa_f294abc323c8581b087d9a-xl","37":"first","38":"instock","39":"shipping-taxable","40":"purchasable","41":"product-type-variable"},"_links":{"self":[{"href":"https:\/\/hereastore.com\/pe\/wp-json\/wp\/v2\/product\/22899","targetHints":{"allow":["GET"]}}],"collection":[{"href":"https:\/\/hereastore.com\/pe\/wp-json\/wp\/v2\/product"}],"about":[{"href":"https:\/\/hereastore.com\/pe\/wp-json\/wp\/v2\/types\/product"}],"replies":[{"embeddable":true,"href":"https:\/\/hereastore.com\/pe\/wp-json\/wp\/v2\/comments?post=22899"}],"version-history":[{"count":0,"href":"https:\/\/hereastore.com\/pe\/wp-json\/wp\/v2\/product\/22899\/revisions"}],"wp:featuredmedia":[{"embeddable":true,"href":"https:\/\/hereastore.com\/pe\/wp-json\/wp\/v2\/media\/22992"}],"wp:attachment":[{"href":"https:\/\/hereastore.com\/pe\/wp-json\/wp\/v2\/media?parent=22899"}],"wp:term":[{"taxonomy":"product_brand","embeddable":true,"href":"https:\/\/hereastore.com\/pe\/wp-json\/wp\/v2\/product_brand?post=22899"},{"taxonomy":"product_cat","embeddable":true,"href":"https:\/\/hereastore.com\/pe\/wp-json\/wp\/v2\/product_cat?post=22899"},{"taxonomy":"product_tag","embeddable":true,"href":"https:\/\/hereastore.com\/pe\/wp-json\/wp\/v2\/product_tag?post=22899"}],"curies":[{"name":"wp","href":"https:\/\/api.w.org\/{rel}","templated":true}]}}