{"id":24516,"date":"2020-12-06T13:27:19","date_gmt":"2020-12-06T13:27:19","guid":{"rendered":"https:\/\/hereastore.com\/xs\/producto\/bikinis-brasilenos-sexys-para-mujer-traje-de-bano-acolchado-conjunto-de-bikini-con-cuello-halter-ropa-de-bano-de-realce-para-vestir-en-la-playa-maillot-de-natacion-2020\/"},"modified":"2026-04-04T04:40:52","modified_gmt":"2026-04-04T07:40:52","slug":"roques","status":"publish","type":"product","link":"https:\/\/hereastore.com\/pe\/producto\/roques\/","title":{"rendered":"Bikini Roques"},"content":{"rendered":"<p>&nbsp;<\/p>\n<p>Descubre el encanto del Bikini Roques, nuestro modelo de dos piezas m\u00e1s vendido. Con su dise\u00f1o elegante y materiales de alta calidad, este bikini combina comodidad y estilo, asegur\u00e1ndote una apariencia espectacular en la playa o la piscina. Su corte moderno y detalles \u00fanicos lo han convertido en la elecci\u00f3n favorita de nuestras clientas. \u00a1No te quedes sin el tuyo y deslumbra este verano!<\/p>\n<p>&nbsp;<\/p>\n<p>\u00bfPor qu\u00e9 te encantar\u00e1?<\/p>\n<p>-C\u00f3modos y funcionales: Dise\u00f1ados para proporcionar soporte y comodidad en todo momento, perfecto para disfdniar de la playa, la piscina o cualquier actividad acu\u00e1tica.<\/p>\n<p>-Dise\u00f1os vibrantes: Colores alegres que reflejan tu estilo \u00fanico y a\u00f1aden diversi\u00f3n a cada d\u00eda.<\/p>\n<p>\u00a1Compra con confianza!<\/p>\n<p>-Env\u00edo gratis a todo Per\u00fa: Est\u00e9s donde est\u00e9s, tu traje de ba\u00f1o llega directamente a tu puerta sin costo adicional.<\/p>\n<p>-Garant\u00eda de 30 d\u00edas: Si tu traje de ba\u00f1o sufre alg\u00fan desperfecto en la tela cuenta con una garant\u00eda con nosotros y obtienes tu devoluci\u00f3n.<\/p>\n<p>-Paga como prefieras: Aceptamos todos los m\u00e9todos de pago disponibles en Per\u00fa, con la opci\u00f3n de pagar en 3 a 6 cuotas sin inter\u00e9s.<\/p>\n<p>\u00a1No te pierdas esta oportunidad y lleva contigo estilo, comodidad y felicidad en tu look playero!<\/p>\n<p>&nbsp;<\/p>\n<p>&nbsp;<\/p>\n<p>&nbsp;<\/p>\n<p style=\"margin: 0px; padding: 0px; border: 0px; font-size: 13px; line-height: inherit; font-family: arial, helvetica, sans-serif; vertical-align: baseline; text-align: center;\"><img fetchpriority=\"high\" decoding=\"async\" class=\"size-full wp-image-44735 aligncenter\" title=\"Bikini Roques\" src=\"https:\/\/hereastore.com\/xs\/wp-content\/uploads\/sites\/16\/2020\/12\/04.jpg\" alt=\"Bikini Roques\" width=\"800\" height=\"404\" srcset=\"https:\/\/hereastore.com\/pe\/wp-content\/uploads\/sites\/16\/2020\/12\/04.jpg 800w, https:\/\/hereastore.com\/pe\/wp-content\/uploads\/sites\/16\/2020\/12\/04-150x76.jpg 150w, https:\/\/hereastore.com\/pe\/wp-content\/uploads\/sites\/16\/2020\/12\/04-300x152.jpg 300w, https:\/\/hereastore.com\/pe\/wp-content\/uploads\/sites\/16\/2020\/12\/04-768x388.jpg 768w\" sizes=\"(max-width: 800px) 100vw, 800px\" \/><\/p>\n<div style=\"text-align: center;\"><img decoding=\"async\" title=\"Bikini Roques\" src=\"https:\/\/hereastore.com\/pe\/wp-content\/uploads\/sites\/16\/2021\/12\/24516-srzxme.jpg\" alt=\"Bikini Roques\" \/><img decoding=\"async\" title=\"Bikini Roques\" src=\"https:\/\/hereastore.com\/pe\/wp-content\/uploads\/sites\/16\/2021\/12\/24516-mssxsg.jpg\" alt=\"Bikini Roques\" \/><img decoding=\"async\" title=\"Bikini Roques\" src=\"https:\/\/hereastore.com\/pe\/wp-content\/uploads\/sites\/16\/2021\/12\/24516-h9n0fh.jpg\" alt=\"Bikini Roques\" \/><img decoding=\"async\" title=\"Bikini Roques\" src=\"https:\/\/hereastore.com\/pe\/wp-content\/uploads\/sites\/16\/2021\/12\/24516-xj4tyy.jpg\" alt=\"Bikini Roques\" \/><img decoding=\"async\" title=\"Bikini Roques\" src=\"https:\/\/hereastore.com\/pe\/wp-content\/uploads\/sites\/16\/2021\/12\/24516-0yoswu.jpg\" alt=\"Bikini Roques\" \/><img decoding=\"async\" title=\"Bikini Roques\" src=\"https:\/\/hereastore.com\/pe\/wp-content\/uploads\/sites\/16\/2021\/12\/24516-1p9x5s.jpg\" alt=\"Bikini Roques\" \/><img decoding=\"async\" title=\"Bikini Roques\" src=\"https:\/\/hereastore.com\/pe\/wp-content\/uploads\/sites\/16\/2021\/12\/24516-kra5ed.jpg\" alt=\"Bikini Roques\" \/><img decoding=\"async\" title=\"Bikini Roques\" src=\"https:\/\/hereastore.com\/pe\/wp-content\/uploads\/sites\/16\/2021\/12\/24516-y1kete.jpg\" alt=\"Bikini Roques\" \/><img decoding=\"async\" title=\"Bikini Roques\" src=\"https:\/\/hereastore.com\/pe\/wp-content\/uploads\/sites\/16\/2021\/12\/24516-ufdelo.jpg\" alt=\"Bikini Roques\" \/><img decoding=\"async\" title=\"Bikini Roques\" src=\"https:\/\/hereastore.com\/pe\/wp-content\/uploads\/sites\/16\/2021\/12\/24516-eg0vuw.jpg\" alt=\"Bikini Roques\" \/><img decoding=\"async\" title=\"Bikini Roques\" src=\"https:\/\/hereastore.com\/pe\/wp-content\/uploads\/sites\/16\/2021\/12\/24516-qjbudz.jpg\" alt=\"Bikini Roques\" \/><img decoding=\"async\" title=\"Bikini Roques\" src=\"https:\/\/hereastore.com\/pe\/wp-content\/uploads\/sites\/16\/2021\/12\/24516-cwo3cx.jpg\" alt=\"Bikini Roques\" \/><img decoding=\"async\" title=\"Bikini Roques\" src=\"https:\/\/hereastore.com\/pe\/wp-content\/uploads\/sites\/16\/2021\/12\/24516-m5itlv.jpg\" alt=\"Bikini Roques\" \/><img decoding=\"async\" title=\"Bikini Roques\" src=\"https:\/\/hereastore.com\/pe\/wp-content\/uploads\/sites\/16\/2021\/12\/24516-zuyd0u.jpg\" alt=\"Bikini Roques\" \/><img decoding=\"async\" title=\"Bikini Roques\" src=\"https:\/\/hereastore.com\/pe\/wp-content\/uploads\/sites\/16\/2021\/12\/24516-76tbl8.jpg\" alt=\"Bikini Roques\" \/><img decoding=\"async\" title=\"Bikini Roques\" src=\"https:\/\/hereastore.com\/pe\/wp-content\/uploads\/sites\/16\/2021\/12\/24516-g2gtpa.jpg\" alt=\"Bikini Roques\" \/><img decoding=\"async\" title=\"Bikini Roques\" src=\"https:\/\/hereastore.com\/pe\/wp-content\/uploads\/sites\/16\/2021\/12\/24516-rqtqtn.jpg\" alt=\"Bikini Roques\" \/><img decoding=\"async\" title=\"Bikini Roques\" src=\"https:\/\/hereastore.com\/pe\/wp-content\/uploads\/sites\/16\/2021\/12\/24516-d8usm2.jpg\" alt=\"Bikini Roques\" \/><img decoding=\"async\" title=\"Bikini Roques\" src=\"https:\/\/hereastore.com\/pe\/wp-content\/uploads\/sites\/16\/2021\/12\/24516-uvvs2d.jpg\" alt=\"Bikini Roques\" \/><img decoding=\"async\" title=\"Bikini Roques\" src=\"https:\/\/hereastore.com\/pe\/wp-content\/uploads\/sites\/16\/2021\/12\/24516-wailjg.jpg\" alt=\"Bikini Roques\" \/><img decoding=\"async\" title=\"Bikini Roques\" src=\"https:\/\/hereastore.com\/pe\/wp-content\/uploads\/sites\/16\/2021\/12\/24516-rgs3jj.jpg\" alt=\"Bikini Roques\" \/><img decoding=\"async\" title=\"Bikini Roques\" src=\"https:\/\/hereastore.com\/pe\/wp-content\/uploads\/sites\/16\/2021\/12\/24516-bdcnca.jpg\" alt=\"Bikini Roques\" \/><img decoding=\"async\" title=\"Bikini Roques\" src=\"https:\/\/hereastore.com\/pe\/wp-content\/uploads\/sites\/16\/2021\/12\/24516-skgkdn.jpg\" alt=\"Bikini Roques\" \/><img decoding=\"async\" title=\"Bikini Roques\" src=\"https:\/\/hereastore.com\/pe\/wp-content\/uploads\/sites\/16\/2021\/12\/24516-sewrcc.jpg\" alt=\"Bikini Roques\" \/><img decoding=\"async\" title=\"Bikini Roques\" src=\"https:\/\/hereastore.com\/pe\/wp-content\/uploads\/sites\/16\/2021\/12\/24516-0nu4vc.jpg\" alt=\"Bikini Roques\" \/><img decoding=\"async\" title=\"Bikini Roques\" src=\"https:\/\/hereastore.com\/pe\/wp-content\/uploads\/sites\/16\/2021\/12\/24516-pjk8gu.jpg\" alt=\"Bikini Roques\" \/><img decoding=\"async\" title=\"Bikini Roques\" src=\"https:\/\/hereastore.com\/pe\/wp-content\/uploads\/sites\/16\/2021\/12\/24516-x8jczs.jpg\" alt=\"Bikini Roques\" \/><img decoding=\"async\" title=\"Bikini Roques\" src=\"https:\/\/hereastore.com\/pe\/wp-content\/uploads\/sites\/16\/2021\/12\/24516-3lnjps.jpg\" alt=\"Bikini Roques\" \/><img decoding=\"async\" title=\"Bikini Roques\" src=\"https:\/\/hereastore.com\/pe\/wp-content\/uploads\/sites\/16\/2021\/12\/24516-gnya4z.jpg\" alt=\"Bikini Roques\" \/><img decoding=\"async\" title=\"Bikini Roques\" src=\"https:\/\/hereastore.com\/pe\/wp-content\/uploads\/sites\/16\/2021\/12\/24516-af5pts.jpg\" alt=\"Bikini Roques\" \/><img decoding=\"async\" title=\"Bikini Roques\" src=\"https:\/\/hereastore.com\/pe\/wp-content\/uploads\/sites\/16\/2021\/12\/24516-jobhoh.jpg\" alt=\"Bikini Roques\" \/><img decoding=\"async\" title=\"Bikini Roques\" src=\"https:\/\/hereastore.com\/pe\/wp-content\/uploads\/sites\/16\/2021\/12\/24516-anny5e.jpg\" alt=\"Bikini Roques\" \/><img decoding=\"async\" title=\"Bikini Roques\" src=\"https:\/\/hereastore.com\/pe\/wp-content\/uploads\/sites\/16\/2021\/12\/24516-odoeu4.jpg\" alt=\"Bikini Roques\" \/><img decoding=\"async\" title=\"Bikini Roques\" src=\"https:\/\/hereastore.com\/pe\/wp-content\/uploads\/sites\/16\/2021\/12\/24516-tpgq9l.jpg\" alt=\"Bikini Roques\" \/><img decoding=\"async\" title=\"Bikini Roques\" src=\"https:\/\/hereastore.com\/pe\/wp-content\/uploads\/sites\/16\/2021\/12\/24516-s6xr27.jpg\" alt=\"Bikini Roques\" \/><img decoding=\"async\" title=\"Bikini Roques\" src=\"https:\/\/hereastore.com\/pe\/wp-content\/uploads\/sites\/16\/2021\/12\/24516-xulz4v.jpg\" alt=\"Bikini Roques\" \/><img decoding=\"async\" title=\"Bikini Roques\" src=\"https:\/\/hereastore.com\/pe\/wp-content\/uploads\/sites\/16\/2021\/12\/24516-jrsd83.jpg\" alt=\"Bikini Roques\" \/><img decoding=\"async\" title=\"Bikini Roques\" src=\"https:\/\/hereastore.com\/pe\/wp-content\/uploads\/sites\/16\/2021\/12\/24516-vt0mym.jpg\" alt=\"Bikini Roques\" \/><img decoding=\"async\" title=\"Bikini Roques\" src=\"https:\/\/hereastore.com\/pe\/wp-content\/uploads\/sites\/16\/2021\/12\/24516-nkndtx.jpg\" alt=\"Bikini Roques\" \/><img decoding=\"async\" title=\"Bikini Roques\" src=\"https:\/\/hereastore.com\/pe\/wp-content\/uploads\/sites\/16\/2021\/12\/24516-xnjsgy.jpg\" alt=\"Bikini Roques\" \/><img decoding=\"async\" title=\"Bikini Roques\" src=\"https:\/\/hereastore.com\/pe\/wp-content\/uploads\/sites\/16\/2021\/12\/24516-bdiuqo.jpg\" alt=\"Bikini Roques\" \/><img decoding=\"async\" title=\"Bikini Roques\" src=\"https:\/\/hereastore.com\/pe\/wp-content\/uploads\/sites\/16\/2021\/12\/24516-8qoqlp.jpg\" alt=\"Bikini Roques\" \/><img decoding=\"async\" title=\"Bikini Roques\" src=\"https:\/\/hereastore.com\/pe\/wp-content\/uploads\/sites\/16\/2021\/12\/24516-c8plgc.jpg\" alt=\"Bikini Roques\" \/><img decoding=\"async\" title=\"Bikini Roques\" src=\"https:\/\/hereastore.com\/pe\/wp-content\/uploads\/sites\/16\/2021\/12\/24516-n7lrhq.jpg\" alt=\"Bikini Roques\" \/><img decoding=\"async\" title=\"Bikini Roques\" src=\"https:\/\/hereastore.com\/pe\/wp-content\/uploads\/sites\/16\/2021\/12\/24516-fmmtfh.jpg\" alt=\"Bikini Roques\" \/><img decoding=\"async\" title=\"Bikini Roques\" src=\"https:\/\/hereastore.com\/pe\/wp-content\/uploads\/sites\/16\/2021\/12\/24516-tc9eau.jpg\" alt=\"Bikini Roques\" \/><img decoding=\"async\" title=\"Bikini Roques\" src=\"https:\/\/hereastore.com\/pe\/wp-content\/uploads\/sites\/16\/2021\/12\/24516-emny1u.jpg\" alt=\"Bikini Roques\" \/><img decoding=\"async\" title=\"Bikini Roques\" src=\"https:\/\/hereastore.com\/pe\/wp-content\/uploads\/sites\/16\/2021\/12\/24516-puskfc.jpg\" alt=\"Bikini Roques\" \/><img decoding=\"async\" title=\"Bikini Roques\" src=\"https:\/\/hereastore.com\/pe\/wp-content\/uploads\/sites\/16\/2021\/12\/24516-mvqyhx.jpg\" alt=\"Bikini Roques\" \/><img decoding=\"async\" title=\"Bikini Roques\" src=\"https:\/\/hereastore.com\/pe\/wp-content\/uploads\/sites\/16\/2021\/12\/24516-glfvwq.jpg\" alt=\"Bikini Roques\" \/><img decoding=\"async\" title=\"Bikini Roques\" src=\"https:\/\/hereastore.com\/pe\/wp-content\/uploads\/sites\/16\/2021\/12\/24516-vyz70b.jpg\" alt=\"Bikini Roques\" \/><img decoding=\"async\" title=\"Bikini Roques\" src=\"https:\/\/hereastore.com\/pe\/wp-content\/uploads\/sites\/16\/2021\/12\/24516-zq56c1.jpg\" alt=\"Bikini Roques\" \/><img decoding=\"async\" title=\"Bikini Roques\" src=\"https:\/\/hereastore.com\/pe\/wp-content\/uploads\/sites\/16\/2021\/12\/24516-arex96.jpg\" alt=\"Bikini Roques\" \/><img decoding=\"async\" title=\"Bikini Roques\" src=\"https:\/\/hereastore.com\/pe\/wp-content\/uploads\/sites\/16\/2021\/12\/24516-paqvh8.jpg\" alt=\"Bikini Roques\" \/><img decoding=\"async\" title=\"Bikini Roques\" src=\"https:\/\/hereastore.com\/pe\/wp-content\/uploads\/sites\/16\/2021\/12\/24516-wlloaa.jpg\" alt=\"Bikini Roques\" \/><img decoding=\"async\" title=\"Bikini Roques\" src=\"https:\/\/hereastore.com\/pe\/wp-content\/uploads\/sites\/16\/2021\/12\/24516-mimnzg.jpg\" alt=\"Bikini Roques\" \/><img decoding=\"async\" title=\"Bikini Roques\" src=\"https:\/\/hereastore.com\/pe\/wp-content\/uploads\/sites\/16\/2021\/12\/24516-a1cy94.jpg\" alt=\"Bikini Roques\" \/><img decoding=\"async\" title=\"Bikini Roques\" src=\"https:\/\/hereastore.com\/pe\/wp-content\/uploads\/sites\/16\/2021\/12\/24516-tsyweq.jpg\" alt=\"Bikini Roques\" \/><img decoding=\"async\" title=\"Bikini Roques\" src=\"https:\/\/hereastore.com\/pe\/wp-content\/uploads\/sites\/16\/2021\/12\/24516-yk0qox.jpg\" alt=\"Bikini Roques\" \/><img decoding=\"async\" title=\"Bikini Roques\" src=\"https:\/\/hereastore.com\/pe\/wp-content\/uploads\/sites\/16\/2021\/12\/24516-a3x2so.jpg\" alt=\"Bikini Roques\" \/><img decoding=\"async\" title=\"Bikini Roques\" src=\"https:\/\/hereastore.com\/pe\/wp-content\/uploads\/sites\/16\/2021\/12\/24516-sxoeh6.jpg\" alt=\"Bikini Roques\" \/><img decoding=\"async\" title=\"Bikini Roques\" src=\"https:\/\/hereastore.com\/pe\/wp-content\/uploads\/sites\/16\/2021\/12\/24516-nh1o5a.jpg\" alt=\"Bikini Roques\" \/><img decoding=\"async\" title=\"Bikini Roques\" src=\"https:\/\/hereastore.com\/pe\/wp-content\/uploads\/sites\/16\/2021\/12\/24516-qwvxcc.jpg\" alt=\"Bikini Roques\" \/><img decoding=\"async\" title=\"Bikini Roques\" src=\"https:\/\/hereastore.com\/pe\/wp-content\/uploads\/sites\/16\/2021\/12\/24516-8qwqu2.jpg\" alt=\"Bikini Roques\" \/><img decoding=\"async\" title=\"Bikini Roques\" src=\"https:\/\/hereastore.com\/pe\/wp-content\/uploads\/sites\/16\/2021\/12\/24516-ulfywl.jpg\" alt=\"Bikini Roques\" \/><img decoding=\"async\" title=\"Bikini Roques\" src=\"https:\/\/hereastore.com\/pe\/wp-content\/uploads\/sites\/16\/2021\/12\/24516-xkwijc.jpg\" alt=\"Bikini Roques\" \/><img decoding=\"async\" title=\"Bikini Roques\" src=\"https:\/\/hereastore.com\/pe\/wp-content\/uploads\/sites\/16\/2021\/12\/24516-brezql.jpg\" alt=\"Bikini Roques\" \/><img decoding=\"async\" title=\"Bikini Roques\" src=\"https:\/\/hereastore.com\/pe\/wp-content\/uploads\/sites\/16\/2021\/12\/24516-xwjdff.jpg\" alt=\"Bikini Roques\" \/><img decoding=\"async\" title=\"Bikini Roques\" src=\"https:\/\/hereastore.com\/pe\/wp-content\/uploads\/sites\/16\/2021\/12\/24516-4lkhyo.jpg\" alt=\"Bikini Roques\" \/><img decoding=\"async\" title=\"Bikini Roques\" src=\"https:\/\/hereastore.com\/pe\/wp-content\/uploads\/sites\/16\/2021\/12\/24516-iyfxzy.jpg\" alt=\"Bikini Roques\" \/><img decoding=\"async\" title=\"Bikini Roques\" src=\"https:\/\/hereastore.com\/pe\/wp-content\/uploads\/sites\/16\/2021\/12\/24516-epkftb.jpg\" alt=\"Bikini Roques\" \/><img decoding=\"async\" title=\"Bikini Roques\" src=\"https:\/\/hereastore.com\/pe\/wp-content\/uploads\/sites\/16\/2021\/12\/24516-amcpsn.jpg\" alt=\"Bikini Roques\" \/><img decoding=\"async\" title=\"Bikini Roques\" src=\"https:\/\/hereastore.com\/pe\/wp-content\/uploads\/sites\/16\/2021\/12\/24516-fwg8w3.jpg\" alt=\"Bikini Roques\" \/><img decoding=\"async\" title=\"Bikini Roques\" src=\"https:\/\/hereastore.com\/pe\/wp-content\/uploads\/sites\/16\/2021\/12\/24516-28ztfz.jpg\" alt=\"Bikini Roques\" \/><img decoding=\"async\" title=\"Bikini Roques\" src=\"\/\/ae01.alicdn.com\/kf\/H51b5849526cc4bcb9fc1e46f57f4cf45h.jpg\" alt=\"Bikini Roques\" \/><img decoding=\"async\" title=\"Bikini Roques\" src=\"\/\/ae01.alicdn.com\/kf\/Hebebf20349784748ae2b3ff1804a9185m.jpg\" alt=\"Bikini Roques\" \/><img decoding=\"async\" title=\"Bikini Roques\" src=\"\/\/ae01.alicdn.com\/kf\/H6155e00b66a24f5c9341e68b140e44e97.jpg\" alt=\"Bikini Roques\" \/><img decoding=\"async\" title=\"Bikini Roques\" src=\"\/\/ae01.alicdn.com\/kf\/Haac275c1805e4f7aa14dc3196d669794A.jpg\" alt=\"Bikini Roques\" \/><img decoding=\"async\" title=\"Bikini Roques\" src=\"\/\/ae01.alicdn.com\/kf\/Hb627f0ce56fb4c879372172978d6d5d3U.jpg\" alt=\"Bikini Roques\" \/><img decoding=\"async\" title=\"Bikini Roques\" src=\"\/\/ae01.alicdn.com\/kf\/Hf93c863b365f43b1808c25e1c10898e2T.jpg\" alt=\"Bikini Roques\" \/><img decoding=\"async\" title=\"Bikini Roques\" src=\"\/\/ae01.alicdn.com\/kf\/H6f68e5135e6a411eb0d56f99213e9ef5B.jpg\" alt=\"Bikini Roques\" \/><img decoding=\"async\" title=\"Bikini Roques\" src=\"\/\/ae01.alicdn.com\/kf\/He874ecc33f8e4b0b8ab41d359e3db3dcI.jpg\" alt=\"Bikini Roques\" \/><img decoding=\"async\" title=\"Bikini Roques\" src=\"\/\/ae01.alicdn.com\/kf\/Hb5ef759231664442ae2d46403703fdc92.jpg\" alt=\"Bikini Roques\" \/><img decoding=\"async\" title=\"Bikini Roques\" src=\"\/\/ae01.alicdn.com\/kf\/H80e5fa84b38047d7885b4dbf764584bbt.jpg\" alt=\"Bikini Roques\" \/><img decoding=\"async\" title=\"Bikini Roques\" src=\"\/\/ae01.alicdn.com\/kf\/Hf5f9424de61d47deaa95cbe9a13830fcq.jpg\" alt=\"Bikini Roques\" \/><img decoding=\"async\" title=\"Bikini Roques\" src=\"\/\/ae01.alicdn.com\/kf\/Hdcf29cae92d84fd3b1f85190ed374f0bq.jpg\" alt=\"Bikini Roques\" \/><img decoding=\"async\" title=\"Bikini Roques\" src=\"\/\/ae01.alicdn.com\/kf\/H2cf5da787dc44675b223d20ef914a48bi.jpg\" alt=\"Bikini Roques\" \/><img decoding=\"async\" title=\"Bikini Roques\" src=\"\/\/ae01.alicdn.com\/kf\/Had47aad0a5c44382a411bc7cd4f3aa99i.jpg\" alt=\"Bikini Roques\" \/><img decoding=\"async\" title=\"Bikini Roques\" src=\"\/\/ae01.alicdn.com\/kf\/H0934e779aca248fca88e471c69ffb608m.jpg\" alt=\"Bikini Roques\" \/><img decoding=\"async\" title=\"Bikini Roques\" src=\"\/\/ae01.alicdn.com\/kf\/H51ffe657b4904b73acfca30b0f43ca6bJ.jpg\" alt=\"Bikini Roques\" \/><img decoding=\"async\" title=\"Bikini Roques\" src=\"\/\/ae01.alicdn.com\/kf\/H6af4b2b10a0d489299a46f59e1532f91V.jpg\" alt=\"Bikini Roques\" \/><img decoding=\"async\" title=\"Bikini Roques\" src=\"\/\/ae01.alicdn.com\/kf\/H77beffb63335461fb219e8b411ef6b11f.jpg\" alt=\"Bikini Roques\" \/><img decoding=\"async\" title=\"Bikini Roques\" src=\"\/\/ae01.alicdn.com\/kf\/Hbaa101a783404eae890461c3b6f2781bG.jpg\" alt=\"Bikini Roques\" \/><img decoding=\"async\" title=\"Bikini Roques\" src=\"\/\/ae01.alicdn.com\/kf\/Hcf0a6b076b85434a90c0327e14937949e.jpg\" alt=\"Bikini Roques\" \/><img decoding=\"async\" title=\"Bikini Roques\" src=\"\/\/ae01.alicdn.com\/kf\/Hfb0ef5e2ee234e9a9b984aac056f936as.jpg\" alt=\"Bikini Roques\" \/><img decoding=\"async\" title=\"Bikini Roques\" src=\"\/\/ae01.alicdn.com\/kf\/Hf54b60fa38d34c91b48b9c418fe1d8e7f.jpg\" alt=\"Bikini Roques\" \/><img decoding=\"async\" title=\"Bikini Roques\" src=\"\/\/ae01.alicdn.com\/kf\/H9f87832f762144a1a8ae9469d37b3750a.jpg\" alt=\"Bikini Roques\" \/><img decoding=\"async\" title=\"Bikini Roques\" src=\"\/\/ae01.alicdn.com\/kf\/Hb916ac4032c940ddafbd9b378021552bP.jpg\" alt=\"Bikini Roques\" \/><img decoding=\"async\" title=\"Bikini Roques\" src=\"\/\/ae01.alicdn.com\/kf\/H9a37a5d9a1c049ac99481f97aabc5953a.jpg\" alt=\"Bikini Roques\" \/><img decoding=\"async\" title=\"Bikini Roques\" src=\"\/\/ae01.alicdn.com\/kf\/He0a2e698774c4b2f81c3249b77b896c8U.jpg\" alt=\"Bikini Roques\" \/><img decoding=\"async\" title=\"Bikini Roques\" src=\"\/\/ae01.alicdn.com\/kf\/H3ef7ab187f334476b046ccba221f98d4h.jpg\" alt=\"Bikini Roques\" \/>\u3001<img decoding=\"async\" title=\"Bikini Roques\" src=\"\/\/ae01.alicdn.com\/kf\/Hc22c4628ee35411e98a5553eb7e2ff3dI.jpg\" alt=\"Bikini Roques\" \/><img decoding=\"async\" title=\"Bikini Roques\" src=\"\/\/ae01.alicdn.com\/kf\/H4991f4edace349d5aab96ca0867b7b15Z.jpg\" alt=\"Bikini Roques\" \/><img decoding=\"async\" title=\"Bikini Roques\" src=\"\/\/ae01.alicdn.com\/kf\/Hdc23f85b20644aa3914a37299eff4c18w.jpg\" alt=\"Bikini Roques\" \/><img decoding=\"async\" title=\"Bikini Roques\" src=\"\/\/ae01.alicdn.com\/kf\/H858c8a0638d0477e9235cbc8954e7ddfY.jpg\" alt=\"Bikini Roques\" \/><img decoding=\"async\" title=\"Bikini Roques\" src=\"\/\/ae01.alicdn.com\/kf\/H78cf349496044cd6ab232f0c4fe1d15cf.jpg\" alt=\"Bikini Roques\" \/><img decoding=\"async\" title=\"Bikini Roques\" src=\"\/\/ae01.alicdn.com\/kf\/H3ca821f0b5d845f69e29566ee4d2f764t.jpg\" alt=\"Bikini Roques\" \/><img decoding=\"async\" title=\"Bikini Roques\" src=\"\/\/ae01.alicdn.com\/kf\/H96c5f2fa4d534cb9b2c8e7b6f09dd0faa.jpg\" alt=\"Bikini Roques\" \/><img decoding=\"async\" title=\"Bikini Roques\" src=\"\/\/ae01.alicdn.com\/kf\/H89bad75dfedb47dfb7100b749f491297H.jpg\" alt=\"Bikini Roques\" \/><img decoding=\"async\" title=\"Bikini Roques\" src=\"\/\/ae01.alicdn.com\/kf\/H219a176c9fac427ea4b0438f96f124c0l.jpg\" alt=\"Bikini Roques\" \/><img decoding=\"async\" title=\"Bikini Roques\" src=\"\/\/ae01.alicdn.com\/kf\/H9cf9cc0f90d748b78c03e80db7a0e3a0K.jpg\" alt=\"Bikini Roques\" \/><img decoding=\"async\" title=\"Bikini Roques\" src=\"\/\/ae01.alicdn.com\/kf\/H4dc1c3bcb68944a387567a96addeca91Z.jpg\" alt=\"Bikini Roques\" \/><img decoding=\"async\" title=\"Bikini Roques\" src=\"\/\/ae01.alicdn.com\/kf\/Hf7e9841220324b97b33b2c21501869bcS.jpg\" alt=\"Bikini Roques\" \/><img decoding=\"async\" title=\"Bikini Roques\" src=\"\/\/ae01.alicdn.com\/kf\/H4130b31aeaaa474580b9a78afb382e432.jpg\" alt=\"Bikini Roques\" \/><img decoding=\"async\" title=\"Bikini Roques\" src=\"\/\/ae01.alicdn.com\/kf\/H440784435ac44fb1952dc10aa60f978fq.jpg\" alt=\"Bikini Roques\" \/><img decoding=\"async\" title=\"Bikini Roques\" src=\"\/\/ae01.alicdn.com\/kf\/Ha72443fb51c1479fb368b068b670e8d5L.jpg\" alt=\"Bikini Roques\" \/><img decoding=\"async\" title=\"Bikini Roques\" src=\"\/\/ae01.alicdn.com\/kf\/H4373b936910b4f80bf84219f726876c9V.jpg\" alt=\"Bikini Roques\" \/><img decoding=\"async\" title=\"Bikini Roques\" src=\"\/\/ae01.alicdn.com\/kf\/H5eae752144684c128a33a5eb5eb1c39dD.jpg\" alt=\"Bikini Roques\" \/><img decoding=\"async\" title=\"Bikini Roques\" src=\"\/\/ae01.alicdn.com\/kf\/Hd163079f4df44c5ba050bd5ea4570d9a7.jpg\" alt=\"Bikini Roques\" \/><img decoding=\"async\" title=\"Bikini Roques\" src=\"\/\/ae01.alicdn.com\/kf\/He76cdb497f6144dfb2f8edf756c2df993.jpg\" alt=\"Bikini Roques\" \/><img decoding=\"async\" title=\"Bikini Roques\" src=\"\/\/ae01.alicdn.com\/kf\/H92552dda6e6243d6bbb001acb532eb6ad.jpg\" alt=\"Bikini Roques\" \/><img decoding=\"async\" title=\"Bikini Roques\" src=\"\/\/ae01.alicdn.com\/kf\/H58fe87c03d2d4328a04bbf23d012242a5.jpg\" alt=\"Bikini Roques\" \/><img decoding=\"async\" title=\"Bikini Roques\" src=\"\/\/ae01.alicdn.com\/kf\/H746fbe748d194325ae390b4a7f89cee2x.jpg\" alt=\"Bikini Roques\" \/><\/div>\n<div><\/div>\n","protected":false},"excerpt":{"rendered":"<p>&nbsp; Descubre el encanto del Bikini Roques, nuestro modelo de dos piezas m\u00e1s vendido. Con su dise\u00f1o elegante y materiales de alta calidad, este bikini combina comodidad y estilo, asegur\u00e1ndote una apariencia espectacular en la playa o la piscina. Su corte moderno y detalles \u00fanicos lo han convertido en la elecci\u00f3n favorita de nuestras clientas. [&hellip;]<\/p>\n","protected":false},"featured_media":24609,"comment_status":"open","ping_status":"closed","template":"","meta":[],"product_brand":[],"product_cat":[234,15,6434],"product_tag":[],"class_list":{"0":"post-24516","1":"product","2":"type-product","3":"status-publish","4":"has-post-thumbnail","6":"product_cat-bikinis","7":"product_cat-todos","8":"product_cat-trajes-de-bano","9":"pa_a4a8fbf9f14b58bf488819-lx19329ba","10":"pa_a4a8fbf9f14b58bf488819-lx19329dp","11":"pa_a4a8fbf9f14b58bf488819-sa23426b11","12":"pa_a4a8fbf9f14b58bf488819-sa23426d11","13":"pa_a4a8fbf9f14b58bf488819-sa23426g1","14":"pa_a4a8fbf9f14b58bf488819-sa23426o11","15":"pa_a4a8fbf9f14b58bf488819-sa23426p11","16":"pa_a4a8fbf9f14b58bf488819-sa23549b11","17":"pa_a4a8fbf9f14b58bf488819-sa23549b21","18":"pa_a4a8fbf9f14b58bf488819-sa23549b31","19":"pa_a4a8fbf9f14b58bf488819-sa23549d11","20":"pa_a4a8fbf9f14b58bf488819-sa23549p11","21":"pa_a4a8fbf9f14b58bf488819-sa23550b41","22":"pa_a4a8fbf9f14b58bf488819-sa23572o11","23":"pa_a4a8fbf9f14b58bf488819-sa23594p11","24":"pa_a4a8fbf9f14b58bf488819-sa23595g12","25":"pa_a4a8fbf9f14b58bf488819-sa23595p11","26":"pa_a4a8fbf9f14b58bf488819-sa23603y11","27":"pa_a4a8fbf9f14b58bf488819-sa23617g11","28":"pa_a4a8fbf9f14b58bf488819-sa24023b11","29":"pa_a4a8fbf9f14b58bf488819-sa24368d11","30":"pa_a4a8fbf9f14b58bf488819-sa24898b13","31":"pa_a4a8fbf9f14b58bf488819-sa24898o11","32":"pa_f294abc323c8581b087d9a-l","33":"pa_f294abc323c8581b087d9a-m","34":"pa_f294abc323c8581b087d9a-s","36":"first","37":"instock","38":"shipping-taxable","39":"purchasable","40":"product-type-variable"},"_links":{"self":[{"href":"https:\/\/hereastore.com\/pe\/wp-json\/wp\/v2\/product\/24516","targetHints":{"allow":["GET"]}}],"collection":[{"href":"https:\/\/hereastore.com\/pe\/wp-json\/wp\/v2\/product"}],"about":[{"href":"https:\/\/hereastore.com\/pe\/wp-json\/wp\/v2\/types\/product"}],"replies":[{"embeddable":true,"href":"https:\/\/hereastore.com\/pe\/wp-json\/wp\/v2\/comments?post=24516"}],"version-history":[{"count":0,"href":"https:\/\/hereastore.com\/pe\/wp-json\/wp\/v2\/product\/24516\/revisions"}],"wp:featuredmedia":[{"embeddable":true,"href":"https:\/\/hereastore.com\/pe\/wp-json\/wp\/v2\/media\/24609"}],"wp:attachment":[{"href":"https:\/\/hereastore.com\/pe\/wp-json\/wp\/v2\/media?parent=24516"}],"wp:term":[{"taxonomy":"product_brand","embeddable":true,"href":"https:\/\/hereastore.com\/pe\/wp-json\/wp\/v2\/product_brand?post=24516"},{"taxonomy":"product_cat","embeddable":true,"href":"https:\/\/hereastore.com\/pe\/wp-json\/wp\/v2\/product_cat?post=24516"},{"taxonomy":"product_tag","embeddable":true,"href":"https:\/\/hereastore.com\/pe\/wp-json\/wp\/v2\/product_tag?post=24516"}],"curies":[{"name":"wp","href":"https:\/\/api.w.org\/{rel}","templated":true}]}}