{"id":48988,"date":"2021-03-24T06:00:06","date_gmt":"2021-03-24T09:00:06","guid":{"rendered":"https:\/\/hereastore.com\/xs\/producto\/huitan-anillo-cruzado-en-forma-de-x-de-dos-tonos-para-mujer-joyeria-de-moda-de-boda-sortijas-grandes-y-modernas-de-piedra-cz-deslumbrantes\/"},"modified":"2026-04-04T04:53:52","modified_gmt":"2026-04-04T07:53:52","slug":"anillocruzado","status":"publish","type":"product","link":"https:\/\/hereastore.com\/pe\/producto\/anillocruzado\/","title":{"rendered":"Anillo Cruzado"},"content":{"rendered":"<div><\/div>\n<div>\n<div>\n<p style=\"font-family: 'OpenSans'; color: #000; font-weight: 900; font-size: 20px; line-height: 28px; margin-bottom: 12px;\">Informaci\u00f3n del producto<\/p>\n<p style=\"font-family: 'OpenSans'; color: #000; font-weight: 900; font-size: 20px; line-height: 28px; margin-bottom: 12px;\">Tama\u00f1o: #6 7 8 9 10;<br \/>\nPeso: aproximadamente 3,9g<br \/>\nContenido del paquete: 1 anillo, bolsa opp<\/p>\n<\/div>\n<div><img decoding=\"async\" style=\"margin-bottom: 10px;\" title=\"Anillo Cruzado de Lujo\" src=\"\/\/ae01.alicdn.com\/kf\/H20df2a1da47b4712bed424f0ff738306P.jpg\" alt=\"Anillo Cruzado de Lujo\" \/><br \/>\n<img decoding=\"async\" style=\"margin-bottom: 10px;\" title=\"Anillo Cruzado de Lujo\" src=\"\/\/ae01.alicdn.com\/kf\/H7bcb95275b834fb0882aa5cd632225e9x.jpg\" alt=\"Anillo Cruzado de Lujo\" \/><\/div>\n<div><img decoding=\"async\" style=\"margin-bottom: 10px;\" title=\"Anillo Cruzado de Lujo\" src=\"\/\/ae01.alicdn.com\/kf\/HTB189xRn9tYBeNjSspkq6zU8VXaU.jpg\" alt=\"Anillo Cruzado de Lujo\" \/><br \/>\n<img decoding=\"async\" style=\"margin-bottom: 10px;\" title=\"Anillo Cruzado de Lujo\" src=\"\/\/ae01.alicdn.com\/kf\/HTB1JQk_d_qWBKNjSZFxq6ApLpXa3.jpg\" alt=\"Anillo Cruzado de Lujo\" \/><\/div>\n<\/div>\n<div>\n<p style=\"font-family: 'OpenSans'; color: #000; font-weight: 900; font-size: 20px; line-height: 28px; margin-bottom: 12px;\">Si tiene alguna pregunta, no dude en contactarnos. Responderemos en un plazo de 24 horas.<\/p>\n<p style=\"font-family: 'OpenSans'; color: #000; font-weight: 300; font-size: 14px; line-height: 20px; margin-bottom: 12px;\">De mantenimiento:<br \/>\n* Si produce alergia, deje de llevarla. Es una joya de moda, no es plata\/oro puro real.<br \/>\n* Mantenga este producto fuera del alcance de los ni\u00f1os peque\u00f1os.<br \/>\n* Reduce al tacto el sudor.<br \/>\n* Qu\u00edtese las joyas mientras se ba\u00f1a, se lava.<br \/>\n* Evita mezclar con otras joyas o cosas duras.<br \/>\n* A menudo lo limpia.<br \/>\n* Por ejemplo, m\u00e1s sudor o ba\u00f1o. &#8230; Etc., afectar\u00e1 el cambio de color.<\/p>\n<p>&nbsp;<\/p>\n<\/div>\n","protected":false},"excerpt":{"rendered":"<p>Informaci\u00f3n del producto Tama\u00f1o: #6 7 8 9 10; Peso: aproximadamente 3,9g Contenido del paquete: 1 anillo, bolsa opp Si tiene alguna pregunta, no dude en contactarnos. Responderemos en un plazo de 24 horas. De mantenimiento: * Si produce alergia, deje de llevarla. Es una joya de moda, no es plata\/oro puro real. * Mantenga [&hellip;]<\/p>\n","protected":false},"featured_media":49010,"comment_status":"open","ping_status":"closed","template":"","meta":[],"product_brand":[],"product_cat":[245,15],"product_tag":[2165],"class_list":{"0":"post-48988","1":"product","2":"type-product","3":"status-publish","4":"has-post-thumbnail","6":"product_cat-accesorios","7":"product_cat-todos","8":"product_tag-accesorios","9":"pa_3b5dc62a7c5086417cf18d-f263","10":"pa_3b5dc62a7c5086417cf18d-f535","11":"pa_3b5dc62a7c5086417cf18d-rose-gold-color","12":"pa_6bcea75192f98cbedfb10e-two-tone","13":"pa_6c1a6d6cbc8115b3910071-1891","14":"pa_6c1a6d6cbc8115b3910071-1936","15":"pa_6c1a6d6cbc8115b3910071-1886","16":"pa_6c1a6d6cbc8115b3910071-1887","17":"pa_6c1a6d6cbc8115b3910071-1888","18":"pa_6c1a6d6cbc8115b3910071-1889","19":"pa_6c1a6d6cbc8115b3910071-1890","21":"first","22":"instock","23":"shipping-taxable","24":"purchasable","25":"product-type-variable"},"_links":{"self":[{"href":"https:\/\/hereastore.com\/pe\/wp-json\/wp\/v2\/product\/48988","targetHints":{"allow":["GET"]}}],"collection":[{"href":"https:\/\/hereastore.com\/pe\/wp-json\/wp\/v2\/product"}],"about":[{"href":"https:\/\/hereastore.com\/pe\/wp-json\/wp\/v2\/types\/product"}],"replies":[{"embeddable":true,"href":"https:\/\/hereastore.com\/pe\/wp-json\/wp\/v2\/comments?post=48988"}],"version-history":[{"count":0,"href":"https:\/\/hereastore.com\/pe\/wp-json\/wp\/v2\/product\/48988\/revisions"}],"wp:featuredmedia":[{"embeddable":true,"href":"https:\/\/hereastore.com\/pe\/wp-json\/wp\/v2\/media\/49010"}],"wp:attachment":[{"href":"https:\/\/hereastore.com\/pe\/wp-json\/wp\/v2\/media?parent=48988"}],"wp:term":[{"taxonomy":"product_brand","embeddable":true,"href":"https:\/\/hereastore.com\/pe\/wp-json\/wp\/v2\/product_brand?post=48988"},{"taxonomy":"product_cat","embeddable":true,"href":"https:\/\/hereastore.com\/pe\/wp-json\/wp\/v2\/product_cat?post=48988"},{"taxonomy":"product_tag","embeddable":true,"href":"https:\/\/hereastore.com\/pe\/wp-json\/wp\/v2\/product_tag?post=48988"}],"curies":[{"name":"wp","href":"https:\/\/api.w.org\/{rel}","templated":true}]}}