{"id":82064,"date":"2021-07-19T16:22:12","date_gmt":"2021-07-19T19:22:12","guid":{"rendered":"https:\/\/hereastore.com\/xs\/producto\/conjunto-de-bikini-floral-de-dos-piezas-para-mujer-banador-con-sujetador-acolchado-con-volantes-traje-de-bano-ropa-de-playa-2021\/"},"modified":"2026-04-04T04:59:49","modified_gmt":"2026-04-04T07:59:49","slug":"bikinicalena","status":"publish","type":"product","link":"https:\/\/hereastore.com\/pe\/producto\/bikinicalena\/","title":{"rendered":"Bikini Calena"},"content":{"rendered":"<div style=\"text-align: center;\" align=\"center\"><\/div>\n<div align=\"center\"><\/div>\n<div style=\"text-align: left;\" align=\"center\">Descubre nuestra exclusiva colecci\u00f3n de trajes de ba\u00f1o de dos piezas, dise\u00f1ados con colores vibrantes y estampados \u00fanicos. Cada modelo chic ha sido creado para resaltar tu estilo y personalidad, asegurando que luzcas fabulosa en cada ocasi\u00f3n. Dale un giro sofisticado a tus d\u00edas de sol con nuestros trajes de ba\u00f1o \u00fanicos y a la moda.<\/div>\n<div align=\"center\"><\/div>\n<div style=\"text-align: left;\" align=\"center\">\n<p>\u00bfPor qu\u00e9 te encantar\u00e1?<\/p>\n<p>-C\u00f3modos y funcionales: Dise\u00f1ados para proporcionar soporte y comodidad en todo momento, perfecto para disfdniar de la playa, la piscina o cualquier actividad acu\u00e1tica.<\/p>\n<p>-Dise\u00f1os vibrantes: Colores alegres que reflejan tu estilo \u00fanico y a\u00f1aden diversi\u00f3n a cada d\u00eda.<\/p>\n<p>\u00a1Compra con confianza!<\/p>\n<p>-Env\u00edo gratis a todo Per\u00fa: Est\u00e9s donde est\u00e9s, tu traje de ba\u00f1o llega directamente a tu puerta sin costo adicional.<\/p>\n<p>-Garant\u00eda de 30 d\u00edas: Si tu traje de ba\u00f1o sufre alg\u00fan desperfecto en la tela cuenta con una garant\u00eda con nosotros y obtienes tu devoluci\u00f3n.<\/p>\n<p>-Paga como prefieras: Aceptamos todos los m\u00e9todos de pago disponibles en Per\u00fa, con la opci\u00f3n de pagar en 3 a 6 cuotas sin inter\u00e9s.<\/p>\n<p>\u00a1No te pierdas esta oportunidad y lleva contigo estilo, comodidad y felicidad en tu look playero!<\/p>\n<\/div>\n<div align=\"center\"><\/div>\n<div align=\"center\"><\/div>\n<div align=\"center\"><\/div>\n<div>\n<div>\n<div>\n<div><img decoding=\"async\" title=\"Bikini Calena\" src=\"https:\/\/hereastore.com\/xs\/wp-content\/uploads\/sites\/16\/2021\/07\/82064-t0xznx.jpg\" alt=\"Bikini Calena\" \/><img decoding=\"async\" title=\"Bikini Calena\" src=\"https:\/\/hereastore.com\/xs\/wp-content\/uploads\/sites\/16\/2021\/07\/82064-ebyo3l.jpg\" alt=\"Bikini Calena\" \/><img decoding=\"async\" title=\"Bikini Calena\" src=\"https:\/\/hereastore.com\/xs\/wp-content\/uploads\/sites\/16\/2021\/07\/82064-iktzki.jpg\" alt=\"Bikini Calena\" \/><img decoding=\"async\" title=\"Bikini Calena\" src=\"https:\/\/hereastore.com\/xs\/wp-content\/uploads\/sites\/16\/2021\/07\/82064-kzqils.jpg\" alt=\"Bikini Calena\" \/><img decoding=\"async\" title=\"Bikini Calena\" src=\"https:\/\/hereastore.com\/xs\/wp-content\/uploads\/sites\/16\/2021\/07\/82064-bcehq5.jpg\" alt=\"Bikini Calena\" \/><img decoding=\"async\" title=\"Bikini Calena\" src=\"https:\/\/hereastore.com\/xs\/wp-content\/uploads\/sites\/16\/2021\/07\/82064-kfoxc8.jpg\" alt=\"Bikini Calena\" \/><img decoding=\"async\" title=\"Bikini Calena\" src=\"https:\/\/hereastore.com\/xs\/wp-content\/uploads\/sites\/16\/2021\/07\/82064-po1pw1.jpg\" alt=\"Bikini Calena\" \/><img decoding=\"async\" title=\"Bikini Calena\" src=\"https:\/\/hereastore.com\/xs\/wp-content\/uploads\/sites\/16\/2021\/07\/82064-ups7ek.jpg\" alt=\"Bikini Calena\" \/><img decoding=\"async\" title=\"Bikini Calena\" src=\"https:\/\/hereastore.com\/xs\/wp-content\/uploads\/sites\/16\/2021\/07\/82064-zyoqzh.jpg\" alt=\"Bikini Calena\" \/><img decoding=\"async\" title=\"Bikini Calena\" src=\"https:\/\/hereastore.com\/xs\/wp-content\/uploads\/sites\/16\/2021\/07\/82064-plr4tm.jpg\" alt=\"Bikini Calena\" \/><img decoding=\"async\" title=\"Bikini Calena\" src=\"https:\/\/hereastore.com\/xs\/wp-content\/uploads\/sites\/16\/2021\/07\/82064-op6v2u.jpg\" alt=\"Bikini Calena\" \/><img decoding=\"async\" title=\"Bikini Calena\" src=\"https:\/\/hereastore.com\/xs\/wp-content\/uploads\/sites\/16\/2021\/07\/82064-e6f2h2.jpg\" alt=\"Bikini Calena\" \/><img decoding=\"async\" title=\"Bikini Calena\" src=\"https:\/\/hereastore.com\/xs\/wp-content\/uploads\/sites\/16\/2021\/07\/82064-wlrhxt.jpg\" alt=\"Bikini Calena\" \/><img decoding=\"async\" title=\"Bikini Calena\" src=\"https:\/\/hereastore.com\/xs\/wp-content\/uploads\/sites\/16\/2021\/07\/82064-zrvinf.jpg\" alt=\"Bikini Calena\" \/><img decoding=\"async\" title=\"Bikini Calena\" src=\"https:\/\/hereastore.com\/xs\/wp-content\/uploads\/sites\/16\/2021\/07\/82064-kybvw2.jpg\" alt=\"Bikini Calena\" \/><img decoding=\"async\" title=\"Bikini Calena\" src=\"https:\/\/hereastore.com\/xs\/wp-content\/uploads\/sites\/16\/2021\/07\/82064-sjxgdh.jpg\" alt=\"Bikini Calena\" \/><img decoding=\"async\" title=\"Bikini Calena\" src=\"https:\/\/hereastore.com\/xs\/wp-content\/uploads\/sites\/16\/2021\/07\/82064-vnfm7w.jpg\" alt=\"Bikini Calena\" \/><img decoding=\"async\" title=\"Bikini Calena\" src=\"https:\/\/hereastore.com\/xs\/wp-content\/uploads\/sites\/16\/2021\/07\/82064-ufvhcb.jpg\" alt=\"Bikini Calena\" \/><img decoding=\"async\" title=\"Bikini Calena\" src=\"https:\/\/hereastore.com\/xs\/wp-content\/uploads\/sites\/16\/2021\/07\/82064-udmkt5.jpg\" alt=\"Bikini Calena\" \/><img decoding=\"async\" title=\"Bikini Calena\" src=\"https:\/\/hereastore.com\/xs\/wp-content\/uploads\/sites\/16\/2021\/07\/82064-axgc6u.jpg\" alt=\"Bikini Calena\" \/><\/div>\n<p><img decoding=\"async\" title=\"Bikini Calena\" src=\"https:\/\/hereastore.com\/xs\/wp-content\/uploads\/sites\/16\/2021\/07\/82064-n8if4t.jpg\" alt=\"Bikini Calena\" \/><img decoding=\"async\" title=\"Bikini Calena\" src=\"https:\/\/hereastore.com\/xs\/wp-content\/uploads\/sites\/16\/2021\/07\/82064-bovbtl.jpg\" alt=\"Bikini Calena\" \/><img decoding=\"async\" title=\"Bikini Calena\" src=\"https:\/\/hereastore.com\/xs\/wp-content\/uploads\/sites\/16\/2021\/07\/82064-7stjyi.jpg\" alt=\"Bikini Calena\" \/><img decoding=\"async\" title=\"Bikini Calena\" src=\"https:\/\/hereastore.com\/xs\/wp-content\/uploads\/sites\/16\/2021\/07\/82064-8zt621.jpg\" alt=\"Bikini Calena\" \/><img decoding=\"async\" title=\"Bikini Calena\" src=\"https:\/\/hereastore.com\/xs\/wp-content\/uploads\/sites\/16\/2021\/07\/82064-3g0pfd.jpg\" alt=\"Bikini Calena\" \/><img decoding=\"async\" title=\"Bikini Calena\" src=\"https:\/\/hereastore.com\/xs\/wp-content\/uploads\/sites\/16\/2021\/07\/82064-fyjr2q.jpg\" alt=\"Bikini Calena\" \/><img decoding=\"async\" title=\"Bikini Calena\" src=\"https:\/\/hereastore.com\/xs\/wp-content\/uploads\/sites\/16\/2021\/07\/82064-q111xk.jpg\" alt=\"Bikini Calena\" \/><img decoding=\"async\" title=\"Bikini Calena\" src=\"https:\/\/hereastore.com\/xs\/wp-content\/uploads\/sites\/16\/2021\/07\/82064-im4bih.jpg\" alt=\"Bikini Calena\" \/><img decoding=\"async\" title=\"Bikini Calena\" src=\"https:\/\/hereastore.com\/xs\/wp-content\/uploads\/sites\/16\/2021\/07\/82064-eajw79.jpg\" alt=\"Bikini Calena\" \/><img decoding=\"async\" title=\"Bikini Calena\" src=\"https:\/\/hereastore.com\/xs\/wp-content\/uploads\/sites\/16\/2021\/07\/82064-jemx2f.jpg\" alt=\"Bikini Calena\" \/><img decoding=\"async\" title=\"Bikini Calena\" src=\"https:\/\/hereastore.com\/xs\/wp-content\/uploads\/sites\/16\/2021\/07\/82064-kd7pli.jpg\" alt=\"Bikini Calena\" \/><img decoding=\"async\" title=\"Bikini Calena\" src=\"https:\/\/hereastore.com\/xs\/wp-content\/uploads\/sites\/16\/2021\/07\/82064-ioxago.jpg\" alt=\"Bikini Calena\" \/><img decoding=\"async\" title=\"Bikini Calena\" src=\"https:\/\/hereastore.com\/xs\/wp-content\/uploads\/sites\/16\/2021\/07\/82064-5lzpyp.jpg\" alt=\"Bikini Calena\" \/><\/p>\n<div><img decoding=\"async\" title=\"Bikini Calena\" src=\"https:\/\/hereastore.com\/xs\/wp-content\/uploads\/sites\/16\/2021\/07\/82064-ck6k4y.jpg\" alt=\"Bikini Calena\" \/><\/div>\n<p><img decoding=\"async\" title=\"Bikini Calena\" src=\"https:\/\/hereastore.com\/xs\/wp-content\/uploads\/sites\/16\/2021\/07\/82064-haeofe.jpg\" alt=\"Bikini Calena\" \/><\/p>\n<p><img decoding=\"async\" title=\"Bikini Calena\" src=\"https:\/\/hereastore.com\/xs\/wp-content\/uploads\/sites\/16\/2021\/07\/82064-lpmmin.jpg\" alt=\"Bikini Calena\" \/><img decoding=\"async\" title=\"Bikini Calena\" src=\"https:\/\/hereastore.com\/xs\/wp-content\/uploads\/sites\/16\/2021\/07\/82064-wzyhys.jpg\" alt=\"Bikini Calena\" \/><img decoding=\"async\" title=\"Bikini Calena\" src=\"https:\/\/hereastore.com\/xs\/wp-content\/uploads\/sites\/16\/2021\/07\/82064-4lgelx.jpg\" alt=\"Bikini Calena\" \/><img decoding=\"async\" title=\"Bikini Calena\" src=\"https:\/\/hereastore.com\/xs\/wp-content\/uploads\/sites\/16\/2021\/07\/82064-qiknnd.jpg\" alt=\"Bikini Calena\" \/><img decoding=\"async\" title=\"Bikini Calena\" src=\"https:\/\/hereastore.com\/xs\/wp-content\/uploads\/sites\/16\/2021\/07\/82064-n6pgy7.jpg\" alt=\"Bikini Calena\" \/><img decoding=\"async\" title=\"Bikini Calena\" src=\"https:\/\/hereastore.com\/xs\/wp-content\/uploads\/sites\/16\/2021\/07\/82064-bzp90q.jpg\" alt=\"Bikini Calena\" \/><\/p>\n<p><img decoding=\"async\" title=\"Bikini Calena\" src=\"https:\/\/hereastore.com\/xs\/wp-content\/uploads\/sites\/16\/2021\/07\/82064-7a9qvx.jpg\" alt=\"Bikini Calena\" \/><img decoding=\"async\" title=\"Bikini Calena\" src=\"https:\/\/hereastore.com\/xs\/wp-content\/uploads\/sites\/16\/2021\/07\/82064-zx8mns.jpg\" alt=\"Bikini Calena\" \/><img decoding=\"async\" title=\"Bikini Calena\" src=\"https:\/\/hereastore.com\/xs\/wp-content\/uploads\/sites\/16\/2021\/07\/82064-99dozr.jpg\" alt=\"Bikini Calena\" \/><img decoding=\"async\" title=\"Bikini Calena\" src=\"https:\/\/hereastore.com\/xs\/wp-content\/uploads\/sites\/16\/2021\/07\/82064-vea7fd.jpg\" alt=\"Bikini Calena\" \/><img decoding=\"async\" title=\"Bikini Calena\" src=\"https:\/\/hereastore.com\/xs\/wp-content\/uploads\/sites\/16\/2021\/07\/82064-nkbamt.jpg\" alt=\"Bikini Calena\" \/><img decoding=\"async\" title=\"Bikini Calena\" src=\"https:\/\/hereastore.com\/xs\/wp-content\/uploads\/sites\/16\/2021\/07\/82064-vsbrpt.jpg\" alt=\"Bikini Calena\" \/><img fetchpriority=\"high\" decoding=\"async\" title=\"Bikini Calena\" src=\"https:\/\/hereastore.com\/xs\/wp-content\/uploads\/sites\/16\/2021\/07\/82064-oo91vk.jpg\" alt=\"Bikini Calena\" width=\"800\" height=\"800\" \/><img decoding=\"async\" title=\"Bikini Calena\" src=\"https:\/\/hereastore.com\/xs\/wp-content\/uploads\/sites\/16\/2021\/07\/82064-dtw0zj.jpg\" alt=\"Bikini Calena\" \/><img decoding=\"async\" title=\"Bikini Calena\" src=\"https:\/\/hereastore.com\/xs\/wp-content\/uploads\/sites\/16\/2021\/07\/82064-lwmdri.jpg\" alt=\"Bikini Calena\" \/><img decoding=\"async\" title=\"Bikini Calena\" src=\"https:\/\/hereastore.com\/xs\/wp-content\/uploads\/sites\/16\/2021\/07\/82064-ghgcbl.jpg\" alt=\"Bikini Calena\" \/><img decoding=\"async\" title=\"Bikini Calena\" src=\"https:\/\/hereastore.com\/xs\/wp-content\/uploads\/sites\/16\/2021\/07\/82064-xabeuh.jpg\" alt=\"Bikini Calena\" \/><img decoding=\"async\" title=\"Bikini Calena\" src=\"https:\/\/hereastore.com\/xs\/wp-content\/uploads\/sites\/16\/2021\/07\/82064-trxn9f.jpg\" alt=\"Bikini Calena\" \/><img decoding=\"async\" title=\"Bikini Calena\" src=\"https:\/\/hereastore.com\/xs\/wp-content\/uploads\/sites\/16\/2021\/07\/82064-yrue9d.jpg\" alt=\"Bikini Calena\" \/><img decoding=\"async\" title=\"Bikini Calena\" src=\"https:\/\/hereastore.com\/xs\/wp-content\/uploads\/sites\/16\/2021\/07\/82064-tjskrv.jpg\" alt=\"Bikini Calena\" \/><img decoding=\"async\" title=\"Bikini Calena\" src=\"https:\/\/hereastore.com\/xs\/wp-content\/uploads\/sites\/16\/2021\/07\/82064-fqttto.jpg\" alt=\"Bikini Calena\" \/><img decoding=\"async\" title=\"Bikini Calena\" src=\"https:\/\/hereastore.com\/xs\/wp-content\/uploads\/sites\/16\/2021\/07\/82064-muodbi.jpg\" alt=\"Bikini Calena\" \/><img decoding=\"async\" title=\"Bikini Calena\" src=\"https:\/\/hereastore.com\/xs\/wp-content\/uploads\/sites\/16\/2021\/07\/82064-um5u3a.jpg\" alt=\"Bikini Calena\" \/><\/p>\n<p><img decoding=\"async\" title=\"Bikini Calena\" src=\"https:\/\/hereastore.com\/xs\/wp-content\/uploads\/sites\/16\/2021\/07\/82064-35sbwi.jpg\" alt=\"Bikini Calena\" \/><img decoding=\"async\" title=\"Bikini Calena\" src=\"https:\/\/hereastore.com\/xs\/wp-content\/uploads\/sites\/16\/2021\/07\/82064-t4tthg.jpg\" alt=\"Bikini Calena\" \/><img decoding=\"async\" title=\"Bikini Calena\" src=\"https:\/\/hereastore.com\/xs\/wp-content\/uploads\/sites\/16\/2021\/07\/82064-kjqto9.jpg\" alt=\"Bikini Calena\" \/><img decoding=\"async\" title=\"Bikini Calena\" src=\"https:\/\/hereastore.com\/xs\/wp-content\/uploads\/sites\/16\/2021\/07\/82064-supbvs.jpg\" alt=\"Bikini Calena\" \/><img decoding=\"async\" title=\"Bikini Calena\" src=\"https:\/\/hereastore.com\/xs\/wp-content\/uploads\/sites\/16\/2021\/07\/82064-nn7tfm.jpg\" alt=\"Bikini Calena\" \/><\/p>\n<p><img decoding=\"async\" title=\"Bikini Calena\" src=\"https:\/\/hereastore.com\/xs\/wp-content\/uploads\/sites\/16\/2021\/07\/82064-ltlkzd.jpg\" alt=\"Bikini Calena\" \/><img decoding=\"async\" title=\"Bikini Calena\" src=\"https:\/\/hereastore.com\/xs\/wp-content\/uploads\/sites\/16\/2021\/07\/82064-gnyrfk.jpg\" alt=\"Bikini Calena\" \/><img decoding=\"async\" title=\"Bikini Calena\" src=\"https:\/\/hereastore.com\/xs\/wp-content\/uploads\/sites\/16\/2021\/07\/82064-zhqzlw.jpg\" alt=\"Bikini Calena\" \/><img decoding=\"async\" title=\"Bikini Calena\" src=\"https:\/\/hereastore.com\/xs\/wp-content\/uploads\/sites\/16\/2021\/07\/82064-vmam6d.jpg\" alt=\"Bikini Calena\" \/><img decoding=\"async\" title=\"Bikini Calena\" src=\"https:\/\/hereastore.com\/xs\/wp-content\/uploads\/sites\/16\/2021\/07\/82064-e1yiux.jpg\" alt=\"Bikini Calena\" \/><img decoding=\"async\" title=\"Bikini Calena\" src=\"https:\/\/hereastore.com\/xs\/wp-content\/uploads\/sites\/16\/2021\/07\/82064-npbvim.jpg\" alt=\"Bikini Calena\" \/><img decoding=\"async\" title=\"Bikini Calena\" src=\"https:\/\/hereastore.com\/xs\/wp-content\/uploads\/sites\/16\/2021\/07\/82064-kjyfxa.jpg\" alt=\"Bikini Calena\" \/><img decoding=\"async\" title=\"Bikini Calena\" src=\"https:\/\/hereastore.com\/xs\/wp-content\/uploads\/sites\/16\/2021\/07\/82064-xe9gze.jpg\" alt=\"Bikini Calena\" \/><\/p>\n<\/div>\n<div><img decoding=\"async\" title=\"Bikini Calena\" src=\"https:\/\/hereastore.com\/xs\/wp-content\/uploads\/sites\/16\/2021\/07\/82064-wipwzz.jpg\" alt=\"Bikini Calena\" \/><img decoding=\"async\" title=\"Bikini Calena\" src=\"https:\/\/hereastore.com\/xs\/wp-content\/uploads\/sites\/16\/2021\/07\/82064-2tvde1.jpg\" alt=\"Bikini Calena\" \/><img decoding=\"async\" title=\"Bikini Calena\" src=\"https:\/\/hereastore.com\/xs\/wp-content\/uploads\/sites\/16\/2021\/07\/82064-6dauzo.jpg\" alt=\"Bikini Calena\" \/><img decoding=\"async\" title=\"Bikini Calena\" src=\"https:\/\/hereastore.com\/xs\/wp-content\/uploads\/sites\/16\/2021\/07\/82064-ljk4u6.jpg\" alt=\"Bikini Calena\" \/><img decoding=\"async\" title=\"Bikini Calena\" src=\"https:\/\/hereastore.com\/xs\/wp-content\/uploads\/sites\/16\/2021\/07\/82064-9oko5w.jpg\" alt=\"Bikini Calena\" \/><img decoding=\"async\" title=\"Bikini Calena\" src=\"https:\/\/hereastore.com\/xs\/wp-content\/uploads\/sites\/16\/2021\/07\/82064-l4ih3h.jpg\" alt=\"Bikini Calena\" \/><img decoding=\"async\" title=\"Bikini Calena\" src=\"https:\/\/hereastore.com\/xs\/wp-content\/uploads\/sites\/16\/2021\/07\/82064-fxzxrd.jpg\" alt=\"Bikini Calena\" \/><img decoding=\"async\" title=\"Bikini Calena\" src=\"https:\/\/hereastore.com\/xs\/wp-content\/uploads\/sites\/16\/2021\/07\/82064-m0gglq.jpg\" alt=\"Bikini Calena\" \/><img decoding=\"async\" title=\"Bikini Calena\" src=\"https:\/\/hereastore.com\/xs\/wp-content\/uploads\/sites\/16\/2021\/07\/82064-ilwk0g.jpg\" alt=\"Bikini Calena\" \/><img decoding=\"async\" title=\"Bikini Calena\" src=\"https:\/\/hereastore.com\/xs\/wp-content\/uploads\/sites\/16\/2021\/07\/82064-sdizdw.jpg\" alt=\"Bikini Calena\" \/><img decoding=\"async\" title=\"Bikini Calena\" src=\"https:\/\/hereastore.com\/xs\/wp-content\/uploads\/sites\/16\/2021\/07\/82064-p2uwm1.jpg\" alt=\"Bikini Calena\" \/><img decoding=\"async\" title=\"Bikini Calena\" src=\"https:\/\/hereastore.com\/xs\/wp-content\/uploads\/sites\/16\/2021\/07\/82064-ud9dek.jpg\" alt=\"Bikini Calena\" \/><img decoding=\"async\" title=\"Bikini Calena\" src=\"https:\/\/hereastore.com\/xs\/wp-content\/uploads\/sites\/16\/2021\/07\/82064-qfjzap.jpg\" alt=\"Bikini Calena\" \/><img decoding=\"async\" title=\"Bikini Calena\" src=\"https:\/\/hereastore.com\/xs\/wp-content\/uploads\/sites\/16\/2021\/07\/82064-odoiul.jpg\" alt=\"Bikini Calena\" \/><img decoding=\"async\" title=\"Bikini Calena\" src=\"https:\/\/hereastore.com\/xs\/wp-content\/uploads\/sites\/16\/2021\/07\/82064-qds6l5.jpg\" alt=\"Bikini Calena\" \/><\/div>\n<div><\/div>\n<div><\/div>\n<\/div>\n<p>&nbsp;<\/p>\n<\/div>\n<p>&nbsp;<\/p>\n","protected":false},"excerpt":{"rendered":"<p>Descubre nuestra exclusiva colecci\u00f3n de trajes de ba\u00f1o de dos piezas, dise\u00f1ados con colores vibrantes y estampados \u00fanicos. Cada modelo chic ha sido creado para resaltar tu estilo y personalidad, asegurando que luzcas fabulosa en cada ocasi\u00f3n. Dale un giro sofisticado a tus d\u00edas de sol con nuestros trajes de ba\u00f1o \u00fanicos y a la [&hellip;]<\/p>\n","protected":false},"featured_media":82164,"comment_status":"open","ping_status":"closed","template":"","meta":[],"product_brand":[],"product_cat":[234,15,6434],"product_tag":[],"class_list":{"0":"post-82064","1":"product","2":"type-product","3":"status-publish","4":"has-post-thumbnail","6":"product_cat-bikinis","7":"product_cat-todos","8":"product_cat-trajes-de-bano","9":"pa_a4a8fbf9f14b58bf488819-6209","10":"pa_a4a8fbf9f14b58bf488819-cu23297o1","11":"pa_a4a8fbf9f14b58bf488819-cx1063d11","12":"pa_a4a8fbf9f14b58bf488819-mo19878lm1","13":"pa_a4a8fbf9f14b58bf488819-mo19878mg","14":"pa_a4a8fbf9f14b58bf488819-mo19878mh","15":"pa_a4a8fbf9f14b58bf488819-mo19879ba1","16":"pa_a4a8fbf9f14b58bf488819-mo19879d1","17":"pa_a4a8fbf9f14b58bf488819-mo19879g41","18":"pa_a4a8fbf9f14b58bf488819-mo19879g84","19":"pa_a4a8fbf9f14b58bf488819-mo19879nz3","20":"pa_a4a8fbf9f14b58bf488819-mo19879o1","21":"pa_a4a8fbf9f14b58bf488819-mo19879p1","22":"pa_a4a8fbf9f14b58bf488819-mo19879p41","23":"pa_a4a8fbf9f14b58bf488819-mo19879pb1","24":"pa_a4a8fbf9f14b58bf488819-mo19879pc1","25":"pa_a4a8fbf9f14b58bf488819-mo19879r12","26":"pa_a4a8fbf9f14b58bf488819-mo19879r22","27":"pa_a4a8fbf9f14b58bf488819-mo19879r3","28":"pa_a4a8fbf9f14b58bf488819-mo19879r8","29":"pa_a4a8fbf9f14b58bf488819-mo19879tw","30":"pa_a4a8fbf9f14b58bf488819-mo19879z74","31":"pa_f294abc323c8581b087d9a-l","32":"pa_f294abc323c8581b087d9a-m","33":"pa_f294abc323c8581b087d9a-s","35":"first","36":"instock","37":"sale","38":"shipping-taxable","39":"purchasable","40":"product-type-variable"},"_links":{"self":[{"href":"https:\/\/hereastore.com\/pe\/wp-json\/wp\/v2\/product\/82064","targetHints":{"allow":["GET"]}}],"collection":[{"href":"https:\/\/hereastore.com\/pe\/wp-json\/wp\/v2\/product"}],"about":[{"href":"https:\/\/hereastore.com\/pe\/wp-json\/wp\/v2\/types\/product"}],"replies":[{"embeddable":true,"href":"https:\/\/hereastore.com\/pe\/wp-json\/wp\/v2\/comments?post=82064"}],"version-history":[{"count":0,"href":"https:\/\/hereastore.com\/pe\/wp-json\/wp\/v2\/product\/82064\/revisions"}],"wp:featuredmedia":[{"embeddable":true,"href":"https:\/\/hereastore.com\/pe\/wp-json\/wp\/v2\/media\/82164"}],"wp:attachment":[{"href":"https:\/\/hereastore.com\/pe\/wp-json\/wp\/v2\/media?parent=82064"}],"wp:term":[{"taxonomy":"product_brand","embeddable":true,"href":"https:\/\/hereastore.com\/pe\/wp-json\/wp\/v2\/product_brand?post=82064"},{"taxonomy":"product_cat","embeddable":true,"href":"https:\/\/hereastore.com\/pe\/wp-json\/wp\/v2\/product_cat?post=82064"},{"taxonomy":"product_tag","embeddable":true,"href":"https:\/\/hereastore.com\/pe\/wp-json\/wp\/v2\/product_tag?post=82064"}],"curies":[{"name":"wp","href":"https:\/\/api.w.org\/{rel}","templated":true}]}}