{"id":82173,"date":"2021-07-19T16:22:59","date_gmt":"2021-07-19T19:22:59","guid":{"rendered":"https:\/\/hereastore.com\/xs\/producto\/banador-de-una-pieza-para-mujer-traje-de-bano-bonito-banador-con-lazo-monokini-cruzado-en-la-espalda-novedad-de-2021\/"},"modified":"2026-04-04T05:01:08","modified_gmt":"2026-04-04T08:01:08","slug":"trajedebanocalipso","status":"publish","type":"product","link":"https:\/\/hereastore.com\/pe\/producto\/trajedebanocalipso\/","title":{"rendered":"Traje De Ba\u00f1o Calipso"},"content":{"rendered":"<p>&nbsp;<\/p>\n<div>\n<div>\n<p>&nbsp;<\/p>\n<p>Aporta un toque de alegr\u00eda a tu look playero con nuestro traje de ba\u00f1o de una pieza, adornado con estampados divertidos y hombreras de lazo. Dise\u00f1ado para resaltar tu personalidad vibrante, este traje combina estilo y diversi\u00f3n en un conjunto \u00fanico y encantador. \u00a1Perfecto para destacar con elegancia y un toque de fantas\u00eda!<\/p>\n<\/div>\n<div>\n<p>-Dise\u00f1o vibrante: Colores alegres que reflejan tu estilo \u00fanico y a\u00f1aden diversi\u00f3n a cada d\u00eda.<\/p>\n<p>\u00a1Compra con confianza!<\/p>\n<p>-Env\u00edo gratis a todo Per\u00fa: Est\u00e9s donde est\u00e9s, tu traje de ba\u00f1o llega directamente a tu puerta sin costo adicional.<\/p>\n<p>-Garant\u00eda de 30 d\u00edas: Si tu traje de ba\u00f1o sufre alg\u00fan desperfecto en la tela cuenta con una garant\u00eda con nosotros y obtienes tu devoluci\u00f3n.<\/p>\n<p>-Paga como prefieras: Aceptamos todos los m\u00e9todos de pago disponibles en Per\u00fa, con la opci\u00f3n de pagar en 3 a 6 cuotas sin inter\u00e9s.<\/p>\n<p>\u00a1No te pierdas esta oportunidad y lleva contigo estilo, comodidad y felicidad en tu look playero!<\/p>\n<\/div>\n<div><\/div>\n<\/div>\n<div>\n<div>\n<p style=\"text-align: center;\" align=\"center\"><img fetchpriority=\"high\" decoding=\"async\" title=\"Traje De Ba\u00f1o Calipso\" src=\"https:\/\/hereastore.com\/xs\/wp-content\/uploads\/sites\/16\/2021\/08\/82173-e9dff9.jpeg\" alt=\"Traje De Ba\u00f1o Calipso\" width=\"800\" height=\"599\" \/><\/p>\n<p>&nbsp;<\/p>\n<p><img decoding=\"async\" title=\"Traje De Ba\u00f1o Calipso\" src=\"https:\/\/hereastore.com\/xs\/wp-content\/uploads\/sites\/16\/2021\/07\/82173-ute3kw.jpg\" alt=\"Traje De Ba\u00f1o Calipso\" \/><img decoding=\"async\" title=\"Traje De Ba\u00f1o Calipso\" src=\"https:\/\/hereastore.com\/xs\/wp-content\/uploads\/sites\/16\/2021\/07\/82173-qm61fm.jpg\" alt=\"Traje De Ba\u00f1o Calipso\" \/><img decoding=\"async\" title=\"Traje De Ba\u00f1o Calipso\" src=\"https:\/\/hereastore.com\/xs\/wp-content\/uploads\/sites\/16\/2021\/07\/82173-obpqf2.jpg\" alt=\"Traje De Ba\u00f1o Calipso\" \/><img decoding=\"async\" title=\"Traje De Ba\u00f1o Calipso\" src=\"https:\/\/hereastore.com\/xs\/wp-content\/uploads\/sites\/16\/2021\/07\/82173-hdopwg.jpg\" alt=\"Traje De Ba\u00f1o Calipso\" \/><img decoding=\"async\" title=\"Traje De Ba\u00f1o Calipso\" src=\"https:\/\/hereastore.com\/xs\/wp-content\/uploads\/sites\/16\/2021\/07\/82173-ynrtxm.jpg\" alt=\"Traje De Ba\u00f1o Calipso\" \/><img decoding=\"async\" title=\"Traje De Ba\u00f1o Calipso\" src=\"https:\/\/hereastore.com\/xs\/wp-content\/uploads\/sites\/16\/2021\/07\/82173-tr2nqy.jpg\" alt=\"Traje De Ba\u00f1o Calipso\" \/><img decoding=\"async\" title=\"Traje De Ba\u00f1o Calipso\" src=\"https:\/\/hereastore.com\/xs\/wp-content\/uploads\/sites\/16\/2021\/07\/82173-qreh9t.jpg\" alt=\"Traje De Ba\u00f1o Calipso\" \/><img decoding=\"async\" title=\"Traje De Ba\u00f1o Calipso\" src=\"https:\/\/hereastore.com\/xs\/wp-content\/uploads\/sites\/16\/2021\/07\/82173-eit4ym.jpg\" alt=\"Traje De Ba\u00f1o Calipso\" \/><img decoding=\"async\" title=\"Traje De Ba\u00f1o Calipso\" src=\"https:\/\/hereastore.com\/xs\/wp-content\/uploads\/sites\/16\/2021\/07\/82173-bxvynr.jpg\" alt=\"Traje De Ba\u00f1o Calipso\" \/><img decoding=\"async\" title=\"Traje De Ba\u00f1o Calipso\" src=\"https:\/\/hereastore.com\/xs\/wp-content\/uploads\/sites\/16\/2021\/07\/82173-ctuwod.jpg\" alt=\"Traje De Ba\u00f1o Calipso\" \/><img decoding=\"async\" title=\"Traje De Ba\u00f1o Calipso\" src=\"https:\/\/hereastore.com\/xs\/wp-content\/uploads\/sites\/16\/2021\/07\/82173-sawbdg.jpg\" alt=\"Traje De Ba\u00f1o Calipso\" \/><img decoding=\"async\" title=\"Traje De Ba\u00f1o Calipso\" src=\"https:\/\/hereastore.com\/xs\/wp-content\/uploads\/sites\/16\/2021\/07\/82173-vxh0la.jpg\" alt=\"Traje De Ba\u00f1o Calipso\" \/><img decoding=\"async\" title=\"Traje De Ba\u00f1o Calipso\" src=\"https:\/\/hereastore.com\/xs\/wp-content\/uploads\/sites\/16\/2021\/07\/82173-ls1wkr.jpg\" alt=\"Traje De Ba\u00f1o Calipso\" \/><img decoding=\"async\" title=\"Traje De Ba\u00f1o Calipso\" src=\"https:\/\/hereastore.com\/xs\/wp-content\/uploads\/sites\/16\/2021\/07\/82173-14matg.jpg\" alt=\"Traje De Ba\u00f1o Calipso\" \/><img decoding=\"async\" title=\"Traje De Ba\u00f1o Calipso\" src=\"https:\/\/hereastore.com\/xs\/wp-content\/uploads\/sites\/16\/2021\/07\/82173-bffb5r.jpg\" alt=\"Traje De Ba\u00f1o Calipso\" \/><img decoding=\"async\" title=\"Traje De Ba\u00f1o Calipso\" src=\"https:\/\/hereastore.com\/xs\/wp-content\/uploads\/sites\/16\/2021\/07\/82173-osisxb.jpg\" alt=\"Traje De Ba\u00f1o Calipso\" \/><img decoding=\"async\" title=\"Traje De Ba\u00f1o Calipso\" src=\"https:\/\/hereastore.com\/xs\/wp-content\/uploads\/sites\/16\/2021\/07\/82173-kvknal.jpg\" alt=\"Traje De Ba\u00f1o Calipso\" \/><\/p>\n<p>&nbsp;<\/p>\n<p><img decoding=\"async\" title=\"Traje De Ba\u00f1o Calipso\" src=\"https:\/\/hereastore.com\/xs\/wp-content\/uploads\/sites\/16\/2021\/07\/82173-hxvfvx.jpg\" alt=\"Traje De Ba\u00f1o Calipso\" \/><\/p>\n<p><img decoding=\"async\" title=\"Traje De Ba\u00f1o Calipso\" src=\"https:\/\/hereastore.com\/xs\/wp-content\/uploads\/sites\/16\/2021\/07\/82173-ieymuy.jpg\" alt=\"Traje De Ba\u00f1o Calipso\" \/><img decoding=\"async\" title=\"Traje De Ba\u00f1o Calipso\" src=\"https:\/\/hereastore.com\/xs\/wp-content\/uploads\/sites\/16\/2021\/07\/82173-qwgsgl.jpg\" alt=\"Traje De Ba\u00f1o Calipso\" \/><img decoding=\"async\" title=\"Traje De Ba\u00f1o Calipso\" src=\"https:\/\/hereastore.com\/xs\/wp-content\/uploads\/sites\/16\/2021\/07\/82173-lyozyn.jpg\" alt=\"Traje De Ba\u00f1o Calipso\" \/><img decoding=\"async\" title=\"Traje De Ba\u00f1o Calipso\" src=\"https:\/\/hereastore.com\/xs\/wp-content\/uploads\/sites\/16\/2021\/07\/82173-hckwnr.jpg\" alt=\"Traje De Ba\u00f1o Calipso\" \/><\/p>\n<p><img decoding=\"async\" title=\"Traje De Ba\u00f1o Calipso\" src=\"https:\/\/hereastore.com\/xs\/wp-content\/uploads\/sites\/16\/2021\/07\/82173-zbwygw.jpg\" alt=\"Traje De Ba\u00f1o Calipso\" \/><img decoding=\"async\" title=\"Traje De Ba\u00f1o Calipso\" src=\"https:\/\/hereastore.com\/xs\/wp-content\/uploads\/sites\/16\/2021\/07\/82173-ugjqxg.jpg\" alt=\"Traje De Ba\u00f1o Calipso\" \/><img decoding=\"async\" title=\"Traje De Ba\u00f1o Calipso\" src=\"https:\/\/hereastore.com\/xs\/wp-content\/uploads\/sites\/16\/2021\/07\/82173-7n0xga.jpg\" alt=\"Traje De Ba\u00f1o Calipso\" \/><img decoding=\"async\" title=\"Traje De Ba\u00f1o Calipso\" src=\"https:\/\/hereastore.com\/xs\/wp-content\/uploads\/sites\/16\/2021\/07\/82173-fmn66i.jpg\" alt=\"Traje De Ba\u00f1o Calipso\" \/><img decoding=\"async\" title=\"Traje De Ba\u00f1o Calipso\" src=\"https:\/\/hereastore.com\/xs\/wp-content\/uploads\/sites\/16\/2021\/07\/82173-lsfwav.jpg\" alt=\"Traje De Ba\u00f1o Calipso\" \/><img decoding=\"async\" title=\"Traje De Ba\u00f1o Calipso\" src=\"https:\/\/hereastore.com\/xs\/wp-content\/uploads\/sites\/16\/2021\/07\/82173-zwywx2.jpg\" alt=\"Traje De Ba\u00f1o Calipso\" \/><img decoding=\"async\" title=\"Traje De Ba\u00f1o Calipso\" src=\"https:\/\/hereastore.com\/xs\/wp-content\/uploads\/sites\/16\/2021\/07\/82173-d4mren.jpg\" alt=\"Traje De Ba\u00f1o Calipso\" \/><img decoding=\"async\" title=\"Traje De Ba\u00f1o Calipso\" src=\"https:\/\/hereastore.com\/xs\/wp-content\/uploads\/sites\/16\/2021\/07\/82173-fxzkk6.jpg\" alt=\"Traje De Ba\u00f1o Calipso\" \/><img decoding=\"async\" title=\"Traje De Ba\u00f1o Calipso\" src=\"https:\/\/hereastore.com\/xs\/wp-content\/uploads\/sites\/16\/2021\/07\/82173-cy5cdh.jpg\" alt=\"Traje De Ba\u00f1o Calipso\" \/><img decoding=\"async\" title=\"Traje De Ba\u00f1o Calipso\" src=\"https:\/\/hereastore.com\/xs\/wp-content\/uploads\/sites\/16\/2021\/07\/82173-qir1er.jpg\" alt=\"Traje De Ba\u00f1o Calipso\" \/><img decoding=\"async\" title=\"Traje De Ba\u00f1o Calipso\" src=\"https:\/\/hereastore.com\/xs\/wp-content\/uploads\/sites\/16\/2021\/07\/82173-vhzzdw.jpg\" alt=\"Traje De Ba\u00f1o Calipso\" \/><img decoding=\"async\" title=\"Traje De Ba\u00f1o Calipso\" src=\"https:\/\/hereastore.com\/xs\/wp-content\/uploads\/sites\/16\/2021\/07\/82173-boxwlc.jpg\" alt=\"Traje De Ba\u00f1o Calipso\" \/><img decoding=\"async\" title=\"Traje De Ba\u00f1o Calipso\" src=\"https:\/\/hereastore.com\/xs\/wp-content\/uploads\/sites\/16\/2021\/07\/82173-cj3pgk.jpg\" alt=\"Traje De Ba\u00f1o Calipso\" \/><img decoding=\"async\" title=\"Traje De Ba\u00f1o Calipso\" src=\"https:\/\/hereastore.com\/xs\/wp-content\/uploads\/sites\/16\/2021\/07\/82173-ujbsew.jpg\" alt=\"Traje De Ba\u00f1o Calipso\" \/><img decoding=\"async\" title=\"Traje De Ba\u00f1o Calipso\" src=\"https:\/\/hereastore.com\/xs\/wp-content\/uploads\/sites\/16\/2021\/07\/82173-8iujep.jpg\" alt=\"Traje De Ba\u00f1o Calipso\" \/><img decoding=\"async\" title=\"Traje De Ba\u00f1o Calipso\" src=\"https:\/\/hereastore.com\/xs\/wp-content\/uploads\/sites\/16\/2021\/07\/82173-vsowwi.jpg\" alt=\"Traje De Ba\u00f1o Calipso\" \/><img decoding=\"async\" title=\"Traje De Ba\u00f1o Calipso\" src=\"https:\/\/hereastore.com\/xs\/wp-content\/uploads\/sites\/16\/2021\/07\/82173-ka8umi.jpg\" alt=\"Traje De Ba\u00f1o Calipso\" \/><img decoding=\"async\" title=\"Traje De Ba\u00f1o Calipso\" src=\"https:\/\/hereastore.com\/xs\/wp-content\/uploads\/sites\/16\/2021\/07\/82173-tcdiud.jpg\" alt=\"Traje De Ba\u00f1o Calipso\" \/><\/p>\n<\/div>\n<\/div>\n","protected":false},"excerpt":{"rendered":"<p>&nbsp; &nbsp; Aporta un toque de alegr\u00eda a tu look playero con nuestro traje de ba\u00f1o de una pieza, adornado con estampados divertidos y hombreras de lazo. Dise\u00f1ado para resaltar tu personalidad vibrante, este traje combina estilo y diversi\u00f3n en un conjunto \u00fanico y encantador. \u00a1Perfecto para destacar con elegancia y un toque de fantas\u00eda! [&hellip;]<\/p>\n","protected":false},"featured_media":82403,"comment_status":"open","ping_status":"closed","template":"","meta":[],"product_brand":[],"product_cat":[234,15],"product_tag":[],"class_list":{"0":"post-82173","1":"product","2":"type-product","3":"status-publish","4":"has-post-thumbnail","6":"product_cat-bikinis","7":"product_cat-todos","8":"pa_a4a8fbf9f14b58bf488819-cz19999b1","9":"pa_a4a8fbf9f14b58bf488819-cz19999b7","10":"pa_a4a8fbf9f14b58bf488819-cz19999be1","11":"pa_a4a8fbf9f14b58bf488819-cz19999ga2","12":"pa_a4a8fbf9f14b58bf488819-cz19999gb1","13":"pa_a4a8fbf9f14b58bf488819-cz19999p93","14":"pa_a4a8fbf9f14b58bf488819-cz19999pd1","15":"pa_a4a8fbf9f14b58bf488819-cz19999r1","16":"pa_a4a8fbf9f14b58bf488819-cz19999r2","17":"pa_a4a8fbf9f14b58bf488819-cz19999r61","18":"pa_a4a8fbf9f14b58bf488819-cz19999w2","19":"pa_a4a8fbf9f14b58bf488819-cz22068p11","20":"pa_a4a8fbf9f14b58bf488819-jsn11008g1","21":"pa_a4a8fbf9f14b58bf488819-jsn11008y1","22":"pa_f294abc323c8581b087d9a-l","23":"pa_f294abc323c8581b087d9a-m","24":"pa_f294abc323c8581b087d9a-s","25":"pa_f294abc323c8581b087d9a-xl","27":"first","28":"instock","29":"shipping-taxable","30":"purchasable","31":"product-type-variable"},"_links":{"self":[{"href":"https:\/\/hereastore.com\/pe\/wp-json\/wp\/v2\/product\/82173","targetHints":{"allow":["GET"]}}],"collection":[{"href":"https:\/\/hereastore.com\/pe\/wp-json\/wp\/v2\/product"}],"about":[{"href":"https:\/\/hereastore.com\/pe\/wp-json\/wp\/v2\/types\/product"}],"replies":[{"embeddable":true,"href":"https:\/\/hereastore.com\/pe\/wp-json\/wp\/v2\/comments?post=82173"}],"version-history":[{"count":0,"href":"https:\/\/hereastore.com\/pe\/wp-json\/wp\/v2\/product\/82173\/revisions"}],"wp:featuredmedia":[{"embeddable":true,"href":"https:\/\/hereastore.com\/pe\/wp-json\/wp\/v2\/media\/82403"}],"wp:attachment":[{"href":"https:\/\/hereastore.com\/pe\/wp-json\/wp\/v2\/media?parent=82173"}],"wp:term":[{"taxonomy":"product_brand","embeddable":true,"href":"https:\/\/hereastore.com\/pe\/wp-json\/wp\/v2\/product_brand?post=82173"},{"taxonomy":"product_cat","embeddable":true,"href":"https:\/\/hereastore.com\/pe\/wp-json\/wp\/v2\/product_cat?post=82173"},{"taxonomy":"product_tag","embeddable":true,"href":"https:\/\/hereastore.com\/pe\/wp-json\/wp\/v2\/product_tag?post=82173"}],"curies":[{"name":"wp","href":"https:\/\/api.w.org\/{rel}","templated":true}]}}