{"id":83120,"date":"2021-07-25T17:59:45","date_gmt":"2021-07-25T20:59:45","guid":{"rendered":"https:\/\/hereastore.com\/xs\/producto\/conjunto-de-bikini-de-cintura-alta-para-mujer-traje-de-bano-blanco-de-tirantes-banador-bandage-de-mangas-push-up-ropa-de-playa-2021\/"},"modified":"2026-04-04T05:01:47","modified_gmt":"2026-04-04T08:01:47","slug":"bikinicarolina","status":"publish","type":"product","link":"https:\/\/hereastore.com\/pe\/producto\/bikinicarolina\/","title":{"rendered":"Bikini Carolina"},"content":{"rendered":"<div><\/div>\n<div><\/div>\n<div><\/div>\n<div>Luce espectacular con nuestro traje de ba\u00f1o de dos piezas, dise\u00f1ado con control abdominal y hombreras para ofrecer el m\u00e1ximo soporte y estilo. Sus estampados \u00fanicos te har\u00e1n destacar, brind\u00e1ndote un look moderno y seguro. Ideal para quienes buscan combinar confort, elegancia y un toque de originalidad en la playa o la piscina.<\/div>\n<div><\/div>\n<div>\n<p>-Dise\u00f1os vibrantes: Colores alegres que reflejan tu estilo \u00fanico y a\u00f1aden diversi\u00f3n a cada d\u00eda.<\/p>\n<p>\u00a1Compra con confianza!<\/p>\n<p>-Env\u00edo gratis a todo Per\u00fa: Est\u00e9s donde est\u00e9s, tu traje de ba\u00f1o llega directamente a tu puerta sin costo adicional.<\/p>\n<p>-Garant\u00eda de 30 d\u00edas: Si tu traje de ba\u00f1o sufre alg\u00fan desperfecto en la tela cuenta con una garant\u00eda con nosotros y obtienes tu devoluci\u00f3n.<\/p>\n<p>-Paga como prefieras: Aceptamos todos los m\u00e9todos de pago disponibles en Per\u00fa, con la opci\u00f3n de pagar en 3 a 6 cuotas sin inter\u00e9s.<\/p>\n<p>\u00a1No te pierdas esta oportunidad y lleva contigo estilo, comodidad y felicidad en tu look playero!<\/p>\n<\/div>\n<div><\/div>\n<div><\/div>\n<div><img decoding=\"async\" title=\"Conjunto de Bikini de cintura alta para mujer, traje de ba\u00f1o blanco de tirantes, ba\u00f1ador Bandage de mangas Push-Up, ropa de playa 2021\" src=\"https:\/\/hereastore.com\/xs\/wp-content\/uploads\/sites\/16\/2021\/08\/83120-16b93c.jpeg\" alt=\"Conjunto de Bikini de cintura alta para mujer, traje de ba\u00f1o blanco de tirantes, ba\u00f1ador Bandage de mangas Push-Up, ropa de playa 2021\" \/><\/div>\n<div><img decoding=\"async\" title=\"Conjunto de Bikini de cintura alta para mujer, traje de ba\u00f1o blanco de tirantes, ba\u00f1ador Bandage de mangas Push-Up, ropa de playa 2021\" src=\"https:\/\/hereastore.com\/xs\/wp-content\/uploads\/sites\/16\/2021\/07\/83120-ku1qxy.jpg\" alt=\"Conjunto de Bikini de cintura alta para mujer, traje de ba\u00f1o blanco de tirantes, ba\u00f1ador Bandage de mangas Push-Up, ropa de playa 2021\" \/><img decoding=\"async\" title=\"Conjunto de Bikini de cintura alta para mujer, traje de ba\u00f1o blanco de tirantes, ba\u00f1ador Bandage de mangas Push-Up, ropa de playa 2021\" src=\"https:\/\/hereastore.com\/xs\/wp-content\/uploads\/sites\/16\/2021\/07\/83120-t4offl.jpg\" alt=\"Conjunto de Bikini de cintura alta para mujer, traje de ba\u00f1o blanco de tirantes, ba\u00f1ador Bandage de mangas Push-Up, ropa de playa 2021\" \/><img decoding=\"async\" title=\"Conjunto de Bikini de cintura alta para mujer, traje de ba\u00f1o blanco de tirantes, ba\u00f1ador Bandage de mangas Push-Up, ropa de playa 2021\" src=\"https:\/\/hereastore.com\/xs\/wp-content\/uploads\/sites\/16\/2021\/07\/83120-ay3tl7.jpg\" alt=\"Conjunto de Bikini de cintura alta para mujer, traje de ba\u00f1o blanco de tirantes, ba\u00f1ador Bandage de mangas Push-Up, ropa de playa 2021\" \/><img decoding=\"async\" title=\"Conjunto de Bikini de cintura alta para mujer, traje de ba\u00f1o blanco de tirantes, ba\u00f1ador Bandage de mangas Push-Up, ropa de playa 2021\" src=\"https:\/\/hereastore.com\/xs\/wp-content\/uploads\/sites\/16\/2021\/07\/83120-rjjezr.jpg\" alt=\"Conjunto de Bikini de cintura alta para mujer, traje de ba\u00f1o blanco de tirantes, ba\u00f1ador Bandage de mangas Push-Up, ropa de playa 2021\" \/><img decoding=\"async\" title=\"Conjunto de Bikini de cintura alta para mujer, traje de ba\u00f1o blanco de tirantes, ba\u00f1ador Bandage de mangas Push-Up, ropa de playa 2021\" src=\"https:\/\/hereastore.com\/xs\/wp-content\/uploads\/sites\/16\/2021\/07\/83120-kt9tlv.jpg\" alt=\"Conjunto de Bikini de cintura alta para mujer, traje de ba\u00f1o blanco de tirantes, ba\u00f1ador Bandage de mangas Push-Up, ropa de playa 2021\" \/><img decoding=\"async\" title=\"Conjunto de Bikini de cintura alta para mujer, traje de ba\u00f1o blanco de tirantes, ba\u00f1ador Bandage de mangas Push-Up, ropa de playa 2021\" src=\"https:\/\/hereastore.com\/xs\/wp-content\/uploads\/sites\/16\/2021\/07\/83120-yb9glb.jpg\" alt=\"Conjunto de Bikini de cintura alta para mujer, traje de ba\u00f1o blanco de tirantes, ba\u00f1ador Bandage de mangas Push-Up, ropa de playa 2021\" \/><img decoding=\"async\" title=\"Conjunto de Bikini de cintura alta para mujer, traje de ba\u00f1o blanco de tirantes, ba\u00f1ador Bandage de mangas Push-Up, ropa de playa 2021\" src=\"https:\/\/hereastore.com\/xs\/wp-content\/uploads\/sites\/16\/2021\/07\/83120-znfh1g.jpg\" alt=\"Conjunto de Bikini de cintura alta para mujer, traje de ba\u00f1o blanco de tirantes, ba\u00f1ador Bandage de mangas Push-Up, ropa de playa 2021\" \/><img decoding=\"async\" title=\"Conjunto de Bikini de cintura alta para mujer, traje de ba\u00f1o blanco de tirantes, ba\u00f1ador Bandage de mangas Push-Up, ropa de playa 2021\" src=\"https:\/\/hereastore.com\/xs\/wp-content\/uploads\/sites\/16\/2021\/07\/83120-oxllyb.jpg\" alt=\"Conjunto de Bikini de cintura alta para mujer, traje de ba\u00f1o blanco de tirantes, ba\u00f1ador Bandage de mangas Push-Up, ropa de playa 2021\" \/><img decoding=\"async\" title=\"Conjunto de Bikini de cintura alta para mujer, traje de ba\u00f1o blanco de tirantes, ba\u00f1ador Bandage de mangas Push-Up, ropa de playa 2021\" src=\"https:\/\/hereastore.com\/xs\/wp-content\/uploads\/sites\/16\/2021\/07\/83120-rbt72b.jpg\" alt=\"Conjunto de Bikini de cintura alta para mujer, traje de ba\u00f1o blanco de tirantes, ba\u00f1ador Bandage de mangas Push-Up, ropa de playa 2021\" \/><img decoding=\"async\" style=\"margin-bottom: 10px;\" title=\"Conjunto de Bikini de cintura alta para mujer, traje de ba\u00f1o blanco de tirantes, ba\u00f1ador Bandage de mangas Push-Up, ropa de playa 2021\" src=\"https:\/\/hereastore.com\/xs\/wp-content\/uploads\/sites\/16\/2021\/07\/83120-bf2muw.jpg\" alt=\"Conjunto de Bikini de cintura alta para mujer, traje de ba\u00f1o blanco de tirantes, ba\u00f1ador Bandage de mangas Push-Up, ropa de playa 2021\" \/><img decoding=\"async\" title=\"Conjunto de Bikini de cintura alta para mujer, traje de ba\u00f1o blanco de tirantes, ba\u00f1ador Bandage de mangas Push-Up, ropa de playa 2021\" src=\"https:\/\/hereastore.com\/xs\/wp-content\/uploads\/sites\/16\/2021\/07\/83120-t5i2cw.jpg\" alt=\"Conjunto de Bikini de cintura alta para mujer, traje de ba\u00f1o blanco de tirantes, ba\u00f1ador Bandage de mangas Push-Up, ropa de playa 2021\" \/><img decoding=\"async\" title=\"Conjunto de Bikini de cintura alta para mujer, traje de ba\u00f1o blanco de tirantes, ba\u00f1ador Bandage de mangas Push-Up, ropa de playa 2021\" src=\"https:\/\/hereastore.com\/xs\/wp-content\/uploads\/sites\/16\/2021\/07\/83120-emjbz3.jpg\" alt=\"Conjunto de Bikini de cintura alta para mujer, traje de ba\u00f1o blanco de tirantes, ba\u00f1ador Bandage de mangas Push-Up, ropa de playa 2021\" \/><img decoding=\"async\" title=\"Conjunto de Bikini de cintura alta para mujer, traje de ba\u00f1o blanco de tirantes, ba\u00f1ador Bandage de mangas Push-Up, ropa de playa 2021\" src=\"https:\/\/hereastore.com\/xs\/wp-content\/uploads\/sites\/16\/2021\/07\/83120-9qplly.jpg\" alt=\"Conjunto de Bikini de cintura alta para mujer, traje de ba\u00f1o blanco de tirantes, ba\u00f1ador Bandage de mangas Push-Up, ropa de playa 2021\" \/><img decoding=\"async\" title=\"Conjunto de Bikini de cintura alta para mujer, traje de ba\u00f1o blanco de tirantes, ba\u00f1ador Bandage de mangas Push-Up, ropa de playa 2021\" src=\"https:\/\/hereastore.com\/xs\/wp-content\/uploads\/sites\/16\/2021\/07\/83120-oxyimr.jpg\" alt=\"Conjunto de Bikini de cintura alta para mujer, traje de ba\u00f1o blanco de tirantes, ba\u00f1ador Bandage de mangas Push-Up, ropa de playa 2021\" \/><img decoding=\"async\" title=\"Conjunto de Bikini de cintura alta para mujer, traje de ba\u00f1o blanco de tirantes, ba\u00f1ador Bandage de mangas Push-Up, ropa de playa 2021\" src=\"https:\/\/hereastore.com\/xs\/wp-content\/uploads\/sites\/16\/2021\/07\/83120-w3pjcp.jpg\" alt=\"Conjunto de Bikini de cintura alta para mujer, traje de ba\u00f1o blanco de tirantes, ba\u00f1ador Bandage de mangas Push-Up, ropa de playa 2021\" \/><\/div>\n<div><img decoding=\"async\" title=\"Conjunto de Bikini de cintura alta para mujer, traje de ba\u00f1o blanco de tirantes, ba\u00f1ador Bandage de mangas Push-Up, ropa de playa 2021\" src=\"https:\/\/hereastore.com\/xs\/wp-content\/uploads\/sites\/16\/2021\/07\/83120-zwtzkg.jpg\" alt=\"Conjunto de Bikini de cintura alta para mujer, traje de ba\u00f1o blanco de tirantes, ba\u00f1ador Bandage de mangas Push-Up, ropa de playa 2021\" \/><img decoding=\"async\" title=\"Conjunto de Bikini de cintura alta para mujer, traje de ba\u00f1o blanco de tirantes, ba\u00f1ador Bandage de mangas Push-Up, ropa de playa 2021\" src=\"https:\/\/hereastore.com\/xs\/wp-content\/uploads\/sites\/16\/2021\/07\/83120-l98jgu.jpg\" alt=\"Conjunto de Bikini de cintura alta para mujer, traje de ba\u00f1o blanco de tirantes, ba\u00f1ador Bandage de mangas Push-Up, ropa de playa 2021\" \/><img decoding=\"async\" title=\"Conjunto de Bikini de cintura alta para mujer, traje de ba\u00f1o blanco de tirantes, ba\u00f1ador Bandage de mangas Push-Up, ropa de playa 2021\" src=\"https:\/\/hereastore.com\/xs\/wp-content\/uploads\/sites\/16\/2021\/07\/83120-ote6cj.jpg\" alt=\"Conjunto de Bikini de cintura alta para mujer, traje de ba\u00f1o blanco de tirantes, ba\u00f1ador Bandage de mangas Push-Up, ropa de playa 2021\" \/><img decoding=\"async\" title=\"Conjunto de Bikini de cintura alta para mujer, traje de ba\u00f1o blanco de tirantes, ba\u00f1ador Bandage de mangas Push-Up, ropa de playa 2021\" src=\"https:\/\/hereastore.com\/xs\/wp-content\/uploads\/sites\/16\/2021\/07\/83120-z1qeca.jpg\" alt=\"Conjunto de Bikini de cintura alta para mujer, traje de ba\u00f1o blanco de tirantes, ba\u00f1ador Bandage de mangas Push-Up, ropa de playa 2021\" \/><img decoding=\"async\" title=\"Conjunto de Bikini de cintura alta para mujer, traje de ba\u00f1o blanco de tirantes, ba\u00f1ador Bandage de mangas Push-Up, ropa de playa 2021\" src=\"https:\/\/hereastore.com\/xs\/wp-content\/uploads\/sites\/16\/2021\/07\/83120-bkhclk.jpg\" alt=\"Conjunto de Bikini de cintura alta para mujer, traje de ba\u00f1o blanco de tirantes, ba\u00f1ador Bandage de mangas Push-Up, ropa de playa 2021\" \/><\/div>\n<div><img decoding=\"async\" title=\"Conjunto de Bikini de cintura alta para mujer, traje de ba\u00f1o blanco de tirantes, ba\u00f1ador Bandage de mangas Push-Up, ropa de playa 2021\" src=\"https:\/\/hereastore.com\/xs\/wp-content\/uploads\/sites\/16\/2021\/07\/83120-1mwjeo.jpg\" alt=\"Conjunto de Bikini de cintura alta para mujer, traje de ba\u00f1o blanco de tirantes, ba\u00f1ador Bandage de mangas Push-Up, ropa de playa 2021\" \/><img decoding=\"async\" title=\"Conjunto de Bikini de cintura alta para mujer, traje de ba\u00f1o blanco de tirantes, ba\u00f1ador Bandage de mangas Push-Up, ropa de playa 2021\" src=\"https:\/\/hereastore.com\/xs\/wp-content\/uploads\/sites\/16\/2021\/07\/83120-htgrhb.jpg\" alt=\"Conjunto de Bikini de cintura alta para mujer, traje de ba\u00f1o blanco de tirantes, ba\u00f1ador Bandage de mangas Push-Up, ropa de playa 2021\" \/><\/div>\n<div><img decoding=\"async\" title=\"Conjunto de Bikini de cintura alta para mujer, traje de ba\u00f1o blanco de tirantes, ba\u00f1ador Bandage de mangas Push-Up, ropa de playa 2021\" src=\"https:\/\/hereastore.com\/xs\/wp-content\/uploads\/sites\/16\/2021\/07\/83120-rnqzjc.jpg\" alt=\"Conjunto de Bikini de cintura alta para mujer, traje de ba\u00f1o blanco de tirantes, ba\u00f1ador Bandage de mangas Push-Up, ropa de playa 2021\" \/><img decoding=\"async\" title=\"Conjunto de Bikini de cintura alta para mujer, traje de ba\u00f1o blanco de tirantes, ba\u00f1ador Bandage de mangas Push-Up, ropa de playa 2021\" src=\"https:\/\/hereastore.com\/xs\/wp-content\/uploads\/sites\/16\/2021\/07\/83120-t2caiu.jpg\" alt=\"Conjunto de Bikini de cintura alta para mujer, traje de ba\u00f1o blanco de tirantes, ba\u00f1ador Bandage de mangas Push-Up, ropa de playa 2021\" \/><img decoding=\"async\" title=\"Conjunto de Bikini de cintura alta para mujer, traje de ba\u00f1o blanco de tirantes, ba\u00f1ador Bandage de mangas Push-Up, ropa de playa 2021\" src=\"https:\/\/hereastore.com\/xs\/wp-content\/uploads\/sites\/16\/2021\/07\/83120-pd2tb4.jpg\" alt=\"Conjunto de Bikini de cintura alta para mujer, traje de ba\u00f1o blanco de tirantes, ba\u00f1ador Bandage de mangas Push-Up, ropa de playa 2021\" \/><img decoding=\"async\" style=\"margin-bottom: 10px;\" title=\"Conjunto de Bikini de cintura alta para mujer, traje de ba\u00f1o blanco de tirantes, ba\u00f1ador Bandage de mangas Push-Up, ropa de playa 2021\" src=\"https:\/\/hereastore.com\/xs\/wp-content\/uploads\/sites\/16\/2021\/07\/83120-ccf8qd.jpg\" alt=\"Conjunto de Bikini de cintura alta para mujer, traje de ba\u00f1o blanco de tirantes, ba\u00f1ador Bandage de mangas Push-Up, ropa de playa 2021\" \/><img decoding=\"async\" style=\"margin-bottom: 10px;\" title=\"Conjunto de Bikini de cintura alta para mujer, traje de ba\u00f1o blanco de tirantes, ba\u00f1ador Bandage de mangas Push-Up, ropa de playa 2021\" src=\"https:\/\/hereastore.com\/xs\/wp-content\/uploads\/sites\/16\/2021\/07\/83120-esf0tk.jpg\" alt=\"Conjunto de Bikini de cintura alta para mujer, traje de ba\u00f1o blanco de tirantes, ba\u00f1ador Bandage de mangas Push-Up, ropa de playa 2021\" \/><img decoding=\"async\" style=\"margin-bottom: 10px;\" title=\"Conjunto de Bikini de cintura alta para mujer, traje de ba\u00f1o blanco de tirantes, ba\u00f1ador Bandage de mangas Push-Up, ropa de playa 2021\" src=\"https:\/\/hereastore.com\/xs\/wp-content\/uploads\/sites\/16\/2021\/07\/83120-l9ddpz.jpg\" alt=\"Conjunto de Bikini de cintura alta para mujer, traje de ba\u00f1o blanco de tirantes, ba\u00f1ador Bandage de mangas Push-Up, ropa de playa 2021\" \/><\/div>\n<div><img decoding=\"async\" title=\"Conjunto de Bikini de cintura alta para mujer, traje de ba\u00f1o blanco de tirantes, ba\u00f1ador Bandage de mangas Push-Up, ropa de playa 2021\" src=\"https:\/\/hereastore.com\/xs\/wp-content\/uploads\/sites\/16\/2021\/07\/83120-ypovdm.jpg\" alt=\"Conjunto de Bikini de cintura alta para mujer, traje de ba\u00f1o blanco de tirantes, ba\u00f1ador Bandage de mangas Push-Up, ropa de playa 2021\" \/><img decoding=\"async\" title=\"Conjunto de Bikini de cintura alta para mujer, traje de ba\u00f1o blanco de tirantes, ba\u00f1ador Bandage de mangas Push-Up, ropa de playa 2021\" src=\"https:\/\/hereastore.com\/xs\/wp-content\/uploads\/sites\/16\/2021\/07\/83120-qsjk5r.jpg\" alt=\"Conjunto de Bikini de cintura alta para mujer, traje de ba\u00f1o blanco de tirantes, ba\u00f1ador Bandage de mangas Push-Up, ropa de playa 2021\" \/><img decoding=\"async\" title=\"Conjunto de Bikini de cintura alta para mujer, traje de ba\u00f1o blanco de tirantes, ba\u00f1ador Bandage de mangas Push-Up, ropa de playa 2021\" src=\"https:\/\/hereastore.com\/xs\/wp-content\/uploads\/sites\/16\/2021\/07\/83120-ny9ztz.jpg\" alt=\"Conjunto de Bikini de cintura alta para mujer, traje de ba\u00f1o blanco de tirantes, ba\u00f1ador Bandage de mangas Push-Up, ropa de playa 2021\" \/><\/div>\n","protected":false},"excerpt":{"rendered":"<p>Luce espectacular con nuestro traje de ba\u00f1o de dos piezas, dise\u00f1ado con control abdominal y hombreras para ofrecer el m\u00e1ximo soporte y estilo. Sus estampados \u00fanicos te har\u00e1n destacar, brind\u00e1ndote un look moderno y seguro. Ideal para quienes buscan combinar confort, elegancia y un toque de originalidad en la playa o la piscina. -Dise\u00f1os vibrantes: [&hellip;]<\/p>\n","protected":false},"featured_media":83258,"comment_status":"open","ping_status":"closed","template":"","meta":[],"product_brand":[],"product_cat":[234,15,6434],"product_tag":[],"class_list":{"0":"post-83120","1":"product","2":"type-product","3":"status-publish","4":"has-post-thumbnail","6":"product_cat-bikinis","7":"product_cat-todos","8":"product_cat-trajes-de-bano","9":"pa_a4a8fbf9f14b58bf488819-jsnj559d1","10":"pa_a4a8fbf9f14b58bf488819-jsnj559w1","11":"pa_a4a8fbf9f14b58bf488819-yx9603b1","12":"pa_a4a8fbf9f14b58bf488819-yx9603o1","13":"pa_a4a8fbf9f14b58bf488819-yx9603r1","15":"first","16":"instock","17":"shipping-taxable","18":"purchasable","19":"product-type-variable"},"_links":{"self":[{"href":"https:\/\/hereastore.com\/pe\/wp-json\/wp\/v2\/product\/83120","targetHints":{"allow":["GET"]}}],"collection":[{"href":"https:\/\/hereastore.com\/pe\/wp-json\/wp\/v2\/product"}],"about":[{"href":"https:\/\/hereastore.com\/pe\/wp-json\/wp\/v2\/types\/product"}],"replies":[{"embeddable":true,"href":"https:\/\/hereastore.com\/pe\/wp-json\/wp\/v2\/comments?post=83120"}],"version-history":[{"count":0,"href":"https:\/\/hereastore.com\/pe\/wp-json\/wp\/v2\/product\/83120\/revisions"}],"wp:featuredmedia":[{"embeddable":true,"href":"https:\/\/hereastore.com\/pe\/wp-json\/wp\/v2\/media\/83258"}],"wp:attachment":[{"href":"https:\/\/hereastore.com\/pe\/wp-json\/wp\/v2\/media?parent=83120"}],"wp:term":[{"taxonomy":"product_brand","embeddable":true,"href":"https:\/\/hereastore.com\/pe\/wp-json\/wp\/v2\/product_brand?post=83120"},{"taxonomy":"product_cat","embeddable":true,"href":"https:\/\/hereastore.com\/pe\/wp-json\/wp\/v2\/product_cat?post=83120"},{"taxonomy":"product_tag","embeddable":true,"href":"https:\/\/hereastore.com\/pe\/wp-json\/wp\/v2\/product_tag?post=83120"}],"curies":[{"name":"wp","href":"https:\/\/api.w.org\/{rel}","templated":true}]}}