{"id":83725,"date":"2021-08-29T17:19:53","date_gmt":"2021-08-29T20:19:53","guid":{"rendered":"https:\/\/hereastore.com\/xs\/producto\/banador-con-volantes-de-un-hombro-para-mujer-traje-de-bano-sexy-con-estampado-floral-monokini-para-playa\/"},"modified":"2026-04-04T05:03:23","modified_gmt":"2026-04-04T08:03:23","slug":"trajedebanoflora-2","status":"publish","type":"product","link":"https:\/\/hereastore.com\/pe\/producto\/trajedebanoflora-2\/","title":{"rendered":"Traje De Ba\u00f1o Flora"},"content":{"rendered":"<p>&nbsp;<\/p>\n<p>&nbsp;<\/p>\n<p>Aporta alegr\u00eda y dinamismo a tus d\u00edas de playa con nuestro traje de ba\u00f1o de una pieza con estampados coloridos y divertidos. Este dise\u00f1o vibrante y \u00fanico no solo realza tu figura, sino que tambi\u00e9n refleja tu esp\u00edritu aventurero y optimista. Perfecto para destacar y disfdniar del sol con estilo y diversi\u00f3n<\/p>\n<p>-Dise\u00f1o vibrante: Colores alegres que reflejan tu estilo \u00fanico y a\u00f1aden diversi\u00f3n a cada d\u00eda.<\/p>\n<p>\u00a1Compra con confianza!<\/p>\n<p>-Env\u00edo gratis a todo Per\u00fa: Est\u00e9s donde est\u00e9s, tu traje de ba\u00f1o llega directamente a tu puerta sin costo adicional.<\/p>\n<p>-Garant\u00eda de 30 d\u00edas: Si tu traje de ba\u00f1o sufre alg\u00fan desperfecto en la tela cuenta con una garant\u00eda con nosotros y obtienes tu devoluci\u00f3n.<\/p>\n<p>-Paga como prefieras: Aceptamos todos los m\u00e9todos de pago disponibles en Per\u00fa, con la opci\u00f3n de pagar en 3 a 6 cuotas sin inter\u00e9s.<\/p>\n<p>\u00a1No te pierdas esta oportunidad y lleva contigo estilo, comodidad y felicidad en tu look playero!<\/p>\n<div>\n<div>\n<div>\n<div>\n<p align=\"center\">\n<p style=\"text-align: center;\" align=\"center\"><img decoding=\"async\" title=\"Traje De Ba\u00f1o Flora\" src=\"https:\/\/hereastore.com\/xs\/wp-content\/uploads\/sites\/16\/2021\/08\/83725-0f9605.jpeg\" alt=\"Traje De Ba\u00f1o Flora\" \/><\/p>\n<p>&nbsp;<\/p>\n<p style=\"text-align: center;\" align=\"center\"><img decoding=\"async\" title=\"Traje De Ba\u00f1o Flora\" src=\"https:\/\/hereastore.com\/xs\/wp-content\/uploads\/sites\/16\/2021\/08\/83725-u3r9ki.jpg\" alt=\"Traje De Ba\u00f1o Flora\" \/><img decoding=\"async\" title=\"Traje De Ba\u00f1o Flora\" src=\"https:\/\/hereastore.com\/xs\/wp-content\/uploads\/sites\/16\/2021\/08\/83725-aiinez.jpg\" alt=\"Traje De Ba\u00f1o Flora\" \/><img decoding=\"async\" title=\"Traje De Ba\u00f1o Flora\" src=\"https:\/\/hereastore.com\/xs\/wp-content\/uploads\/sites\/16\/2021\/08\/83725-7uvshv.jpg\" alt=\"Traje De Ba\u00f1o Flora\" \/><img decoding=\"async\" title=\"Traje De Ba\u00f1o Flora\" src=\"https:\/\/hereastore.com\/xs\/wp-content\/uploads\/sites\/16\/2021\/08\/83725-qzzw8x.jpg\" alt=\"Traje De Ba\u00f1o Flora\" \/><img decoding=\"async\" title=\"Traje De Ba\u00f1o Flora\" src=\"https:\/\/hereastore.com\/xs\/wp-content\/uploads\/sites\/16\/2021\/08\/83725-hpjmfa.jpg\" alt=\"Traje De Ba\u00f1o Flora\" \/><img decoding=\"async\" title=\"Traje De Ba\u00f1o Flora\" src=\"https:\/\/hereastore.com\/xs\/wp-content\/uploads\/sites\/16\/2021\/08\/83725-egkce6.jpg\" alt=\"Traje De Ba\u00f1o Flora\" \/><img decoding=\"async\" title=\"Traje De Ba\u00f1o Flora\" src=\"https:\/\/hereastore.com\/xs\/wp-content\/uploads\/sites\/16\/2021\/08\/83725-02eguy.jpg\" alt=\"Traje De Ba\u00f1o Flora\" \/><img decoding=\"async\" title=\"Traje De Ba\u00f1o Flora\" src=\"https:\/\/hereastore.com\/xs\/wp-content\/uploads\/sites\/16\/2021\/08\/83725-vc85v1.jpg\" alt=\"Traje De Ba\u00f1o Flora\" \/><img decoding=\"async\" title=\"Traje De Ba\u00f1o Flora\" src=\"https:\/\/hereastore.com\/xs\/wp-content\/uploads\/sites\/16\/2021\/08\/83725-vpbxtm.jpg\" alt=\"Traje De Ba\u00f1o Flora\" \/><img decoding=\"async\" title=\"Traje De Ba\u00f1o Flora\" src=\"https:\/\/hereastore.com\/xs\/wp-content\/uploads\/sites\/16\/2021\/08\/83725-hsb4b6.jpg\" alt=\"Traje De Ba\u00f1o Flora\" \/><\/p>\n<p>&nbsp;<\/p>\n<p style=\"line-height: normal;\"><strong>P1: \u00bfQu\u00e9 talla debo elegir?<\/strong><\/p>\n<p style=\"line-height: normal;\">R: debe conocer su copa de busto. Bajo el pecho. Tama\u00f1o de la cintura y la cadera. Luego, mirando cuidadosamente la tabla de tallas, es para una referencia.<\/p>\n<p style=\"line-height: normal;\"><strong>P2: \u00bfC\u00f3mo s\u00e9 mi copa de busto?<\/strong><\/p>\n<p style=\"line-height: normal;\">R: Upbust -Underbust = tama\u00f1o de la Copa<\/p>\n<p style=\"line-height: normal;\">Taza A = 10CM<\/p>\n<p style=\"line-height: normal;\">Copa = 12,5 CM<\/p>\n<p style=\"line-height: normal;\">CupC = 15CM<\/p>\n<p style=\"line-height: normal;\">CupD = 17,5 CM<\/p>\n<p style=\"line-height: normal;\">CupE = 20CM<\/p>\n<p style=\"line-height: normal;\">\n<\/div>\n<\/div>\n<p>&nbsp;<\/p>\n<\/div>\n<\/div>\n","protected":false},"excerpt":{"rendered":"<p>&nbsp; &nbsp; Aporta alegr\u00eda y dinamismo a tus d\u00edas de playa con nuestro traje de ba\u00f1o de una pieza con estampados coloridos y divertidos. Este dise\u00f1o vibrante y \u00fanico no solo realza tu figura, sino que tambi\u00e9n refleja tu esp\u00edritu aventurero y optimista. Perfecto para destacar y disfdniar del sol con estilo y diversi\u00f3n -Dise\u00f1o [&hellip;]<\/p>\n","protected":false},"featured_media":83762,"comment_status":"open","ping_status":"closed","template":"","meta":[],"product_brand":[],"product_cat":[234,15],"product_tag":[],"class_list":{"0":"post-83725","1":"product","2":"type-product","3":"status-publish","4":"has-post-thumbnail","6":"product_cat-bikinis","7":"product_cat-todos","8":"pa_a4a8fbf9f14b58bf488819-sw19943b72","9":"pa_a4a8fbf9f14b58bf488819-sw19943bb4","10":"pa_a4a8fbf9f14b58bf488819-sw19943c1","11":"pa_a4a8fbf9f14b58bf488819-sw19943d2","12":"pa_a4a8fbf9f14b58bf488819-sw19943dg2","13":"pa_a4a8fbf9f14b58bf488819-sw19943dq1","14":"pa_a4a8fbf9f14b58bf488819-sw19943dt1","15":"pa_a4a8fbf9f14b58bf488819-sw19943g1","16":"pa_a4a8fbf9f14b58bf488819-sw19943ga","17":"pa_a4a8fbf9f14b58bf488819-sw19943gg","18":"pa_a4a8fbf9f14b58bf488819-sw19943gq1","19":"pa_a4a8fbf9f14b58bf488819-sw19943p61","20":"pa_a4a8fbf9f14b58bf488819-sw19943p71","21":"pa_a4a8fbf9f14b58bf488819-sw19943p84","22":"pa_a4a8fbf9f14b58bf488819-sw19943pp3","23":"pa_a4a8fbf9f14b58bf488819-sw19943r61","24":"pa_a4a8fbf9f14b58bf488819-sw19943r9","25":"pa_a4a8fbf9f14b58bf488819-sw19943z93","26":"pa_a4a8fbf9f14b58bf488819-sw19944b1","27":"pa_a4a8fbf9f14b58bf488819-sw19950b1","28":"pa_f294abc323c8581b087d9a-l","29":"pa_f294abc323c8581b087d9a-m","30":"pa_f294abc323c8581b087d9a-s","31":"pa_f294abc323c8581b087d9a-xl","33":"first","34":"instock","35":"sale","36":"shipping-taxable","37":"purchasable","38":"product-type-variable"},"_links":{"self":[{"href":"https:\/\/hereastore.com\/pe\/wp-json\/wp\/v2\/product\/83725","targetHints":{"allow":["GET"]}}],"collection":[{"href":"https:\/\/hereastore.com\/pe\/wp-json\/wp\/v2\/product"}],"about":[{"href":"https:\/\/hereastore.com\/pe\/wp-json\/wp\/v2\/types\/product"}],"replies":[{"embeddable":true,"href":"https:\/\/hereastore.com\/pe\/wp-json\/wp\/v2\/comments?post=83725"}],"version-history":[{"count":0,"href":"https:\/\/hereastore.com\/pe\/wp-json\/wp\/v2\/product\/83725\/revisions"}],"wp:featuredmedia":[{"embeddable":true,"href":"https:\/\/hereastore.com\/pe\/wp-json\/wp\/v2\/media\/83762"}],"wp:attachment":[{"href":"https:\/\/hereastore.com\/pe\/wp-json\/wp\/v2\/media?parent=83725"}],"wp:term":[{"taxonomy":"product_brand","embeddable":true,"href":"https:\/\/hereastore.com\/pe\/wp-json\/wp\/v2\/product_brand?post=83725"},{"taxonomy":"product_cat","embeddable":true,"href":"https:\/\/hereastore.com\/pe\/wp-json\/wp\/v2\/product_cat?post=83725"},{"taxonomy":"product_tag","embeddable":true,"href":"https:\/\/hereastore.com\/pe\/wp-json\/wp\/v2\/product_tag?post=83725"}],"curies":[{"name":"wp","href":"https:\/\/api.w.org\/{rel}","templated":true}]}}