{"id":83859,"date":"2021-08-29T17:22:30","date_gmt":"2021-08-29T20:22:30","guid":{"rendered":"https:\/\/hereastore.com\/xs\/producto\/banador-con-estampado-floral-de-volantes-para-mujer-traje-de-bano-sexy-de-porcelana-azul-y-blanca-ropa-de-playa-en-v-profundo-con-escote-novedad-de-2021\/"},"modified":"2026-01-12T22:43:04","modified_gmt":"2026-01-13T01:43:04","slug":"trajedebanosuavemar","status":"publish","type":"product","link":"https:\/\/hereastore.com\/pe\/producto\/trajedebanosuavemar\/","title":{"rendered":"Traje De Ba\u00f1o Suave Mar"},"content":{"rendered":"<div><\/div>\n<div><\/div>\n<div><\/div>\n<p>Luce sofisticada con nuestro traje de ba\u00f1o, dise\u00f1ado para combinar elegancia y comodidad. Con l\u00edneas limpias y detalles finos, este traje de ba\u00f1o es la opci\u00f3n perfecta para quienes buscan un look chic y distintivo en la playa o la piscina.<\/p>\n<p>-Dise\u00f1o vibrante: Colores alegres que reflejan tu estilo \u00fanico y a\u00f1aden diversi\u00f3n a cada d\u00eda.<\/p>\n<p>\u00a1Compra con confianza!<\/p>\n<p>-Env\u00edo gratis a todo Per\u00fa: Est\u00e9s donde est\u00e9s, tu traje de ba\u00f1o llega directamente a tu puerta sin costo adicional.<\/p>\n<p>-Garant\u00eda de 30 d\u00edas: Si tu traje de ba\u00f1o sufre alg\u00fan desperfecto en la tela cuenta con una garant\u00eda con nosotros y obtienes tu devoluci\u00f3n.<\/p>\n<p>-Paga como prefieras: Aceptamos todos los m\u00e9todos de pago disponibles en Per\u00fa, con la opci\u00f3n de pagar en 3 a 6 cuotas sin inter\u00e9s.<\/p>\n<p>\u00a1No te pierdas esta oportunidad y lleva contigo estilo, comodidad y felicidad en tu look playero!<\/p>\n<p>&nbsp;<\/p>\n<div>\n<div>\n<div>\n<p style=\"text-align: center;\" align=\"center\"><img decoding=\"async\" title=\"Traje De Ba\u00f1o Suave Mar\" src=\"https:\/\/hereastore.com\/xs\/wp-content\/uploads\/sites\/16\/2021\/08\/83859-9e54d9.jpeg\" alt=\"Traje De Ba\u00f1o Suave Mar\" \/><\/p>\n<p><img decoding=\"async\" title=\"Traje De Ba\u00f1o Suave Mar\" src=\"https:\/\/hereastore.com\/xs\/wp-content\/uploads\/sites\/16\/2021\/08\/83859-rsoleu.jpg\" alt=\"Traje De Ba\u00f1o Suave Mar\" \/><img decoding=\"async\" title=\"Traje De Ba\u00f1o Suave Mar\" src=\"https:\/\/hereastore.com\/xs\/wp-content\/uploads\/sites\/16\/2021\/08\/83859-hgoiw9.jpg\" alt=\"Traje De Ba\u00f1o Suave Mar\" \/><img decoding=\"async\" title=\"Traje De Ba\u00f1o Suave Mar\" src=\"https:\/\/hereastore.com\/xs\/wp-content\/uploads\/sites\/16\/2021\/08\/83859-qiu9nt.jpg\" alt=\"Traje De Ba\u00f1o Suave Mar\" \/><img decoding=\"async\" title=\"Traje De Ba\u00f1o Suave Mar\" src=\"https:\/\/hereastore.com\/xs\/wp-content\/uploads\/sites\/16\/2021\/08\/83859-uyja8n.jpg\" alt=\"Traje De Ba\u00f1o Suave Mar\" \/><img decoding=\"async\" title=\"Traje De Ba\u00f1o Suave Mar\" src=\"https:\/\/hereastore.com\/xs\/wp-content\/uploads\/sites\/16\/2021\/08\/83859-rr5ayx.jpg\" alt=\"Traje De Ba\u00f1o Suave Mar\" \/><img decoding=\"async\" title=\"Traje De Ba\u00f1o Suave Mar\" src=\"https:\/\/hereastore.com\/xs\/wp-content\/uploads\/sites\/16\/2021\/08\/83859-mq9y1k.jpg\" alt=\"Traje De Ba\u00f1o Suave Mar\" \/><img decoding=\"async\" title=\"Traje De Ba\u00f1o Suave Mar\" src=\"https:\/\/hereastore.com\/xs\/wp-content\/uploads\/sites\/16\/2021\/08\/83859-n4fhup.jpg\" alt=\"Traje De Ba\u00f1o Suave Mar\" \/><img decoding=\"async\" title=\"Traje De Ba\u00f1o Suave Mar\" src=\"https:\/\/hereastore.com\/xs\/wp-content\/uploads\/sites\/16\/2021\/08\/83859-26udjw.jpg\" alt=\"Traje De Ba\u00f1o Suave Mar\" \/><img decoding=\"async\" title=\"Traje De Ba\u00f1o Suave Mar\" src=\"https:\/\/hereastore.com\/xs\/wp-content\/uploads\/sites\/16\/2021\/08\/83859-y93egg.jpg\" alt=\"Traje De Ba\u00f1o Suave Mar\" \/><img decoding=\"async\" title=\"Traje De Ba\u00f1o Suave Mar\" src=\"https:\/\/hereastore.com\/xs\/wp-content\/uploads\/sites\/16\/2021\/08\/83859-dd2svp.jpg\" alt=\"Traje De Ba\u00f1o Suave Mar\" \/><img decoding=\"async\" title=\"Traje De Ba\u00f1o Suave Mar\" src=\"https:\/\/hereastore.com\/xs\/wp-content\/uploads\/sites\/16\/2021\/08\/83859-mcogv5.jpg\" alt=\"Traje De Ba\u00f1o Suave Mar\" \/><img decoding=\"async\" title=\"Traje De Ba\u00f1o Suave Mar\" src=\"https:\/\/hereastore.com\/xs\/wp-content\/uploads\/sites\/16\/2021\/08\/83859-mirwqx.jpg\" alt=\"Traje De Ba\u00f1o Suave Mar\" \/><img decoding=\"async\" title=\"Traje De Ba\u00f1o Suave Mar\" src=\"https:\/\/hereastore.com\/xs\/wp-content\/uploads\/sites\/16\/2021\/08\/83859-zhznsj.jpg\" alt=\"Traje De Ba\u00f1o Suave Mar\" \/><img decoding=\"async\" title=\"Traje De Ba\u00f1o Suave Mar\" src=\"https:\/\/hereastore.com\/xs\/wp-content\/uploads\/sites\/16\/2021\/08\/83859-kkcrbl.jpg\" alt=\"Traje De Ba\u00f1o Suave Mar\" \/><img decoding=\"async\" title=\"Traje De Ba\u00f1o Suave Mar\" src=\"https:\/\/hereastore.com\/xs\/wp-content\/uploads\/sites\/16\/2021\/08\/83859-8lajjz.jpg\" alt=\"Traje De Ba\u00f1o Suave Mar\" \/><img decoding=\"async\" title=\"Traje De Ba\u00f1o Suave Mar\" src=\"https:\/\/hereastore.com\/xs\/wp-content\/uploads\/sites\/16\/2021\/08\/83859-xpmqsr.jpg\" alt=\"Traje De Ba\u00f1o Suave Mar\" \/><\/p>\n<div><\/div>\n<div><\/div>\n<div><\/div>\n<p>&nbsp;<\/p>\n<p>&nbsp;<\/p>\n<p>&nbsp;<\/p>\n<p>&nbsp;<\/p>\n<div>\n<p>&nbsp;<\/p>\n<\/div>\n<\/div>\n<div><\/div>\n<\/div>\n<p>&nbsp;<\/p>\n<\/div>\n","protected":false},"excerpt":{"rendered":"<p>Luce sofisticada con nuestro traje de ba\u00f1o, dise\u00f1ado para combinar elegancia y comodidad. Con l\u00edneas limpias y detalles finos, este traje de ba\u00f1o es la opci\u00f3n perfecta para quienes buscan un look chic y distintivo en la playa o la piscina. -Dise\u00f1o vibrante: Colores alegres que reflejan tu estilo \u00fanico y a\u00f1aden diversi\u00f3n a cada [&hellip;]<\/p>\n","protected":false},"featured_media":83932,"comment_status":"open","ping_status":"closed","template":"","meta":[],"product_brand":[],"product_cat":[234,15],"product_tag":[],"class_list":{"0":"post-83859","1":"product","2":"type-product","3":"status-publish","4":"has-post-thumbnail","6":"product_cat-bikinis","7":"product_cat-todos","8":"pa_a4a8fbf9f14b58bf488819-na23313d11","9":"pa_a4a8fbf9f14b58bf488819-na23313g11","10":"pa_a4a8fbf9f14b58bf488819-na23313p11","11":"pa_a4a8fbf9f14b58bf488819-na23313r11","12":"pa_f294abc323c8581b087d9a-l","13":"pa_f294abc323c8581b087d9a-m","14":"pa_f294abc323c8581b087d9a-s","16":"first","17":"instock","18":"shipping-taxable","19":"purchasable","20":"product-type-variable"},"_links":{"self":[{"href":"https:\/\/hereastore.com\/pe\/wp-json\/wp\/v2\/product\/83859","targetHints":{"allow":["GET"]}}],"collection":[{"href":"https:\/\/hereastore.com\/pe\/wp-json\/wp\/v2\/product"}],"about":[{"href":"https:\/\/hereastore.com\/pe\/wp-json\/wp\/v2\/types\/product"}],"replies":[{"embeddable":true,"href":"https:\/\/hereastore.com\/pe\/wp-json\/wp\/v2\/comments?post=83859"}],"version-history":[{"count":0,"href":"https:\/\/hereastore.com\/pe\/wp-json\/wp\/v2\/product\/83859\/revisions"}],"wp:featuredmedia":[{"embeddable":true,"href":"https:\/\/hereastore.com\/pe\/wp-json\/wp\/v2\/media\/83932"}],"wp:attachment":[{"href":"https:\/\/hereastore.com\/pe\/wp-json\/wp\/v2\/media?parent=83859"}],"wp:term":[{"taxonomy":"product_brand","embeddable":true,"href":"https:\/\/hereastore.com\/pe\/wp-json\/wp\/v2\/product_brand?post=83859"},{"taxonomy":"product_cat","embeddable":true,"href":"https:\/\/hereastore.com\/pe\/wp-json\/wp\/v2\/product_cat?post=83859"},{"taxonomy":"product_tag","embeddable":true,"href":"https:\/\/hereastore.com\/pe\/wp-json\/wp\/v2\/product_tag?post=83859"}],"curies":[{"name":"wp","href":"https:\/\/api.w.org\/{rel}","templated":true}]}}