{"id":83887,"date":"2021-08-29T17:22:51","date_gmt":"2021-08-29T20:22:51","guid":{"rendered":"https:\/\/hereastore.com\/xs\/producto\/banadores-de-una-pieza-para-mujer-trajes-de-bano-sexy-de-un-hombro-para-mujer-trajes-de-bano-con-aumento-ropa-de-playa-2021\/"},"modified":"2026-04-04T05:10:44","modified_gmt":"2026-04-04T08:10:44","slug":"trajedebanooleole","status":"publish","type":"product","link":"https:\/\/hereastore.com\/pe\/producto\/trajedebanooleole\/","title":{"rendered":"Traje De Ba\u00f1o Ole Ole"},"content":{"rendered":"<div>\n<div>\n<div><\/div>\n<div><\/div>\n<div><\/div>\n<div>Descubre nuestra exclusiva colecci\u00f3n de trajes de ba\u00f1o de una pieza, cada uno dise\u00f1ado para ofrecer una elegancia y singularidad incomparables. Desde cortes sofisticados hasta detalles \u00fanicos, cada traje est\u00e1 pensado para resaltar tu estilo y gracia natural. Perfectos para quienes buscan destacar con clase y originalidad en la playa o la piscina. \u00a1Elige el tuyo y brilla con confianza!<\/div>\n<\/div>\n<div><\/div>\n<div>\n<div>\n<p>\u00a1Compra con confianza!<\/p>\n<p>-Env\u00edo gratis a todo Per\u00fa: Est\u00e9s donde est\u00e9s, tu traje de ba\u00f1o llega directamente a tu puerta sin costo adicional.<\/p>\n<p>-Garant\u00eda de 30 d\u00edas: Si tu traje de ba\u00f1o sufre alg\u00fan desperfecto en la tela cuenta con una garant\u00eda con nosotros y obtienes tu devoluci\u00f3n.<\/p>\n<p>-Paga como prefieras: Aceptamos todos los m\u00e9todos de pago disponibles en Per\u00fa, con la opci\u00f3n de pagar en 3 a 6 cuotas sin inter\u00e9s.<\/p>\n<p>\u00a1No te pierdas esta oportunidad y lleva contigo estilo, comodidad y felicidad en tu look playero!<\/p>\n<\/div>\n<div><\/div>\n<div><\/div>\n<div><\/div>\n<div><\/div>\n<div><\/div>\n<div><img decoding=\"async\" title=\"Traje De Ba\u00f1o Ole Ole\" src=\"https:\/\/hereastore.com\/xs\/wp-content\/uploads\/sites\/16\/2021\/08\/83887-aa848b.jpeg\" alt=\"Traje De Ba\u00f1o Ole Ole\" \/><\/div>\n<div><\/div>\n<div><\/div>\n<div><img decoding=\"async\" title=\"Traje De Ba\u00f1o Ole Ole\" src=\"https:\/\/hereastore.com\/xs\/wp-content\/uploads\/sites\/16\/2021\/08\/83887-1sxpib.jpg\" alt=\"Traje De Ba\u00f1o Ole Ole\" \/><\/div>\n<div><img decoding=\"async\" title=\"Traje De Ba\u00f1o Ole Ole\" src=\"https:\/\/hereastore.com\/xs\/wp-content\/uploads\/sites\/16\/2021\/08\/83887-x5wnkk.jpg\" alt=\"Traje De Ba\u00f1o Ole Ole\" \/><\/div>\n<div><img decoding=\"async\" title=\"Traje De Ba\u00f1o Ole Ole\" src=\"https:\/\/hereastore.com\/xs\/wp-content\/uploads\/sites\/16\/2021\/08\/83887-jn92be.jpg\" alt=\"Traje De Ba\u00f1o Ole Ole\" \/><\/div>\n<div><img decoding=\"async\" title=\"Traje De Ba\u00f1o Ole Ole\" src=\"https:\/\/hereastore.com\/xs\/wp-content\/uploads\/sites\/16\/2021\/08\/83887-6gncxt.jpg\" alt=\"Traje De Ba\u00f1o Ole Ole\" \/><\/div>\n<div><img decoding=\"async\" title=\"Traje De Ba\u00f1o Ole Ole\" src=\"https:\/\/hereastore.com\/xs\/wp-content\/uploads\/sites\/16\/2021\/08\/83887-x1n5m7.jpg\" alt=\"Traje De Ba\u00f1o Ole Ole\" \/><\/div>\n<div><img decoding=\"async\" title=\"Traje De Ba\u00f1o Ole Ole\" src=\"https:\/\/hereastore.com\/xs\/wp-content\/uploads\/sites\/16\/2021\/08\/83887-dhbena.jpg\" alt=\"Traje De Ba\u00f1o Ole Ole\" \/><\/div>\n<div><img decoding=\"async\" title=\"Traje De Ba\u00f1o Ole Ole\" src=\"https:\/\/hereastore.com\/xs\/wp-content\/uploads\/sites\/16\/2021\/08\/83887-5ofkwu.jpg\" alt=\"Traje De Ba\u00f1o Ole Ole\" \/><\/div>\n<div><img decoding=\"async\" title=\"Traje De Ba\u00f1o Ole Ole\" src=\"https:\/\/hereastore.com\/xs\/wp-content\/uploads\/sites\/16\/2021\/08\/83887-u1px7c.jpg\" alt=\"Traje De Ba\u00f1o Ole Ole\" \/><\/div>\n<div>\n<p style=\"font-family: OpenSans; font-size: 14px; font-weight: 300; line-height: 20px; margin-bottom: 12px;\">Muestra del comprador<\/p>\n<\/div>\n<div><img decoding=\"async\" title=\"Traje De Ba\u00f1o Ole Ole\" src=\"https:\/\/hereastore.com\/xs\/wp-content\/uploads\/sites\/16\/2021\/08\/83887-51fzat.jpg\" alt=\"Traje De Ba\u00f1o Ole Ole\" \/><\/div>\n<div><img decoding=\"async\" title=\"Traje De Ba\u00f1o Ole Ole\" src=\"https:\/\/hereastore.com\/xs\/wp-content\/uploads\/sites\/16\/2021\/08\/83887-tiwaav.jpg\" alt=\"Traje De Ba\u00f1o Ole Ole\" \/><\/div>\n<div><img decoding=\"async\" title=\"Traje De Ba\u00f1o Ole Ole\" src=\"https:\/\/hereastore.com\/xs\/wp-content\/uploads\/sites\/16\/2021\/08\/83887-nxcv2s.jpg\" alt=\"Traje De Ba\u00f1o Ole Ole\" \/><\/div>\n<div><img decoding=\"async\" title=\"Traje De Ba\u00f1o Ole Ole\" src=\"https:\/\/hereastore.com\/xs\/wp-content\/uploads\/sites\/16\/2021\/08\/83887-dc8xa1.jpg\" alt=\"Traje De Ba\u00f1o Ole Ole\" \/><\/div>\n<div><img decoding=\"async\" title=\"Traje De Ba\u00f1o Ole Ole\" src=\"https:\/\/hereastore.com\/xs\/wp-content\/uploads\/sites\/16\/2021\/08\/83887-1uzrnx.jpg\" alt=\"Traje De Ba\u00f1o Ole Ole\" \/><\/div>\n<div><img decoding=\"async\" title=\"Traje De Ba\u00f1o Ole Ole\" src=\"https:\/\/hereastore.com\/xs\/wp-content\/uploads\/sites\/16\/2021\/08\/83887-s8gjym.jpg\" alt=\"Traje De Ba\u00f1o Ole Ole\" \/><img fetchpriority=\"high\" decoding=\"async\" title=\"Traje De Ba\u00f1o Ole Ole\" src=\"https:\/\/hereastore.com\/xs\/wp-content\/uploads\/sites\/16\/2021\/08\/83887-n5qxfe.jpg\" alt=\"Traje De Ba\u00f1o Ole Ole\" width=\"800\" height=\"999\" \/><img decoding=\"async\" title=\"Traje De Ba\u00f1o Ole Ole\" src=\"https:\/\/hereastore.com\/xs\/wp-content\/uploads\/sites\/16\/2021\/08\/83887-sjl0ay.jpg\" alt=\"Traje De Ba\u00f1o Ole Ole\" width=\"800\" height=\"1000\" \/><img decoding=\"async\" title=\"Traje De Ba\u00f1o Ole Ole\" src=\"https:\/\/hereastore.com\/xs\/wp-content\/uploads\/sites\/16\/2021\/08\/83887-780uft.jpg\" alt=\"Traje De Ba\u00f1o Ole Ole\" \/><img decoding=\"async\" title=\"Traje De Ba\u00f1o Ole Ole\" src=\"https:\/\/hereastore.com\/xs\/wp-content\/uploads\/sites\/16\/2021\/08\/83887-m2qe3a.jpg\" alt=\"Traje De Ba\u00f1o Ole Ole\" \/><img decoding=\"async\" title=\"Traje De Ba\u00f1o Ole Ole\" src=\"https:\/\/hereastore.com\/xs\/wp-content\/uploads\/sites\/16\/2021\/08\/83887-4ho8jb.jpg\" alt=\"Traje De Ba\u00f1o Ole Ole\" \/><img decoding=\"async\" title=\"Traje De Ba\u00f1o Ole Ole\" src=\"https:\/\/hereastore.com\/xs\/wp-content\/uploads\/sites\/16\/2021\/08\/83887-ukriee.jpg\" alt=\"Traje De Ba\u00f1o Ole Ole\" \/><img decoding=\"async\" title=\"Traje De Ba\u00f1o Ole Ole\" src=\"https:\/\/hereastore.com\/xs\/wp-content\/uploads\/sites\/16\/2021\/08\/83887-w3squx.jpg\" alt=\"Traje De Ba\u00f1o Ole Ole\" \/><\/div>\n<div><img decoding=\"async\" title=\"Traje De Ba\u00f1o Ole Ole\" src=\"https:\/\/hereastore.com\/xs\/wp-content\/uploads\/sites\/16\/2021\/08\/83887-lcqsbw.jpg\" alt=\"Traje De Ba\u00f1o Ole Ole\" \/><\/div>\n<div><\/div>\n<div><img decoding=\"async\" title=\"Traje De Ba\u00f1o Ole Ole\" src=\"https:\/\/hereastore.com\/xs\/wp-content\/uploads\/sites\/16\/2021\/08\/83887-3rpcus.jpg\" alt=\"Traje De Ba\u00f1o Ole Ole\" \/><\/div>\n<div><img decoding=\"async\" title=\"Traje De Ba\u00f1o Ole Ole\" src=\"https:\/\/hereastore.com\/xs\/wp-content\/uploads\/sites\/16\/2021\/08\/83887-djqebd.jpg\" alt=\"Traje De Ba\u00f1o Ole Ole\" \/><\/div>\n<div><img decoding=\"async\" title=\"Traje De Ba\u00f1o Ole Ole\" src=\"https:\/\/hereastore.com\/xs\/wp-content\/uploads\/sites\/16\/2021\/08\/83887-7q4uvu.jpg\" alt=\"Traje De Ba\u00f1o Ole Ole\" \/><\/div>\n<div><img decoding=\"async\" title=\"Traje De Ba\u00f1o Ole Ole\" src=\"https:\/\/hereastore.com\/xs\/wp-content\/uploads\/sites\/16\/2021\/08\/83887-f7maco.jpg\" alt=\"Traje De Ba\u00f1o Ole Ole\" \/><img decoding=\"async\" title=\"Traje De Ba\u00f1o Ole Ole\" src=\"https:\/\/hereastore.com\/xs\/wp-content\/uploads\/sites\/16\/2021\/08\/83887-vflnzd.jpg\" alt=\"Traje De Ba\u00f1o Ole Ole\" \/><img decoding=\"async\" title=\"Traje De Ba\u00f1o Ole Ole\" src=\"https:\/\/hereastore.com\/xs\/wp-content\/uploads\/sites\/16\/2021\/08\/83887-gv6fpe.jpg\" alt=\"Traje De Ba\u00f1o Ole Ole\" \/><img decoding=\"async\" title=\"Traje De Ba\u00f1o Ole Ole\" src=\"https:\/\/hereastore.com\/xs\/wp-content\/uploads\/sites\/16\/2021\/08\/83887-34na5m.jpg\" alt=\"Traje De Ba\u00f1o Ole Ole\" \/><img decoding=\"async\" title=\"Traje De Ba\u00f1o Ole Ole\" src=\"https:\/\/hereastore.com\/xs\/wp-content\/uploads\/sites\/16\/2021\/08\/83887-rx50qu.jpg\" alt=\"Traje De Ba\u00f1o Ole Ole\" \/><\/div>\n<p><img decoding=\"async\" title=\"Traje De Ba\u00f1o Ole Ole\" src=\"https:\/\/hereastore.com\/xs\/wp-content\/uploads\/sites\/16\/2021\/08\/83887-shvgtj.jpg\" alt=\"Traje De Ba\u00f1o Ole Ole\" \/><img decoding=\"async\" title=\"Traje De Ba\u00f1o Ole Ole\" src=\"https:\/\/hereastore.com\/xs\/wp-content\/uploads\/sites\/16\/2021\/08\/83887-trw2g1.jpg\" alt=\"Traje De Ba\u00f1o Ole Ole\" \/><\/p>\n<\/div>\n<\/div>\n","protected":false},"excerpt":{"rendered":"<p>Descubre nuestra exclusiva colecci\u00f3n de trajes de ba\u00f1o de una pieza, cada uno dise\u00f1ado para ofrecer una elegancia y singularidad incomparables. Desde cortes sofisticados hasta detalles \u00fanicos, cada traje est\u00e1 pensado para resaltar tu estilo y gracia natural. Perfectos para quienes buscan destacar con clase y originalidad en la playa o la piscina. \u00a1Elige el [&hellip;]<\/p>\n","protected":false},"featured_media":84082,"comment_status":"open","ping_status":"closed","template":"","meta":[],"product_brand":[],"product_cat":[234,15],"product_tag":[],"class_list":{"0":"post-83887","1":"product","2":"type-product","3":"status-publish","4":"has-post-thumbnail","6":"product_cat-bikinis","7":"product_cat-todos","8":"pa_a4a8fbf9f14b58bf488819-cs18155w1","9":"pa_a4a8fbf9f14b58bf488819-cu6786w2","10":"pa_a4a8fbf9f14b58bf488819-dh18047d2","11":"pa_a4a8fbf9f14b58bf488819-ld19188w1","12":"pa_a4a8fbf9f14b58bf488819-mo21403w1","13":"pa_a4a8fbf9f14b58bf488819-tz21222b1","14":"pa_a4a8fbf9f14b58bf488819-ya17001d3","15":"pa_f294abc323c8581b087d9a-l","16":"pa_f294abc323c8581b087d9a-m","17":"pa_f294abc323c8581b087d9a-s","18":"pa_f294abc323c8581b087d9a-xl","20":"first","21":"instock","22":"shipping-taxable","23":"purchasable","24":"product-type-variable"},"_links":{"self":[{"href":"https:\/\/hereastore.com\/pe\/wp-json\/wp\/v2\/product\/83887","targetHints":{"allow":["GET"]}}],"collection":[{"href":"https:\/\/hereastore.com\/pe\/wp-json\/wp\/v2\/product"}],"about":[{"href":"https:\/\/hereastore.com\/pe\/wp-json\/wp\/v2\/types\/product"}],"replies":[{"embeddable":true,"href":"https:\/\/hereastore.com\/pe\/wp-json\/wp\/v2\/comments?post=83887"}],"version-history":[{"count":0,"href":"https:\/\/hereastore.com\/pe\/wp-json\/wp\/v2\/product\/83887\/revisions"}],"wp:featuredmedia":[{"embeddable":true,"href":"https:\/\/hereastore.com\/pe\/wp-json\/wp\/v2\/media\/84082"}],"wp:attachment":[{"href":"https:\/\/hereastore.com\/pe\/wp-json\/wp\/v2\/media?parent=83887"}],"wp:term":[{"taxonomy":"product_brand","embeddable":true,"href":"https:\/\/hereastore.com\/pe\/wp-json\/wp\/v2\/product_brand?post=83887"},{"taxonomy":"product_cat","embeddable":true,"href":"https:\/\/hereastore.com\/pe\/wp-json\/wp\/v2\/product_cat?post=83887"},{"taxonomy":"product_tag","embeddable":true,"href":"https:\/\/hereastore.com\/pe\/wp-json\/wp\/v2\/product_tag?post=83887"}],"curies":[{"name":"wp","href":"https:\/\/api.w.org\/{rel}","templated":true}]}}