{"id":88784,"date":"2021-09-07T12:11:59","date_gmt":"2021-09-07T15:11:59","guid":{"rendered":"https:\/\/hereastore.com\/xs\/producto\/conjunto-de-bikini-con-estampado-de-girasoles-para-mujer-ropa-de-bano-sexy-banador-con-relleno-de-realce-traje-de-bano-de-estilo-vendaje-bikini-2021\/"},"modified":"2026-04-04T10:03:51","modified_gmt":"2026-04-04T13:03:51","slug":"bikinisunflower","status":"publish","type":"product","link":"https:\/\/hereastore.com\/pe\/producto\/bikinisunflower\/","title":{"rendered":"Bikini Sunflower"},"content":{"rendered":"<div><\/div>\n<div>\n<div>\n<div>\n<div><\/div>\n<\/div>\n<\/div>\n<\/div>\n<div><\/div>\n<div>Radiante y lleno de vida, nuestro traje de ba\u00f1o de dos piezas con dibujos de girasoles es perfecto para quienes buscan un toque de alegr\u00eda en su look playero. Este dise\u00f1o vibrante y fresco no solo realza tu figura, sino que tambi\u00e9n captura la esencia del verano en cada detalle. \u00a1Luce espectacular y contagia alegr\u00eda en cada paso!<\/div>\n<div><\/div>\n<div><\/div>\n<div>\n<p>-Dise\u00f1o vibrante: Colores alegres que reflejan tu estilo \u00fanico y a\u00f1aden diversi\u00f3n a cada d\u00eda.<\/p>\n<p>\u00a1Compra con confianza!<\/p>\n<p>-Env\u00edo gratis a todo Per\u00fa: Est\u00e9s donde est\u00e9s, tu traje de ba\u00f1o llega directamente a tu puerta sin costo adicional.<\/p>\n<p>-Garant\u00eda de 30 d\u00edas: Si tu traje de ba\u00f1o sufre alg\u00fan desperfecto en la tela cuenta con una garant\u00eda con nosotros y obtienes tu devoluci\u00f3n.<\/p>\n<p>-Paga como prefieras: Aceptamos todos los m\u00e9todos de pago disponibles en Per\u00fa, con la opci\u00f3n de pagar en 3 a 6 cuotas sin inter\u00e9s.<\/p>\n<p>\u00a1No te pierdas esta oportunidad y lleva contigo estilo, comodidad y felicidad en tu look playero!<\/p>\n<\/div>\n<div><\/div>\n<div><\/div>\n<div>\n<div><\/div>\n<div><\/div>\n<div>\n<div>\n<div><\/div>\n<div>\n<p style=\"text-align: left; margin: 0;\"><img decoding=\"async\" title=\"Conjunto de Bikini con estampado de girasoles para Mujer, ropa de ba\u00f1o Sexy, ba\u00f1ador con relleno de realce, traje de ba\u00f1o de estilo vendaje, Bikini 2021\" src=\"https:\/\/hereastore.com\/xs\/wp-content\/uploads\/sites\/16\/2021\/09\/88784-f0zczq.jpg\" alt=\"Conjunto de Bikini con estampado de girasoles para Mujer, ropa de ba\u00f1o Sexy, ba\u00f1ador con relleno de realce, traje de ba\u00f1o de estilo vendaje, Bikini 2021\" \/><img decoding=\"async\" class=\"aligncenter\" title=\"Conjunto de Bikini con estampado de girasoles para Mujer, ropa de ba\u00f1o Sexy, ba\u00f1ador con relleno de realce, traje de ba\u00f1o de estilo vendaje, Bikini 2021\" src=\"https:\/\/hereastore.com\/xs\/wp-content\/uploads\/sites\/16\/2021\/09\/88784-8dbd2a.jpg\" alt=\"Conjunto de Bikini con estampado de girasoles para Mujer, ropa de ba\u00f1o Sexy, ba\u00f1ador con relleno de realce, traje de ba\u00f1o de estilo vendaje, Bikini 2021\" \/><img decoding=\"async\" title=\"Conjunto de Bikini con estampado de girasoles para Mujer, ropa de ba\u00f1o Sexy, ba\u00f1ador con relleno de realce, traje de ba\u00f1o de estilo vendaje, Bikini 2021\" src=\"https:\/\/hereastore.com\/xs\/wp-content\/uploads\/sites\/16\/2021\/09\/88784-7muech.jpg\" alt=\"Conjunto de Bikini con estampado de girasoles para Mujer, ropa de ba\u00f1o Sexy, ba\u00f1ador con relleno de realce, traje de ba\u00f1o de estilo vendaje, Bikini 2021\" \/><img decoding=\"async\" title=\"Conjunto de Bikini con estampado de girasoles para Mujer, ropa de ba\u00f1o Sexy, ba\u00f1ador con relleno de realce, traje de ba\u00f1o de estilo vendaje, Bikini 2021\" src=\"https:\/\/hereastore.com\/xs\/wp-content\/uploads\/sites\/16\/2021\/09\/88784-16rrvd.jpg\" alt=\"Conjunto de Bikini con estampado de girasoles para Mujer, ropa de ba\u00f1o Sexy, ba\u00f1ador con relleno de realce, traje de ba\u00f1o de estilo vendaje, Bikini 2021\" \/><img decoding=\"async\" title=\"Conjunto de Bikini con estampado de girasoles para Mujer, ropa de ba\u00f1o Sexy, ba\u00f1ador con relleno de realce, traje de ba\u00f1o de estilo vendaje, Bikini 2021\" src=\"https:\/\/hereastore.com\/xs\/wp-content\/uploads\/sites\/16\/2021\/09\/88784-vummkd.jpg\" alt=\"Conjunto de Bikini con estampado de girasoles para Mujer, ropa de ba\u00f1o Sexy, ba\u00f1ador con relleno de realce, traje de ba\u00f1o de estilo vendaje, Bikini 2021\" \/><img decoding=\"async\" title=\"Conjunto de Bikini con estampado de girasoles para Mujer, ropa de ba\u00f1o Sexy, ba\u00f1ador con relleno de realce, traje de ba\u00f1o de estilo vendaje, Bikini 2021\" src=\"https:\/\/hereastore.com\/xs\/wp-content\/uploads\/sites\/16\/2021\/09\/88784-avifcw.jpg\" alt=\"Conjunto de Bikini con estampado de girasoles para Mujer, ropa de ba\u00f1o Sexy, ba\u00f1ador con relleno de realce, traje de ba\u00f1o de estilo vendaje, Bikini 2021\" \/><img decoding=\"async\" title=\"Conjunto de Bikini con estampado de girasoles para Mujer, ropa de ba\u00f1o Sexy, ba\u00f1ador con relleno de realce, traje de ba\u00f1o de estilo vendaje, Bikini 2021\" src=\"https:\/\/hereastore.com\/xs\/wp-content\/uploads\/sites\/16\/2021\/09\/88784-gnhakx.jpg\" alt=\"Conjunto de Bikini con estampado de girasoles para Mujer, ropa de ba\u00f1o Sexy, ba\u00f1ador con relleno de realce, traje de ba\u00f1o de estilo vendaje, Bikini 2021\" \/><\/p>\n<p style=\"text-align: left; margin: 0;\">\n<\/div>\n<\/div>\n<\/div>\n<\/div>\n","protected":false},"excerpt":{"rendered":"<p>Radiante y lleno de vida, nuestro traje de ba\u00f1o de dos piezas con dibujos de girasoles es perfecto para quienes buscan un toque de alegr\u00eda en su look playero. Este dise\u00f1o vibrante y fresco no solo realza tu figura, sino que tambi\u00e9n captura la esencia del verano en cada detalle. \u00a1Luce espectacular y contagia alegr\u00eda [&hellip;]<\/p>\n","protected":false},"featured_media":89051,"comment_status":"open","ping_status":"closed","template":"","meta":[],"product_brand":[],"product_cat":[234,15,6434],"product_tag":[],"class_list":{"0":"post-88784","1":"product","2":"type-product","3":"status-publish","4":"has-post-thumbnail","6":"product_cat-bikinis","7":"product_cat-todos","8":"product_cat-trajes-de-bano","9":"pa_679272393cd8d368fcf1cb-china","10":"pa_a4a8fbf9f14b58bf488819-black-3","11":"pa_a4a8fbf9f14b58bf488819-blue","12":"pa_a4a8fbf9f14b58bf488819-green","13":"pa_a4a8fbf9f14b58bf488819-green-4","14":"pa_a4a8fbf9f14b58bf488819-hot-pink","15":"pa_a4a8fbf9f14b58bf488819-light-green","16":"pa_a4a8fbf9f14b58bf488819-orange-771","17":"pa_a4a8fbf9f14b58bf488819-orange","18":"pa_a4a8fbf9f14b58bf488819-pink-2","19":"pa_a4a8fbf9f14b58bf488819-purple","20":"pa_a4a8fbf9f14b58bf488819-rainbow","21":"pa_a4a8fbf9f14b58bf488819-red-5","22":"pa_a4a8fbf9f14b58bf488819-sun","23":"pa_a4a8fbf9f14b58bf488819-sunflower-2","24":"pa_a4a8fbf9f14b58bf488819-verde","25":"pa_a4a8fbf9f14b58bf488819-white","26":"pa_a4a8fbf9f14b58bf488819-yellow-3-350850","27":"pa_a4a8fbf9f14b58bf488819-yellow-3","29":"first","30":"instock","31":"shipping-taxable","32":"purchasable","33":"product-type-variable"},"_links":{"self":[{"href":"https:\/\/hereastore.com\/pe\/wp-json\/wp\/v2\/product\/88784","targetHints":{"allow":["GET"]}}],"collection":[{"href":"https:\/\/hereastore.com\/pe\/wp-json\/wp\/v2\/product"}],"about":[{"href":"https:\/\/hereastore.com\/pe\/wp-json\/wp\/v2\/types\/product"}],"replies":[{"embeddable":true,"href":"https:\/\/hereastore.com\/pe\/wp-json\/wp\/v2\/comments?post=88784"}],"version-history":[{"count":0,"href":"https:\/\/hereastore.com\/pe\/wp-json\/wp\/v2\/product\/88784\/revisions"}],"wp:featuredmedia":[{"embeddable":true,"href":"https:\/\/hereastore.com\/pe\/wp-json\/wp\/v2\/media\/89051"}],"wp:attachment":[{"href":"https:\/\/hereastore.com\/pe\/wp-json\/wp\/v2\/media?parent=88784"}],"wp:term":[{"taxonomy":"product_brand","embeddable":true,"href":"https:\/\/hereastore.com\/pe\/wp-json\/wp\/v2\/product_brand?post=88784"},{"taxonomy":"product_cat","embeddable":true,"href":"https:\/\/hereastore.com\/pe\/wp-json\/wp\/v2\/product_cat?post=88784"},{"taxonomy":"product_tag","embeddable":true,"href":"https:\/\/hereastore.com\/pe\/wp-json\/wp\/v2\/product_tag?post=88784"}],"curies":[{"name":"wp","href":"https:\/\/api.w.org\/{rel}","templated":true}]}}