{"id":89120,"date":"2021-09-07T12:58:05","date_gmt":"2021-09-07T15:58:05","guid":{"rendered":"https:\/\/hereastore.com\/xs\/producto\/sexy-estampado-de-marmol-bikini-2021-mujeres-sujetador-con-aros-3-pieza-traje-de-bano-brasileno-traje-de-bano-para-playa-trajes-de-bano-traje\/"},"modified":"2026-04-04T10:09:29","modified_gmt":"2026-04-04T13:09:29","slug":"bikinicristalina","status":"publish","type":"product","link":"https:\/\/hereastore.com\/pe\/producto\/bikinicristalina\/","title":{"rendered":"Bikini Cristalina"},"content":{"rendered":"<div><\/div>\n<div><\/div>\n<div>\n<div>Luce impecable con nuestro traje de ba\u00f1o Cristalina con pareo incluido. Este conjunto no solo te ofrece estilo y comodidad, sino que tambi\u00e9n agrega un toque de sofisticaci\u00f3n a tus d\u00edas de playa. Confeccionado en materiales de alta calidad y con un dise\u00f1o que resalta tu figura, es la elecci\u00f3n perfecta para cualquier ocasi\u00f3n junto al agua.<\/div>\n<div><\/div>\n<div>\n<p>\u00bfPor qu\u00e9 te encantar\u00e1?<\/p>\n<p>-C\u00f3modo y funcional: Dise\u00f1ado para proporcionar soporte abdominal y comodidad en todo momento, perfecto para disfdniar de la playa, la piscina o cualquier actividad acu\u00e1tica.<\/p>\n<p>-Dise\u00f1os vibrantes: Colores alegres que reflejan tu estilo \u00fanico y a\u00f1aden diversi\u00f3n a cada d\u00eda.<\/p>\n<p>\u00a1Compra con confianza!<\/p>\n<p>-Env\u00edo gratis a todo Per\u00fa: Est\u00e9s donde est\u00e9s, tu traje de ba\u00f1o llega directamente a tu puerta sin costo adicional.<\/p>\n<p>-Garant\u00eda de 30 d\u00edas: Si tu traje de ba\u00f1o sufre alg\u00fan desperfecto en la tela cuenta con una garant\u00eda con nosotros y obtienes tu devoluci\u00f3n.<\/p>\n<p>-Paga como prefieras: Aceptamos todos los m\u00e9todos de pago disponibles en Per\u00fa, con la opci\u00f3n de pagar en 3 a 6 cuotas sin inter\u00e9s.<\/p>\n<p>\u00a1No te pierdas esta oportunidad y lleva contigo estilo, comodidad y felicidad en tu look playero!<\/p>\n<\/div>\n<\/div>\n<div><\/div>\n<div><\/div>\n<div style=\"text-align: center;\"><span style=\"font-size: 22px;\"><br \/>\n<img decoding=\"async\" title=\"Sexy estampado de m\u00e1rmol Bikini 2021 mujeres sujetador con aros 3 pieza traje de ba\u00f1o brasile\u00f1o traje de ba\u00f1o para playa trajes de ba\u00f1o traje\" src=\"https:\/\/hereastore.com\/xs\/wp-content\/uploads\/sites\/16\/2021\/09\/89120-2lcehy.jpg\" alt=\"Sexy estampado de m\u00e1rmol Bikini 2021 mujeres sujetador con aros 3 pieza traje de ba\u00f1o brasile\u00f1o traje de ba\u00f1o para playa trajes de ba\u00f1o traje\" \/><img decoding=\"async\" title=\"Sexy estampado de m\u00e1rmol Bikini 2021 mujeres sujetador con aros 3 pieza traje de ba\u00f1o brasile\u00f1o traje de ba\u00f1o para playa trajes de ba\u00f1o traje\" src=\"https:\/\/hereastore.com\/xs\/wp-content\/uploads\/sites\/16\/2021\/09\/89120-1jxpkj.jpg\" alt=\"Sexy estampado de m\u00e1rmol Bikini 2021 mujeres sujetador con aros 3 pieza traje de ba\u00f1o brasile\u00f1o traje de ba\u00f1o para playa trajes de ba\u00f1o traje\" \/><img decoding=\"async\" title=\"Sexy estampado de m\u00e1rmol Bikini 2021 mujeres sujetador con aros 3 pieza traje de ba\u00f1o brasile\u00f1o traje de ba\u00f1o para playa trajes de ba\u00f1o traje\" src=\"https:\/\/hereastore.com\/xs\/wp-content\/uploads\/sites\/16\/2021\/09\/89120-b6ts1l.jpg\" alt=\"Sexy estampado de m\u00e1rmol Bikini 2021 mujeres sujetador con aros 3 pieza traje de ba\u00f1o brasile\u00f1o traje de ba\u00f1o para playa trajes de ba\u00f1o traje\" \/><img decoding=\"async\" title=\"Sexy estampado de m\u00e1rmol Bikini 2021 mujeres sujetador con aros 3 pieza traje de ba\u00f1o brasile\u00f1o traje de ba\u00f1o para playa trajes de ba\u00f1o traje\" src=\"https:\/\/hereastore.com\/xs\/wp-content\/uploads\/sites\/16\/2021\/09\/89120-vendmz.jpg\" alt=\"Sexy estampado de m\u00e1rmol Bikini 2021 mujeres sujetador con aros 3 pieza traje de ba\u00f1o brasile\u00f1o traje de ba\u00f1o para playa trajes de ba\u00f1o traje\" \/><img decoding=\"async\" title=\"Sexy estampado de m\u00e1rmol Bikini 2021 mujeres sujetador con aros 3 pieza traje de ba\u00f1o brasile\u00f1o traje de ba\u00f1o para playa trajes de ba\u00f1o traje\" src=\"https:\/\/hereastore.com\/xs\/wp-content\/uploads\/sites\/16\/2021\/09\/89120-awh0xz.jpg\" alt=\"Sexy estampado de m\u00e1rmol Bikini 2021 mujeres sujetador con aros 3 pieza traje de ba\u00f1o brasile\u00f1o traje de ba\u00f1o para playa trajes de ba\u00f1o traje\" \/><img decoding=\"async\" title=\"Sexy estampado de m\u00e1rmol Bikini 2021 mujeres sujetador con aros 3 pieza traje de ba\u00f1o brasile\u00f1o traje de ba\u00f1o para playa trajes de ba\u00f1o traje\" src=\"https:\/\/hereastore.com\/xs\/wp-content\/uploads\/sites\/16\/2021\/09\/89120-yrrjo1.jpg\" alt=\"Sexy estampado de m\u00e1rmol Bikini 2021 mujeres sujetador con aros 3 pieza traje de ba\u00f1o brasile\u00f1o traje de ba\u00f1o para playa trajes de ba\u00f1o traje\" \/><img decoding=\"async\" title=\"Sexy estampado de m\u00e1rmol Bikini 2021 mujeres sujetador con aros 3 pieza traje de ba\u00f1o brasile\u00f1o traje de ba\u00f1o para playa trajes de ba\u00f1o traje\" src=\"https:\/\/hereastore.com\/xs\/wp-content\/uploads\/sites\/16\/2021\/09\/89120-ugkg5l.jpg\" alt=\"Sexy estampado de m\u00e1rmol Bikini 2021 mujeres sujetador con aros 3 pieza traje de ba\u00f1o brasile\u00f1o traje de ba\u00f1o para playa trajes de ba\u00f1o traje\" \/><img decoding=\"async\" title=\"Sexy estampado de m\u00e1rmol Bikini 2021 mujeres sujetador con aros 3 pieza traje de ba\u00f1o brasile\u00f1o traje de ba\u00f1o para playa trajes de ba\u00f1o traje\" src=\"https:\/\/hereastore.com\/xs\/wp-content\/uploads\/sites\/16\/2021\/09\/89120-wnb0go.jpg\" alt=\"Sexy estampado de m\u00e1rmol Bikini 2021 mujeres sujetador con aros 3 pieza traje de ba\u00f1o brasile\u00f1o traje de ba\u00f1o para playa trajes de ba\u00f1o traje\" \/><br \/>\n<img decoding=\"async\" title=\"Sexy estampado de m\u00e1rmol Bikini 2021 mujeres sujetador con aros 3 pieza traje de ba\u00f1o brasile\u00f1o traje de ba\u00f1o para playa trajes de ba\u00f1o traje\" src=\"https:\/\/hereastore.com\/xs\/wp-content\/uploads\/sites\/16\/2021\/09\/89120-k2jolb.jpg\" alt=\"Sexy estampado de m\u00e1rmol Bikini 2021 mujeres sujetador con aros 3 pieza traje de ba\u00f1o brasile\u00f1o traje de ba\u00f1o para playa trajes de ba\u00f1o traje\" \/><img decoding=\"async\" title=\"Sexy estampado de m\u00e1rmol Bikini 2021 mujeres sujetador con aros 3 pieza traje de ba\u00f1o brasile\u00f1o traje de ba\u00f1o para playa trajes de ba\u00f1o traje\" src=\"https:\/\/hereastore.com\/xs\/wp-content\/uploads\/sites\/16\/2021\/09\/89120-jcf4k3.jpg\" alt=\"Sexy estampado de m\u00e1rmol Bikini 2021 mujeres sujetador con aros 3 pieza traje de ba\u00f1o brasile\u00f1o traje de ba\u00f1o para playa trajes de ba\u00f1o traje\" \/><img decoding=\"async\" title=\"Sexy estampado de m\u00e1rmol Bikini 2021 mujeres sujetador con aros 3 pieza traje de ba\u00f1o brasile\u00f1o traje de ba\u00f1o para playa trajes de ba\u00f1o traje\" src=\"https:\/\/hereastore.com\/xs\/wp-content\/uploads\/sites\/16\/2021\/09\/89120-6lfbou.jpg\" alt=\"Sexy estampado de m\u00e1rmol Bikini 2021 mujeres sujetador con aros 3 pieza traje de ba\u00f1o brasile\u00f1o traje de ba\u00f1o para playa trajes de ba\u00f1o traje\" \/><\/span><br \/>\n<span style=\"color: #ffffff;\"><span style=\"font-size: 8px;\">a mujer, ropa para mujer<\/span><\/span><\/div>\n","protected":false},"excerpt":{"rendered":"<p>Luce impecable con nuestro traje de ba\u00f1o Cristalina con pareo incluido. Este conjunto no solo te ofrece estilo y comodidad, sino que tambi\u00e9n agrega un toque de sofisticaci\u00f3n a tus d\u00edas de playa. Confeccionado en materiales de alta calidad y con un dise\u00f1o que resalta tu figura, es la elecci\u00f3n perfecta para cualquier ocasi\u00f3n junto [&hellip;]<\/p>\n","protected":false},"featured_media":89289,"comment_status":"open","ping_status":"closed","template":"","meta":[],"product_brand":[],"product_cat":[234,15,6434],"product_tag":[],"class_list":{"0":"post-89120","1":"product","2":"type-product","3":"status-publish","4":"has-post-thumbnail","6":"product_cat-bikinis","7":"product_cat-todos","8":"product_cat-trajes-de-bano","9":"pa_1ef722433d607dd9d2b8b7-china","10":"pa_1ef722433d607dd9d2b8b7-estados-unidos","11":"pa_679272393cd8d368fcf1cb-china","12":"pa_a4a8fbf9f14b58bf488819-a","13":"pa_a4a8fbf9f14b58bf488819-b","14":"pa_a4a8fbf9f14b58bf488819-c","15":"pa_a4a8fbf9f14b58bf488819-d","16":"pa_a4a8fbf9f14b58bf488819-e","17":"pa_a4a8fbf9f14b58bf488819-f","18":"pa_a4a8fbf9f14b58bf488819-g","19":"pa_a4a8fbf9f14b58bf488819-h","20":"pa_a4a8fbf9f14b58bf488819-i","21":"pa_a4a8fbf9f14b58bf488819-j","22":"pa_a4a8fbf9f14b58bf488819-k","23":"pa_a4a8fbf9f14b58bf488819-l","24":"pa_a4a8fbf9f14b58bf488819-m","25":"pa_a4a8fbf9f14b58bf488819-n","26":"pa_a4a8fbf9f14b58bf488819-o","27":"pa_a4a8fbf9f14b58bf488819-p","28":"pa_a4a8fbf9f14b58bf488819-q","29":"pa_a4a8fbf9f14b58bf488819-r","30":"pa_a4a8fbf9f14b58bf488819-s","31":"pa_a4a8fbf9f14b58bf488819-s-203027873","32":"pa_a4a8fbf9f14b58bf488819-s-203322815","33":"pa_a4a8fbf9f14b58bf488819-t-202693815","34":"pa_a4a8fbf9f14b58bf488819-t-200006159","35":"pa_a4a8fbf9f14b58bf488819-t","36":"pa_a4a8fbf9f14b58bf488819-u","37":"pa_a4a8fbf9f14b58bf488819-u-2483468872","38":"pa_a4a8fbf9f14b58bf488819-v","39":"pa_a4a8fbf9f14b58bf488819-w","41":"first","42":"instock","43":"shipping-taxable","44":"product-type-variable"},"_links":{"self":[{"href":"https:\/\/hereastore.com\/pe\/wp-json\/wp\/v2\/product\/89120","targetHints":{"allow":["GET"]}}],"collection":[{"href":"https:\/\/hereastore.com\/pe\/wp-json\/wp\/v2\/product"}],"about":[{"href":"https:\/\/hereastore.com\/pe\/wp-json\/wp\/v2\/types\/product"}],"replies":[{"embeddable":true,"href":"https:\/\/hereastore.com\/pe\/wp-json\/wp\/v2\/comments?post=89120"}],"version-history":[{"count":0,"href":"https:\/\/hereastore.com\/pe\/wp-json\/wp\/v2\/product\/89120\/revisions"}],"wp:featuredmedia":[{"embeddable":true,"href":"https:\/\/hereastore.com\/pe\/wp-json\/wp\/v2\/media\/89289"}],"wp:attachment":[{"href":"https:\/\/hereastore.com\/pe\/wp-json\/wp\/v2\/media?parent=89120"}],"wp:term":[{"taxonomy":"product_brand","embeddable":true,"href":"https:\/\/hereastore.com\/pe\/wp-json\/wp\/v2\/product_brand?post=89120"},{"taxonomy":"product_cat","embeddable":true,"href":"https:\/\/hereastore.com\/pe\/wp-json\/wp\/v2\/product_cat?post=89120"},{"taxonomy":"product_tag","embeddable":true,"href":"https:\/\/hereastore.com\/pe\/wp-json\/wp\/v2\/product_tag?post=89120"}],"curies":[{"name":"wp","href":"https:\/\/api.w.org\/{rel}","templated":true}]}}