{"id":89334,"date":"2021-09-07T13:02:58","date_gmt":"2021-09-07T16:02:58","guid":{"rendered":"https:\/\/hereastore.com\/xs\/producto\/bikini-de-cintura-alta-para-mujer-traje-de-bano-para-playa-de-dos-piezas-con-cinturon-de-diamantes-de-imitacion-acolchado-de-realce-color-morado-liso\/"},"modified":"2026-04-04T10:10:12","modified_gmt":"2026-04-04T13:10:12","slug":"bikinialessandra","status":"publish","type":"product","link":"https:\/\/hereastore.com\/pe\/producto\/bikinialessandra\/","title":{"rendered":"Bikini Alessandra"},"content":{"rendered":"<div><\/div>\n<div><\/div>\n<div><\/div>\n<div>Realza tu figura y si\u00e9ntete segura con nuestro traje de ba\u00f1o con control abdominal. Dise\u00f1ado para proporcionar soporte y estilizar tu silueta, este traje combina funcionalidad y elegancia, ofreciendo un ajuste c\u00f3modo que te har\u00e1 lucir fabulosa en cualquier ocasi\u00f3n.<\/div>\n<div><\/div>\n<div>\n<p>\u00bfPor qu\u00e9 te encantar\u00e1?<\/p>\n<p>-C\u00f3modo y funcional: Dise\u00f1ado para proporcionar soporte abdominal y comodidad en todo momento, perfecto para disfdniar de la playa, la piscina o cualquier actividad acu\u00e1tica.<\/p>\n<p>-Dise\u00f1os vibrantes: Colores alegres que reflejan tu estilo \u00fanico y a\u00f1aden diversi\u00f3n a cada d\u00eda.<\/p>\n<p>\u00a1Compra con confianza!<\/p>\n<p>-Env\u00edo gratis a todo Per\u00fa: Est\u00e9s donde est\u00e9s, tu traje de ba\u00f1o llega directamente a tu puerta sin costo adicional.<\/p>\n<p>-Garant\u00eda de 30 d\u00edas: Si tu traje de ba\u00f1o sufre alg\u00fan desperfecto en la tela cuenta con una garant\u00eda con nosotros y obtienes tu devoluci\u00f3n.<\/p>\n<p>-Paga como prefieras: Aceptamos todos los m\u00e9todos de pago disponibles en Per\u00fa, con la opci\u00f3n de pagar en 3 a 6 cuotas sin inter\u00e9s.<\/p>\n<p>\u00a1No te pierdas esta oportunidad y lleva contigo estilo, comodidad y felicidad en tu look playero!<\/p>\n<\/div>\n<div><\/div>\n<div><\/div>\n<div><\/div>\n<div><\/div>\n<div>\n<div><\/div>\n<div>\n<p style=\"text-align: left; margin: 0;\"><img decoding=\"async\" title=\"Bikini de cintura alta para mujer, traje de ba\u00f1o para playa de dos piezas con cintur\u00f3n de diamantes de imitaci\u00f3n, acolchado de realce, color morado liso\" src=\"https:\/\/hereastore.com\/xs\/wp-content\/uploads\/sites\/16\/2021\/09\/89334-439bee.jpeg\" alt=\"Bikini de cintura alta para mujer, traje de ba\u00f1o para playa de dos piezas con cintur\u00f3n de diamantes de imitaci\u00f3n, acolchado de realce, color morado liso\" \/><img decoding=\"async\" title=\"Bikini de cintura alta para mujer, traje de ba\u00f1o para playa de dos piezas con cintur\u00f3n de diamantes de imitaci\u00f3n, acolchado de realce, color morado liso\" src=\"https:\/\/hereastore.com\/xs\/wp-content\/uploads\/sites\/16\/2021\/09\/89334-h15dn7.jpg\" alt=\"Bikini de cintura alta para mujer, traje de ba\u00f1o para playa de dos piezas con cintur\u00f3n de diamantes de imitaci\u00f3n, acolchado de realce, color morado liso\" \/><img decoding=\"async\" title=\"Bikini de cintura alta para mujer, traje de ba\u00f1o para playa de dos piezas con cintur\u00f3n de diamantes de imitaci\u00f3n, acolchado de realce, color morado liso\" src=\"https:\/\/hereastore.com\/xs\/wp-content\/uploads\/sites\/16\/2021\/09\/89334-qr1gak.jpg\" alt=\"Bikini de cintura alta para mujer, traje de ba\u00f1o para playa de dos piezas con cintur\u00f3n de diamantes de imitaci\u00f3n, acolchado de realce, color morado liso\" \/><img decoding=\"async\" title=\"Bikini de cintura alta para mujer, traje de ba\u00f1o para playa de dos piezas con cintur\u00f3n de diamantes de imitaci\u00f3n, acolchado de realce, color morado liso\" src=\"https:\/\/hereastore.com\/xs\/wp-content\/uploads\/sites\/16\/2021\/09\/89334-5kwrxm.jpg\" alt=\"Bikini de cintura alta para mujer, traje de ba\u00f1o para playa de dos piezas con cintur\u00f3n de diamantes de imitaci\u00f3n, acolchado de realce, color morado liso\" \/><img decoding=\"async\" title=\"Bikini de cintura alta para mujer, traje de ba\u00f1o para playa de dos piezas con cintur\u00f3n de diamantes de imitaci\u00f3n, acolchado de realce, color morado liso\" src=\"https:\/\/hereastore.com\/xs\/wp-content\/uploads\/sites\/16\/2021\/09\/89334-kbpsyd.jpg\" alt=\"Bikini de cintura alta para mujer, traje de ba\u00f1o para playa de dos piezas con cintur\u00f3n de diamantes de imitaci\u00f3n, acolchado de realce, color morado liso\" \/><img decoding=\"async\" title=\"Bikini de cintura alta para mujer, traje de ba\u00f1o para playa de dos piezas con cintur\u00f3n de diamantes de imitaci\u00f3n, acolchado de realce, color morado liso\" src=\"https:\/\/hereastore.com\/xs\/wp-content\/uploads\/sites\/16\/2021\/09\/89334-topb7x.jpg\" alt=\"Bikini de cintura alta para mujer, traje de ba\u00f1o para playa de dos piezas con cintur\u00f3n de diamantes de imitaci\u00f3n, acolchado de realce, color morado liso\" \/><img decoding=\"async\" title=\"Bikini de cintura alta para mujer, traje de ba\u00f1o para playa de dos piezas con cintur\u00f3n de diamantes de imitaci\u00f3n, acolchado de realce, color morado liso\" src=\"https:\/\/hereastore.com\/xs\/wp-content\/uploads\/sites\/16\/2021\/09\/89334-ab2mod.jpg\" alt=\"Bikini de cintura alta para mujer, traje de ba\u00f1o para playa de dos piezas con cintur\u00f3n de diamantes de imitaci\u00f3n, acolchado de realce, color morado liso\" \/><img decoding=\"async\" title=\"Bikini de cintura alta para mujer, traje de ba\u00f1o para playa de dos piezas con cintur\u00f3n de diamantes de imitaci\u00f3n, acolchado de realce, color morado liso\" src=\"https:\/\/hereastore.com\/xs\/wp-content\/uploads\/sites\/16\/2021\/09\/89334-noxi0o.jpg\" alt=\"Bikini de cintura alta para mujer, traje de ba\u00f1o para playa de dos piezas con cintur\u00f3n de diamantes de imitaci\u00f3n, acolchado de realce, color morado liso\" \/><img decoding=\"async\" title=\"Bikini de cintura alta para mujer, traje de ba\u00f1o para playa de dos piezas con cintur\u00f3n de diamantes de imitaci\u00f3n, acolchado de realce, color morado liso\" src=\"https:\/\/hereastore.com\/xs\/wp-content\/uploads\/sites\/16\/2021\/09\/89334-2suepd.jpg\" alt=\"Bikini de cintura alta para mujer, traje de ba\u00f1o para playa de dos piezas con cintur\u00f3n de diamantes de imitaci\u00f3n, acolchado de realce, color morado liso\" \/><img decoding=\"async\" title=\"Bikini de cintura alta para mujer, traje de ba\u00f1o para playa de dos piezas con cintur\u00f3n de diamantes de imitaci\u00f3n, acolchado de realce, color morado liso\" src=\"https:\/\/hereastore.com\/xs\/wp-content\/uploads\/sites\/16\/2021\/09\/89334-nppjce.jpg\" alt=\"Bikini de cintura alta para mujer, traje de ba\u00f1o para playa de dos piezas con cintur\u00f3n de diamantes de imitaci\u00f3n, acolchado de realce, color morado liso\" \/><img decoding=\"async\" title=\"Bikini de cintura alta para mujer, traje de ba\u00f1o para playa de dos piezas con cintur\u00f3n de diamantes de imitaci\u00f3n, acolchado de realce, color morado liso\" src=\"https:\/\/hereastore.com\/xs\/wp-content\/uploads\/sites\/16\/2021\/09\/89334-stzahl.jpg\" alt=\"Bikini de cintura alta para mujer, traje de ba\u00f1o para playa de dos piezas con cintur\u00f3n de diamantes de imitaci\u00f3n, acolchado de realce, color morado liso\" \/><img decoding=\"async\" title=\"Bikini de cintura alta para mujer, traje de ba\u00f1o para playa de dos piezas con cintur\u00f3n de diamantes de imitaci\u00f3n, acolchado de realce, color morado liso\" src=\"https:\/\/hereastore.com\/xs\/wp-content\/uploads\/sites\/16\/2021\/09\/89334-2fztky.jpg\" alt=\"Bikini de cintura alta para mujer, traje de ba\u00f1o para playa de dos piezas con cintur\u00f3n de diamantes de imitaci\u00f3n, acolchado de realce, color morado liso\" \/><img decoding=\"async\" title=\"Bikini de cintura alta para mujer, traje de ba\u00f1o para playa de dos piezas con cintur\u00f3n de diamantes de imitaci\u00f3n, acolchado de realce, color morado liso\" src=\"https:\/\/hereastore.com\/xs\/wp-content\/uploads\/sites\/16\/2021\/09\/89334-dy6mvt.jpg\" alt=\"Bikini de cintura alta para mujer, traje de ba\u00f1o para playa de dos piezas con cintur\u00f3n de diamantes de imitaci\u00f3n, acolchado de realce, color morado liso\" \/><img decoding=\"async\" title=\"Bikini de cintura alta para mujer, traje de ba\u00f1o para playa de dos piezas con cintur\u00f3n de diamantes de imitaci\u00f3n, acolchado de realce, color morado liso\" src=\"https:\/\/hereastore.com\/xs\/wp-content\/uploads\/sites\/16\/2021\/09\/89334-3mkcni.jpg\" alt=\"Bikini de cintura alta para mujer, traje de ba\u00f1o para playa de dos piezas con cintur\u00f3n de diamantes de imitaci\u00f3n, acolchado de realce, color morado liso\" \/><img decoding=\"async\" title=\"Bikini de cintura alta para mujer, traje de ba\u00f1o para playa de dos piezas con cintur\u00f3n de diamantes de imitaci\u00f3n, acolchado de realce, color morado liso\" src=\"https:\/\/hereastore.com\/xs\/wp-content\/uploads\/sites\/16\/2021\/09\/89334-dj2yh1.jpg\" alt=\"Bikini de cintura alta para mujer, traje de ba\u00f1o para playa de dos piezas con cintur\u00f3n de diamantes de imitaci\u00f3n, acolchado de realce, color morado liso\" \/><img decoding=\"async\" title=\"Bikini de cintura alta para mujer, traje de ba\u00f1o para playa de dos piezas con cintur\u00f3n de diamantes de imitaci\u00f3n, acolchado de realce, color morado liso\" src=\"https:\/\/hereastore.com\/xs\/wp-content\/uploads\/sites\/16\/2021\/09\/89334-nr3r9e.jpg\" alt=\"Bikini de cintura alta para mujer, traje de ba\u00f1o para playa de dos piezas con cintur\u00f3n de diamantes de imitaci\u00f3n, acolchado de realce, color morado liso\" \/><img decoding=\"async\" title=\"Bikini de cintura alta para mujer, traje de ba\u00f1o para playa de dos piezas con cintur\u00f3n de diamantes de imitaci\u00f3n, acolchado de realce, color morado liso\" src=\"https:\/\/hereastore.com\/xs\/wp-content\/uploads\/sites\/16\/2021\/09\/89334-dboz7n.jpg\" alt=\"Bikini de cintura alta para mujer, traje de ba\u00f1o para playa de dos piezas con cintur\u00f3n de diamantes de imitaci\u00f3n, acolchado de realce, color morado liso\" \/><img decoding=\"async\" title=\"Bikini de cintura alta para mujer, traje de ba\u00f1o para playa de dos piezas con cintur\u00f3n de diamantes de imitaci\u00f3n, acolchado de realce, color morado liso\" src=\"https:\/\/hereastore.com\/xs\/wp-content\/uploads\/sites\/16\/2021\/09\/89334-r3r1wy.jpg\" alt=\"Bikini de cintura alta para mujer, traje de ba\u00f1o para playa de dos piezas con cintur\u00f3n de diamantes de imitaci\u00f3n, acolchado de realce, color morado liso\" \/><img decoding=\"async\" title=\"Bikini de cintura alta para mujer, traje de ba\u00f1o para playa de dos piezas con cintur\u00f3n de diamantes de imitaci\u00f3n, acolchado de realce, color morado liso\" src=\"https:\/\/hereastore.com\/xs\/wp-content\/uploads\/sites\/16\/2021\/09\/89334-qckhzq.jpg\" alt=\"Bikini de cintura alta para mujer, traje de ba\u00f1o para playa de dos piezas con cintur\u00f3n de diamantes de imitaci\u00f3n, acolchado de realce, color morado liso\" \/><\/p>\n<\/div>\n<\/div>\n","protected":false},"excerpt":{"rendered":"<p>Realza tu figura y si\u00e9ntete segura con nuestro traje de ba\u00f1o con control abdominal. Dise\u00f1ado para proporcionar soporte y estilizar tu silueta, este traje combina funcionalidad y elegancia, ofreciendo un ajuste c\u00f3modo que te har\u00e1 lucir fabulosa en cualquier ocasi\u00f3n. \u00bfPor qu\u00e9 te encantar\u00e1? -C\u00f3modo y funcional: Dise\u00f1ado para proporcionar soporte abdominal y comodidad en [&hellip;]<\/p>\n","protected":false},"featured_media":89383,"comment_status":"open","ping_status":"closed","template":"","meta":[],"product_brand":[],"product_cat":[234,15,6434],"product_tag":[],"class_list":{"0":"post-89334","1":"product","2":"type-product","3":"status-publish","4":"has-post-thumbnail","6":"product_cat-bikinis","7":"product_cat-todos","8":"product_cat-trajes-de-bano","9":"pa_679272393cd8d368fcf1cb-china","10":"pa_a4a8fbf9f14b58bf488819-black-3","11":"pa_a4a8fbf9f14b58bf488819-morado","12":"pa_a4a8fbf9f14b58bf488819-negro","13":"pa_a4a8fbf9f14b58bf488819-pink-1","14":"pa_a4a8fbf9f14b58bf488819-purple-3","15":"pa_a4a8fbf9f14b58bf488819-rojo","16":"pa_a4a8fbf9f14b58bf488819-rosa","17":"pa_a4a8fbf9f14b58bf488819-white","18":"pa_f294abc323c8581b087d9a-l","19":"pa_f294abc323c8581b087d9a-m","20":"pa_f294abc323c8581b087d9a-s","22":"first","23":"instock","24":"sale","25":"shipping-taxable","26":"purchasable","27":"product-type-variable"},"_links":{"self":[{"href":"https:\/\/hereastore.com\/pe\/wp-json\/wp\/v2\/product\/89334","targetHints":{"allow":["GET"]}}],"collection":[{"href":"https:\/\/hereastore.com\/pe\/wp-json\/wp\/v2\/product"}],"about":[{"href":"https:\/\/hereastore.com\/pe\/wp-json\/wp\/v2\/types\/product"}],"replies":[{"embeddable":true,"href":"https:\/\/hereastore.com\/pe\/wp-json\/wp\/v2\/comments?post=89334"}],"version-history":[{"count":0,"href":"https:\/\/hereastore.com\/pe\/wp-json\/wp\/v2\/product\/89334\/revisions"}],"wp:featuredmedia":[{"embeddable":true,"href":"https:\/\/hereastore.com\/pe\/wp-json\/wp\/v2\/media\/89383"}],"wp:attachment":[{"href":"https:\/\/hereastore.com\/pe\/wp-json\/wp\/v2\/media?parent=89334"}],"wp:term":[{"taxonomy":"product_brand","embeddable":true,"href":"https:\/\/hereastore.com\/pe\/wp-json\/wp\/v2\/product_brand?post=89334"},{"taxonomy":"product_cat","embeddable":true,"href":"https:\/\/hereastore.com\/pe\/wp-json\/wp\/v2\/product_cat?post=89334"},{"taxonomy":"product_tag","embeddable":true,"href":"https:\/\/hereastore.com\/pe\/wp-json\/wp\/v2\/product_tag?post=89334"}],"curies":[{"name":"wp","href":"https:\/\/api.w.org\/{rel}","templated":true}]}}