{"id":89676,"date":"2021-09-07T16:25:53","date_gmt":"2021-09-07T19:25:53","guid":{"rendered":"https:\/\/hereastore.com\/xs\/producto\/bikini-con-estampado-de-vaca-para-mujer-traje-de-bano-de-dos-piezas-con-estampado-de-vaca-y-realce-cintura-alta-estilo-brasileno-2020\/"},"modified":"2026-01-12T22:59:27","modified_gmt":"2026-01-13T01:59:27","slug":"bikinilucera","status":"publish","type":"product","link":"https:\/\/hereastore.com\/pe\/producto\/bikinilucera\/","title":{"rendered":"Bikini Lucera"},"content":{"rendered":"<div><\/div>\n<div><\/div>\n<div><\/div>\n<div>Destaca con estilo y originalidad con nuestro traje de ba\u00f1o con estampado de vaca. Este dise\u00f1o audaz y divertido es perfecto para quienes buscan un look \u00fanico y llamativo en la playa o la piscina. Confeccionado con materiales de alta calidad, este traje de ba\u00f1o te asegura comodidad y durabilidad mientras robas todas las miradas.<\/div>\n<div><\/div>\n<div>\n<p>\u00bfPor qu\u00e9 te encantar\u00e1?<\/p>\n<p>-C\u00f3modo y funcional: Dise\u00f1ado para proporcionar soporte y comodidad en todo momento, perfecto para disfdniar de la playa, la piscina o cualquier actividad acu\u00e1tica.<\/p>\n<p>-Dise\u00f1os vibrantes: Colores alegres que reflejan tu estilo \u00fanico y a\u00f1aden diversi\u00f3n a cada d\u00eda.<\/p>\n<p>\u00a1Compra con confianza!<\/p>\n<p>-Env\u00edo gratis a todo Per\u00fa: Est\u00e9s donde est\u00e9s, tu traje de ba\u00f1o llega directamente a tu puerta sin costo adicional.<\/p>\n<p>-Garant\u00eda de 30 d\u00edas: Si tu traje de ba\u00f1o sufre alg\u00fan desperfecto en la tela cuenta con una garant\u00eda con nosotros y obtienes tu devoluci\u00f3n.<\/p>\n<p>-Paga como prefieras: Aceptamos todos los m\u00e9todos de pago disponibles en Per\u00fa, con la opci\u00f3n de pagar en 3 a 6 cuotas sin inter\u00e9s.<\/p>\n<p>\u00a1No te pierdas esta oportunidad y lleva contigo estilo, comodidad y felicidad en tu look playero!<\/p>\n<\/div>\n<p>&nbsp;<\/p>\n<p>&nbsp;<\/p>\n<p>&nbsp;<\/p>\n<div>\n<div>\n<div>\n<div>\n<p style=\"text-align: left; margin: 0;\"><img decoding=\"async\" class=\"aligncenter\" title=\"Bikini Lucera\" src=\"https:\/\/hereastore.com\/xs\/wp-content\/uploads\/sites\/16\/2021\/09\/89676-09771a.jpeg\" alt=\"Bikini Lucera\" \/><img decoding=\"async\" title=\"Bikini Lucera\" src=\"https:\/\/hereastore.com\/xs\/wp-content\/uploads\/sites\/16\/2021\/09\/89676-qg6kuj.jpg\" alt=\"Bikini Lucera\" \/><img decoding=\"async\" title=\"Bikini Lucera\" src=\"https:\/\/hereastore.com\/xs\/wp-content\/uploads\/sites\/16\/2021\/09\/89676-fer9h6.jpg\" alt=\"Bikini Lucera\" \/><img decoding=\"async\" title=\"Bikini Lucera\" src=\"https:\/\/hereastore.com\/xs\/wp-content\/uploads\/sites\/16\/2021\/09\/89676-jvsino.jpg\" alt=\"Bikini Lucera\" \/><img decoding=\"async\" title=\"Bikini Lucera\" src=\"https:\/\/hereastore.com\/xs\/wp-content\/uploads\/sites\/16\/2021\/09\/89676-tegub8.jpg\" alt=\"Bikini Lucera\" \/><img decoding=\"async\" title=\"Bikini Lucera\" src=\"https:\/\/hereastore.com\/xs\/wp-content\/uploads\/sites\/16\/2021\/09\/89676-akqp3u.jpg\" alt=\"Bikini Lucera\" \/><img decoding=\"async\" title=\"Bikini Lucera\" src=\"https:\/\/hereastore.com\/xs\/wp-content\/uploads\/sites\/16\/2021\/09\/89676-os34dr.jpg\" alt=\"Bikini Lucera\" \/><img decoding=\"async\" title=\"Bikini Lucera\" src=\"https:\/\/hereastore.com\/xs\/wp-content\/uploads\/sites\/16\/2021\/09\/89676-juuw2m.jpg\" alt=\"Bikini Lucera\" \/><img decoding=\"async\" title=\"Bikini Lucera\" src=\"https:\/\/hereastore.com\/xs\/wp-content\/uploads\/sites\/16\/2021\/09\/89676-77yeja.jpg\" alt=\"Bikini Lucera\" \/><img decoding=\"async\" title=\"Bikini Lucera\" src=\"https:\/\/hereastore.com\/xs\/wp-content\/uploads\/sites\/16\/2021\/09\/89676-naorpt.jpg\" alt=\"Bikini Lucera\" \/><img decoding=\"async\" title=\"Bikini Lucera\" src=\"https:\/\/hereastore.com\/xs\/wp-content\/uploads\/sites\/16\/2021\/09\/89676-mzexm6.jpg\" alt=\"Bikini Lucera\" \/><img decoding=\"async\" title=\"Bikini Lucera\" src=\"https:\/\/hereastore.com\/xs\/wp-content\/uploads\/sites\/16\/2021\/09\/89676-fsolwq.jpg\" alt=\"Bikini Lucera\" \/><img decoding=\"async\" title=\"Bikini Lucera\" src=\"https:\/\/hereastore.com\/xs\/wp-content\/uploads\/sites\/16\/2021\/09\/89676-xs9fhw.jpg\" alt=\"Bikini Lucera\" \/><img decoding=\"async\" title=\"Bikini Lucera\" src=\"https:\/\/hereastore.com\/xs\/wp-content\/uploads\/sites\/16\/2021\/09\/89676-s37rn7.jpg\" alt=\"Bikini Lucera\" \/><img decoding=\"async\" title=\"Bikini Lucera\" src=\"https:\/\/hereastore.com\/xs\/wp-content\/uploads\/sites\/16\/2021\/09\/89676-e0e3p7.jpg\" alt=\"Bikini Lucera\" \/><img decoding=\"async\" title=\"Bikini Lucera\" src=\"https:\/\/hereastore.com\/xs\/wp-content\/uploads\/sites\/16\/2021\/09\/89676-t2rebz.jpg\" alt=\"Bikini Lucera\" \/><img decoding=\"async\" title=\"Bikini Lucera\" src=\"https:\/\/hereastore.com\/xs\/wp-content\/uploads\/sites\/16\/2021\/09\/89676-80vsm7.jpg\" alt=\"Bikini Lucera\" \/><span style=\"color: #ffffff;\"><span style=\"font-size: 8px;\">\u00a0hilo dental, bikini de cuerda,<\/span><\/span><\/p>\n<\/div>\n<\/div>\n<\/div>\n<\/div>\n","protected":false},"excerpt":{"rendered":"<p>Destaca con estilo y originalidad con nuestro traje de ba\u00f1o con estampado de vaca. Este dise\u00f1o audaz y divertido es perfecto para quienes buscan un look \u00fanico y llamativo en la playa o la piscina. Confeccionado con materiales de alta calidad, este traje de ba\u00f1o te asegura comodidad y durabilidad mientras robas todas las miradas. [&hellip;]<\/p>\n","protected":false},"featured_media":89737,"comment_status":"open","ping_status":"closed","template":"","meta":[],"product_brand":[],"product_cat":[234,15,6434],"product_tag":[],"class_list":{"0":"post-89676","1":"product","2":"type-product","3":"status-publish","4":"has-post-thumbnail","6":"product_cat-bikinis","7":"product_cat-todos","8":"product_cat-trajes-de-bano","9":"pa_1ef722433d607dd9d2b8b7-china","10":"pa_679272393cd8d368fcf1cb-china","11":"pa_a4a8fbf9f14b58bf488819-black","12":"pa_a4a8fbf9f14b58bf488819-brown","13":"pa_f294abc323c8581b087d9a-l","14":"pa_f294abc323c8581b087d9a-m","15":"pa_f294abc323c8581b087d9a-s","17":"first","18":"instock","19":"shipping-taxable","20":"purchasable","21":"product-type-variable"},"_links":{"self":[{"href":"https:\/\/hereastore.com\/pe\/wp-json\/wp\/v2\/product\/89676","targetHints":{"allow":["GET"]}}],"collection":[{"href":"https:\/\/hereastore.com\/pe\/wp-json\/wp\/v2\/product"}],"about":[{"href":"https:\/\/hereastore.com\/pe\/wp-json\/wp\/v2\/types\/product"}],"replies":[{"embeddable":true,"href":"https:\/\/hereastore.com\/pe\/wp-json\/wp\/v2\/comments?post=89676"}],"version-history":[{"count":0,"href":"https:\/\/hereastore.com\/pe\/wp-json\/wp\/v2\/product\/89676\/revisions"}],"wp:featuredmedia":[{"embeddable":true,"href":"https:\/\/hereastore.com\/pe\/wp-json\/wp\/v2\/media\/89737"}],"wp:attachment":[{"href":"https:\/\/hereastore.com\/pe\/wp-json\/wp\/v2\/media?parent=89676"}],"wp:term":[{"taxonomy":"product_brand","embeddable":true,"href":"https:\/\/hereastore.com\/pe\/wp-json\/wp\/v2\/product_brand?post=89676"},{"taxonomy":"product_cat","embeddable":true,"href":"https:\/\/hereastore.com\/pe\/wp-json\/wp\/v2\/product_cat?post=89676"},{"taxonomy":"product_tag","embeddable":true,"href":"https:\/\/hereastore.com\/pe\/wp-json\/wp\/v2\/product_tag?post=89676"}],"curies":[{"name":"wp","href":"https:\/\/api.w.org\/{rel}","templated":true}]}}