{"id":93476,"date":"2021-09-26T17:16:41","date_gmt":"2021-09-26T20:16:41","guid":{"rendered":"https:\/\/hereastore.com\/xs\/?post_type=product&#038;p=93476"},"modified":"2025-03-25T15:09:27","modified_gmt":"2025-03-25T18:09:27","slug":"guccimarmont","status":"publish","type":"product","link":"https:\/\/hereastore.com\/pe\/producto\/guccimarmont\/","title":{"rendered":"Gucci Marmont"},"content":{"rendered":"<p>&nbsp;<\/p>\n<h5>Bienvenido a nuestra secci\u00f3n VIP<\/h5>\n<h5>Este tipo de carteras se identifican como calidad OEM 1:1 A+, (ORGINAL EQUIPMENT MANUFACTURER) reflejando una calidad superior a cualquier otra alternativa, las fotos son exactamente iguales al producto que recibir\u00e1s, incluyendo todos sus accesorios, caja y certificados de autenticidad de la marca.<\/h5>\n<h5>Cuentan con un envi\u00f3 premium a trav\u00e9s de FedEx o sistema de envi\u00f3 nacionales de su preferencia para modelos en stock.<\/h5>\n<h5>Garantizando as\u00ed un producto totalmente exclusivo a un precio accesible y una calidad superior, para dudas o consultas cont\u00e1ctanos a trav\u00e9s de nuestras RRSS-canales de atenci\u00f3n.<\/h5>\n<p>&nbsp;<\/p>\n<p>&nbsp;<\/p>\n<p><img fetchpriority=\"high\" decoding=\"async\" class=\"alignnone size-full wp-image-93502\" src=\"https:\/\/hereastore.com\/xs\/wp-content\/uploads\/sites\/16\/2021\/09\/1632680965793.jpg\" alt=\"\" width=\"750\" height=\"1000\" srcset=\"https:\/\/hereastore.com\/pe\/wp-content\/uploads\/sites\/16\/2021\/09\/1632680965793.jpg 750w, https:\/\/hereastore.com\/pe\/wp-content\/uploads\/sites\/16\/2021\/09\/1632680965793-150x200.jpg 150w, https:\/\/hereastore.com\/pe\/wp-content\/uploads\/sites\/16\/2021\/09\/1632680965793-225x300.jpg 225w\" sizes=\"(max-width: 750px) 100vw, 750px\" \/> <img decoding=\"async\" class=\"alignnone size-full wp-image-93503\" src=\"https:\/\/hereastore.com\/xs\/wp-content\/uploads\/sites\/16\/2021\/09\/1632680965851.jpg\" alt=\"\" width=\"750\" height=\"1000\" srcset=\"https:\/\/hereastore.com\/pe\/wp-content\/uploads\/sites\/16\/2021\/09\/1632680965851.jpg 750w, https:\/\/hereastore.com\/pe\/wp-content\/uploads\/sites\/16\/2021\/09\/1632680965851-150x200.jpg 150w, https:\/\/hereastore.com\/pe\/wp-content\/uploads\/sites\/16\/2021\/09\/1632680965851-225x300.jpg 225w\" sizes=\"(max-width: 750px) 100vw, 750px\" \/> <img decoding=\"async\" class=\"alignnone size-full wp-image-93504\" src=\"https:\/\/hereastore.com\/xs\/wp-content\/uploads\/sites\/16\/2021\/09\/1632680965964.jpg\" alt=\"\" width=\"750\" height=\"1000\" srcset=\"https:\/\/hereastore.com\/pe\/wp-content\/uploads\/sites\/16\/2021\/09\/1632680965964.jpg 750w, https:\/\/hereastore.com\/pe\/wp-content\/uploads\/sites\/16\/2021\/09\/1632680965964-150x200.jpg 150w, https:\/\/hereastore.com\/pe\/wp-content\/uploads\/sites\/16\/2021\/09\/1632680965964-225x300.jpg 225w\" sizes=\"(max-width: 750px) 100vw, 750px\" \/> <img loading=\"lazy\" decoding=\"async\" class=\"alignnone size-full wp-image-93505\" src=\"https:\/\/hereastore.com\/xs\/wp-content\/uploads\/sites\/16\/2021\/09\/1632680966031.jpg\" alt=\"\" width=\"750\" height=\"1000\" srcset=\"https:\/\/hereastore.com\/pe\/wp-content\/uploads\/sites\/16\/2021\/09\/1632680966031.jpg 750w, https:\/\/hereastore.com\/pe\/wp-content\/uploads\/sites\/16\/2021\/09\/1632680966031-150x200.jpg 150w, https:\/\/hereastore.com\/pe\/wp-content\/uploads\/sites\/16\/2021\/09\/1632680966031-225x300.jpg 225w\" sizes=\"(max-width: 750px) 100vw, 750px\" \/> <img loading=\"lazy\" decoding=\"async\" class=\"alignnone size-full wp-image-93506\" src=\"https:\/\/hereastore.com\/xs\/wp-content\/uploads\/sites\/16\/2021\/09\/1632680965041.jpg\" alt=\"\" width=\"750\" height=\"1000\" srcset=\"https:\/\/hereastore.com\/pe\/wp-content\/uploads\/sites\/16\/2021\/09\/1632680965041.jpg 750w, https:\/\/hereastore.com\/pe\/wp-content\/uploads\/sites\/16\/2021\/09\/1632680965041-150x200.jpg 150w, https:\/\/hereastore.com\/pe\/wp-content\/uploads\/sites\/16\/2021\/09\/1632680965041-225x300.jpg 225w\" sizes=\"(max-width: 750px) 100vw, 750px\" \/> <img loading=\"lazy\" decoding=\"async\" class=\"alignnone size-full wp-image-93507\" src=\"https:\/\/hereastore.com\/xs\/wp-content\/uploads\/sites\/16\/2021\/09\/1632680965300.jpg\" alt=\"\" width=\"750\" height=\"1000\" srcset=\"https:\/\/hereastore.com\/pe\/wp-content\/uploads\/sites\/16\/2021\/09\/1632680965300.jpg 750w, https:\/\/hereastore.com\/pe\/wp-content\/uploads\/sites\/16\/2021\/09\/1632680965300-150x200.jpg 150w, https:\/\/hereastore.com\/pe\/wp-content\/uploads\/sites\/16\/2021\/09\/1632680965300-225x300.jpg 225w\" sizes=\"(max-width: 750px) 100vw, 750px\" \/> <img loading=\"lazy\" decoding=\"async\" class=\"alignnone size-full wp-image-93508\" src=\"https:\/\/hereastore.com\/xs\/wp-content\/uploads\/sites\/16\/2021\/09\/1632680965380.jpg\" alt=\"\" width=\"750\" height=\"1000\" srcset=\"https:\/\/hereastore.com\/pe\/wp-content\/uploads\/sites\/16\/2021\/09\/1632680965380.jpg 750w, https:\/\/hereastore.com\/pe\/wp-content\/uploads\/sites\/16\/2021\/09\/1632680965380-150x200.jpg 150w, https:\/\/hereastore.com\/pe\/wp-content\/uploads\/sites\/16\/2021\/09\/1632680965380-225x300.jpg 225w\" sizes=\"(max-width: 750px) 100vw, 750px\" \/> <img loading=\"lazy\" decoding=\"async\" class=\"alignnone size-full wp-image-93509\" src=\"https:\/\/hereastore.com\/xs\/wp-content\/uploads\/sites\/16\/2021\/09\/1632680965412.jpg\" alt=\"\" width=\"750\" height=\"1000\" srcset=\"https:\/\/hereastore.com\/pe\/wp-content\/uploads\/sites\/16\/2021\/09\/1632680965412.jpg 750w, https:\/\/hereastore.com\/pe\/wp-content\/uploads\/sites\/16\/2021\/09\/1632680965412-150x200.jpg 150w, https:\/\/hereastore.com\/pe\/wp-content\/uploads\/sites\/16\/2021\/09\/1632680965412-225x300.jpg 225w\" sizes=\"(max-width: 750px) 100vw, 750px\" \/> <img loading=\"lazy\" decoding=\"async\" class=\"alignnone size-full wp-image-93510\" src=\"https:\/\/hereastore.com\/xs\/wp-content\/uploads\/sites\/16\/2021\/09\/1632680965553.jpg\" alt=\"\" width=\"750\" height=\"1000\" srcset=\"https:\/\/hereastore.com\/pe\/wp-content\/uploads\/sites\/16\/2021\/09\/1632680965553.jpg 750w, https:\/\/hereastore.com\/pe\/wp-content\/uploads\/sites\/16\/2021\/09\/1632680965553-150x200.jpg 150w, https:\/\/hereastore.com\/pe\/wp-content\/uploads\/sites\/16\/2021\/09\/1632680965553-225x300.jpg 225w\" sizes=\"(max-width: 750px) 100vw, 750px\" \/> <img loading=\"lazy\" decoding=\"async\" class=\"alignnone size-full wp-image-93511\" src=\"https:\/\/hereastore.com\/xs\/wp-content\/uploads\/sites\/16\/2021\/09\/1632680965638.jpg\" alt=\"\" width=\"750\" height=\"1000\" srcset=\"https:\/\/hereastore.com\/pe\/wp-content\/uploads\/sites\/16\/2021\/09\/1632680965638.jpg 750w, https:\/\/hereastore.com\/pe\/wp-content\/uploads\/sites\/16\/2021\/09\/1632680965638-150x200.jpg 150w, https:\/\/hereastore.com\/pe\/wp-content\/uploads\/sites\/16\/2021\/09\/1632680965638-225x300.jpg 225w\" sizes=\"(max-width: 750px) 100vw, 750px\" \/> <img loading=\"lazy\" decoding=\"async\" class=\"alignnone size-full wp-image-93512\" src=\"https:\/\/hereastore.com\/xs\/wp-content\/uploads\/sites\/16\/2021\/09\/1632680965669.jpg\" alt=\"\" width=\"750\" height=\"1000\" srcset=\"https:\/\/hereastore.com\/pe\/wp-content\/uploads\/sites\/16\/2021\/09\/1632680965669.jpg 750w, https:\/\/hereastore.com\/pe\/wp-content\/uploads\/sites\/16\/2021\/09\/1632680965669-150x200.jpg 150w, https:\/\/hereastore.com\/pe\/wp-content\/uploads\/sites\/16\/2021\/09\/1632680965669-225x300.jpg 225w\" sizes=\"(max-width: 750px) 100vw, 750px\" \/> <img loading=\"lazy\" decoding=\"async\" class=\"alignnone size-full wp-image-93513\" src=\"https:\/\/hereastore.com\/xs\/wp-content\/uploads\/sites\/16\/2021\/09\/1632680965703-scaled.jpg\" alt=\"\" width=\"1920\" height=\"2560\" srcset=\"https:\/\/hereastore.com\/pe\/wp-content\/uploads\/sites\/16\/2021\/09\/1632680965703-scaled.jpg 1920w, https:\/\/hereastore.com\/pe\/wp-content\/uploads\/sites\/16\/2021\/09\/1632680965703-scaled-150x200.jpg 150w, https:\/\/hereastore.com\/pe\/wp-content\/uploads\/sites\/16\/2021\/09\/1632680965703-800x1067.jpg 800w, https:\/\/hereastore.com\/pe\/wp-content\/uploads\/sites\/16\/2021\/09\/1632680965703-225x300.jpg 225w, https:\/\/hereastore.com\/pe\/wp-content\/uploads\/sites\/16\/2021\/09\/1632680965703-768x1024.jpg 768w, https:\/\/hereastore.com\/pe\/wp-content\/uploads\/sites\/16\/2021\/09\/1632680965703-1152x1536.jpg 1152w, https:\/\/hereastore.com\/pe\/wp-content\/uploads\/sites\/16\/2021\/09\/1632680965703-1536x2048.jpg 1536w, https:\/\/hereastore.com\/pe\/wp-content\/uploads\/sites\/16\/2021\/09\/1632680965703-1320x1760.jpg 1320w\" sizes=\"(max-width: 1920px) 100vw, 1920px\" \/><\/p>\n","protected":false},"excerpt":{"rendered":"<p>&nbsp; Bienvenido a nuestra secci\u00f3n VIP Este tipo de carteras se identifican como calidad OEM 1:1 A+, (ORGINAL EQUIPMENT MANUFACTURER) reflejando una calidad superior a cualquier otra alternativa, las fotos son exactamente iguales al producto que recibir\u00e1s, incluyendo todos sus accesorios, caja y certificados de autenticidad de la marca. Cuentan con un envi\u00f3 premium a [&hellip;]<\/p>\n","protected":false},"featured_media":93514,"comment_status":"open","ping_status":"closed","template":"","meta":[],"product_brand":[],"product_cat":[2968,15],"product_tag":[],"class_list":{"0":"post-93476","1":"product","2":"type-product","3":"status-publish","4":"has-post-thumbnail","6":"product_cat-carteras-exclusivas","7":"product_cat-todos","8":"pa_color-blanco","9":"pa_color-negro","10":"pa_color-rojo","12":"first","13":"instock","14":"sale","15":"shipping-taxable","16":"purchasable","17":"product-type-variable"},"_links":{"self":[{"href":"https:\/\/hereastore.com\/pe\/wp-json\/wp\/v2\/product\/93476","targetHints":{"allow":["GET"]}}],"collection":[{"href":"https:\/\/hereastore.com\/pe\/wp-json\/wp\/v2\/product"}],"about":[{"href":"https:\/\/hereastore.com\/pe\/wp-json\/wp\/v2\/types\/product"}],"replies":[{"embeddable":true,"href":"https:\/\/hereastore.com\/pe\/wp-json\/wp\/v2\/comments?post=93476"}],"version-history":[{"count":0,"href":"https:\/\/hereastore.com\/pe\/wp-json\/wp\/v2\/product\/93476\/revisions"}],"wp:featuredmedia":[{"embeddable":true,"href":"https:\/\/hereastore.com\/pe\/wp-json\/wp\/v2\/media\/93514"}],"wp:attachment":[{"href":"https:\/\/hereastore.com\/pe\/wp-json\/wp\/v2\/media?parent=93476"}],"wp:term":[{"taxonomy":"product_brand","embeddable":true,"href":"https:\/\/hereastore.com\/pe\/wp-json\/wp\/v2\/product_brand?post=93476"},{"taxonomy":"product_cat","embeddable":true,"href":"https:\/\/hereastore.com\/pe\/wp-json\/wp\/v2\/product_cat?post=93476"},{"taxonomy":"product_tag","embeddable":true,"href":"https:\/\/hereastore.com\/pe\/wp-json\/wp\/v2\/product_tag?post=93476"}],"curies":[{"name":"wp","href":"https:\/\/api.w.org\/{rel}","templated":true}]}}