{"id":93477,"date":"2021-09-26T17:16:41","date_gmt":"2021-09-26T20:16:41","guid":{"rendered":"https:\/\/hereastore.com\/xs\/?post_type=product&#038;p=93477"},"modified":"2025-03-25T15:09:27","modified_gmt":"2025-03-25T18:09:27","slug":"prada","status":"publish","type":"product","link":"https:\/\/hereastore.com\/pe\/producto\/prada\/","title":{"rendered":"Prada Saffiano Etal Pradasphere"},"content":{"rendered":"<h5>Bienvenido a nuestra secci\u00f3n VIP<\/h5>\n<h5>Este tipo de carteras se identifican como calidad OEM 1:1 A+, (ORGINAL EQUIPMENT MANUFACTURER) reflejando una calidad superior a cualquier otra alternativa, las fotos son exactamente iguales al producto que recibir\u00e1s, incluyendo todos sus accesorios, caja y certificados de autenticidad de la marca.<\/h5>\n<h5>Cuentan con un envi\u00f3 premium a trav\u00e9s de FedEx o sistema de envi\u00f3 nacionales de su preferencia para modelos en stock.<\/h5>\n<h5>Garantizando as\u00ed un producto totalmente exclusivo a un precio accesible y una calidad superior, para dudas o consultas cont\u00e1ctanos a trav\u00e9s de nuestras RRSS-canales de atenci\u00f3n.<\/h5>\n<p><img fetchpriority=\"high\" decoding=\"async\" class=\"alignnone size-full wp-image-93518\" src=\"https:\/\/hereastore.com\/xs\/wp-content\/uploads\/sites\/16\/2021\/09\/1632685218024.jpg\" alt=\"\" width=\"750\" height=\"1000\" srcset=\"https:\/\/hereastore.com\/pe\/wp-content\/uploads\/sites\/16\/2021\/09\/1632685218024.jpg 750w, https:\/\/hereastore.com\/pe\/wp-content\/uploads\/sites\/16\/2021\/09\/1632685218024-150x200.jpg 150w, https:\/\/hereastore.com\/pe\/wp-content\/uploads\/sites\/16\/2021\/09\/1632685218024-225x300.jpg 225w\" sizes=\"(max-width: 750px) 100vw, 750px\" \/> <img decoding=\"async\" class=\"alignnone size-full wp-image-93519\" src=\"https:\/\/hereastore.com\/xs\/wp-content\/uploads\/sites\/16\/2021\/09\/1632685218116.jpg\" alt=\"\" width=\"750\" height=\"1000\" srcset=\"https:\/\/hereastore.com\/pe\/wp-content\/uploads\/sites\/16\/2021\/09\/1632685218116.jpg 750w, https:\/\/hereastore.com\/pe\/wp-content\/uploads\/sites\/16\/2021\/09\/1632685218116-150x200.jpg 150w, https:\/\/hereastore.com\/pe\/wp-content\/uploads\/sites\/16\/2021\/09\/1632685218116-225x300.jpg 225w\" sizes=\"(max-width: 750px) 100vw, 750px\" \/> <img decoding=\"async\" class=\"alignnone size-full wp-image-93520\" src=\"https:\/\/hereastore.com\/xs\/wp-content\/uploads\/sites\/16\/2021\/09\/1632685218415.jpg\" alt=\"\" width=\"750\" height=\"1000\" srcset=\"https:\/\/hereastore.com\/pe\/wp-content\/uploads\/sites\/16\/2021\/09\/1632685218415.jpg 750w, https:\/\/hereastore.com\/pe\/wp-content\/uploads\/sites\/16\/2021\/09\/1632685218415-150x200.jpg 150w, https:\/\/hereastore.com\/pe\/wp-content\/uploads\/sites\/16\/2021\/09\/1632685218415-225x300.jpg 225w\" sizes=\"(max-width: 750px) 100vw, 750px\" \/> <img loading=\"lazy\" decoding=\"async\" class=\"alignnone size-full wp-image-93521\" src=\"https:\/\/hereastore.com\/xs\/wp-content\/uploads\/sites\/16\/2021\/09\/1632685218829.jpg\" alt=\"\" width=\"750\" height=\"1000\" srcset=\"https:\/\/hereastore.com\/pe\/wp-content\/uploads\/sites\/16\/2021\/09\/1632685218829.jpg 750w, https:\/\/hereastore.com\/pe\/wp-content\/uploads\/sites\/16\/2021\/09\/1632685218829-150x200.jpg 150w, https:\/\/hereastore.com\/pe\/wp-content\/uploads\/sites\/16\/2021\/09\/1632685218829-225x300.jpg 225w\" sizes=\"(max-width: 750px) 100vw, 750px\" \/> <img loading=\"lazy\" decoding=\"async\" class=\"alignnone size-full wp-image-93522\" src=\"https:\/\/hereastore.com\/xs\/wp-content\/uploads\/sites\/16\/2021\/09\/1632685218895.jpg\" alt=\"\" width=\"750\" height=\"1000\" srcset=\"https:\/\/hereastore.com\/pe\/wp-content\/uploads\/sites\/16\/2021\/09\/1632685218895.jpg 750w, https:\/\/hereastore.com\/pe\/wp-content\/uploads\/sites\/16\/2021\/09\/1632685218895-150x200.jpg 150w, https:\/\/hereastore.com\/pe\/wp-content\/uploads\/sites\/16\/2021\/09\/1632685218895-225x300.jpg 225w\" sizes=\"(max-width: 750px) 100vw, 750px\" \/> <img loading=\"lazy\" decoding=\"async\" class=\"alignnone size-full wp-image-93523\" src=\"https:\/\/hereastore.com\/xs\/wp-content\/uploads\/sites\/16\/2021\/09\/1632685218926.jpg\" alt=\"\" width=\"750\" height=\"1000\" srcset=\"https:\/\/hereastore.com\/pe\/wp-content\/uploads\/sites\/16\/2021\/09\/1632685218926.jpg 750w, https:\/\/hereastore.com\/pe\/wp-content\/uploads\/sites\/16\/2021\/09\/1632685218926-150x200.jpg 150w, https:\/\/hereastore.com\/pe\/wp-content\/uploads\/sites\/16\/2021\/09\/1632685218926-225x300.jpg 225w\" sizes=\"(max-width: 750px) 100vw, 750px\" \/> <img loading=\"lazy\" decoding=\"async\" class=\"alignnone size-full wp-image-93524\" src=\"https:\/\/hereastore.com\/xs\/wp-content\/uploads\/sites\/16\/2021\/09\/1632685219022.jpg\" alt=\"\" width=\"750\" height=\"1000\" srcset=\"https:\/\/hereastore.com\/pe\/wp-content\/uploads\/sites\/16\/2021\/09\/1632685219022.jpg 750w, https:\/\/hereastore.com\/pe\/wp-content\/uploads\/sites\/16\/2021\/09\/1632685219022-150x200.jpg 150w, https:\/\/hereastore.com\/pe\/wp-content\/uploads\/sites\/16\/2021\/09\/1632685219022-225x300.jpg 225w\" sizes=\"(max-width: 750px) 100vw, 750px\" \/> <img loading=\"lazy\" decoding=\"async\" class=\"alignnone size-full wp-image-93525\" src=\"https:\/\/hereastore.com\/xs\/wp-content\/uploads\/sites\/16\/2021\/09\/1632685219303.jpg\" alt=\"\" width=\"750\" height=\"1000\" srcset=\"https:\/\/hereastore.com\/pe\/wp-content\/uploads\/sites\/16\/2021\/09\/1632685219303.jpg 750w, https:\/\/hereastore.com\/pe\/wp-content\/uploads\/sites\/16\/2021\/09\/1632685219303-150x200.jpg 150w, https:\/\/hereastore.com\/pe\/wp-content\/uploads\/sites\/16\/2021\/09\/1632685219303-225x300.jpg 225w\" sizes=\"(max-width: 750px) 100vw, 750px\" \/> <img loading=\"lazy\" decoding=\"async\" class=\"alignnone size-full wp-image-93526\" src=\"https:\/\/hereastore.com\/xs\/wp-content\/uploads\/sites\/16\/2021\/09\/1632685219487.jpg\" alt=\"\" width=\"750\" height=\"1000\" srcset=\"https:\/\/hereastore.com\/pe\/wp-content\/uploads\/sites\/16\/2021\/09\/1632685219487.jpg 750w, https:\/\/hereastore.com\/pe\/wp-content\/uploads\/sites\/16\/2021\/09\/1632685219487-150x200.jpg 150w, https:\/\/hereastore.com\/pe\/wp-content\/uploads\/sites\/16\/2021\/09\/1632685219487-225x300.jpg 225w\" sizes=\"(max-width: 750px) 100vw, 750px\" \/> <img loading=\"lazy\" decoding=\"async\" class=\"alignnone size-full wp-image-93531\" src=\"https:\/\/hereastore.com\/xs\/wp-content\/uploads\/sites\/16\/2021\/09\/1632685220406.jpg\" alt=\"\" width=\"750\" height=\"1000\" srcset=\"https:\/\/hereastore.com\/pe\/wp-content\/uploads\/sites\/16\/2021\/09\/1632685220406.jpg 750w, https:\/\/hereastore.com\/pe\/wp-content\/uploads\/sites\/16\/2021\/09\/1632685220406-150x200.jpg 150w, https:\/\/hereastore.com\/pe\/wp-content\/uploads\/sites\/16\/2021\/09\/1632685220406-225x300.jpg 225w\" sizes=\"(max-width: 750px) 100vw, 750px\" \/> <img loading=\"lazy\" decoding=\"async\" class=\"alignnone size-full wp-image-93532\" src=\"https:\/\/hereastore.com\/xs\/wp-content\/uploads\/sites\/16\/2021\/09\/1632685220792.jpg\" alt=\"\" width=\"750\" height=\"1000\" srcset=\"https:\/\/hereastore.com\/pe\/wp-content\/uploads\/sites\/16\/2021\/09\/1632685220792.jpg 750w, https:\/\/hereastore.com\/pe\/wp-content\/uploads\/sites\/16\/2021\/09\/1632685220792-150x200.jpg 150w, https:\/\/hereastore.com\/pe\/wp-content\/uploads\/sites\/16\/2021\/09\/1632685220792-225x300.jpg 225w\" sizes=\"(max-width: 750px) 100vw, 750px\" \/><\/p>\n","protected":false},"excerpt":{"rendered":"<p>Bienvenido a nuestra secci\u00f3n VIP Este tipo de carteras se identifican como calidad OEM 1:1 A+, (ORGINAL EQUIPMENT MANUFACTURER) reflejando una calidad superior a cualquier otra alternativa, las fotos son exactamente iguales al producto que recibir\u00e1s, incluyendo todos sus accesorios, caja y certificados de autenticidad de la marca. Cuentan con un envi\u00f3 premium a trav\u00e9s [&hellip;]<\/p>\n","protected":false},"featured_media":93533,"comment_status":"open","ping_status":"closed","template":"","meta":[],"product_brand":[],"product_cat":[2968,15],"product_tag":[],"class_list":{"0":"post-93477","1":"product","2":"type-product","3":"status-publish","4":"has-post-thumbnail","6":"product_cat-carteras-exclusivas","7":"product_cat-todos","9":"first","10":"instock","11":"sale","12":"shipping-taxable","13":"purchasable","14":"product-type-simple"},"_links":{"self":[{"href":"https:\/\/hereastore.com\/pe\/wp-json\/wp\/v2\/product\/93477","targetHints":{"allow":["GET"]}}],"collection":[{"href":"https:\/\/hereastore.com\/pe\/wp-json\/wp\/v2\/product"}],"about":[{"href":"https:\/\/hereastore.com\/pe\/wp-json\/wp\/v2\/types\/product"}],"replies":[{"embeddable":true,"href":"https:\/\/hereastore.com\/pe\/wp-json\/wp\/v2\/comments?post=93477"}],"version-history":[{"count":0,"href":"https:\/\/hereastore.com\/pe\/wp-json\/wp\/v2\/product\/93477\/revisions"}],"wp:featuredmedia":[{"embeddable":true,"href":"https:\/\/hereastore.com\/pe\/wp-json\/wp\/v2\/media\/93533"}],"wp:attachment":[{"href":"https:\/\/hereastore.com\/pe\/wp-json\/wp\/v2\/media?parent=93477"}],"wp:term":[{"taxonomy":"product_brand","embeddable":true,"href":"https:\/\/hereastore.com\/pe\/wp-json\/wp\/v2\/product_brand?post=93477"},{"taxonomy":"product_cat","embeddable":true,"href":"https:\/\/hereastore.com\/pe\/wp-json\/wp\/v2\/product_cat?post=93477"},{"taxonomy":"product_tag","embeddable":true,"href":"https:\/\/hereastore.com\/pe\/wp-json\/wp\/v2\/product_tag?post=93477"}],"curies":[{"name":"wp","href":"https:\/\/api.w.org\/{rel}","templated":true}]}}