{"id":93478,"date":"2021-09-26T17:16:41","date_gmt":"2021-09-26T20:16:41","guid":{"rendered":"https:\/\/hereastore.com\/xs\/?post_type=product&#038;p=93478"},"modified":"2025-03-25T15:09:26","modified_gmt":"2025-03-25T18:09:26","slug":"chanelclassic","status":"publish","type":"product","link":"https:\/\/hereastore.com\/pe\/producto\/chanelclassic\/","title":{"rendered":"Chanel Classic"},"content":{"rendered":"<h5>Bienvenido a nuestra secci\u00f3n VIP<\/h5>\n<h5>Este tipo de carteras se identifican como calidad OEM 1:1 A+, (ORGINAL EQUIPMENT MANUFACTURER) reflejando una calidad superior a cualquier otra alternativa, las fotos son exactamente iguales al producto que recibir\u00e1s, incluyendo todos sus accesorios, caja y certificados de autenticidad de la marca.<\/h5>\n<h5>Cuentan con un envi\u00f3 premium a trav\u00e9s de FedEx o sistema de envi\u00f3 nacionales de su preferencia para modelos en stock.<\/h5>\n<h5>Garantizando as\u00ed un producto totalmente exclusivo a un precio accesible y una calidad superior, para dudas o consultas cont\u00e1ctanos a trav\u00e9s de nuestras RRSS-canales de atenci\u00f3n.<\/h5>\n<p>&nbsp;<\/p>\n<p>&nbsp;<\/p>\n<p><img fetchpriority=\"high\" decoding=\"async\" class=\"alignnone size-full wp-image-93489\" src=\"https:\/\/hereastore.com\/xs\/wp-content\/uploads\/sites\/16\/2021\/09\/1632680963957.jpg\" alt=\"\" width=\"750\" height=\"1000\" srcset=\"https:\/\/hereastore.com\/pe\/wp-content\/uploads\/sites\/16\/2021\/09\/1632680963957.jpg 750w, https:\/\/hereastore.com\/pe\/wp-content\/uploads\/sites\/16\/2021\/09\/1632680963957-150x200.jpg 150w, https:\/\/hereastore.com\/pe\/wp-content\/uploads\/sites\/16\/2021\/09\/1632680963957-225x300.jpg 225w\" sizes=\"(max-width: 750px) 100vw, 750px\" \/> <img decoding=\"async\" class=\"alignnone size-full wp-image-93490\" src=\"https:\/\/hereastore.com\/xs\/wp-content\/uploads\/sites\/16\/2021\/09\/1632680963993.jpg\" alt=\"\" width=\"750\" height=\"1000\" srcset=\"https:\/\/hereastore.com\/pe\/wp-content\/uploads\/sites\/16\/2021\/09\/1632680963993.jpg 750w, https:\/\/hereastore.com\/pe\/wp-content\/uploads\/sites\/16\/2021\/09\/1632680963993-150x200.jpg 150w, https:\/\/hereastore.com\/pe\/wp-content\/uploads\/sites\/16\/2021\/09\/1632680963993-225x300.jpg 225w\" sizes=\"(max-width: 750px) 100vw, 750px\" \/> <img decoding=\"async\" class=\"alignnone size-full wp-image-93491\" src=\"https:\/\/hereastore.com\/xs\/wp-content\/uploads\/sites\/16\/2021\/09\/1632680964253.jpg\" alt=\"\" width=\"750\" height=\"1000\" srcset=\"https:\/\/hereastore.com\/pe\/wp-content\/uploads\/sites\/16\/2021\/09\/1632680964253.jpg 750w, https:\/\/hereastore.com\/pe\/wp-content\/uploads\/sites\/16\/2021\/09\/1632680964253-150x200.jpg 150w, https:\/\/hereastore.com\/pe\/wp-content\/uploads\/sites\/16\/2021\/09\/1632680964253-225x300.jpg 225w\" sizes=\"(max-width: 750px) 100vw, 750px\" \/> <img loading=\"lazy\" decoding=\"async\" class=\"alignnone size-full wp-image-93492\" src=\"https:\/\/hereastore.com\/xs\/wp-content\/uploads\/sites\/16\/2021\/09\/1632680964384.jpg\" alt=\"\" width=\"750\" height=\"1000\" srcset=\"https:\/\/hereastore.com\/pe\/wp-content\/uploads\/sites\/16\/2021\/09\/1632680964384.jpg 750w, https:\/\/hereastore.com\/pe\/wp-content\/uploads\/sites\/16\/2021\/09\/1632680964384-150x200.jpg 150w, https:\/\/hereastore.com\/pe\/wp-content\/uploads\/sites\/16\/2021\/09\/1632680964384-225x300.jpg 225w\" sizes=\"(max-width: 750px) 100vw, 750px\" \/> <img loading=\"lazy\" decoding=\"async\" class=\"alignnone size-full wp-image-93493\" src=\"https:\/\/hereastore.com\/xs\/wp-content\/uploads\/sites\/16\/2021\/09\/1632680964551.jpg\" alt=\"\" width=\"750\" height=\"1000\" srcset=\"https:\/\/hereastore.com\/pe\/wp-content\/uploads\/sites\/16\/2021\/09\/1632680964551.jpg 750w, https:\/\/hereastore.com\/pe\/wp-content\/uploads\/sites\/16\/2021\/09\/1632680964551-150x200.jpg 150w, https:\/\/hereastore.com\/pe\/wp-content\/uploads\/sites\/16\/2021\/09\/1632680964551-225x300.jpg 225w\" sizes=\"(max-width: 750px) 100vw, 750px\" \/> <img loading=\"lazy\" decoding=\"async\" class=\"alignnone size-full wp-image-93494\" src=\"https:\/\/hereastore.com\/xs\/wp-content\/uploads\/sites\/16\/2021\/09\/1632680964919.jpg\" alt=\"\" width=\"702\" height=\"936\" srcset=\"https:\/\/hereastore.com\/pe\/wp-content\/uploads\/sites\/16\/2021\/09\/1632680964919.jpg 702w, https:\/\/hereastore.com\/pe\/wp-content\/uploads\/sites\/16\/2021\/09\/1632680964919-150x200.jpg 150w, https:\/\/hereastore.com\/pe\/wp-content\/uploads\/sites\/16\/2021\/09\/1632680964919-225x300.jpg 225w\" sizes=\"(max-width: 702px) 100vw, 702px\" \/> <img loading=\"lazy\" decoding=\"async\" class=\"alignnone size-full wp-image-93488\" src=\"https:\/\/hereastore.com\/xs\/wp-content\/uploads\/sites\/16\/2021\/09\/1632680963850.jpg\" alt=\"\" width=\"750\" height=\"1000\" srcset=\"https:\/\/hereastore.com\/pe\/wp-content\/uploads\/sites\/16\/2021\/09\/1632680963850.jpg 750w, https:\/\/hereastore.com\/pe\/wp-content\/uploads\/sites\/16\/2021\/09\/1632680963850-150x200.jpg 150w, https:\/\/hereastore.com\/pe\/wp-content\/uploads\/sites\/16\/2021\/09\/1632680963850-225x300.jpg 225w\" sizes=\"(max-width: 750px) 100vw, 750px\" \/><\/p>\n","protected":false},"excerpt":{"rendered":"<p>Bienvenido a nuestra secci\u00f3n VIP Este tipo de carteras se identifican como calidad OEM 1:1 A+, (ORGINAL EQUIPMENT MANUFACTURER) reflejando una calidad superior a cualquier otra alternativa, las fotos son exactamente iguales al producto que recibir\u00e1s, incluyendo todos sus accesorios, caja y certificados de autenticidad de la marca. Cuentan con un envi\u00f3 premium a trav\u00e9s [&hellip;]<\/p>\n","protected":false},"featured_media":93496,"comment_status":"open","ping_status":"closed","template":"","meta":[],"product_brand":[],"product_cat":[2968,15],"product_tag":[],"class_list":{"0":"post-93478","1":"product","2":"type-product","3":"status-publish","4":"has-post-thumbnail","6":"product_cat-carteras-exclusivas","7":"product_cat-todos","9":"first","10":"instock","11":"sale","12":"shipping-taxable","13":"purchasable","14":"product-type-simple"},"_links":{"self":[{"href":"https:\/\/hereastore.com\/pe\/wp-json\/wp\/v2\/product\/93478","targetHints":{"allow":["GET"]}}],"collection":[{"href":"https:\/\/hereastore.com\/pe\/wp-json\/wp\/v2\/product"}],"about":[{"href":"https:\/\/hereastore.com\/pe\/wp-json\/wp\/v2\/types\/product"}],"replies":[{"embeddable":true,"href":"https:\/\/hereastore.com\/pe\/wp-json\/wp\/v2\/comments?post=93478"}],"version-history":[{"count":0,"href":"https:\/\/hereastore.com\/pe\/wp-json\/wp\/v2\/product\/93478\/revisions"}],"wp:featuredmedia":[{"embeddable":true,"href":"https:\/\/hereastore.com\/pe\/wp-json\/wp\/v2\/media\/93496"}],"wp:attachment":[{"href":"https:\/\/hereastore.com\/pe\/wp-json\/wp\/v2\/media?parent=93478"}],"wp:term":[{"taxonomy":"product_brand","embeddable":true,"href":"https:\/\/hereastore.com\/pe\/wp-json\/wp\/v2\/product_brand?post=93478"},{"taxonomy":"product_cat","embeddable":true,"href":"https:\/\/hereastore.com\/pe\/wp-json\/wp\/v2\/product_cat?post=93478"},{"taxonomy":"product_tag","embeddable":true,"href":"https:\/\/hereastore.com\/pe\/wp-json\/wp\/v2\/product_tag?post=93478"}],"curies":[{"name":"wp","href":"https:\/\/api.w.org\/{rel}","templated":true}]}}